{"id":15240,"date":"2025-01-19T14:16:50","date_gmt":"2025-01-19T14:16:50","guid":{"rendered":"https:\/\/www.hydraulic-cylinders.net\/product\/bucket-cylinder-for-caterpillar-large-excavator-e326dl\/"},"modified":"2025-01-19T14:16:58","modified_gmt":"2025-01-19T14:16:58","slug":"bucket-cylinder-for-caterpillar-large-excavator-e326dl","status":"publish","type":"product","link":"https:\/\/www.hydraulic-cylinders.net\/sl\/izdelek\/bucket-cylinder-for-caterpillar-large-excavator-e326dl\/","title":{"rendered":"Cilinder \u017elice za Caterpillar velik bager E326DL"},"content":{"rendered":"<h1>Cilinder \u017elice za Caterpillar velik bager E326DL<\/h1>\n<h2>Uvod<\/h2>\n<p>A bucket cylinder for a Caterpillar large excavator E326DL is a specially designed hydraulic cylinder mainly used to control the movement of the bucket in heavy machinery such as excavators, backhoe loaders, and front-end loaders. Its main function is to allow the bucket to lift, lower, and tilt, making it easier to handle various material handling tasks. In a hydraulic system, the bucket cylinder achieves precise control of the bucket&#8217;s movement by changing the pressure of hydraulic oil, enabling operators to handle heavy objects efficiently, adapt to complex work environments, and diverse operational requirements.<\/p>\n<p><img decoding=\"async\" src=\"https:\/\/www.hydraulic-cylinders.net\/wp-content\/uploads\/2025\/01\/songte-company-2.webp\" alt=\"slika valja vedra\"><\/p>\n<h2>Zna\u010dilnosti izdelka<\/h2>\n<ul>\n<li>\n<h3>Visoka trdnost in vzdr\u017eljivost<\/h3>\n<p>Valji z \u017elico so obi\u010dajno izdelani iz visoko trdnega jekla ali aluminija, ki lahko prenesejo visok tlak in velike obremenitve, se prilagajajo zahtevnim delovnim okoljem in so zasnovani tako, da so odporni proti obrabi in koroziji, kar podalj\u0161a njihovo \u017eivljenjsko dobo.<\/p>\n<\/li>\n<li>\n<h3>U\u010dinkovito hidravli\u010dno delovanje<\/h3>\n<p>Cilindri \u017elice uporabljajo tlak hidravli\u010dnega olja za doseganje gladkih teleskopskih gibov, hitro se odzivajo na krmilne ukaze, zagotavljajo mo\u010dne potisne in vle\u010dne sile ter so primerni za ravnanje s te\u017ekimi predmeti in kompleksnimi delovnimi nalogami.<\/p>\n<\/li>\n<li>\n<h3>Razli\u010dne vrste<\/h3>\n<p>Valji \u017elice so na voljo v enosmerni (hidravli\u010dni deluje samo v eno smer) ali dvosmerni (hidravli\u010dni deluje v dve smeri) izvedbi, da zadostijo razli\u010dnim operativnim potrebam. Nekateri modeli so teleskopski, kar omogo\u010da ve\u010dji razteg brez pove\u010danja zunanjih dimenzij, primerni za uporabo z omejenim prostorom.<\/p>\n<\/li>\n<li>\n<h3>Zamenjava izdelka<\/h3>\n<p>Na\u0161i izdelki lahko popolnoma nadomestijo te hidravli\u010dne cilindre. <\/p>\n<\/li>\n<\/ul>\n<p><img decoding=\"async\" src=\"https:\/\/www.hydraulic-cylinders.net\/wp-content\/uploads\/2025\/01\/songte-cylinder-head-with-all-kinds-excavator-models.webp\" alt=\"slika zamenjave cilindra vedra\"><\/p>\n<h2>Aplikacije<\/h2>\n<p>Valji z \u017elico se pogosto uporabljajo v razli\u010dnih te\u017ekih strojih, vklju\u010dno z:<\/p>\n<ul>\n<li>\n<h3>Gradbena oprema<\/h3>\n<p>Pri bagrih so bistveni za kopanje, nakladanje in premikanje zemlje ali ru\u0161evin. Pri bagrih nakladalnikih cilindri \u017elice pomagajo tako pri kopanju kot pri dvigovanju. <\/p>\n<\/li>\n<li>\n<h3>Kmetijska mehanizacija<\/h3>\n<p>Uporablja se v \u010delnih nakladalnikih za zajemanje, dvigovanje in prevoz zemlje, sena in drugih materialov.<\/p>\n<\/li>\n<li>\n<h3>Bagri<\/h3>\n<p>Cilindri \u017elice omogo\u010dajo kopanje, saj omogo\u010dajo, da \u017elica prodre v zemljo.<\/p>\n<\/li>\n<li>\n<h3>Nakladalci<\/h3>\n<p>Pri \u010delnih nakladalnikih pomagajo pri u\u010dinkovitem dvigovanju in razkladanju blaga.<\/p>\n<\/li>\n<\/ul>\n<h2>Oblikovalski vidiki in izbirna merila<\/h2>\n<ul>\n<li>\n<h3>Nosilnost<\/h3>\n<p>The bucket cylinder&#8217;s bearing capacity should be considered when designing it. It should be able to withstand the maximum anticipated load without failing or deforming.<\/p>\n<\/li>\n<li>\n<h3>Tesnjenje, vzdr\u017eljivost in varnost<\/h3>\n<p>Valji vedra morajo biti zasnovani s trpe\u017enimi tesnili in materiali, ki so odporni na obrabo in korozijo. Vgrajene morajo biti tudi varnostne funkcije, vklju\u010dno s stikali za izklop v sili, varnostnimi ventili in varnostnimi zapahi.<\/p>\n<\/li>\n<li>\n<h3>Vzdr\u017eevanje<\/h3>\n<p>Cilinder vedra mora biti zasnovan za enostavno vzdr\u017eevanje in popravilo. Omogo\u010diti mora enostavno razstavljanje in ponovno sestavljanje, rezervni deli pa morajo biti zlahka dostopni.<\/p>\n<\/li>\n<\/ul>\n<p><img decoding=\"async\" src=\"https:\/\/www.hydraulic-cylinders.net\/wp-content\/uploads\/2025\/01\/songte-oil-pipes-and-spare-parts.webp\" alt=\"slika rezervnih delov cilindra vedra\"><\/p>\n<h2>Tesnjenje in mazanje izdelka<\/h2>\n<p>Valj \u017elice mora uporabljati razli\u010dna tesnila, vklju\u010dno s tesnili bata in palice, izdelana iz materialov, odpornih proti obrabi, kot sta poliuretan in nitrilna guma. Telo valja in navojna kon\u010dna povr\u0161ina morata biti fino obdelana za izbolj\u0161anje odpornosti proti obrabi. Za optimalno delovanje je potrebno tudi ustrezno mazanje s hidravli\u010dnim oljem.<\/p>\n<h2>Vzdr\u017eevanje in popravila<\/h2>\n<p>Za ohranjanje dobrega stanja cilindra vedra je treba redno vzdr\u017eevati in izvajati preventivne ukrepe. Ti ukrepi vklju\u010dujejo:<\/p>\n<ul>\n<li>\n<h3>Redni pregled<\/h3>\n<p>Pregled jeklenke glede po\u0161kodb, pu\u0161\u010danja ali korozije je bistvenega pomena za prepre\u010devanje okvar in podalj\u0161anje njene \u017eivljenjske dobe.<\/p>\n<\/li>\n<li>\n<h3>Mazanje<\/h3>\n<p>Za nemoteno delovanje je treba valj redno mazati.<\/p>\n<\/li>\n<li>\n<h3>Zamenjava tesnila<\/h3>\n<p>Replacing the seals periodically helps to maintain the cylinder&#8217;s efficient operation and prevent leaks.<\/p>\n<\/li>\n<\/ul>\n<p><img decoding=\"async\" src=\"https:\/\/www.hydraulic-cylinders.net\/wp-content\/uploads\/2025\/01\/songte-chushion-collar.webp\" alt=\"slika blazine cilindra vedra\"><\/p>\n<h2>Varnostni in okoljski vidiki<\/h2>\n<p>Pri uporabi jeklenk z vedrom je treba sprejeti varnostne ukrepe za prepre\u010devanje nesre\u010d in po\u0161kodb. Pri odstranjevanju ali recikliranju rabljenih jeklenk ali njihovih sestavnih delov je treba upo\u0161tevati tudi okoljske vidike.<\/p>\n<h2>Diagnoza napak in pogoste te\u017eave<\/h2>\n<p>Pogoste te\u017eave z cilindri z \u017elico vklju\u010dujejo pu\u0161\u010danje, po\u0161kodbe tesnil in izgubo mo\u010di. Diagnoza napake zahteva temeljit pregled cilindra in njegovih sestavnih delov. Pravilno vzdr\u017eevanje in popravilo lahko re\u0161ita te te\u017eave.<\/p>\n<p><img decoding=\"async\" src=\"https:\/\/www.hydraulic-cylinders.net\/wp-content\/uploads\/2025\/01\/songte-bushings-with-all-kinds-of-excavator-models.webp\" alt=\"slika pu\u0161 cilindra \u017elice\"><\/p>\n<h2>O na\u0161em podjetju<\/h2>\n<p>Smo proizvajalec nadomestnih hidravli\u010dnih cilindrov s celotno paleto izdelkov. Smo eden vodilnih proizvajalcev in veleprodajnih distributerjev hidravli\u010dnih cilindrov na doma\u010dem in mednarodnem trgu. Sledimo na\u010delu odli\u010dne kakovosti in se zana\u0161amo na strategije industrijskega upravljanja proizvodnje v izpopolnjenih proizvodnih delavnicah. Nenehno izbolj\u0161ujemo proizvodno platformo delavnice, izbolj\u0161ujemo proizvodno linijo za kakovost izdelkov in imamo mo\u010dno ustvarjalnost. Z na\u010deli visoke u\u010dinkovitosti, visoke natan\u010dnosti in visoke kakovosti izpolnjujemo raznolike potrebe strank.<\/p>\n<p><img decoding=\"async\" src=\"https:\/\/hzpt.com\/wp-content\/uploads\/2024\/11\/songte-company-1.webp\" alt=\"slika podjetja z valjem za vedro\"><\/p>\n<h2>Na\u0161e specialitete<\/h2>\n<ul>\n<li>\n<h3>Profesionalnost<\/h3>\n<p>Imamo ekipo profesionalnih in\u017eenirjev in oblikovalcev z bogatimi izku\u0161njami v industriji hidravli\u010dnih cilindrov.<\/p>\n<\/li>\n<li>\n<h3>Mednarodno certificiranje<\/h3>\n<p>Na\u0161i izdelki so certificirani po mednarodnih standardih, kot sta ISO in CE.<\/p>\n<\/li>\n<li>\n<h3>Storitve prilagajanja<\/h3>\n<p>Ponujamo re\u0161itve hidravli\u010dnih cilindrov po meri, ki ustrezajo specifi\u010dnim zahtevam strank.<\/p>\n<\/li>\n<li>\n<h3>Proizvodna oprema<\/h3>\n<p>Za zagotavljanje kakovosti izdelkov uporabljamo napredno proizvodno opremo in testne sisteme.<\/p>\n<\/li>\n<li>\n<h3>Poprodajne storitve<\/h3>\n<p>Zagotavljamo odli\u010dno poprodajno storitev, da zagotovimo zadovoljstvo strank.<\/p>\n<\/li>\n<\/ul>\n<h3>Avtor: lyl<\/h3>","protected":false},"excerpt":{"rendered":"<p>Bucket Cylinder For Caterpillar Large Excavator E326DL Introduction A bucket cylinder for a Caterpillar large excavator E326DL is a specially designed hydraulic cylinder mainly used to control the movement of the bucket in heavy machinery such as excavators, backhoe loaders, and front-end loaders. Its main function is to allow the bucket to lift, lower, and [&hellip;]<\/p>","protected":false},"featured_media":14785,"comment_status":"open","ping_status":"closed","template":"","meta":{"_et_pb_use_builder":"","_et_pb_old_content":"","_et_gb_content_width":""},"product_brand":[],"product_cat":[1494],"product_tag":[1495,1496],"class_list":{"0":"post-15240","1":"product","2":"type-product","3":"status-publish","4":"has-post-thumbnail","6":"product_cat-bucket-cylinders","7":"product_tag-bucket-cylinders","8":"product_tag-hydraulic-cylinders","10":"first","11":"instock","12":"shipping-taxable","13":"product-type-simple"},"amp_enabled":true,"_links":{"self":[{"href":"https:\/\/www.hydraulic-cylinders.net\/sl\/wp-json\/wp\/v2\/product\/15240","targetHints":{"allow":["GET"]}}],"collection":[{"href":"https:\/\/www.hydraulic-cylinders.net\/sl\/wp-json\/wp\/v2\/product"}],"about":[{"href":"https:\/\/www.hydraulic-cylinders.net\/sl\/wp-json\/wp\/v2\/types\/product"}],"replies":[{"embeddable":true,"href":"https:\/\/www.hydraulic-cylinders.net\/sl\/wp-json\/wp\/v2\/comments?post=15240"}],"wp:featuredmedia":[{"embeddable":true,"href":"https:\/\/www.hydraulic-cylinders.net\/sl\/wp-json\/wp\/v2\/media\/14785"}],"wp:attachment":[{"href":"https:\/\/www.hydraulic-cylinders.net\/sl\/wp-json\/wp\/v2\/media?parent=15240"}],"wp:term":[{"taxonomy":"product_brand","embeddable":true,"href":"https:\/\/www.hydraulic-cylinders.net\/sl\/wp-json\/wp\/v2\/product_brand?post=15240"},{"taxonomy":"product_cat","embeddable":true,"href":"https:\/\/www.hydraulic-cylinders.net\/sl\/wp-json\/wp\/v2\/product_cat?post=15240"},{"taxonomy":"product_tag","embeddable":true,"href":"https:\/\/www.hydraulic-cylinders.net\/sl\/wp-json\/wp\/v2\/product_tag?post=15240"}],"curies":[{"name":"delovni list","href":"https:\/\/api.w.org\/{rel}","templated":true}]}}