{"id":15244,"date":"2025-01-19T14:17:12","date_gmt":"2025-01-19T14:17:12","guid":{"rendered":"https:\/\/www.hydraulic-cylinders.net\/product\/bucket-cylinder-for-caterpillar-large-excavator-e349dz\/"},"modified":"2025-01-19T14:17:14","modified_gmt":"2025-01-19T14:17:14","slug":"bucket-cylinder-for-caterpillar-large-excavator-e349dz","status":"publish","type":"product","link":"https:\/\/www.hydraulic-cylinders.net\/sl\/izdelek\/bucket-cylinder-for-caterpillar-large-excavator-e349dz\/","title":{"rendered":"Cilinder \u017elice za velik bager Caterpillar E349DZ"},"content":{"rendered":"<h1>Cilinder \u017elice za velik bager Caterpillar E349DZ<\/h1>\n<h2>Uvod<\/h2>\n<p>Hidravli\u010dni valj \u017elice je posebej zasnovan hidravli\u010dni valj, ki nadzoruje gibanje \u017elic v te\u017ekih strojih, kot so bagri, bagri nakladalniki in \u010delni nakladalniki. Njegova glavna funkcija je omogo\u010danje dvigovanja, spu\u0161\u010danja in nagibanja \u017elice, kar olaj\u0161a rokovanje z razli\u010dnimi materiali. V hidravli\u010dnem sistemu valj \u017elice dose\u017ee natan\u010den nadzor nad gibanjem \u017elice s spremembami tlaka hidravli\u010dnega olja, kar upravljavcem omogo\u010da u\u010dinkovito rokovanje s te\u017ekimi bremeni in prilagajanje kompleksnim delovnim okoljem ter raznolikim operativnim potrebam.<\/p>\n<p><img decoding=\"async\" src=\"https:\/\/www.hydraulic-cylinders.net\/wp-content\/uploads\/2025\/01\/songte-company-2.webp\"><\/p>\n<h2>Zna\u010dilnosti<\/h2>\n<ul>\n<li>\n<h3>Visoka trdnost in vzdr\u017eljivost<\/h3>\n<\/li>\n<p>Valji z \u017elico so obi\u010dajno izdelani iz visoko trdnega jekla ali aluminija, ki lahko prenese visok tlak in velike obremenitve, se prilagaja te\u017ekim delovnim okoljem in je zasnovan tako, da upo\u0161teva odpornost proti obrabi in koroziji, da se podalj\u0161a njihova \u017eivljenjska doba.<\/p>\n<li>\n<h3>U\u010dinkovito hidravli\u010dno delovanje<\/h3>\n<\/li>\n<p>Cilindri \u017elice uporabljajo hidravli\u010dni tlak olja za doseganje gladkih gibov iztegovanja in kr\u010denja ter se lahko hitro odzovejo na krmilne ukaze, da zagotovijo mo\u010dne potisne in vle\u010dne sile, zaradi \u010desar so primerni za ravnanje s te\u017ekimi bremeni in kompleksne operativne naloge.<\/p>\n<li>\n<h3>Razli\u010dne vrste<\/h3>\n<\/li>\n<p>Cilindre \u017elice je mogo\u010de izbrati glede na operativne potrebe, na primer kot enosmerne (hidravlika se uporablja samo v eni smeri) ali dvosmerne (hidravlika se uporablja v obeh smereh). Nekateri modeli so teleskopski, kar omogo\u010da ve\u010dji razteg brez pove\u010danja zunanjih dimenzij, zaradi \u010desar so primerni za uporabo v omejenem prostoru.<\/p>\n<li>\n<h3>Zdru\u017eljiva zamenjava<\/h3>\n<\/li>\n<p>Na\u0161i izdelki lahko popolnoma nadomestijo te hidravli\u010dne cilindre.<\/p>\n<\/ul>\n<p><img decoding=\"async\" src=\"https:\/\/www.hydraulic-cylinders.net\/wp-content\/uploads\/2025\/01\/songte-cylinder-head-with-all-kinds-excavator-models.webp\"><\/p>\n<h2>Aplikacije<\/h2>\n<p>Valji za \u017elice se pogosto uporabljajo v razli\u010dnih panogah, kot so gradbeni stroji, kmetijski stroji, bagri in nakladalci. Tukaj je nekaj primerov:<\/p>\n<ul>\n<li>\n<h3>Gradbena oprema<\/h3>\n<\/li>\n<p>Cilindri \u017elice so bistveni za kopanje, nakladanje in premikanje zemlje ali ru\u0161evin v bagrih in bagrih nakladalnikih. Pri \u010delnih nakladalnikih pomagajo u\u010dinkovito dvigovati in nagibati blago.<\/p>\n<li>\n<h3>Kmetijska mehanizacija<\/h3>\n<\/li>\n<p>\u017dli\u010dni cilindri se uporabljajo za \u010delne nakladalnike za pobiranje, dvigovanje in prevoz zemlje, sena in drugih materialov.<\/p>\n<li>\n<h3>Bagri<\/h3>\n<\/li>\n<p>Valji \u017elice omogo\u010dajo izkopavanje, saj omogo\u010dajo, da \u017elica prodre v zemljo.<\/p>\n<li>\n<h3>Nakladalci<\/h3>\n<\/li>\n<p>Cilindri \u017elice pomagajo u\u010dinkovito dvigovati in nagibati blago pri \u010delnih nakladalnikih.<\/p>\n<\/ul>\n<h2>Oblikovalski vidiki in izbirna merila<\/h2>\n<p>Pri izbiri cilindrov z \u017elico je treba upo\u0161tevati razli\u010dne dejavnike, kot so nosilnost, tesnjenje, vzdr\u017eljivost, varnost in vzdr\u017eevanje. Tukaj je nekaj oblikovalskih vidikov in izbirnih meril:<\/p>\n<ul>\n<li>\n<h3>Nosilnost<\/h3>\n<\/li>\n<p>Cilinder \u017elice mora biti sposoben prenesti najve\u010djo obremenitev, ki se lahko pojavi med delovanjem.<\/p>\n<li>\n<h3>Tesnjenje<\/h3>\n<\/li>\n<p>Valj vedra mora imeti dobro tesnjenje, da se prepre\u010di pu\u0161\u010danje olja in zagotovi nemoteno delovanje.<\/p>\n<li>\n<h3>Vzdr\u017eljivost<\/h3>\n<\/li>\n<p>Cilinder vedra mora biti izdelan iz visokokakovostnih in trpe\u017enih materialov, da prenese zahtevno delovno okolje in zagotovi dolgo \u017eivljenjsko dobo.<\/p>\n<li>\n<h3>Varnost<\/h3>\n<\/li>\n<p>Jeklenka z \u017elico mora imeti varnostne elemente, kot so varnostni ventili in manometri, da se prepre\u010di preobremenitev in zagotovi varno delovanje.<\/p>\n<li>\n<h3>Vzdr\u017eevanje<\/h3>\n<\/li>\n<p>Cilinder vedra mora biti enostaven za vzdr\u017eevanje in popravilo, rezervni deli pa morajo biti zlahka dostopni.<\/p>\n<\/ul>\n<p><img decoding=\"async\" src=\"https:\/\/www.hydraulic-cylinders.net\/wp-content\/uploads\/2025\/01\/songte-oil-pipes-and-spare-parts.webp\"><\/p>\n<h2>Tesnjenje in mazanje<\/h2>\n<p>V cilindrih \u017elice je treba uporabiti razli\u010dne tesnilne komponente, kot so tesnila bata in tesnila palic, da se prepre\u010di pu\u0161\u010danje olja in zagotovi nemoteno delovanje. Tesnila morajo biti izdelana iz materialov, odpornih proti obrabi, kot sta poliuretan in nitrilna guma. Telo cilindra in povr\u0161ine navojnih kon\u010dnic morajo biti fino obdelane, da se izbolj\u0161a odpornost proti obrabi. Za nemoteno delovanje cilindra \u017elice je potrebno redno mazanje s hidravli\u010dnim oljem. <\/p>\n<h2>Vzdr\u017eevanje in popravila<\/h2>\n<p>Redni pregledi in preventivni vzdr\u017eevalni ukrepi lahko pomagajo prepre\u010diti morebitne te\u017eave in podalj\u0161ati \u017eivljenjsko dobo cilindra vedra. Tukaj so tri pogosta vzdr\u017eevalna opravila:<\/p>\n<ul>\n<li>Redni pregled<\/li>\n<p>Redno preverjajte pu\u0161\u010danje olja, obrabo in druge te\u017eave.<\/p>\n<li>Ustrezno mazanje<\/li>\n<p>Prepri\u010dajte se, da je valj \u017elice pravilno namazan s hidravli\u010dnim oljem.<\/p>\n<li>Zamenjava tesnila in preverjanje kalibracije<\/li>\n<p>Redno menjajte obrabljena tesnila in preverjajte kalibracijo, da zagotovite optimalno delovanje.<\/p>\n<\/ul>\n<p><img decoding=\"async\" src=\"https:\/\/www.hydraulic-cylinders.net\/wp-content\/uploads\/2025\/01\/songte-chushion-collar.webp\"><\/p>\n<h2>Varnostni in okoljski vidiki<\/h2>\n<p>Pri uporabi cilindrov z \u017elico je treba upo\u0161tevati varnostne ukrepe za prepre\u010devanje nesre\u010d. Bistveno je upo\u0161tevati varnostne smernice in uporabljati ustrezno osebno za\u0161\u010ditno opremo. Upo\u0161tevati je treba tudi okoljske vidike, kot je pravilno odstranjevanje hidravli\u010dnega olja in drugih odpadkov.<\/p>\n<h2>Odpravljanje te\u017eav in pogoste te\u017eave<\/h2>\n<p>Tukaj je nekaj pogostih te\u017eav, ki se lahko pojavijo pri uporabi jeklenk z \u017elico, in nekaj predlogov za odpravljanje te\u017eav in re\u0161evanje te\u017eav:<\/p>\n<ul>\n<li>\n<h3>Pu\u0161\u010danje olja<\/h3>\n<\/li>\n<p>Preverite morebitna po\u0161kodovana tesnila in jih po potrebi zamenjajte.<\/p>\n<li>\n<h3>Po\u010dasno delovanje<\/h3>\n<\/li>\n<p>Preverite, ali je premalo hidravli\u010dnega olja, in ga po potrebi dolijte.<\/p>\n<li>\n<h3>Prekomerni hrup<\/h3>\n<\/li>\n<p>Preverite morebitne po\u0161kodovane ali obrabljene komponente in jih po potrebi zamenjajte.<\/p>\n<\/ul>\n<p><img decoding=\"async\" src=\"https:\/\/www.hydraulic-cylinders.net\/wp-content\/uploads\/2025\/01\/songte-bushings-with-all-kinds-of-excavator-models.webp\"><\/p>\n<h2>O na\u0161em podjetju<\/h2>\n<p>Smo proizvajalec nadomestnih hidravli\u010dnih cilindrov s celotno paleto izdelkov in smo postali eden vodilnih proizvajalcev in veleprodajnih distributerjev hidravli\u010dnih cilindrov na doma\u010dem in mednarodnem trgu. Dr\u017eimo se na\u010dela odli\u010dnosti v kakovosti in se zana\u0161amo na strategije industrijskega upravljanja proizvodnje v finih proizvodnih delavnicah. Na\u0161e podjetje nenehno izbolj\u0161uje proizvodno platformo delavnice, izpopolnjuje proizvodno linijo kakovosti izdelkov in ima mo\u010dno ustvarjalno zmogljivost. Z visoko u\u010dinkovitostjo, visoko natan\u010dnostjo in visokimi standardi kakovosti izpolnjujemo raznolike potrebe na\u0161ih strank.<\/p>\n<p><img decoding=\"async\" src=\"https:\/\/hzpt.com\/wp-content\/uploads\/2024\/11\/songte-company-1.webp\"><\/p>\n<h2>Na\u0161e storitve<\/h2>\n<ul>\n<li>\n<h3>Profesionalnost<\/h3>\n<\/li>\n<p>Imamo ekipo profesionalnih in\u017eenirjev in tehnikov, ki lahko zagotovijo prilagojene re\u0161itve za va\u0161e potrebe glede hidravli\u010dnih cilindrov.<\/p>\n<li>\n<h3>Mednarodno certificiranje<\/h3>\n<\/li>\n<p>Pridobili smo mednarodne certifikate, kot so ISO9001, CE in SGS, kar zagotavlja, da kakovost na\u0161ih izdelkov ustreza mednarodnim standardom.<\/p>\n<li>\n<h3>Storitve prilagajanja<\/h3>\n<\/li>\n<p>Ponujamo storitve prilagajanja, da zadostimo specifi\u010dnim potrebam na\u0161ih strank.<\/p>\n<li>\n<h3>Napredna proizvodna oprema<\/h3>\n<\/li>\n<p>Za zagotavljanje kakovosti na\u0161ih izdelkov uporabljamo napredno proizvodno opremo in testne sisteme.<\/p>\n<li>\n<h3>Poprodajne storitve<\/h3>\n<\/li>\n<p>Zagotavljamo poprodajne storitve in tehni\u010dno podporo, da zagotovimo dolgoro\u010dno delovanje na\u0161ih izdelkov.<\/p>\n<\/ul>\n<p>Avtor: lyl<\/p>","protected":false},"excerpt":{"rendered":"<p>Bucket Cylinder For Caterpillar Large Excavator E349DZ Introduction A bucket cylinder is a specially designed hydraulic cylinder that controls the movement of buckets in heavy machinery such as excavators, backhoe loaders, and front-end loaders. Its main function is to allow the bucket to lift, lower, and tilt, making it easier to handle various materials. In [&hellip;]<\/p>","protected":false},"featured_media":14778,"comment_status":"open","ping_status":"closed","template":"","meta":{"_et_pb_use_builder":"","_et_pb_old_content":"","_et_gb_content_width":""},"product_brand":[],"product_cat":[1494],"product_tag":[1495,1496],"class_list":{"0":"post-15244","1":"product","2":"type-product","3":"status-publish","4":"has-post-thumbnail","6":"product_cat-bucket-cylinders","7":"product_tag-bucket-cylinders","8":"product_tag-hydraulic-cylinders","10":"first","11":"instock","12":"shipping-taxable","13":"product-type-simple"},"amp_enabled":true,"_links":{"self":[{"href":"https:\/\/www.hydraulic-cylinders.net\/sl\/wp-json\/wp\/v2\/product\/15244","targetHints":{"allow":["GET"]}}],"collection":[{"href":"https:\/\/www.hydraulic-cylinders.net\/sl\/wp-json\/wp\/v2\/product"}],"about":[{"href":"https:\/\/www.hydraulic-cylinders.net\/sl\/wp-json\/wp\/v2\/types\/product"}],"replies":[{"embeddable":true,"href":"https:\/\/www.hydraulic-cylinders.net\/sl\/wp-json\/wp\/v2\/comments?post=15244"}],"wp:featuredmedia":[{"embeddable":true,"href":"https:\/\/www.hydraulic-cylinders.net\/sl\/wp-json\/wp\/v2\/media\/14778"}],"wp:attachment":[{"href":"https:\/\/www.hydraulic-cylinders.net\/sl\/wp-json\/wp\/v2\/media?parent=15244"}],"wp:term":[{"taxonomy":"product_brand","embeddable":true,"href":"https:\/\/www.hydraulic-cylinders.net\/sl\/wp-json\/wp\/v2\/product_brand?post=15244"},{"taxonomy":"product_cat","embeddable":true,"href":"https:\/\/www.hydraulic-cylinders.net\/sl\/wp-json\/wp\/v2\/product_cat?post=15244"},{"taxonomy":"product_tag","embeddable":true,"href":"https:\/\/www.hydraulic-cylinders.net\/sl\/wp-json\/wp\/v2\/product_tag?post=15244"}],"curies":[{"name":"delovni list","href":"https:\/\/api.w.org\/{rel}","templated":true}]}}