{"id":15246,"date":"2025-01-19T14:17:21","date_gmt":"2025-01-19T14:17:21","guid":{"rendered":"https:\/\/www.hydraulic-cylinders.net\/product\/bucket-cylinder-for-caterpillar-large-excavator-e390dl\/"},"modified":"2025-01-19T14:17:23","modified_gmt":"2025-01-19T14:17:23","slug":"bucket-cylinder-for-caterpillar-large-excavator-e390dl","status":"publish","type":"product","link":"https:\/\/www.hydraulic-cylinders.net\/sl\/izdelek\/bucket-cylinder-for-caterpillar-large-excavator-e390dl\/","title":{"rendered":"Cilinder \u017elice za Caterpillar velik bager E390DL"},"content":{"rendered":"<h2>Cilinder \u017elice za Caterpillar velik bager E390DL<\/h2>\n<h3>Uvod<\/h3>\n<p>Hidravli\u010dni cilinder \u017elice za velik bager Caterpillar E390DL je specializiran hidravli\u010dni cilinder, zasnovan predvsem za krmiljenje gibanja \u017elice v te\u017ekih strojih, kot so bagri, bagri nakladalniki in \u010delni nakladalniki. Njegova glavna funkcija je omogo\u010diti dvigovanje, spu\u0161\u010danje in nagibanje \u017elice, kar olaj\u0161a opravljanje razli\u010dnih nalog ravnanja z materiali. V hidravli\u010dnem sistemu cilindri \u017elice nadzorujejo natan\u010dne gibe \u017elice s spremembami tlaka hidravli\u010dnega olja, kar upravljavcem omogo\u010da u\u010dinkovito ravnanje s te\u017ekimi bremeni, prilagajanje kompleksnim delovnim okoljem in raznolikim zahtevam dela.<\/p>\n<p><img decoding=\"async\" src=\"https:\/\/www.hydraulic-cylinders.net\/wp-content\/uploads\/2025\/01\/songte-company-2.webp\" alt=\"Cilinder \u017elice za Caterpillar velik bager E390DL\" \/><\/p>\n<h3>Zna\u010dilnosti<\/h3>\n<ul>\n<li>Visoka trdnost in vzdr\u017eljivost: Obi\u010dajno je izdelan iz visoko trdnega jekla ali aluminija, lahko prenese visok tlak in velike obremenitve, se prilagodi zahtevnim delovnim okoljem in je zasnovan z mislijo na odpornost proti obrabi in koroziji, da se podalj\u0161a njegova \u017eivljenjska doba.<\/li>\n<li>U\u010dinkovito hidravli\u010dno delovanje: Z uporabo hidravli\u010dnega tlaka olja za doseganje gladkih gibov iztegovanja in kr\u010denja se lahko hitro odzove na krmilne ukaze, zagotavlja mo\u010dne potisne in vle\u010dne sile ter je primeren za ravnanje s te\u017ekimi bremeni in kompleksnimi delovnimi nalogami.<\/li>\n<li>Razli\u010dne vrste: Enojno delujo\u010di (hidravli\u010dni, ki se uporabljajo samo v eni smeri) ali dvostransko delujo\u010di (hidravli\u010dni, ki se uporabljajo v dveh smereh) cilindri se lahko izberejo glede na zahteve za izpolnjevanje razli\u010dnih operativnih potreb. Nekateri modeli so teleskopski, kar omogo\u010da ve\u010dji razteg brez pove\u010danja zunanjih dimenzij, zaradi \u010desar so primerni za uporabo z omejenim prostorom.<\/li>\n<li>Visoka zdru\u017eljivost: Na\u0161 izdelek lahko popolnoma nadomesti te hidravli\u010dne cilindre<\/li>\n<li>Prilagodljivo: Ta izdelek lahko izdelamo po va\u0161ih specifikacijah, da zadostimo va\u0161im specifi\u010dnim potrebam.<\/li>\n<\/ul>\n<p><img decoding=\"async\" src=\"https:\/\/www.hydraulic-cylinders.net\/wp-content\/uploads\/2025\/01\/songte-cylinder-head-with-all-kinds-excavator-models.webp\" alt=\"Cilinder \u017elice za Caterpillar velik bager E390DL\" \/><\/p>\n<h3>Aplikacije<\/h3>\n<p>Valji z \u017elico se pogosto uporabljajo v razli\u010dnih te\u017ekih strojih, kot so:<\/p>\n<ul>\n<li>Gradbena oprema: Pri bagrih so klju\u010dni za kopanje, nakladanje in premikanje zemlje ali ru\u0161evin. Pri bagrih nakladalnikih cilindri \u017elice pomagajo pri kopanju in dvigovanju.<\/li>\n<li>Kmetijski stroji: Uporabljajo se v \u010delnih nakladalnikih za pobiranje, dvigovanje in prevoz zemlje, sena in drugih materialov.<\/li>\n<li>Bagri: Cilindri \u017elice omogo\u010dajo izkopavanje tako, da \u017elici omogo\u010dajo prodiranje skozi zemljo.<\/li>\n<li>Nakladalci: Pri \u010delnih nakladalcih u\u010dinkovito pomagajo pri dvigovanju in odlaganju blaga.<\/li>\n<\/ul>\n<h3>Merila za na\u010drtovanje in izbor<\/h3>\n<p>Pri na\u010drtovanju in izbiri cilindri\u010dnih naprav je treba upo\u0161tevati ve\u010d dejavnikov:<\/p>\n<ul>\n<li>Nosilnost: Valji z \u017elico morajo biti sposobni prenesti obremenitev strojev, v katerih se uporabljajo, in te\u017eo materiala, s katerim se ravna.<\/li>\n<li>Tesnjenje: Za zagotovitev u\u010dinkovitega tesnjenja in prepre\u010devanje pu\u0161\u010danja je treba uporabiti razli\u010dne tesnilne komponente, kot so tesnila bata, tesnila ojnic in tesnila brisalcev.<\/li>\n<li>Vzdr\u017eljivost: Valji za \u017elice morajo biti zasnovani z mislijo na vzdr\u017eljivost, da se zagotovi, da prenesejo te\u017eke delovne pogoje, dolgotrajno uporabo in velike obremenitve.<\/li>\n<li>Varnost: Valji z \u017elico morajo biti zasnovani in izdelani tako, da izpolnjujejo stroge varnostne standarde, kar zagotavlja varno delovanje in prepre\u010duje nesre\u010de.<\/li>\n<li>Vzdr\u017eevanje: Valji z \u017elico morajo biti zasnovani z mislijo na enostavno vzdr\u017eevanje, da jih je mogo\u010de enostavno razstaviti, popraviti in po potrebi zamenjati dele.<\/li>\n<\/ul>\n<p><img decoding=\"async\" src=\"https:\/\/www.hydraulic-cylinders.net\/wp-content\/uploads\/2025\/01\/songte-oil-pipes-and-spare-parts.webp\" alt=\"Cilinder \u017elice za Caterpillar velik bager E390DL\" \/><\/p>\n<h3>Tesnjenje in mazanje<\/h3>\n<p>Za zagotovitev pravilnega delovanja je potrebno ustrezno tesnjenje in mazanje cilindrov \u017elice. To vklju\u010duje uporabo razli\u010dnih tesnilnih komponent, kot so tesnila bata, tesnila palic in tesnila brisalcev, izdelana iz trpe\u017enih materialov, kot sta poliuretan in nitrilna guma, ter natan\u010dno obdelavo telesa cilindra in navojnih povr\u0161in za pove\u010danje odpornosti proti obrabi. Za zagotovitev ustreznega mazanja je potrebno redno dodajanje ustrezne koli\u010dine hidravli\u010dnega olja.<\/p>\n<h3>Vzdr\u017eevanje in popravila<\/h3>\n<p>Redni pregledi in preventivno vzdr\u017eevanje so klju\u010dnega pomena za dolgo \u017eivljenjsko dobo cilindrov \u017elice. Pogosta vzdr\u017eevalna opravila vklju\u010dujejo naslednje:<\/p>\n<ul>\n<li>Redni pregled: Preverite valj glede znakov po\u0161kodb ali obrabe, kot so pu\u0161\u010danje olja, razpoke, udrtine ali rja.<\/li>\n<li>Mazanje: Na kriti\u010dne povr\u0161ine redno nana\u0161ajte ustrezno mazivo.<\/li>\n<li>Zamenjava tesnila: Za prepre\u010ditev pu\u0161\u010danja olja zamenjajte vsa obrabljena ali po\u0161kodovana tesnila.<\/li>\n<li>Preverjanje kalibracije: Redno preverjajte delovanje cilindra, da zagotovite njegovo pravilno delovanje.<\/li>\n<\/ul>\n<p><img decoding=\"async\" src=\"https:\/\/www.hydraulic-cylinders.net\/wp-content\/uploads\/2025\/01\/songte-chushion-collar.webp\" alt=\"Cilinder \u017elice za Caterpillar velik bager E390DL\" \/><\/p>\n<h3>Varnostni vidiki in okoljski dejavniki<\/h3>\n<p>Z jeklenkami je treba uporabljati previdno in z ustrezno varnostno opremo, kot so rokavice in delovni \u0161kornji. Pravilno odstranjevanje hidravli\u010dnega olja in drugih odpadkov je klju\u010dnega pomena za okoljsko varnost in ga je treba izvajati v skladu z lokalnimi predpisi.<\/p>\n<h3>Diagnoza napak in pogoste te\u017eave<\/h3>\n<p>Med pogoste te\u017eave, ki lahko vplivajo na delovanje cilindrov \u017elice, spadajo pu\u0161\u010danje olja, po\u0161kodbe bata in obraba tesnil. Za diagnosticiranje in odpravljanje teh te\u017eav vam lahko pomagajo naslednji nasveti:<\/p>\n<ul>\n<li>Redno pregledujte valj glede po\u0161kodb ali obrabe.<\/li>\n<li>Zamenjajte vsa obrabljena ali po\u0161kodovana tesnila ali komponente.<\/li>\n<li>Preverite in po potrebi prilagodite kalibracijo.<\/li>\n<\/ul>\n<p><img decoding=\"async\" src=\"https:\/\/www.hydraulic-cylinders.net\/wp-content\/uploads\/2025\/01\/songte-bushings-with-all-kinds-of-excavator-models.webp\" alt=\"Cilinder \u017elice za Caterpillar velik bager E390DL\" \/><\/p>\n<h3>O na\u0161em podjetju<\/h3>\n<p>Smo vodilni proizvajalec in veleprodajni distributer hidravli\u010dnih cilindrov na doma\u010dem in mednarodnem trgu. Sledimo odli\u010dnim standardom kakovosti, se zana\u0161amo na strategije upravljanja industrijske proizvodnje v natan\u010dno izdelanih proizvodnih delavnicah in nenehno izbolj\u0161ujemo na\u0161o proizvodno platformo in poti kakovosti izdelkov z uporabo tehni\u010dnih talentov, vrhunske digitalne proizvodne opreme in profesionalnih sistemov testiranja. Imamo mo\u010dne inovacijske zmogljivosti in zagotavljamo visoko u\u010dinkovite, visoko natan\u010dne in visokokakovostne izdelke ter storitve, ki ustrezajo raznolikim potrebam strank.<\/p>\n<p><img decoding=\"async\" src=\"https:\/\/hzpt.com\/wp-content\/uploads\/2024\/11\/songte-company-1.webp\" alt=\"Cilinder \u017elice za Caterpillar velik bager E390DL\" \/><\/p>\n<h3>Zakaj izbrati nas?<\/h3>\n<ul>\n<li>Profesionalnost: Imamo ekipo izku\u0161enih strokovnjakov, ki so strokovnjaki na podro\u010dju hidravli\u010dnih cilindrov.<\/li>\n<li>Mednarodni certifikat: Pridobili smo ISO9001 in druge mednarodne certifikate, ki zagotavljajo kakovost na\u0161ih izdelkov.<\/li>\n<li>Storitve prilagajanja: Ponujamo vam lahko prilagojene izdelke v skladu z va\u0161imi specifikacijami, da zadostimo va\u0161im specifi\u010dnim potrebam.<\/li>\n<li>Napredna proizvodna oprema: Za zagotavljanje natan\u010dnosti in kakovosti na\u0161ih izdelkov se zana\u0161amo na napredno proizvodno opremo.<\/li>\n<li>Poprodajne storitve: Na\u0161im strankam nudimo odli\u010dne poprodajne storitve, vklju\u010dno z vzdr\u017eevanjem, popravilom in obnovo.<\/li>\n<\/ul>\n<p>Avtor: lyl<\/p>","protected":false},"excerpt":{"rendered":"<p>Bucket Cylinder for Caterpillar Large Excavator E390DL Introduction A bucket cylinder for a Caterpillar large excavator E390DL is a specialized hydraulic cylinder designed primarily for controlling the movement of the bucket in heavy machinery such as excavators, backhoe loaders, and front-end loaders. Its main function is to enable the bucket to lift, lower, and tilt, [&hellip;]<\/p>","protected":false},"featured_media":14773,"comment_status":"open","ping_status":"closed","template":"","meta":{"_et_pb_use_builder":"","_et_pb_old_content":"","_et_gb_content_width":""},"product_brand":[],"product_cat":[1494],"product_tag":[1495,1496],"class_list":{"0":"post-15246","1":"product","2":"type-product","3":"status-publish","4":"has-post-thumbnail","6":"product_cat-bucket-cylinders","7":"product_tag-bucket-cylinders","8":"product_tag-hydraulic-cylinders","10":"first","11":"instock","12":"shipping-taxable","13":"product-type-simple"},"amp_enabled":true,"_links":{"self":[{"href":"https:\/\/www.hydraulic-cylinders.net\/sl\/wp-json\/wp\/v2\/product\/15246","targetHints":{"allow":["GET"]}}],"collection":[{"href":"https:\/\/www.hydraulic-cylinders.net\/sl\/wp-json\/wp\/v2\/product"}],"about":[{"href":"https:\/\/www.hydraulic-cylinders.net\/sl\/wp-json\/wp\/v2\/types\/product"}],"replies":[{"embeddable":true,"href":"https:\/\/www.hydraulic-cylinders.net\/sl\/wp-json\/wp\/v2\/comments?post=15246"}],"wp:featuredmedia":[{"embeddable":true,"href":"https:\/\/www.hydraulic-cylinders.net\/sl\/wp-json\/wp\/v2\/media\/14773"}],"wp:attachment":[{"href":"https:\/\/www.hydraulic-cylinders.net\/sl\/wp-json\/wp\/v2\/media?parent=15246"}],"wp:term":[{"taxonomy":"product_brand","embeddable":true,"href":"https:\/\/www.hydraulic-cylinders.net\/sl\/wp-json\/wp\/v2\/product_brand?post=15246"},{"taxonomy":"product_cat","embeddable":true,"href":"https:\/\/www.hydraulic-cylinders.net\/sl\/wp-json\/wp\/v2\/product_cat?post=15246"},{"taxonomy":"product_tag","embeddable":true,"href":"https:\/\/www.hydraulic-cylinders.net\/sl\/wp-json\/wp\/v2\/product_tag?post=15246"}],"curies":[{"name":"delovni list","href":"https:\/\/api.w.org\/{rel}","templated":true}]}}