{"id":15265,"date":"2025-01-19T14:18:42","date_gmt":"2025-01-19T14:18:42","guid":{"rendered":"https:\/\/www.hydraulic-cylinders.net\/product\/bucket-cylinder-for-caterpillar-wheel-excavator-m217dz\/"},"modified":"2025-01-19T14:18:44","modified_gmt":"2025-01-19T14:18:44","slug":"bucket-cylinder-for-caterpillar-wheel-excavator-m217dz","status":"publish","type":"product","link":"https:\/\/www.hydraulic-cylinders.net\/sl\/izdelek\/bucket-cylinder-for-caterpillar-wheel-excavator-m217dz\/","title":{"rendered":"Cilinder \u017elice za kolesni bager Caterpillar M217DZ"},"content":{"rendered":"<h1>Cilinder \u017elice za kolesni bager Caterpillar M217DZ<\/h1>\n<h2>Uvod<\/h2>\n<p>Hidravli\u010dni cilinder \u017elice je specializiran hidravli\u010dni cilinder, ki se uporablja predvsem za krmiljenje gibanja \u017elice v te\u017ekih strojih, kot so bagri, bagri nakladalniki in \u010delni nakladalniki. Njegova glavna funkcija je omogo\u010diti dvigovanje, spu\u0161\u010danje in nagibanje \u017elice, kar olaj\u0161a opravljanje razli\u010dnih nalog ravnanja z materiali. V hidravli\u010dnem sistemu cilinder \u017elice dose\u017ee natan\u010den nadzor nad \u017elico s spremembami tlaka hidravli\u010dnega olja, kar upravljavcu omogo\u010da u\u010dinkovito ravnanje s te\u017ekimi bremeni in prilagajanje kompleksnim delovnim okoljem ter raznolikim operativnim zahtevam.<\/p>\n<p><img decoding=\"async\" src=\"https:\/\/www.hydraulic-cylinders.net\/wp-content\/uploads\/2025\/01\/songte-company-2.webp\"><\/p>\n<h2>Zna\u010dilnosti<\/h2>\n<ul>\n<li><strong>Visoka trdnost in vzdr\u017eljivost:<\/strong> Obi\u010dajno je izdelan iz visoko trdnega jekla ali aluminija, zato lahko prenese visok tlak in velike obremenitve ter se prilagaja zahtevnim delovnim okoljem. Zasnova upo\u0161teva odpornost proti obrabi in koroziji za podalj\u0161anje \u017eivljenjske dobe.<\/li>\n<li><strong>U\u010dinkovito hidravli\u010dno delovanje:<\/strong> Uporablja hidravli\u010dni tlak olja za doseganje gladkih gibov iztegovanja in kr\u010denja, kar omogo\u010da hiter odziv na krmilne ukaze, zagotavlja mo\u010dne potisne in vle\u010dne sile, primerne za ravnanje s te\u017ekimi bremeni in kompleksne delovne naloge.<\/li>\n<li><strong>Razli\u010dne vrste:<\/strong> Enosmerno delujo\u010di (hidravli\u010dni, ki se uporablja v eni smeri) ali dvosmerno delujo\u010di (hidravli\u010dni, ki se uporablja v dveh smereh) cilindri se lahko izberejo glede na potrebe in izpolnijo razli\u010dne operativne zahteve. Nekateri modeli so teleskopski, kar omogo\u010da ve\u010dji razteg brez pove\u010danja zunanjih dimenzij, primerni za uporabo z omejenim prostorom.<\/li>\n<li><strong>Popolna zamenjava:<\/strong> Na\u0161 izdelek je lahko odli\u010dna zamenjava za te hidravli\u010dne cilindre.<\/li>\n<\/ul>\n<p><img decoding=\"async\" src=\"https:\/\/www.hydraulic-cylinders.net\/wp-content\/uploads\/2025\/01\/songte-cylinder-head-with-all-kinds-excavator-models.webp\"><\/p>\n<h2>Aplikacije<\/h2>\n<p>Valji z \u017elico se pogosto uporabljajo v razli\u010dni opremi, vklju\u010dno z:<\/p>\n<ul>\n<li><strong>Gradbena oprema:<\/strong> Pri bagrih so bistveni za kopanje, nakladanje in premikanje zemlje ali ru\u0161evin. Pri bagrih nakladalnikih cilindri \u017elice pomagajo tako pri kopanju kot pri dvigovanju. <\/li>\n<li><strong>Kmetijska mehanizacija:<\/strong> Uporablja se v \u010delnih nakladalnikih za zajemanje, dvigovanje in prevoz zemlje, sena in drugih materialov. <\/li>\n<li><strong>Bagri:<\/strong> Cilindri \u017elice omogo\u010dajo kopanje, saj omogo\u010dajo, da \u017elica prodre v zemljo. <\/li>\n<li><strong>Nakladalci:<\/strong> Pri \u010delnih nakladalnikih pomagajo pri u\u010dinkovitem dvigovanju in razkladanju tovora. <\/li>\n<\/ul>\n<h2>Oblikovalski vidiki in izbirna merila<\/h2>\n<ul>\n<li><strong>Nosilnost:<\/strong> Jeklenka mora biti sposobna prenesti obremenitev in tlak, ki ga izvaja oprema. <\/li>\n<li><strong>Tesnjenje:<\/strong> Razli\u010dne tesnilne komponente, kot so tesnila bata in tesnila palic, morajo biti izdelane iz materialov, odpornih proti obrabi, kot sta poliuretan in nitrilna guma, da se zagotovi odli\u010dno tesnjenje in podalj\u0161a \u017eivljenjska doba. <\/li>\n<li><strong>Vzdr\u017eljivost:<\/strong> Telo valja in navojna kon\u010dna povr\u0161ina morata biti natan\u010dno obdelana, da se izbolj\u0161a odpornost proti obrabi. <\/li>\n<li><strong>Varnost:<\/strong> Jeklenka mora biti zasnovana in izdelana v skladu z varnostnimi standardi, da se prepre\u010dijo nesre\u010de in zagotovi varnost osebja in opreme. <\/li>\n<li><strong>Vzdr\u017eevanje:<\/strong> Jeklenka mora biti enostavna za vzdr\u017eevanje in popravilo, rezervni deli pa morajo biti zlahka dostopni. <\/li>\n<\/ul>\n<p><img decoding=\"async\" src=\"https:\/\/www.hydraulic-cylinders.net\/wp-content\/uploads\/2025\/01\/songte-oil-pipes-and-spare-parts.webp\"><\/p>\n<h2>Tesnjenje in mazanje<\/h2>\n<p>Cilinder uporablja razli\u010dne tesnilne komponente za zagotavljanje odli\u010dne tesnilne u\u010dinkovitosti in podalj\u0161anje \u017eivljenjske dobe. Tesnilo bata in tesnilo palice sta izdelana iz materialov, odpornih proti obrabi, kot sta poliuretan in nitrilna guma. Telo cilindra in navojna kon\u010dna povr\u0161ina sta natan\u010dno obdelana za izbolj\u0161anje odpornosti proti obrabi. Za mazanje in vzdr\u017eevanje nemotenega delovanja cilindra je potrebna zadostna koli\u010dina hidravli\u010dnega olja. Zato je potrebno redno vzdr\u017eevanje in dolivanje hidravli\u010dnega olja.<\/p>\n<h2>Vzdr\u017eevanje in popravila<\/h2>\n<p>Redni pregledi, pravilno mazanje, zamenjava tesnil in preverjanje kalibracije so pogosta vzdr\u017eevalna opravila za cilindre z \u017elico. Pravilna namestitev, mazanje in nastavitev so bistveni za podalj\u0161anje \u017eivljenjske dobe cilindra. Med namestitvijo je potrebna ustrezna poravnava cilindra, priporo\u010dljiva pa je uporaba ustreznih monta\u017enih nosilcev za pritrditev cilindra. Priporo\u010dljivo je upo\u0161tevati priporo\u010dene postopke pregleda, popravila in zamenjave ter zagotoviti storitve zamenjave in obnove delov, da se podalj\u0161a \u017eivljenjska doba cilindra.<\/p>\n<p><img decoding=\"async\" src=\"https:\/\/www.hydraulic-cylinders.net\/wp-content\/uploads\/2025\/01\/songte-chushion-collar.webp\"><\/p>\n<h2>Varnostni vidiki in okoljski dejavniki<\/h2>\n<p>Pri uporabi jeklenke z vedrom je nujno upo\u0161tevati varnostne ukrepe za prepre\u010devanje nesre\u010d ter za\u0161\u010dito osebja in opreme. Za zagotovitev optimalne zmogljivosti jeklenke in podalj\u0161anje njene \u017eivljenjske dobe je treba upo\u0161tevati okoljske dejavnike, kot so temperatura, vla\u017enost in kakovost zraka.<\/p>\n<h2>Diagnoza napak in pogoste te\u017eave<\/h2>\n<p>Pogoste te\u017eave z cilindri \u017elice vklju\u010dujejo pu\u0161\u010danje olja, obrabo tesnil, po\u0161kodbe bata in palice ter nenavaden hrup. Za u\u010dinkovito diagnosticiranje in re\u0161evanje teh te\u017eav so redni pregledi in vzdr\u017eevanje bistvenega pomena. Najbolje je upo\u0161tevati priporo\u010dene postopke vzdr\u017eevanja in zagotoviti u\u010dinkovite preventivne ukrepe za zmanj\u0161anje morebitnih te\u017eav.<\/p>\n<p><img decoding=\"async\" src=\"https:\/\/www.hydraulic-cylinders.net\/wp-content\/uploads\/2025\/01\/songte-bushings-with-all-kinds-of-excavator-models.webp\"><\/p>\n<h2>O na\u0161em podjetju<\/h2>\n<p>Smo proizvajalec nadomestnih hidravli\u010dnih cilindrov in imamo celovito paleto izdelkov. Postali smo eden vodilnih proizvajalcev in veleprodajnih distributerjev hidravli\u010dnih cilindrov na doma\u010dem in mednarodnem trgu. Sledimo odli\u010dni kakovosti in se zana\u0161amo na industrializirano strategijo upravljanja proizvodnje s prefinjenimi proizvodnimi delavnicami. Podjetje nenehno izbolj\u0161uje proizvodno platformo delavnice z uporabo tehni\u010dnih talentov, digitalne vrhunske proizvodne opreme in profesionalnih sistemov za testiranje, da bi izbolj\u0161alo kakovost izdelkov v proizvodni liniji, in ima mo\u010dno ustvarjalno sposobnost zadovoljevanja raznolikih potreb strank z visoko u\u010dinkovitostjo, visoko natan\u010dnostjo in na\u010deli visoke kakovosti. <\/p>\n<p><img decoding=\"async\" src=\"https:\/\/hzpt.com\/wp-content\/uploads\/2024\/11\/songte-company-1.webp\"><\/p>\n<p>Ponujamo profesionalne storitve, mednarodno certificiranje, prilagojene storitve, proizvodno opremo in poprodajne storitve itd.<\/p>\n<p>Avtor: lyl.<\/p>","protected":false},"excerpt":{"rendered":"<p>Bucket Cylinder For Caterpillar Wheel Excavator M217DZ Introduction A bucket cylinder is a specialized hydraulic cylinder mainly used to control the movement of the bucket in heavy machinery such as excavators, backhoe loaders, and front-end loaders. Its primary function is to enable the bucket to perform lifting, lowering, and tilting, making it easier to handle [&hellip;]<\/p>","protected":false},"featured_media":14762,"comment_status":"open","ping_status":"closed","template":"","meta":{"_et_pb_use_builder":"","_et_pb_old_content":"","_et_gb_content_width":""},"product_brand":[],"product_cat":[1494],"product_tag":[1495,1496],"class_list":{"0":"post-15265","1":"product","2":"type-product","3":"status-publish","4":"has-post-thumbnail","6":"product_cat-bucket-cylinders","7":"product_tag-bucket-cylinders","8":"product_tag-hydraulic-cylinders","10":"first","11":"instock","12":"shipping-taxable","13":"product-type-simple"},"amp_enabled":true,"_links":{"self":[{"href":"https:\/\/www.hydraulic-cylinders.net\/sl\/wp-json\/wp\/v2\/product\/15265","targetHints":{"allow":["GET"]}}],"collection":[{"href":"https:\/\/www.hydraulic-cylinders.net\/sl\/wp-json\/wp\/v2\/product"}],"about":[{"href":"https:\/\/www.hydraulic-cylinders.net\/sl\/wp-json\/wp\/v2\/types\/product"}],"replies":[{"embeddable":true,"href":"https:\/\/www.hydraulic-cylinders.net\/sl\/wp-json\/wp\/v2\/comments?post=15265"}],"wp:featuredmedia":[{"embeddable":true,"href":"https:\/\/www.hydraulic-cylinders.net\/sl\/wp-json\/wp\/v2\/media\/14762"}],"wp:attachment":[{"href":"https:\/\/www.hydraulic-cylinders.net\/sl\/wp-json\/wp\/v2\/media?parent=15265"}],"wp:term":[{"taxonomy":"product_brand","embeddable":true,"href":"https:\/\/www.hydraulic-cylinders.net\/sl\/wp-json\/wp\/v2\/product_brand?post=15265"},{"taxonomy":"product_cat","embeddable":true,"href":"https:\/\/www.hydraulic-cylinders.net\/sl\/wp-json\/wp\/v2\/product_cat?post=15265"},{"taxonomy":"product_tag","embeddable":true,"href":"https:\/\/www.hydraulic-cylinders.net\/sl\/wp-json\/wp\/v2\/product_tag?post=15265"}],"curies":[{"name":"delovni list","href":"https:\/\/api.w.org\/{rel}","templated":true}]}}