{"id":15271,"date":"2025-01-19T14:19:13","date_gmt":"2025-01-19T14:19:13","guid":{"rendered":"https:\/\/www.hydraulic-cylinders.net\/product\/bucket-cylinder-for-doosan-small-excavator-dh55-5\/"},"modified":"2025-01-19T14:19:15","modified_gmt":"2025-01-19T14:19:15","slug":"bucket-cylinder-for-doosan-small-excavator-dh55-5","status":"publish","type":"product","link":"https:\/\/www.hydraulic-cylinders.net\/sl\/izdelek\/bucket-cylinder-for-doosan-small-excavator-dh55-5\/","title":{"rendered":"Cilinder \u017elice za Doosan majhen bager DH55-5"},"content":{"rendered":"<h1>Cilinder \u017elice za Doosan majhen bager DH55-5<\/h1>\n<h2>Uvod<\/h2>\n<h3>Dolo\u010danje cilindra \u017elice za Doosan mali bager DH55-5<\/h3>\n<p>Hidravli\u010dni valj \u017elice je posebej zasnovan hidravli\u010dni valj, ki se uporablja predvsem za nadzor gibanja \u017elice v te\u017ekih strojih, kot so bagri, bagri nakladalniki in \u010delni nakladalniki. Njegova glavna funkcija je omogo\u010diti dvigovanje, spu\u0161\u010danje in nagibanje \u017elice, s \u010dimer olaj\u0161a razli\u010dna opravila ravnanja z materiali. V hidravli\u010dnem sistemu valj \u017elice dose\u017ee natan\u010den nadzor nad \u017elico s spreminjanjem tlaka hidravli\u010dnega olja, kar omogo\u010da upravljavcem u\u010dinkovito ravnanje s te\u017ekimi bremeni in prilagajanje kompleksnim delovnim okoljem ter raznolikim operativnim zahtevam.<\/p>\n<p><img decoding=\"async\" src=\"https:\/\/www.hydraulic-cylinders.net\/wp-content\/uploads\/2025\/01\/songte-company-2.webp\" alt=\"Cilinder za vedro\" \/><\/p>\n<h3>Zna\u010dilnosti cilindra \u017elice za Doosan mali bager DH55-5<\/h3>\n<ul>\n<li>Visoka trdnost in vzdr\u017eljivost: Obi\u010dajno je izdelan iz visoko trdnega jekla ali aluminija, zato lahko prenese visok tlak in velike obremenitve, se prilagodi zahtevnim delovnim okoljem in je zasnovan z mislijo na odpornost proti obrabi in koroziji, kar podalj\u0161uje njegovo \u017eivljenjsko dobo.<\/li>\n<li>U\u010dinkovito hidravli\u010dno delovanje: Z uporabo tlaka hidravli\u010dnega olja za doseganje gladkih teleskopskih gibov se lahko hitro odzove na krmilne ukaze, zagotavlja mo\u010dne potisne in vle\u010dne sile ter je primeren za ravnanje s te\u017ekimi bremeni in kompleksne operativne naloge.<\/li>\n<li>Ve\u010d vrst: Glede na operativne zahteve je mogo\u010de izbrati enosmerno delujo\u010de (hidravli\u010dni samo v eno smer) ali dvosmerno delujo\u010de (hidravli\u010dni v obe smeri) cilindre. Nekateri modeli so teleskopski, kar omogo\u010da ve\u010dji razteg brez pove\u010danja zunanjih dimenzij, zaradi \u010desar so primerni za uporabo v omejenem prostoru.<\/li>\n<li>Zamenljivo: Na\u0161 izdelek lahko popolnoma nadomesti te hidravli\u010dne cilindre.<\/li>\n<\/ul>\n<p><img decoding=\"async\" src=\"https:\/\/www.hydraulic-cylinders.net\/wp-content\/uploads\/2025\/01\/songte-cylinder-head-with-all-kinds-excavator-models.webp\" alt=\"Modeli cilindrov z \u017elico\" \/><\/p>\n<h3>Uporaba valjastega cilindra za Doosan Small Excavator DH55-5<\/h3>\n<p>Cilinder \u017elice se pogosto uporablja v razli\u010dnih te\u017ekih strojih, kot so:<\/p>\n<ul>\n<li>Gradbena oprema: Pri bagrih so bistveni za izkopavanje, nakladanje in premikanje zemlje ali ru\u0161evin. Pri bagrih nakladalnikih cilindri \u017elice pomagajo tako pri izkopavanju kot pri dvigovanju. <\/li>\n<li>Kmetijska mehanizacija: Uporablja se v \u010delnih nakladalnikih za zajemanje, dvigovanje in prevoz zemlje, sena in drugih materialov. <\/li>\n<li>Bagri: Cilinder \u017elice dose\u017ee izkop tako, da \u017elici omogo\u010di prodiranje v zemljo. <\/li>\n<li>Nakladalniki: Pri \u010delnih nakladalnikih pomagajo pri u\u010dinkovitem dvigovanju in nagibanju tovora. <\/li>\n<\/ul>\n<p>Vsaka uporaba valja z \u017elico je podrobneje opisana spodaj.<\/p>\n<h3>Oblikovalski vidiki in izbirna merila<\/h3>\n<p>Cilinder vedra je zasnovan ob upo\u0161tevanju naslednjih dejavnikov:<\/p>\n<ul>\n<li>Nosilnost: Jeklenka mora biti sposobna prenesti visoke obremenitve in med delovanjem ohranjati stabilnost.<\/li>\n<li>Tesnjenje: Jeklenka mora biti zatesnjena, da se prepre\u010di pu\u0161\u010danje teko\u010dine in ohrani ustrezen tlak.<\/li>\n<li>Vzdr\u017eljivost: Jeklenka mora biti zasnovana tako, da prenese te\u017eke obratovalne pogoje in je odporna proti obrabi in koroziji.<\/li>\n<li>Varnost: Jeklenka mora biti zasnovana tako, da prepre\u010duje nesre\u010de in zmanj\u0161uje tveganje po\u0161kodb upravljavcev.<\/li>\n<li>Vzdr\u017eevanje: Jeklenka mora biti enostavna za vzdr\u017eevanje in popravilo.<\/li>\n<\/ul>\n<p><img decoding=\"async\" src=\"https:\/\/www.hydraulic-cylinders.net\/wp-content\/uploads\/2025\/01\/songte-oil-pipes-and-spare-parts.webp\" alt=\"Deli cilindra \u017elice\" \/><\/p>\n<h3>Tesnjenje in mazanje cilindra \u017elice za Doosan mali bager DH55-5<\/h3>\n<ul>\n<li>Razli\u010dni tesnilni elementi: V valju se uporabljajo tesnila bata, tesnila ojnic itd. Tesnilni elementi so izdelani iz materialov, odpornih proti obrabi, kot sta poliuretan in nitrilna guma.<\/li>\n<li>Fino obdelano ohi\u0161je valja: Ohi\u0161je valja in povr\u0161ina navojnega konca sta fino obdelana za izbolj\u0161anje odpornosti proti obrabi.<\/li>\n<li>Mazanje: Cilinder je treba redno mazati z ustrezno koli\u010dino hidravli\u010dnega olja.<\/li>\n<\/ul>\n<h3>Redni pregledi in preventivni vzdr\u017eevalni ukrepi<\/h3>\n<p>Priporo\u010dljivo je redno izvajati naslednja vzdr\u017eevalna dela:<\/p>\n<ul>\n<li>Redni pregled: Redno pregledujte jeklenko glede znakov po\u0161kodb, pu\u0161\u010danja in obrabe.<\/li>\n<li>Pravilno mazanje: Cilinder naj bo pravilno namazan.<\/li>\n<li>Zamenjava tesnil: Tesnila zamenjajte po potrebi.<\/li>\n<li>Preverjanje kalibracije: Redno preverjajte kalibracijo jeklenke.<\/li>\n<\/ul>\n<p>Pravilna namestitev, mazanje in nastavitev so bistvenega pomena za zagotovitev varnega in u\u010dinkovitega delovanja cilindra z \u017elico. Priporo\u010dljivo je, da med namestitvijo valj pravilno poravnate in za pritrditev cilindra uporabite ustrezne nosilce. Na\u0161e podjetje nudi nadomestne dele in storitve obnove, ki pomagajo podalj\u0161ati \u017eivljenjsko dobo va\u0161ega cilindra z \u017elico.<\/p>\n<p><img decoding=\"async\" src=\"https:\/\/www.hydraulic-cylinders.net\/wp-content\/uploads\/2025\/01\/songte-chushion-collar.webp\" alt=\"Namestitev cilindra vedra\" \/><\/p>\n<h3>Varnostni vidiki in okoljski dejavniki<\/h3>\n<p>Pri uporabi cilindra z \u017elico je nujno upo\u0161tevati varnostne ukrepe za prepre\u010devanje nesre\u010d in po\u0161kodb. Pomembno je upo\u0161tevati tudi okoljske dejavnike, kot sta vpliv pu\u0161\u010danja hidravli\u010dne teko\u010dine na okolje in pravilno odstranjevanje odpadkov.<\/p>\n<h3>Odpravljanje te\u017eav in pogoste te\u017eave z cilindrom \u017elice za Doosan Small Excavator DH55-5<\/h3>\n<p>Med pogoste te\u017eave, ki se lahko pojavijo z valjem \u017elice, spadajo pu\u0161\u010danje olja, zana\u0161anje valja in nezadostna sila. Na\u0161i nasveti in re\u0161itve za odpravljanje te\u017eav pomagajo pri u\u010dinkovitem diagnosticiranju in odpravljanju teh te\u017eav. Priporo\u010dljivo je tudi, da sprejmete preventivne ukrepe za zmanj\u0161anje morebitnih te\u017eav.<\/p>\n<p><img decoding=\"async\" src=\"https:\/\/www.hydraulic-cylinders.net\/wp-content\/uploads\/2025\/01\/songte-bushings-with-all-kinds-of-excavator-models.webp\" alt=\"Pu\u0161e cilindra \u017elice\" \/><\/p>\n<h2>O na\u0161em podjetju<\/h2>\n<p>Smo proizvajalec hidravli\u010dnih cilindrov, ki lahko nadomestijo obi\u010dajne hidravli\u010dne cilindre. Na\u0161e podjetje ponuja celotno paleto hidravli\u010dnih cilindrov in je postalo eden vodilnih proizvajalcev in veleprodajnih distributerjev na doma\u010dem in mednarodnem trgu. Dr\u017eimo se na\u010del odli\u010dne kakovosti, se zana\u0161amo na industrializirane strategije upravljanja proizvodnje in nenehno izbolj\u0161ujemo na\u0161e proizvodne platforme z uporabo tehnolo\u0161kih talentov, digitalizirane vrhunske proizvodne opreme in profesionalnih sistemov testiranja. Imamo mo\u010dno sposobnost ustvarjanja visoko u\u010dinkovitih, visoko natan\u010dnih in visokokakovostnih izdelkov, ki ustrezajo raznolikim potrebam na\u0161ih strank.<\/p>\n<p><img decoding=\"async\" src=\"https:\/\/hzpt.com\/wp-content\/uploads\/2024\/11\/songte-company-1.webp\" alt=\"Pregled podjetja\" \/><\/p>\n<h3>Na\u0161e strokovno znanje<\/h3>\n<p>Na\u0161e podjetje ima strokovno znanje na naslednjih podro\u010djih:<\/p>\n<ul>\n<li>Mednarodno certificiranje: Na\u0161i izdelki so prejeli razli\u010dne mednarodne certifikate, vklju\u010dno z ISO9001, CE, SGS in TUV. <\/li>\n<li>Prilagojene storitve: Na\u0161e podjetje lahko nudi prilagojene storitve glede na potrebe strank, kot so prilagojeno oblikovanje izdelkov, prilagojena embala\u017ea itd.<\/li>\n<li>Proizvodna oprema: Za zagotavljanje kakovosti izdelkov uporabljamo vrhunsko CNC obdelovalno opremo, napredno varilno opremo in razli\u010dno preskusno opremo.<\/li>\n<li>Poprodajne storitve: Nudimo celovito poprodajno podporo, vklju\u010dno z namestitvijo, vzdr\u017eevanjem in popravili.<\/li>\n<\/ul>\n<p>Hvala, ker ste razmislili o na\u0161ih izdelkih. Za ve\u010d informacij obi\u0161\u010dite na\u0161o spletno stran ali nas kontaktirajte neposredno.<\/p>\n<footer>Avtor: lyl<\/footer>","protected":false},"excerpt":{"rendered":"<p>Bucket Cylinder For Doosan Small Excavator DH55-5 Introduction Defining Bucket Cylinder for Doosan Small Excavator DH55-5 A bucket cylinder is a specially designed hydraulic cylinder that is primarily used to control the movement of the bucket in heavy machinery such as excavators, backhoe loaders, and front-end loaders. Its main function is to enable the bucket [&hellip;]<\/p>","protected":false},"featured_media":14784,"comment_status":"open","ping_status":"closed","template":"","meta":{"_et_pb_use_builder":"","_et_pb_old_content":"","_et_gb_content_width":""},"product_brand":[],"product_cat":[1494],"product_tag":[1495,1496],"class_list":{"0":"post-15271","1":"product","2":"type-product","3":"status-publish","4":"has-post-thumbnail","6":"product_cat-bucket-cylinders","7":"product_tag-bucket-cylinders","8":"product_tag-hydraulic-cylinders","10":"first","11":"instock","12":"shipping-taxable","13":"product-type-simple"},"amp_enabled":true,"_links":{"self":[{"href":"https:\/\/www.hydraulic-cylinders.net\/sl\/wp-json\/wp\/v2\/product\/15271","targetHints":{"allow":["GET"]}}],"collection":[{"href":"https:\/\/www.hydraulic-cylinders.net\/sl\/wp-json\/wp\/v2\/product"}],"about":[{"href":"https:\/\/www.hydraulic-cylinders.net\/sl\/wp-json\/wp\/v2\/types\/product"}],"replies":[{"embeddable":true,"href":"https:\/\/www.hydraulic-cylinders.net\/sl\/wp-json\/wp\/v2\/comments?post=15271"}],"wp:featuredmedia":[{"embeddable":true,"href":"https:\/\/www.hydraulic-cylinders.net\/sl\/wp-json\/wp\/v2\/media\/14784"}],"wp:attachment":[{"href":"https:\/\/www.hydraulic-cylinders.net\/sl\/wp-json\/wp\/v2\/media?parent=15271"}],"wp:term":[{"taxonomy":"product_brand","embeddable":true,"href":"https:\/\/www.hydraulic-cylinders.net\/sl\/wp-json\/wp\/v2\/product_brand?post=15271"},{"taxonomy":"product_cat","embeddable":true,"href":"https:\/\/www.hydraulic-cylinders.net\/sl\/wp-json\/wp\/v2\/product_cat?post=15271"},{"taxonomy":"product_tag","embeddable":true,"href":"https:\/\/www.hydraulic-cylinders.net\/sl\/wp-json\/wp\/v2\/product_tag?post=15271"}],"curies":[{"name":"delovni list","href":"https:\/\/api.w.org\/{rel}","templated":true}]}}