{"id":15274,"date":"2025-01-19T14:19:27","date_gmt":"2025-01-19T14:19:27","guid":{"rendered":"https:\/\/www.hydraulic-cylinders.net\/product\/bucket-cylinder-for-doosan-small-excavator-dx120\/"},"modified":"2025-01-19T14:19:30","modified_gmt":"2025-01-19T14:19:30","slug":"bucket-cylinder-for-doosan-small-excavator-dx120","status":"publish","type":"product","link":"https:\/\/www.hydraulic-cylinders.net\/sl\/izdelek\/bucket-cylinder-for-doosan-small-excavator-dx120\/","title":{"rendered":"Cilinder \u017elice za Doosan majhen bager DX120"},"content":{"rendered":"<p><!DOCTYPE html><br \/>\n<html><br \/>\n<head><br \/>\n\t<title>Cilinder \u017elice za Doosan majhen bager DX120<\/title><br \/>\n<\/head><br \/>\n<body><\/p>\n<h1>Cilinder \u017elice za Doosan majhen bager DX120<\/h1>\n<h2>Uvod<\/h2>\n<p>Hidravli\u010dni valj \u017elice je posebej zasnovan hidravli\u010dni valj, ki se uporablja za krmiljenje gibanja \u017elice v te\u017ekih strojih, kot so bagri, bagri nakladalniki in \u010delni nakladalniki. Njegova glavna funkcija je omogo\u010danje dvigovanja, spu\u0161\u010danja in nagibanja \u017elice, kar olaj\u0161a opravljanje razli\u010dnih nalog ravnanja z materiali. V hidravli\u010dnem sistemu valj \u017elice dose\u017ee natan\u010den nadzor nad \u017elico s pomo\u010djo spremembe tlaka hidravli\u010dnega olja, kar upravljavcem omogo\u010da u\u010dinkovito ravnanje s te\u017ekimi bremeni in prilagajanje kompleksnim delovnim okoljem ter raznolikim operativnim potrebam.<\/p>\n<p>\t<img decoding=\"async\" src=\"https:\/\/www.hydraulic-cylinders.net\/wp-content\/uploads\/2025\/01\/songte-company-2.webp\" alt=\"Primer slike valja z \u017elico\"><\/p>\n<h2>Zna\u010dilnosti<\/h2>\n<ul>\n<li>Visoka trdnost in vzdr\u017eljivost: Obi\u010dajno so izdelani iz visoko trdnega jekla ali aluminija, ki lahko prenese visok tlak in velike obremenitve, se prilagajajo zahtevnim delovnim okoljem, pri \u010demer je treba upo\u0161tevati odpornost proti obrabi in koroziji za podalj\u0161anje \u017eivljenjske dobe izdelka.<\/li>\n<li>U\u010dinkovito hidravli\u010dno delovanje: Uporaba tlaka hidravli\u010dnega olja za doseganje gladkih gibov iztegovanja in vvla\u010devanja, sposobnost hitrega odzivanja na krmilne ukaze, zagotavljanje mo\u010dnih potiskih in vle\u010dnih sil, primernih za rokovanje s te\u017ekimi bremeni in kompleksne operativne naloge.<\/li>\n<li>Razli\u010dne vrste: Enojno delujo\u010di (hidravli\u010dna sila samo v eno smer) ali dvostransko delujo\u010di (hidravli\u010dna sila v obe smeri) cilindri se lahko izberejo glede na zahteve, pri \u010demer so nekateri modeli teleskopski, kar omogo\u010da ve\u010dji razteg brez pove\u010danja zunanjih dimenzij, primerni za uporabo z omejenim prostorom.<\/li>\n<li>Popolna zamenjava: Na\u0161i cilindri lahko popolnoma nadomestijo obstoje\u010de hidravli\u010dne cilindre in ponujajo zanesljivo alternativo.<\/li>\n<\/ul>\n<p>\t<img decoding=\"async\" src=\"https:\/\/www.hydraulic-cylinders.net\/wp-content\/uploads\/2025\/01\/songte-cylinder-head-with-all-kinds-excavator-models.webp\" alt=\"Primer slike izdelka\"><\/p>\n<h2>Aplikacije<\/h2>\n<ul>\n<li>Gradbeni stroji: Najdemo jih v bagrih, kjer so klju\u010dni za izkopavanje, nakladanje in premikanje zemlje ali ru\u0161evin. Pri bagrih nakladalnikih cilindri \u017elice pomagajo pri kopanju in dvigovanju.<\/li>\n<li>Kmetijska mehanizacija: Uporablja se v \u010delnih nakladalnikih za zajemanje, dvigovanje in prevoz zemlje, sena in drugih materialov.<\/li>\n<li>Bagri: Cilinder \u017elice omogo\u010da kopanje, saj \u017elici omogo\u010da prodiranje v zemljo.<\/li>\n<li>Nakladalniki: Pri \u010delnih nakladalnikih pomagajo pri u\u010dinkovitem dvigovanju in nagibanju blaga.<\/li>\n<\/ul>\n<h2>Oblikovalski vidiki in izbirna merila<\/h2>\n<ul>\n<li>Nosilnost: Razprava o sposobnosti valja, da prenese obremenitve.<\/li>\n<li>Tesnjenje: Obravnava pomena razli\u010dnih tesnilnih komponent, kot so tesnila bata in tesnila palic, izdelanih iz materialov, odpornih proti obrabi, kot sta poliuretan in nitrilna guma, pri \u010demer so ohi\u0161je valja in navojni konci fino obdelani za pove\u010danje odpornosti proti obrabi.<\/li>\n<\/ul>\n<p>\t<img decoding=\"async\" src=\"https:\/\/www.hydraulic-cylinders.net\/wp-content\/uploads\/2025\/01\/songte-oil-pipes-and-spare-parts.webp\" alt=\"Primer slike zasnove\"><\/p>\n<h2>Tesnjenje in mazanje<\/h2>\n<p>Uporabljajo se razli\u010dne tesnilne komponente, kot so tesnila bata in tesnila ojnic. Ta tesnila so izdelana iz materialov, kot sta poliuretan in nitrilni kav\u010duk, kar zagotavlja vzdr\u017eljivost. Telo valja in navojni konci so fino obdelani za ve\u010djo odpornost proti obrabi. Za ohranjanje optimalnega delovanja je potrebno redno mazanje z ustrezno koli\u010dino hidravli\u010dnega olja.<\/p>\n<h2>Vzdr\u017eevanje in preventivni ukrepi<\/h2>\n<ul>\n<li>Redni pregledi: Preverjanje morebitnih znakov obrabe ali po\u0161kodb.<\/li>\n<li>Pravilno mazanje: Zagotovite, da je valj ustrezno mazan.<\/li>\n<li>Zamenjava tesnil: Zamenjava tesnil po potrebi za ohranitev pravilne tesnilne funkcije.<\/li>\n<li>Preverjanje kalibracije: Preverjanje kalibracije cilindra za natan\u010dno delovanje.<\/li>\n<\/ul>\n<p>\t<img decoding=\"async\" src=\"https:\/\/www.hydraulic-cylinders.net\/wp-content\/uploads\/2025\/01\/songte-chushion-collar.webp\" alt=\"Primer slike vzdr\u017eevanja\"><\/p>\n<h2>Varnostni vidiki in okoljski dejavniki<\/h2>\n<p>Poudarjanje pomena varnostnih ukrepov pri uporabi hidravli\u010dnih cilindrov in njihovega vpliva na okolje.<\/p>\n<h2>Odpravljanje te\u017eav in pogoste te\u017eave<\/h2>\n<ul>\n<li>Diagnosticiranje napak in odpravljanje pogostih te\u017eav.<\/li>\n<\/ul>\n<p>\t<img decoding=\"async\" src=\"https:\/\/www.hydraulic-cylinders.net\/wp-content\/uploads\/2025\/01\/songte-bushings-with-all-kinds-of-excavator-models.webp\" alt=\"Primer slike za odpravljanje te\u017eav\"><\/p>\n<h2>Nasveti in re\u0161itve za vzdr\u017eevanje<\/h2>\n<p>Zagotavljanje nasvetov in re\u0161itev za u\u010dinkovito diagnosticiranje in re\u0161evanje te\u017eav, skupaj s preventivnimi ukrepi za zmanj\u0161anje morebitnih te\u017eav.<\/p>\n<h2>Navodila za namestitev<\/h2>\n<p>Zagotavljanje navodil po korakih za pravilno namestitev valja z \u017elico.<\/p>\n<h2>Redna vzdr\u017eevalna opravila<\/h2>\n<ul>\n<li>Redni pregledi<\/li>\n<li>Pravilno mazanje<\/li>\n<li>Zamenjava tesnil<\/li>\n<\/ul>\n<p>\t<img decoding=\"async\" src=\"https:\/\/www.hydraulic-cylinders.net\/wp-content\/uploads\/2025\/01\/songte-company-1.webp\" alt=\"Primer slike vzdr\u017eevalnih opravil\"><\/p>\n<h2>Predstavitev podjetja<\/h2>\n<p>Smo proizvajalec nadomestnih hidravli\u010dnih cilindrov in ponujamo \u0161iroko paleto izdelkov. Postali smo eden vodilnih proizvajalcev in veleprodajnih distributerjev hidravli\u010dnih cilindrov na doma\u010dem in mednarodnem trgu. Zavezani k odli\u010dnosti, na\u0161a strategija industrializiranega upravljanja proizvodnje temelji na usposobljenih tehnikih, napredni proizvodni opremi in profesionalnih sistemih testiranja. Nenehno izbolj\u0161ujemo na\u0161o proizvodno platformo in proizvodni proces kakovosti izdelkov, s \u010dimer na\u0161im strankam zagotavljamo u\u010dinkovite, natan\u010dne in visokokakovostne re\u0161itve za zadovoljevanje njihovih raznolikih potreb.<\/p>\n<p>\t<img decoding=\"async\" src=\"https:\/\/www.hydraulic-cylinders.net\/wp-content\/uploads\/2025\/01\/songte-company-3.webp\" alt=\"Primer slike podjetja\"><\/p>\n<h2>O na\u0161em podjetju<\/h2>\n<ul>\n<li>Profesionalnost<\/li>\n<li>Mednarodni certifikati<\/li>\n<li>Storitve prilagajanja<\/li>\n<li>Proizvodna oprema<\/li>\n<li>Poprodajne storitve<\/li>\n<\/ul>\n<p>Avtor: lyl<\/p>\n<p><\/body><br \/>\n<\/html><\/p>","protected":false},"excerpt":{"rendered":"<p>Bucket Cylinder For Doosan Small Excavator DX120 Bucket Cylinder For Doosan Small Excavator DX120 Introduction The bucket cylinder is a specially designed hydraulic cylinder used to control the movement of the bucket in heavy machinery such as excavators, backhoe loaders, and front-end loaders. Its main function is to enable the bucket to lift, lower, and [&hellip;]<\/p>","protected":false},"featured_media":14778,"comment_status":"open","ping_status":"closed","template":"","meta":{"_et_pb_use_builder":"","_et_pb_old_content":"","_et_gb_content_width":""},"product_brand":[],"product_cat":[1494],"product_tag":[1495,1496],"class_list":{"0":"post-15274","1":"product","2":"type-product","3":"status-publish","4":"has-post-thumbnail","6":"product_cat-bucket-cylinders","7":"product_tag-bucket-cylinders","8":"product_tag-hydraulic-cylinders","10":"first","11":"instock","12":"shipping-taxable","13":"product-type-simple"},"amp_enabled":true,"_links":{"self":[{"href":"https:\/\/www.hydraulic-cylinders.net\/sl\/wp-json\/wp\/v2\/product\/15274","targetHints":{"allow":["GET"]}}],"collection":[{"href":"https:\/\/www.hydraulic-cylinders.net\/sl\/wp-json\/wp\/v2\/product"}],"about":[{"href":"https:\/\/www.hydraulic-cylinders.net\/sl\/wp-json\/wp\/v2\/types\/product"}],"replies":[{"embeddable":true,"href":"https:\/\/www.hydraulic-cylinders.net\/sl\/wp-json\/wp\/v2\/comments?post=15274"}],"wp:featuredmedia":[{"embeddable":true,"href":"https:\/\/www.hydraulic-cylinders.net\/sl\/wp-json\/wp\/v2\/media\/14778"}],"wp:attachment":[{"href":"https:\/\/www.hydraulic-cylinders.net\/sl\/wp-json\/wp\/v2\/media?parent=15274"}],"wp:term":[{"taxonomy":"product_brand","embeddable":true,"href":"https:\/\/www.hydraulic-cylinders.net\/sl\/wp-json\/wp\/v2\/product_brand?post=15274"},{"taxonomy":"product_cat","embeddable":true,"href":"https:\/\/www.hydraulic-cylinders.net\/sl\/wp-json\/wp\/v2\/product_cat?post=15274"},{"taxonomy":"product_tag","embeddable":true,"href":"https:\/\/www.hydraulic-cylinders.net\/sl\/wp-json\/wp\/v2\/product_tag?post=15274"}],"curies":[{"name":"delovni list","href":"https:\/\/api.w.org\/{rel}","templated":true}]}}