{"id":15279,"date":"2025-01-19T14:19:47","date_gmt":"2025-01-19T14:19:47","guid":{"rendered":"https:\/\/www.hydraulic-cylinders.net\/product\/bucket-cylinder-for-doosan-middle-excavator-dh280-3\/"},"modified":"2025-01-19T14:19:49","modified_gmt":"2025-01-19T14:19:49","slug":"bucket-cylinder-for-doosan-middle-excavator-dh280-3","status":"publish","type":"product","link":"https:\/\/www.hydraulic-cylinders.net\/sl\/izdelek\/bucket-cylinder-for-doosan-middle-excavator-dh280-3\/","title":{"rendered":"Cilinder \u017elice za srednji bager Doosan DH280-3"},"content":{"rendered":"<h1>Cilinder \u017elice za srednji bager Doosan DH280-3<\/h1>\n<h2>Uvod<\/h2>\n<p>Hidravli\u010dni cilinder \u017elice za srednji bager Doosan DH280-3 je posebej zasnovan hidravli\u010dni cilinder, ki nadzoruje gibanje \u017elice v te\u017ekih strojih, kot so bagri, bagri nakladalniki in \u010delni nakladalniki. Njegova glavna funkcija je omogo\u010danje dvigovanja, spu\u0161\u010danja in nagibanja \u017elice, kar olaj\u0161a opravljanje razli\u010dnih nalog ravnanja z materiali. V hidravli\u010dnem sistemu cilinder \u017elice natan\u010dno nadzoruje \u017elico s spreminjanjem tlaka hidravli\u010dnega olja, kar upravljavcu omogo\u010da u\u010dinkovito ravnanje s te\u017ekimi bremeni in prilagajanje kompleksnim delovnim okoljem ter raznolikim zahtevam dela.<\/p>\n<p><img decoding=\"async\" src=\"https:\/\/www.hydraulic-cylinders.net\/wp-content\/uploads\/2025\/01\/songte-company-2.webp\"><\/p>\n<h2>Zna\u010dilnosti<\/h2>\n<ul>\n<li>\n<h3>Visoka trdnost in vzdr\u017eljivost<\/h3>\n<p>Valj vedra je obi\u010dajno izdelan iz visoko trdnega jekla ali aluminija in lahko prenese visok tlak in velike obremenitve, s \u010dimer se prilagaja zahtevnim delovnim okoljem. Zasnova upo\u0161teva tudi odpornost proti obrabi in koroziji, kar podalj\u0161a \u017eivljenjsko dobo.<\/p>\n<\/li>\n<li>\n<h3>U\u010dinkovito hidravli\u010dno delovanje<\/h3>\n<p>Valj \u017elice uporablja tlak hidravli\u010dnega olja za doseganje gladkega iztegovanja in kr\u010denja, se lahko hitro odzove na krmilne ukaze, zagotavlja mo\u010dno potisno-vle\u010dno silo in je primeren za ravnanje s te\u017ekimi bremeni in kompleksnimi delovnimi nalogami.<\/p>\n<\/li>\n<li>\n<h3>Razli\u010dne vrste<\/h3>\n<p>Za razli\u010dne operativne zahteve je mogo\u010de izbrati enosmerno delujo\u010d (hidravli\u010dni cilinder se uporablja samo v eni smeri) ali dvosmerno delujo\u010d (hidravli\u010dni cilinder se uporablja v obeh smereh). Nekateri modeli so teleskopski, kar omogo\u010da ve\u010dji razteg brez pove\u010danja zunanjih dimenzij, primerni za uporabo v omejenem prostoru.<\/p>\n<\/li>\n<li>\n<h3>Popolna zamenjava<\/h3>\n<p>Na\u0161i izdelki lahko odli\u010dno nadomestijo te hidravli\u010dne cilindre in so na voljo v \u0161iroki paleti modelov bagrov.<\/p>\n<\/li>\n<\/ul>\n<p><img decoding=\"async\" src=\"https:\/\/www.hydraulic-cylinders.net\/wp-content\/uploads\/2025\/01\/songte-cylinder-head-with-all-kinds-excavator-models.webp\"><\/p>\n<h2>Aplikacije<\/h2>\n<p>\u017dli\u010dni valj ima razli\u010dne aplikacije v razli\u010dnih vrstah te\u017ekih strojev, kot so:<\/p>\n<ul>\n<li>\n<h3>Gradbena oprema<\/h3>\n<p>Pri bagrih so bistveni za kopanje, nakladanje in premikanje zemlje ali ru\u0161evin. Pri bagrih nakladalnikih cilinder \u017elice pomaga tako pri kopanju kot dvigovanju.<\/p>\n<\/li>\n<li>\n<h3>Kmetijska mehanizacija<\/h3>\n<p>Uporablja se za \u010delne nakladalnike, pobiranje, dvigovanje in prevoz zemlje, sena in drugih materialov. Pri bagrih valj \u017elice dose\u017ee izkop tako, da \u017elici omogo\u010di prodiranje v zemljo. Pri \u010delnih nakladalnikih pomagajo u\u010dinkovito dvigovati in nagibati blago.<\/p>\n<\/li>\n<\/ul>\n<h2>Oblikovalski vidiki in standardi izbire<\/h2>\n<ul>\n<li>\n<h3>Nosilnost<\/h3>\n<p>Valj \u017elice mora imeti zadostno nosilnost, da zagotovi stabilno delovanje pri velikih obremenitvah.<\/p>\n<\/li>\n<li>\n<h3>Tesnjenje<\/h3>\n<p>Valj \u017elice mora imeti odli\u010dno tesnilno sposobnost, da se prepre\u010di pu\u0161\u010danje hidravli\u010dnega olja, kar lahko po\u0161koduje druge dele in zmanj\u0161a delovno u\u010dinkovitost.<\/p>\n<\/li>\n<li>\n<h3>Vzdr\u017eljivost<\/h3>\n<p>Cilinder vedra mora imeti dobro vzdr\u017eljivost in biti sposoben delovati v te\u017ekih okoljskih pogojih.<\/p>\n<\/li>\n<li>\n<h3>Varnost<\/h3>\n<p>Zasnova cilindra vedra mora upo\u0161tevati varnost upravljavca in drugega osebja ter prepre\u010diti nesre\u010de med delovanjem.<\/p>\n<\/li>\n<li>\n<h3>Vzdr\u017eevanje<\/h3>\n<p>Vzdr\u017eevanje in popravilo valja z \u017elico mora biti enostavno, kadar je to potrebno.<\/p>\n<\/li>\n<\/ul>\n<p><img decoding=\"async\" src=\"https:\/\/www.hydraulic-cylinders.net\/wp-content\/uploads\/2025\/01\/songte-oil-pipes-and-spare-parts.webp\"><\/p>\n<h2>Tesnjenje in mazanje<\/h2>\n<p>Valj \u017elice uporablja razli\u010dna tesnila, kot so tesnila bata in tesnila palice, izdelana iz materialov, odpornih proti obrabi, kot sta poliuretan in nitrilna guma, da se zagotovi odli\u010dno tesnjenje. Telo valja in navojna kon\u010dna povr\u0161ina sta fino obdelana za izbolj\u0161anje odpornosti proti obrabi. Redno je treba dodajati ustrezne koli\u010dine hidravli\u010dnega olja za mazanje.<\/p>\n<p><img decoding=\"async\" src=\"https:\/\/www.hydraulic-cylinders.net\/wp-content\/uploads\/2025\/01\/songte-chushion-collar.webp\"><\/p>\n<h2>Vzdr\u017eevanje in popravila<\/h2>\n<ul>\n<li>\n<h3>Redni pregledi<\/h3>\n<p>Redni pregledi so potrebni za ohranjanje dobrega stanja valja vedra.<\/p>\n<\/li>\n<li>\n<h3>Mazanje<\/h3>\n<p>Pravilno mazanje zagotavlja nemoteno delovanje in podalj\u0161uje \u017eivljenjsko dobo cilindra \u017elice.<\/p>\n<\/li>\n<li>\n<h3>Zamenjava tesnila in pregled kalibracije<\/h3>\n<p>Redna menjava tesnil in kalibracija cilindra vedra lahko prepre\u010dita pu\u0161\u010danje olja in zagotovita stabilno delovanje.<\/p>\n<\/li>\n<\/ul>\n<h2>Varnostni vidiki in okoljski dejavniki<\/h2>\n<p>Pri upravljanju te\u017ekih strojev, kot so bagri, bagri nakladalniki in \u010delni nakladalniki, morajo upravljavci sprejeti potrebne varnostne ukrepe za prepre\u010devanje nesre\u010d. Pravilno vzdr\u017eevanje in popravilo cilindra \u017elice lahko prav tako zmanj\u0161a tveganje za nesre\u010de in okvare.<\/p>\n<p><img decoding=\"async\" src=\"https:\/\/www.hydraulic-cylinders.net\/wp-content\/uploads\/2025\/01\/songte-bushings-with-all-kinds-of-excavator-models.webp\"><\/p>\n<h2>Odpravljanje te\u017eav in pogoste te\u017eave<\/h2>\n<p>Med pogoste te\u017eave z valjem vedra spadajo pu\u0161\u010danje olja, nestabilno delovanje in po\u0161kodbe drugih delov. Pravilno vzdr\u017eevanje in popravila lahko prepre\u010dijo nastanek teh te\u017eav. Odpravljanje te\u017eav in preventivni ukrepi lahko prav tako zmanj\u0161ajo tveganje za morebitne te\u017eave in okvare.<\/p>\n<h2>O na\u0161em podjetju<\/h2>\n<p>Smo proizvajalec nadomestnih hidravli\u010dnih cilindrov s celotno paleto izdelkov in smo postali eden vodilnih proizvajalcev in veleprodajnih distributerjev hidravli\u010dnih cilindrov na doma\u010dem in mednarodnem trgu. Dr\u017eimo se na\u010dela odli\u010dne kakovosti in se zana\u0161amo na industrializirane strategije upravljanja proizvodnje v fini proizvodni delavnici, da bi nenehno izbolj\u0161evali proizvodno platformo delavnice, izbolj\u0161ali kakovost proizvodne linije izdelkov in imeli mo\u010dne proizvodne zmogljivosti z visoko u\u010dinkovitostjo, visoko natan\u010dnostjo in visoko kakovostjo, da bi zadovoljili raznolike potrebe strank. <\/p>\n<p><img decoding=\"async\" src=\"https:\/\/hzpt.com\/wp-content\/uploads\/2024\/11\/songte-company-1.webp\"><\/p>\n<h3>Prednosti na\u0161ega podjetja:<\/h3>\n<ul>\n<li>Profesionalnost<\/li>\n<li>Mednarodno certificiranje<\/li>\n<li>Storitev prilagajanja<\/li>\n<li>Proizvodna oprema<\/li>\n<li>Poprodajne storitve<\/li>\n<\/ul>\n<p>Avtor: lyl<\/p>","protected":false},"excerpt":{"rendered":"<p>Bucket Cylinder For Doosan Middle Excavator DH280-3 Introduction The bucket cylinder for Doosan middle excavator DH280-3 is a specially designed hydraulic cylinder that controls the movement of the bucket in heavy machinery such as excavators, backhoe loaders, and front-end loaders. Its main function is to enable the bucket to lift, lower, and tilt, making it [&hellip;]<\/p>","protected":false},"featured_media":14765,"comment_status":"open","ping_status":"closed","template":"","meta":{"_et_pb_use_builder":"","_et_pb_old_content":"","_et_gb_content_width":""},"product_brand":[],"product_cat":[1494],"product_tag":[1495,1496],"class_list":{"0":"post-15279","1":"product","2":"type-product","3":"status-publish","4":"has-post-thumbnail","6":"product_cat-bucket-cylinders","7":"product_tag-bucket-cylinders","8":"product_tag-hydraulic-cylinders","10":"first","11":"instock","12":"shipping-taxable","13":"product-type-simple"},"amp_enabled":true,"_links":{"self":[{"href":"https:\/\/www.hydraulic-cylinders.net\/sl\/wp-json\/wp\/v2\/product\/15279","targetHints":{"allow":["GET"]}}],"collection":[{"href":"https:\/\/www.hydraulic-cylinders.net\/sl\/wp-json\/wp\/v2\/product"}],"about":[{"href":"https:\/\/www.hydraulic-cylinders.net\/sl\/wp-json\/wp\/v2\/types\/product"}],"replies":[{"embeddable":true,"href":"https:\/\/www.hydraulic-cylinders.net\/sl\/wp-json\/wp\/v2\/comments?post=15279"}],"wp:featuredmedia":[{"embeddable":true,"href":"https:\/\/www.hydraulic-cylinders.net\/sl\/wp-json\/wp\/v2\/media\/14765"}],"wp:attachment":[{"href":"https:\/\/www.hydraulic-cylinders.net\/sl\/wp-json\/wp\/v2\/media?parent=15279"}],"wp:term":[{"taxonomy":"product_brand","embeddable":true,"href":"https:\/\/www.hydraulic-cylinders.net\/sl\/wp-json\/wp\/v2\/product_brand?post=15279"},{"taxonomy":"product_cat","embeddable":true,"href":"https:\/\/www.hydraulic-cylinders.net\/sl\/wp-json\/wp\/v2\/product_cat?post=15279"},{"taxonomy":"product_tag","embeddable":true,"href":"https:\/\/www.hydraulic-cylinders.net\/sl\/wp-json\/wp\/v2\/product_tag?post=15279"}],"curies":[{"name":"delovni list","href":"https:\/\/api.w.org\/{rel}","templated":true}]}}