{"id":15283,"date":"2025-01-19T14:20:12","date_gmt":"2025-01-19T14:20:12","guid":{"rendered":"https:\/\/www.hydraulic-cylinders.net\/product\/bucket-cylinder-for-doosan-middle-excavator-dh260lc\/"},"modified":"2025-01-19T14:20:14","modified_gmt":"2025-01-19T14:20:14","slug":"bucket-cylinder-for-doosan-middle-excavator-dh260lc","status":"publish","type":"product","link":"https:\/\/www.hydraulic-cylinders.net\/sl\/izdelek\/bucket-cylinder-for-doosan-middle-excavator-dh260lc\/","title":{"rendered":"Cilinder \u017elice za srednji bager Doosan DH260LC"},"content":{"rendered":"<h1>Cilinder \u017elice za srednji bager Doosan DH260LC<\/h1>\n<h2>Uvod<\/h2>\n<p>Hidravli\u010dni cilinder \u017elice za Doosanov srednji bager DH260LC je posebej zasnovan hidravli\u010dni cilinder, ki se uporablja predvsem za krmiljenje gibanja \u017elice v te\u017ekih strojih, kot so bagri, bagri nakladalniki in \u010delni nakladalniki. Njegova glavna funkcija je omogo\u010danje dvigovanja, spu\u0161\u010danja in nagibanja \u017elice, kar olaj\u0161a razli\u010dna opravila ravnanja z materiali. V hidravli\u010dnem sistemu cilinder \u017elice omogo\u010da natan\u010den nadzor \u017elice s spreminjanjem tlaka hidravli\u010dnega olja, kar upravljavcem omogo\u010da u\u010dinkovito ravnanje s te\u017ekimi bremeni in prilagajanje kompleksnim delovnim okoljem ter raznolikim operativnim zahtevam.<\/p>\n<p><img decoding=\"async\" src=\"https:\/\/www.hydraulic-cylinders.net\/wp-content\/uploads\/2025\/01\/songte-company-2.webp\" alt=\"Slika valjaste \u017elice\"><\/p>\n<h2>Zna\u010dilnosti izdelka<\/h2>\n<ul>\n<li>Visoka trdnost in vzdr\u017eljivost: Obi\u010dajno je izdelan iz visoko trdnega jekla ali aluminija, zato lahko prenese visok tlak in velike obremenitve ter se prilagaja zahtevnim delovnim okoljem. Zasnova upo\u0161teva odpornost proti obrabi in koroziji, kar podalj\u0161uje \u017eivljenjsko dobo.<\/li>\n<li>U\u010dinkovito hidravli\u010dno delovanje: Gladki gibi raztezanja in kr\u010denja se dose\u017eejo z uporabo hidravli\u010dnega tlaka olja, kar zagotavlja hiter odziv na krmilne ukaze in mo\u010dne potisne in vle\u010dne sile, primerne za ravnanje s te\u017ekimi bremeni in kompleksne operativne naloge.<\/li>\n<li>Razli\u010dne vrste: Vrste valjev je mogo\u010de izbrati glede na operativne zahteve, vklju\u010dno z enosmernim delovanjem (hidravlika se uporablja samo v eni smeri) ali dvosmernim delovanjem (hidravlika se uporablja v obeh smereh). Nekateri modeli so teleskopski, kar omogo\u010da ve\u010dji razteg brez pove\u010danja zunanjih dimenzij, zaradi \u010desar so primerni za uporabo v omejenem prostoru.<\/li>\n<li>Zdru\u017eljiva zamenjava: Na\u0161i izdelki lahko popolnoma nadomestijo podobne hidravli\u010dne cilindre in strankam zagotavljajo stro\u0161kovno u\u010dinkovito re\u0161itev za zamenjavo cilindrov.<\/li>\n<\/ul>\n<p><img decoding=\"async\" src=\"https:\/\/www.hydraulic-cylinders.net\/wp-content\/uploads\/2025\/01\/songte-cylinder-head-with-all-kinds-excavator-models.webp\" alt=\"Slika zamenjave cilindra vedra\"><\/p>\n<h2>Aplikacije<\/h2>\n<p>Cilinder \u017elice za Doosan srednji bager DH260LC se lahko uporablja v razli\u010dnih aplikacijah te\u017eke mehanizacije:<\/p>\n<h3>Gradbena oprema<\/h3>\n<p>Pri bagrih je bistvenega pomena za kopanje, nakladanje in premikanje zemlje ali ru\u0161evin. Pri bagrih nakladalnikih cilinder \u017elice pomaga tako pri kopanju kot pri dvigovanju. Pri \u010delnih nakladalnikih pomagajo pri u\u010dinkovitem dvigovanju in nagibanju bremen.<\/p>\n<h3>Kmetijska mehanizacija<\/h3>\n<p>Uporablja se v \u010delnih nakladalnikih za nalaganje, dvigovanje in prevoz zemlje, sena in drugih materialov. Pri bagrih cilinder \u017elice omogo\u010da kopanje, saj \u017elici omogo\u010da prodiranje v zemljo. <\/p>\n<h3>Drugi<\/h3>\n<p>V razli\u010dnih industrijskih okoljih lahko valj z \u017elico olaj\u0161a premikanje te\u017ekih predmetov, zaradi \u010desar je dragoceno orodje pri ravnanju z materiali.<\/p>\n<h2>Oblikovalski vidiki in izbirna merila<\/h2>\n<p>Valjke z \u017elico je treba zasnovati in izbrati na podlagi ve\u010d klju\u010dnih dejavnikov:<\/p>\n<h3>Nosilnost<\/h3>\n<p>Nosilnost cilindra mora biti tak\u0161na, da lahko med delovanjem prenese visok tlak in velike obremenitve.<\/p>\n<h3>Tesnjenje<\/h3>\n<p>Za prepre\u010devanje pu\u0161\u010danja olja in izbolj\u0161anje tesnilne u\u010dinkovitosti valja je treba uporabiti razli\u010dne tesnilne elemente, kot so tesnila bata in tesnila palice. Tesnilni elementi morajo biti izdelani iz materialov, odpornih proti obrabi, kot sta poliuretan in nitrilna guma. Telo valja in povr\u0161ina navojnega konca morata biti fino obdelana za izbolj\u0161anje odpornosti proti obrabi.<\/p>\n<h3>Vzdr\u017eljivost<\/h3>\n<p>Jeklenka mora biti izdelana iz visoko trdnih materialov, ki lahko prenesejo te\u017eke delovne pogoje in so odporni proti obrabi in koroziji, da se podalj\u0161a njena \u017eivljenjska doba.<\/p>\n<h3>Varnost<\/h3>\n<p>Jeklenka mora biti zasnovana z mislijo na varnost, da se prepre\u010dijo nesre\u010de med delovanjem.<\/p>\n<h3>Vzdr\u017eevanje<\/h3>\n<p>Jeklenka mora biti zasnovana tako, da jo je mogo\u010de enostavno vzdr\u017eevati in popravljati, z nadomestnimi deli, ki so vedno na voljo. Za zagotovitev optimalnega delovanja je treba redno vzdr\u017eevati in pregledovati.<\/p>\n<p><img decoding=\"async\" src=\"https:\/\/www.hydraulic-cylinders.net\/wp-content\/uploads\/2025\/01\/songte-oil-pipes-and-spare-parts.webp\" alt=\"Slika delov cilindra \u017elice\"><\/p>\n<h2>Tesnjenje in mazanje<\/h2>\n<p>Za prepre\u010devanje pu\u0161\u010danja olja in izbolj\u0161anje tesnilne u\u010dinkovitosti cilindrov z \u017elico so potrebni razli\u010dni tesnilni elementi. Ti elementi vklju\u010dujejo tesnila bata, tesnila palic in druga tesnila iz materialov, odpornih proti obrabi, kot sta poliuretan in nitrilna guma. Telo cilindra in povr\u0161ino navojnega konca je treba fino obdelati, da se izbolj\u0161a odpornost proti obrabi. Za ohranjanje delovanja cilindra je potrebno redno mazanje z ustreznim hidravli\u010dnim oljem.<\/p>\n<h2>Vzdr\u017eevanje in preventivni ukrepi<\/h2>\n<p>Redno vzdr\u017eevanje in pregledi so bistveni za zagotovitev optimalnega delovanja cilindrov vedra. Nekateri preventivni ukrepi, ki jih je mogo\u010de sprejeti, vklju\u010dujejo:<\/p>\n<ul>\n<li>Redni pregledi za odkrivanje in prepre\u010devanje obrabe in po\u0161kodb.<\/li>\n<li>Redno mazanje z ustreznim hidravli\u010dnim oljem za prepre\u010devanje po\u0161kodb zaradi onesna\u017eenja z oljem.<\/li>\n<li>Redna menjava obrabljenih ali po\u0161kodovanih tesnil za prepre\u010devanje pu\u0161\u010danja olja.<\/li>\n<\/ul>\n<p>Pravilna namestitev, mazanje in nastavitev so klju\u010dnega pomena za optimalno delovanje in dolgo \u017eivljenjsko dobo cilindrov z \u017elico. Med namestitvijo je treba zagotoviti ustrezno poravnavo, za pritrditev cilindra pa uporabiti ustrezne nosilce. Za podalj\u0161anje \u017eivljenjske dobe cilindra je treba upo\u0161tevati priporo\u010dene postopke pregleda, popravila in zamenjave.<\/p>\n<p><img decoding=\"async\" src=\"https:\/\/www.hydraulic-cylinders.net\/wp-content\/uploads\/2025\/01\/songte-chushion-collar.webp\" alt=\"Slika namestitve cilindra vedra\"><\/p>\n<h2>Varnostni in okoljski vidiki<\/h2>\n<p>Pri uporabi cilindrov z \u017elico je treba upo\u0161tevati varnostne ukrepe za prepre\u010devanje nesre\u010d med delovanjem. Upo\u0161tevati je treba tudi okoljske vidike, da se \u010dim bolj zmanj\u0161a vpliv hidravli\u010dnih teko\u010din na okolje.<\/p>\n<h2>Diagnoza in odpravljanje te\u017eav<\/h2>\n<p>Nekatere pogoste te\u017eave, ki se lahko pojavijo z cilindri \u017elice, vklju\u010dujejo pu\u0161\u010danje olja, nezadostno silo in po\u010dasen odzivni \u010das. Te te\u017eave je mogo\u010de odpraviti z zamenjavo obrabljenih ali po\u0161kodovanih tesnil, prilagoditvijo tlaka hidravli\u010dnega sistema ali zamenjavo delov.<\/p>\n<h2>O na\u0161em podjetju<\/h2>\n<p>Smo ugledni proizvajalci hidravli\u010dnih cilindrov in ponujamo \u0161iroko paleto izdelkov, zaradi katerih smo postali vodilni proizvajalec in veletrgovec s hidravli\u010dnimi cilindri na doma\u010dem in mednarodnem trgu. Prizadevamo si za odli\u010dnost v kakovosti, pri \u010demer se zana\u0161amo na industrializirane strategije upravljanja proizvodnje s sofisticiranimi proizvodnimi delavnicami, napredno digitalno proizvodno opremo in profesionalnimi sistemi testiranja. Nenehno izbolj\u0161ujemo na\u0161o proizvodno platformo, izpopolnjujemo na\u0161o proizvodno linijo za kakovost izdelkov in imamo mo\u010dne inovacijske zmogljivosti. Dr\u017eimo se na\u010del visoke u\u010dinkovitosti, visoke natan\u010dnosti in visoke kakovosti, da bi zadovoljili raznolike potrebe na\u0161ih strank.<\/p>\n<p><img decoding=\"async\" src=\"https:\/\/hzpt.com\/wp-content\/uploads\/2024\/11\/songte-company-1.webp\" alt=\"Slika podjetja\"><\/p>\n<h3>Profesionalnost<\/h3>\n<p>Na\u0161e podjetje ima ekipo strokovnjakov z bogatimi izku\u0161njami na podro\u010dju razvoja, proizvodnje in testiranja hidravli\u010dnih cilindrov. Na\u0161a profesionalna ekipa zagotavlja, da na\u0161i izdelki izpolnjujejo najvi\u0161je standarde kakovosti.<\/p>\n<h3>Mednarodno certificiranje<\/h3>\n<p>Na\u0161i izdelki so certificirani po mednarodnih standardih, kot so ISO9001, CE in ROHS, kar zagotavlja kakovost in varnost na\u0161ih izdelkov.<\/p>\n<h3>Storitve prilagajanja<\/h3>\n<p>Ponujamo hidravli\u010dne cilindre po meri, ki ustrezajo specifi\u010dnim potrebam na\u0161ih strank.<\/p>\n<h3>Proizvodna oprema<\/h3>\n<p>Imamo napredno proizvodno opremo, kot so CNC obdelovalni centri in avtomatski varilni stroji, da zagotovimo natan\u010dnost na\u0161ih izdelkov.<\/p>\n<h3>Poprodajne storitve<\/h3>\n<p>Na\u0161im strankam nudimo odli\u010dno poprodajno storitev in tehni\u010dno podporo, vklju\u010dno s storitvami popravil in zamenjave.<\/p>\n<p>Avtor lyl.<\/p>\n<p><img decoding=\"async\" src=\"https:\/\/www.hydraulic-cylinders.net\/wp-content\/uploads\/2025\/01\/songte-bushings-with-all-kinds-of-excavator-models.webp\" alt=\"Slika pu\u0161 cilindra \u017elice\"><\/p>","protected":false},"excerpt":{"rendered":"<p>Bucket Cylinder For Doosan Middle Excavator DH260LC Introduction The Bucket Cylinder for Doosan Middle Excavator DH260LC is a specially designed hydraulic cylinder that is primarily used to control the movement of the bucket in heavy machinery such as excavators, backhoe loaders, and front-end loaders. Its main function is to allow the bucket to be lifted, [&hellip;]<\/p>","protected":false},"featured_media":14788,"comment_status":"open","ping_status":"closed","template":"","meta":{"_et_pb_use_builder":"","_et_pb_old_content":"","_et_gb_content_width":""},"product_brand":[],"product_cat":[1494],"product_tag":[1495,1496],"class_list":{"0":"post-15283","1":"product","2":"type-product","3":"status-publish","4":"has-post-thumbnail","6":"product_cat-bucket-cylinders","7":"product_tag-bucket-cylinders","8":"product_tag-hydraulic-cylinders","10":"first","11":"instock","12":"shipping-taxable","13":"product-type-simple"},"amp_enabled":true,"_links":{"self":[{"href":"https:\/\/www.hydraulic-cylinders.net\/sl\/wp-json\/wp\/v2\/product\/15283","targetHints":{"allow":["GET"]}}],"collection":[{"href":"https:\/\/www.hydraulic-cylinders.net\/sl\/wp-json\/wp\/v2\/product"}],"about":[{"href":"https:\/\/www.hydraulic-cylinders.net\/sl\/wp-json\/wp\/v2\/types\/product"}],"replies":[{"embeddable":true,"href":"https:\/\/www.hydraulic-cylinders.net\/sl\/wp-json\/wp\/v2\/comments?post=15283"}],"wp:featuredmedia":[{"embeddable":true,"href":"https:\/\/www.hydraulic-cylinders.net\/sl\/wp-json\/wp\/v2\/media\/14788"}],"wp:attachment":[{"href":"https:\/\/www.hydraulic-cylinders.net\/sl\/wp-json\/wp\/v2\/media?parent=15283"}],"wp:term":[{"taxonomy":"product_brand","embeddable":true,"href":"https:\/\/www.hydraulic-cylinders.net\/sl\/wp-json\/wp\/v2\/product_brand?post=15283"},{"taxonomy":"product_cat","embeddable":true,"href":"https:\/\/www.hydraulic-cylinders.net\/sl\/wp-json\/wp\/v2\/product_cat?post=15283"},{"taxonomy":"product_tag","embeddable":true,"href":"https:\/\/www.hydraulic-cylinders.net\/sl\/wp-json\/wp\/v2\/product_tag?post=15283"}],"curies":[{"name":"delovni list","href":"https:\/\/api.w.org\/{rel}","templated":true}]}}