{"id":15285,"date":"2025-01-19T14:20:20","date_gmt":"2025-01-19T14:20:20","guid":{"rendered":"https:\/\/www.hydraulic-cylinders.net\/product\/bucket-cylinder-for-doosan-large-excavator-dh290\/"},"modified":"2025-01-19T14:20:22","modified_gmt":"2025-01-19T14:20:22","slug":"bucket-cylinder-for-doosan-large-excavator-dh290","status":"publish","type":"product","link":"https:\/\/www.hydraulic-cylinders.net\/sl\/izdelek\/bucket-cylinder-for-doosan-large-excavator-dh290\/","title":{"rendered":"Cilinder \u017elice za Doosan velik bager DH290"},"content":{"rendered":"<h1>Cilinder \u017elice za Doosan velik bager DH290<\/h1>\n<h2>Uvod<\/h2>\n<p>Hidravli\u010dni cilinder \u017elice za veliki bager Doosan DH290 je posebej zasnovan hidravli\u010dni cilinder, ki se uporablja za nadzor gibanja \u017elice v te\u017ekih strojih, kot so bagri, bagri z nakladalniki in \u010delni nakladalniki. Njegova glavna funkcija je omogo\u010danje dvigovanja, spu\u0161\u010danja in nagibanja \u017elice, kar olaj\u0161a opravljanje razli\u010dnih nalog ravnanja z materiali. V hidravli\u010dnem sistemu cilinder \u017elice nadzoruje natan\u010dno gibanje \u017elice s spremembami tlaka hidravli\u010dnega olja, kar upravljavcem omogo\u010da u\u010dinkovito ravnanje s te\u017ekimi bremeni in prilagajanje kompleksnim delovnim okoljem ter raznolikim zahtevam dela.<\/p>\n<p><img decoding=\"async\" src=\"https:\/\/www.hydraulic-cylinders.net\/wp-content\/uploads\/2025\/01\/songte-company-2.webp\" alt=\"Slika valjaste \u017elice\" \/><\/p>\n<h2>Zna\u010dilnosti<\/h2>\n<ul>\n<li>\n<h3>Visoka trdnost in vzdr\u017eljivost<\/h3>\n<p>Valj vedra je obi\u010dajno izdelan iz visoko trdnega jekla ali aluminija, ki lahko prenese visok tlak in velike obremenitve, se prilagodi zahtevnim delovnim okoljem in je zasnovan z mislijo na odpornost proti obrabi in koroziji, da se podalj\u0161a njegova \u017eivljenjska doba.<\/p>\n<\/li>\n<li>\n<h3>U\u010dinkovito hidravli\u010dno delovanje<\/h3>\n<p>Cilinder \u017elice uporablja hidravli\u010dni tlak olja za doseganje gladkega raztezanja in kr\u010denja, se hitro odziva na krmilne ukaze, zagotavlja mo\u010dno potisno in vle\u010dno silo ter je primeren za ravnanje s te\u017ekimi bremeni in kompleksnimi delovnimi nalogami.<\/p>\n<\/li>\n<li>\n<h3>Razli\u010dne vrste<\/h3>\n<p>Cilinder \u017elice je lahko glede na zahteve izbran kot enosmerni (hidravli\u010dni pogon se uporablja samo v eni smeri) ali dvosmerni (hidravli\u010dni pogon se uporablja v obeh smereh), nekateri modeli pa so tudi teleskopski, kar omogo\u010da ve\u010dji izvle\u010dek brez pove\u010danja zunanjih dimenzij, primerni za uporabo z omejenim prostorom.<\/p>\n<\/li>\n<li>\n<h3>Popolna zamenjava<\/h3>\n<p>Na\u0161 izdelek lahko popolnoma nadomesti te hidravli\u010dne cilindre.<\/p>\n<\/li>\n<\/ul>\n<p><img decoding=\"async\" src=\"https:\/\/www.hydraulic-cylinders.net\/wp-content\/uploads\/2025\/01\/songte-cylinder-head-with-all-kinds-excavator-models.webp\" alt=\"Slika zamenjave cilindra vedra\" \/><\/p>\n<h2>Aplikacije<\/h2>\n<p>Cilinder \u017elice se pogosto uporablja v razli\u010dnih te\u017ekih strojih, vklju\u010dno z:<\/p>\n<ul>\n<li>\n<h3>Gradbena oprema<\/h3>\n<p>Pri bagrih so klju\u010dni za kopanje, nakladanje in premikanje zemlje ali ru\u0161evin. Pri bagrih z nakladalnim strojem cilinder \u017elice pomaga pri kopanju in dvigovanju. Pri \u010delnih nakladalnikih u\u010dinkovito olaj\u0161ajo dvigovanje in nagibanje blaga.<\/p>\n<\/li>\n<li>\n<h3>Kmetijska mehanizacija<\/h3>\n<p>Uporablja se za \u010delne nakladalnike, pobiranje, dvigovanje in prevoz zemlje, sena in drugih materialov.<\/p>\n<\/li>\n<li>\n<h3>Bagri<\/h3>\n<p>Cilinder \u017elice omogo\u010da, da \u017elica prodre v zemljo in dose\u017ee kopanje.<\/p>\n<\/li>\n<\/ul>\n<h2>Oblikovalski vidiki in izbirna merila<\/h2>\n<p>Zasnova cilindra vedra upo\u0161teva njegovo nosilnost, tesnjenje, vzdr\u017eljivost, varnost in vzdr\u017eevanje. Klju\u010dni dejavniki zasnove so naslednji:<\/p>\n<ul>\n<li>\n<h3>Nosilnost<\/h3>\n<p>Cilinder \u017elice je zasnovan in izdelan tako, da prenese najve\u010djo silo in te\u017eo, potrebno za predvideno uporabo.<\/p>\n<\/li>\n<li>\n<h3>Tesnjenje<\/h3>\n<p>Valj \u017elice uporablja razli\u010dne tesnilne komponente, kot so tesnila bata, tesnila palic itd., z materiali, odpornimi proti obrabi, kot sta poliuretan in nitrilna guma, da se zagotovi dobro tesnjenje in prepre\u010di pu\u0161\u010danje teko\u010dine.<\/p>\n<\/li>\n<li>\n<h3>Vzdr\u017eljivost<\/h3>\n<p>Telo valja in navojna kon\u010dna povr\u0161ina sta fino obdelana za pove\u010danje odpornosti proti obrabi. Cilinder je zasnovan tudi iz materialov in premazov, odpornih proti koroziji, kar podalj\u0161a njegovo \u017eivljenjsko dobo.<\/p>\n<\/li>\n<li>\n<h3>Varnost<\/h3>\n<p>Jeklenka z \u017elico je opremljena z varnostnimi napravami, kot so varnostni ventili in za\u0161\u010dita pred preobremenitvijo, da se prepre\u010dijo po\u0161kodbe ali \u0161koda na jeklenki ali strojih.<\/p>\n<\/li>\n<li>\n<h3>Vzdr\u017eevanje<\/h3>\n<p>Za optimalno delovanje je potreben reden pregled in preventivno vzdr\u017eevanje valja \u017elice. Hidravli\u010dno olje je treba redno menjati in dolivati, tesnilo pa je treba pregledati in po potrebi zamenjati.<\/p>\n<\/li>\n<\/ul>\n<p><img decoding=\"async\" src=\"https:\/\/www.hydraulic-cylinders.net\/wp-content\/uploads\/2025\/01\/songte-oil-pipes-and-spare-parts.webp\" alt=\"Slika rezervnih delov cilindra \u017elice\" \/><\/p>\n<h2>Tesnjenje in mazanje<\/h2>\n<p>Valj \u017elice uporablja razli\u010dne tesnilne komponente, kot so tesnila bata, tesnila palice itd., z materiali, odpornimi proti obrabi, kot sta poliuretan in nitrilna guma, da se zagotovi dobro tesnjenje in prepre\u010di pu\u0161\u010danje teko\u010dine. Telo valja in navojna kon\u010dna povr\u0161ina sta fino obdelana za pove\u010danje odpornosti proti obrabi. Za ohranjanje optimalne zmogljivosti ju je treba redno mazati z ustrezno koli\u010dino hidravli\u010dnega olja.<\/p>\n<h2>Vzdr\u017eevanje in popravila<\/h2>\n<p>Sledi nekaj pogostih vzdr\u017eevalnih opravil za valj \u017elice:<\/p>\n<ul>\n<li>\n<h3>Redni pregled<\/h3>\n<p>Cilinder vedra je treba redno pregledovati, da se zagotovi njegovo pravilno delovanje in da se zgodaj odkrijejo morebitne te\u017eave.<\/p>\n<\/li>\n<li>\n<h3>Mazanje<\/h3>\n<p>Za optimalno delovanje je treba valj \u017elice mazati z ustrezno koli\u010dino hidravli\u010dnega olja.<\/p>\n<\/li>\n<li>\n<h3>Zamenjava tesnila<\/h3>\n<p>Tesnilo je treba pregledati in po potrebi zamenjati, da se ohrani dobro tesnjenje in prepre\u010di pu\u0161\u010danje teko\u010dine.<\/p>\n<\/li>\n<li>\n<h3>Preverjanje poravnave<\/h3>\n<p>Med namestitvijo je treba valj vedra pravilno poravnati, da se zagotovi njegovo pravilno delovanje.<\/p>\n<\/li>\n<\/ul>\n<p>Pravilna namestitev, mazanje in nastavitev so bistvenega pomena za zagotovitev dolge \u017eivljenjske dobe cilindra vedra. Za pritrditev cilindra je priporo\u010dljiva uporaba ustreznih monta\u017enih nosilcev. Za podalj\u0161anje \u017eivljenjske dobe cilindra vedra nudimo priporo\u010den postopek pregleda, popravila in zamenjave.<\/p>\n<p><img decoding=\"async\" src=\"https:\/\/www.hydraulic-cylinders.net\/wp-content\/uploads\/2025\/01\/songte-chushion-collar.webp\" alt=\"Slika ovratnika cilindra vedra\" \/><\/p>\n<h2>Varnostni vidiki in okoljski dejavniki<\/h2>\n<p>Pri uporabi cilindra z vedrom je nujno upo\u0161tevati ustrezne varnostne postopke, da prepre\u010dite po\u0161kodbe ali \u0161kodo na cilindru ali strojih. Redni pregledi, vzdr\u017eevanje in popravila lahko pomagajo zmanj\u0161ati morebitne nevarnosti za okolje.<\/p>\n<h2>Odpravljanje te\u017eav in pogoste te\u017eave<\/h2>\n<p>Sledi nekaj pogostih te\u017eav, ki se lahko pojavijo z valjastim cilindrom:<\/p>\n<ul>\n<li>\n<h3>Pu\u0161\u010danje<\/h3>\n<p>Valj lahko pu\u0161\u010da zaradi po\u0161kodovanih tesnil, onesna\u017eenega hidravli\u010dnega olja ali ohlapnih povezav.<\/p>\n<\/li>\n<li>\n<h3>Po\u010dasno delovanje<\/h3>\n<p>Zaradi nezadostne koli\u010dine hidravli\u010dnega olja, obrabljenih tesnil ali po\u0161kodovanih palic lahko cilinder deluje po\u010dasi.<\/p>\n<\/li>\n<li>\n<h3>Pregrevanje<\/h3>\n<p>Valj se lahko pregreje zaradi nizke ravni olja, zama\u0161enih oljnih prehodov ali po\u0161kodovanih varnostnih ventilov.<\/p>\n<\/li>\n<\/ul>\n<p>Za re\u0161itev teh te\u017eav je treba ugotoviti vzrok in sprejeti ustrezne korektivne ukrepe, kot so zamenjava po\u0161kodovanih tesnil, \u010di\u0161\u010denje hidravli\u010dnega olja ali popravilo oziroma zamenjava po\u0161kodovanih delov.<\/p>\n<p><img decoding=\"async\" src=\"https:\/\/www.hydraulic-cylinders.net\/wp-content\/uploads\/2025\/01\/songte-bushings-with-all-kinds-of-excavator-models.webp\" alt=\"Slika pu\u0161 cilindra \u017elice\" \/><\/p>\n<h2>O nas<\/h2>\n<p>Na\u0161e podjetje je proizvajalec nadomestnih hidravli\u010dnih cilindrov s celotno paleto izdelkov in je postalo eden vodilnih proizvajalcev in veletrgovcev s hidravli\u010dnimi cilindri na doma\u010dem in mednarodnem trgu. Sledimo na\u010delom odli\u010dne kakovosti, se zana\u0161amo na industrializirane strategije upravljanja proizvodnje v finih proizvodnih delavnicah in nenehno izbolj\u0161ujemo na\u0161o proizvodno platformo, izbolj\u0161ujemo proizvodne linije za kakovost izdelkov ter imamo mo\u010dno sposobnost ustvarjanja visoko u\u010dinkovitih, visoko natan\u010dnih in visokokakovostnih izdelkov, ki ustrezajo raznolikim potrebam na\u0161ih strank.<\/p>\n<p><img decoding=\"async\" src=\"https:\/\/hzpt.com\/wp-content\/uploads\/2024\/11\/songte-company-1.webp\" alt=\"Slika podjetja\" \/><\/p>\n<h3>Profesionalnost<\/h3>\n<p>Na\u0161e podjetje ima ekipo profesionalnih tehnikov in in\u017eenirjev, ki imajo dolgoletne izku\u0161nje z na\u010drtovanjem in izdelavo hidravli\u010dnih cilindrov in sorodne opreme.<\/p>\n<h3>Mednarodno certificiranje<\/h3>\n<p>Na\u0161i izdelki so prejeli mednarodne certifikate, kot so ISO9001, CE in SGS, kar zagotavlja, da na\u0161i izdelki izpolnjujejo mednarodne standarde kakovosti.<\/p>\n<h3>Storitve prilagajanja<\/h3>\n<p>Nudimo storitve prilagajanja hidravli\u010dnih cilindrov, da zadostimo specifi\u010dnim potrebam na\u0161ih strank.<\/p>\n<h3>Proizvodna oprema<\/h3>\n<p>Na\u0161e podjetje ima napredno proizvodno opremo, kot so CNC obdelovalni stroji, obdelovalni centri in testna oprema, da zagotovi visokokakovostno in u\u010dinkovito proizvodnjo.<\/p>\n<h3>Poprodajne storitve<\/h3>\n<p>Na\u0161im strankam nudimo odli\u010dno poprodajno storitev, vklju\u010dno s tehni\u010dno podporo, vzdr\u017eevanjem in popravili.<\/p>\n<p>Avtor: lyl<\/p>","protected":false},"excerpt":{"rendered":"<p>Bucket Cylinder For Doosan Large Excavator DH290 Introduction The bucket cylinder for Doosan large excavator DH290 is a specially designed hydraulic cylinder used to control the movement of the bucket in heavy machinery such as excavators, backhoe excavators, and front-end loaders. Its main function is to enable the bucket to lift, lower, and tilt, making [&hellip;]<\/p>","protected":false},"featured_media":14785,"comment_status":"open","ping_status":"closed","template":"","meta":{"_et_pb_use_builder":"","_et_pb_old_content":"","_et_gb_content_width":""},"product_brand":[],"product_cat":[1494],"product_tag":[1495,1496],"class_list":{"0":"post-15285","1":"product","2":"type-product","3":"status-publish","4":"has-post-thumbnail","6":"product_cat-bucket-cylinders","7":"product_tag-bucket-cylinders","8":"product_tag-hydraulic-cylinders","10":"first","11":"instock","12":"shipping-taxable","13":"product-type-simple"},"amp_enabled":true,"_links":{"self":[{"href":"https:\/\/www.hydraulic-cylinders.net\/sl\/wp-json\/wp\/v2\/product\/15285","targetHints":{"allow":["GET"]}}],"collection":[{"href":"https:\/\/www.hydraulic-cylinders.net\/sl\/wp-json\/wp\/v2\/product"}],"about":[{"href":"https:\/\/www.hydraulic-cylinders.net\/sl\/wp-json\/wp\/v2\/types\/product"}],"replies":[{"embeddable":true,"href":"https:\/\/www.hydraulic-cylinders.net\/sl\/wp-json\/wp\/v2\/comments?post=15285"}],"wp:featuredmedia":[{"embeddable":true,"href":"https:\/\/www.hydraulic-cylinders.net\/sl\/wp-json\/wp\/v2\/media\/14785"}],"wp:attachment":[{"href":"https:\/\/www.hydraulic-cylinders.net\/sl\/wp-json\/wp\/v2\/media?parent=15285"}],"wp:term":[{"taxonomy":"product_brand","embeddable":true,"href":"https:\/\/www.hydraulic-cylinders.net\/sl\/wp-json\/wp\/v2\/product_brand?post=15285"},{"taxonomy":"product_cat","embeddable":true,"href":"https:\/\/www.hydraulic-cylinders.net\/sl\/wp-json\/wp\/v2\/product_cat?post=15285"},{"taxonomy":"product_tag","embeddable":true,"href":"https:\/\/www.hydraulic-cylinders.net\/sl\/wp-json\/wp\/v2\/product_tag?post=15285"}],"curies":[{"name":"delovni list","href":"https:\/\/api.w.org\/{rel}","templated":true}]}}