{"id":15286,"date":"2025-01-19T14:20:24","date_gmt":"2025-01-19T14:20:24","guid":{"rendered":"https:\/\/www.hydraulic-cylinders.net\/product\/bucket-cylinder-for-doosan-large-excavator-dh320\/"},"modified":"2025-01-19T14:20:26","modified_gmt":"2025-01-19T14:20:26","slug":"bucket-cylinder-for-doosan-large-excavator-dh320","status":"publish","type":"product","link":"https:\/\/www.hydraulic-cylinders.net\/sl\/izdelek\/bucket-cylinder-for-doosan-large-excavator-dh320\/","title":{"rendered":"Cilinder \u017elice za Doosan veliki bager DH320"},"content":{"rendered":"<h1>Cilinder \u017elice za Doosan veliki bager DH320<\/h1>\n<h2>Uvod<\/h2>\n<p>Hidravli\u010dni cilinder za Doosanov veliki bager DH320 je specializirana vrsta hidravli\u010dnega cilindra, ki se uporablja za krmiljenje gibanja \u017elice v te\u017ekih strojih, kot so bagri, bagri z nakladalniki in \u010delni nakladalniki. Njegova glavna funkcija je dvigovanje, spu\u0161\u010danje in nagibanje \u017elice za la\u017eje ravnanje z materialom. V hidravli\u010dnem sistemu cilinder \u017elice uporablja tlak hidravli\u010dnega olja za natan\u010den nadzor \u017elice, kar omogo\u010da upravljavcem u\u010dinkovito ravnanje s te\u017ekimi predmeti in prilagajanje kompleksnim delovnim okoljem ter raznolikim zahtevam dela.<\/p>\n<p><img decoding=\"async\" src=\"https:\/\/www.hydraulic-cylinders.net\/wp-content\/uploads\/2025\/01\/songte-company-2.webp\"><\/p>\n<h2>Zna\u010dilnosti<\/h2>\n<ul>\n<li>\n<h3>Visoka trdnost in vzdr\u017eljivost<\/h3>\n<p>Valji z \u017elico so obi\u010dajno izdelani iz visoko trdnega jekla ali aluminija, ki lahko prenese visok tlak in velike obremenitve. Zasnovani so tako, da so odporni proti obrabi in koroziji, kar podalj\u0161a njihovo \u017eivljenjsko dobo.<\/p>\n<\/li>\n<li>\n<h3>U\u010dinkovito hidravli\u010dno delovanje<\/h3>\n<p>Valji \u017elice uporabljajo tlak hidravli\u010dnega olja za doseganje gladkih gibov raztezanja in kr\u010denja, se hitro odzivajo na krmilne ukaze in zagotavljajo mo\u010dne potisne in vle\u010dne sile, zaradi \u010desar so primerni za ravnanje s te\u017ekimi predmeti in kompleksne delovne naloge.<\/p>\n<\/li>\n<li>\n<h3>Razli\u010dne vrste<\/h3>\n<p>Cilindri \u017elice so lahko enosmerno delujo\u010di (uporabljajo hidravli\u010dni tlak samo v eni smeri) ali dvosmerno delujo\u010di (uporabljajo hidravli\u010dni tlak v obeh smereh), odvisno od operativnih zahtev. Nekateri modeli so teleskopski, kar omogo\u010da ve\u010dji razteg brez pove\u010danja zunanje mere, zaradi \u010desar so primerni za uporabo z omejenim prostorom.<\/p>\n<\/li>\n<li>\n<h3>Popolna zamenjava za hidravli\u010dne cilindre<\/h3>\n<p>Na\u0161i izdelki lahko popolnoma nadomestijo te hidravli\u010dne cilindre in ta izdelek lahko tudi izdelamo.<\/p>\n<\/li>\n<\/ul>\n<p><img decoding=\"async\" src=\"https:\/\/www.hydraulic-cylinders.net\/wp-content\/uploads\/2025\/01\/songte-cylinder-head-with-all-kinds-excavator-models.webp\"><\/p>\n<h2>Aplikacije<\/h2>\n<p>\u017dli\u010dni cilindri imajo razli\u010dne uporabe v razli\u010dnih panogah, vklju\u010dno z gradbeno opremo, kmetijsko mehanizacijo, bagri in nakladalniki:<\/p>\n<ul>\n<li>\n<h3>Gradbena oprema<\/h3>\n<p>Pri bagrih so cilindri \u017elice bistveni za kopanje, nakladanje in premikanje zemlje ali ru\u0161evin. Pri bagrih z nakladalnim strojem cilindri \u017elice pomagajo tako pri kopanju kot pri dvigovanju. Pri nakladalnikih pomagajo pri u\u010dinkovitem dvigovanju in nagibanju blaga.<\/p>\n<\/li>\n<li>\n<h3>Kmetijska mehanizacija<\/h3>\n<p>Valji \u017elice se uporabljajo za \u010delne nakladalnike, pobiranje, dvigovanje in prevoz zemlje, sena in drugih materialov.<\/p>\n<\/li>\n<li>\n<h3>Bagri<\/h3>\n<p>Cilinder \u017elice omogo\u010da, da \u017elica prodre v zemljo in dose\u017ee kopanje.<\/p>\n<\/li>\n<li>\n<h3>Nakladalci<\/h3>\n<p>Valji \u017elice u\u010dinkovito pomagajo pri dvigovanju in razkladanju blaga v \u010delnih nakladalnikih.<\/p>\n<\/li>\n<\/ul>\n<h2>Oblikovalski vidiki in izbirna merila<\/h2>\n<p>Pri izbiri in na\u010drtovanju cilindrov je treba upo\u0161tevati naslednje dejavnike:<\/p>\n<ul>\n<li>\n<h3>Nosilnost<\/h3>\n<p>Jeklenka mora biti zasnovana tako, da prenese pri\u010dakovano obremenitev in tlak.<\/p>\n<\/li>\n<li>\n<h3>Tesnjenje in vzdr\u017eljivost<\/h3>\n<p>Jeklenka mora biti zasnovana z ustreznimi tesnilnimi in vzdr\u017eljivostnimi lastnostmi, da se zagotovi dolga \u017eivljenjska doba.<\/p>\n<\/li>\n<li>\n<h3>Varnost in vzdr\u017eevanje<\/h3>\n<p>Jeklenka mora biti zasnovana tako, da zagotavlja varnost med delovanjem in enostavno vzdr\u017eevanje.<\/p>\n<\/li>\n<\/ul>\n<p><img decoding=\"async\" src=\"https:\/\/www.hydraulic-cylinders.net\/wp-content\/uploads\/2025\/01\/songte-oil-pipes-and-spare-parts.webp\"><\/p>\n<h2>Tesnjenje in mazanje<\/h2>\n<p>Valji z \u017elico uporabljajo razli\u010dne tesnilne elemente, kot so tesnila bata in tesnila palic, izdelana iz materialov, odpornih proti obrabi, kot sta poliuretan in nitrilna guma. Glava valja in navojne kon\u010dne povr\u0161ine so natan\u010dno obdelane za izbolj\u0161anje odpornosti proti obrabi. Redno mazanje z ustreznim hidravli\u010dnim oljem je potrebno za zagotovitev nemotenega delovanja in dolge \u017eivljenjske dobe.<\/p>\n<h2>Vzdr\u017eevanje in namestitev<\/h2>\n<p>Redno vzdr\u017eevanje in namestitev sta bistvenega pomena za zagotovitev pravilnega delovanja in dolge \u017eivljenjske dobe cilindra vedra. Priporo\u010dljiva so naslednja vzdr\u017eevalna opravila:<\/p>\n<ul>\n<li>\n<h3>Redni pregled<\/h3>\n<p>Redno preverjanje tesnil, fitingov in drugih komponent jeklenke je potrebno za zagotovitev, da so v dobrem stanju in pravilno delujejo.<\/p>\n<\/li>\n<li>\n<h3>Mazanje<\/h3>\n<p>Redno mazanje cilindra z ustreznim hidravli\u010dnim oljem je potrebno za zagotovitev nemotenega delovanja in dolge \u017eivljenjske dobe.<\/p>\n<\/li>\n<li>\n<h3>Zamenjava tesnila in preverjanje kalibracije<\/h3>\n<p>Tesnila bo morda treba ob\u010dasno zamenjati, morda pa bo potrebno tudi preverjanje kalibracije, da se zagotovi pravilno delovanje valja.<\/p>\n<\/li>\n<\/ul>\n<p><img decoding=\"async\" src=\"https:\/\/www.hydraulic-cylinders.net\/wp-content\/uploads\/2025\/01\/songte-chushion-collar.webp\"><\/p>\n<h2>Varnostni in okoljski vidiki<\/h2>\n<p>Vedraste cilindre je treba namestiti in upravljati v skladu s priporo\u010denimi varnostnimi postopki, da se zagotovi varnost upravljavca in okolja. Sprejeti je treba ustrezne varnostne ukrepe za prepre\u010devanje nenamernih po\u0161kodb in pu\u0161\u010danja ali razlitja olja.<\/p>\n<h2>Diagnoza in odpravljanje te\u017eav<\/h2>\n<p>\u010ce valj ne deluje pravilno, se lahko diagnosticirajo naslednje te\u017eave:<\/p>\n<ul>\n<li>\n<h3>Pu\u0161\u010danje tesnil<\/h3>\n<p>\u010ce iz valja pu\u0161\u010da olje, je to lahko posledica obrabljenih tesnil, ki jih je treba zamenjati.<\/p>\n<\/li>\n<li>\n<h3>Hrupno delovanje<\/h3>\n<p>\u010ce je delovanje valja hrupno, to lahko ka\u017ee na zra\u010dne \u017eepe v hidravli\u010dnem sistemu ali nezadostno mazanje.<\/p>\n<\/li>\n<li>\n<h3>Po\u010dasno delovanje<\/h3>\n<p>\u010ce je delovanje valja po\u010dasno, to lahko ka\u017ee na nezadosten hidravli\u010dni tlak ali blokiran dovod olja.<\/p>\n<\/li>\n<\/ul>\n<p>Naslednji nasveti in re\u0161itve za odpravljanje te\u017eav vam lahko pomagajo:<\/p>\n<ul>\n<li>\n<h3>Zamenjava tesnila<\/h3>\n<p>Obrabljena tesnila je treba zamenjati z novimi.<\/p>\n<\/li>\n<li>\n<h3>Odzra\u010devanje hidravli\u010dnega sistema<\/h3>\n<p>Zra\u010dne \u017eepe v hidravli\u010dnem sistemu je treba odzra\u010diti.<\/p>\n<\/li>\n<li>\n<h3>Mazanje<\/h3>\n<p>Cilinder je treba mazati z ustreznim hidravli\u010dnim oljem.<\/p>\n<\/li>\n<\/ul>\n<p><img decoding=\"async\" src=\"https:\/\/www.hydraulic-cylinders.net\/wp-content\/uploads\/2025\/01\/songte-bushings-with-all-kinds-of-excavator-models.webp\"><\/p>\n<h2>O na\u0161em podjetju<\/h2>\n<p>Smo vodilni proizvajalec in veletrgovec hidravli\u010dnih cilindrov na doma\u010dem in mednarodnem trgu. Imamo celovito paleto izdelkov in sledimo strategiji industrijskega upravljanja proizvodnje z odli\u010dno kakovostjo, pri \u010demer se zana\u0161amo na fine proizvodne delavnice, tehnolo\u0161ke talente, vrhunsko digitalno proizvodno opremo in profesionalne sisteme testiranja. Na\u0161a proizvodna platforma v delavnicah se nenehno izbolj\u0161uje, proizvodna linija za kakovost izdelkov je popolna in imamo mo\u010dno inovacijsko sposobnost, da zadovoljimo raznolike potrebe strank z visoko u\u010dinkovitostjo, natan\u010dnostjo in kakovostjo.<\/p>\n<h3>Profesionalnost<\/h3>\n<p>Na\u0161e podjetje ima strokovno tehni\u010dno znanje in stroge ukrepe nadzora kakovosti, da zagotovi, da na\u0161i izdelki ustrezajo industrijskim standardom in zahtevam strank.<\/p>\n<h3>Mednarodno certificiranje<\/h3>\n<p>Na\u0161i izdelki so certificirani in ustrezajo mednarodnim standardom, kot so ISO, CE in SGS.<\/p>\n<h3>Prilagojene storitve<\/h3>\n<p>Nudimo prilagojene storitve, ki ustrezajo specifi\u010dnim zahtevam strank.<\/p>\n<h3>Proizvodna oprema<\/h3>\n<p>Na\u0161e podjetje uporablja napredno digitalno vrhunsko proizvodno opremo, kot so CNC obdelovalni centri, precizni brusilni stroji in avtomatski varilni stroji, da bi zagotovilo najvi\u0161jo kakovost na\u0161ih izdelkov.<\/p>\n<h3>Poprodajne storitve<\/h3>\n<p>Na\u0161e podjetje nudi celovito poprodajno storitev, vklju\u010dno z vzdr\u017eevanjem izdelkov, popravilom in zamenjavo.<\/p>\n<p><img decoding=\"async\" src=\"https:\/\/hzpt.com\/wp-content\/uploads\/2024\/11\/songte-company-1.webp\"><\/p>\n<p>Avtor: lyl<\/p>","protected":false},"excerpt":{"rendered":"<p>Bucket Cylinder For Doosan Large Excavator DH320 Introduction A bucket cylinder for Doosan large excavator DH320 is a specialized type of hydraulic cylinder used to control the movement of the bucket in heavy machinery such as excavators, backhoe excavators, and front-end loaders. Its main function is to lift, lower, and tilt the bucket for easy [&hellip;]<\/p>","protected":false},"featured_media":14784,"comment_status":"open","ping_status":"closed","template":"","meta":{"_et_pb_use_builder":"","_et_pb_old_content":"","_et_gb_content_width":""},"product_brand":[],"product_cat":[1494],"product_tag":[1495,1496],"class_list":{"0":"post-15286","1":"product","2":"type-product","3":"status-publish","4":"has-post-thumbnail","6":"product_cat-bucket-cylinders","7":"product_tag-bucket-cylinders","8":"product_tag-hydraulic-cylinders","10":"first","11":"instock","12":"shipping-taxable","13":"product-type-simple"},"amp_enabled":true,"_links":{"self":[{"href":"https:\/\/www.hydraulic-cylinders.net\/sl\/wp-json\/wp\/v2\/product\/15286","targetHints":{"allow":["GET"]}}],"collection":[{"href":"https:\/\/www.hydraulic-cylinders.net\/sl\/wp-json\/wp\/v2\/product"}],"about":[{"href":"https:\/\/www.hydraulic-cylinders.net\/sl\/wp-json\/wp\/v2\/types\/product"}],"replies":[{"embeddable":true,"href":"https:\/\/www.hydraulic-cylinders.net\/sl\/wp-json\/wp\/v2\/comments?post=15286"}],"wp:featuredmedia":[{"embeddable":true,"href":"https:\/\/www.hydraulic-cylinders.net\/sl\/wp-json\/wp\/v2\/media\/14784"}],"wp:attachment":[{"href":"https:\/\/www.hydraulic-cylinders.net\/sl\/wp-json\/wp\/v2\/media?parent=15286"}],"wp:term":[{"taxonomy":"product_brand","embeddable":true,"href":"https:\/\/www.hydraulic-cylinders.net\/sl\/wp-json\/wp\/v2\/product_brand?post=15286"},{"taxonomy":"product_cat","embeddable":true,"href":"https:\/\/www.hydraulic-cylinders.net\/sl\/wp-json\/wp\/v2\/product_cat?post=15286"},{"taxonomy":"product_tag","embeddable":true,"href":"https:\/\/www.hydraulic-cylinders.net\/sl\/wp-json\/wp\/v2\/product_tag?post=15286"}],"curies":[{"name":"delovni list","href":"https:\/\/api.w.org\/{rel}","templated":true}]}}