{"id":15296,"date":"2025-01-19T14:21:09","date_gmt":"2025-01-19T14:21:09","guid":{"rendered":"https:\/\/www.hydraulic-cylinders.net\/product\/bucket-cylinder-for-doosan-large-excavator-dh340lc\/"},"modified":"2025-01-19T14:21:11","modified_gmt":"2025-01-19T14:21:11","slug":"bucket-cylinder-for-doosan-large-excavator-dh340lc","status":"publish","type":"product","link":"https:\/\/www.hydraulic-cylinders.net\/sl\/izdelek\/bucket-cylinder-for-doosan-large-excavator-dh340lc\/","title":{"rendered":"Cilinder \u017elice za Doosan veliki bager DH340LC"},"content":{"rendered":"<h1>Cilinder \u017elice za Doosan veliki bager DH340LC<\/h1>\n<h2>Uvod<\/h2>\n<p>Hidravli\u010dni valj \u017elice je posebej zasnovan hidravli\u010dni valj, ki se uporablja za krmiljenje gibanja \u017elice v te\u017ekih strojih, kot so bagri, bagri nakladalniki in kolesni nakladalniki. Njegova glavna funkcija je omogo\u010danje dvigovanja, spu\u0161\u010danja in nagibanja \u017elice, zaradi \u010desar je priro\u010dna za razli\u010dna opravila ravnanja z materiali. V hidravli\u010dnem sistemu valj \u017elice dose\u017ee natan\u010den nadzor nad \u017elico s spremembami tlaka hidravli\u010dnega olja, kar upravljavcem omogo\u010da u\u010dinkovito ravnanje s te\u017ekimi bremeni in prilagajanje kompleksnim delovnim okoljem ter raznolikim operativnim zahtevam.<\/p>\n<p><img decoding=\"async\" src=\"https:\/\/www.hydraulic-cylinders.net\/wp-content\/uploads\/2025\/01\/songte-company-2.webp\" alt=\"Slika valjaste \u017elice\"><\/p>\n<h2>Zna\u010dilnosti cilindra vedra<\/h2>\n<ul>\n<li><strong>Visoka trdnost in vzdr\u017eljivost:<\/strong> Obi\u010dajno je izdelan iz visoko trdnega jekla ali aluminija, zato lahko prenese visok tlak in velike obremenitve ter se prilagaja zahtevnim delovnim okoljem. Zasnova upo\u0161teva odpornost proti obrabi in koroziji, kar podalj\u0161uje njegovo \u017eivljenjsko dobo.<\/li>\n<li><strong>U\u010dinkovito hidravli\u010dno delovanje:<\/strong> Z uporabo tlaka hidravli\u010dnega olja dose\u017ee gladko iztegovanje in umikanje, kar omogo\u010da hiter odziv na krmilne ukaze in zagotavlja mo\u010dne potisne in vle\u010dne sile, primerne za rokovanje s te\u017ekimi bremeni in kompleksnimi delovnimi nalogami.<\/li>\n<li><strong>Razli\u010dne vrste:<\/strong> Na voljo so z enosmernim (hidravli\u010dna sila se uporablja v eno smer) ali dvosmernim (hidravli\u010dna sila se uporablja v obe smeri) cilindri za izpolnjevanje razli\u010dnih operativnih zahtev. Nekateri modeli so teleskopski, kar omogo\u010da ve\u010dji razteg brez pove\u010danja zunanjih dimenzij, zaradi \u010desar so primerni za uporabo v omejenem prostoru.<\/li>\n<li><strong>Popolna zamenjava za hidravli\u010dne cilindre:<\/strong> Na\u0161i izdelki lahko popolnoma nadomestijo te hidravli\u010dne cilindre.<\/li>\n<\/ul>\n<p><img decoding=\"async\" src=\"https:\/\/www.hydraulic-cylinders.net\/wp-content\/uploads\/2025\/01\/songte-cylinder-head-with-all-kinds-excavator-models.webp\" alt=\"Slika zamenjave cilindra vedra\"><\/p>\n<h2>Uporaba valja z \u017elico<\/h2>\n<p><strong>Gradbena oprema:<\/strong> Nahajajo se v bagrih in so klju\u010dni za kopanje, nakladanje in premikanje zemlje ali ru\u0161evin. Pri bagrih nakladalnikih cilinder \u017elice pomaga tako pri izkopavanju kot pri dvigovanju.<\/p>\n<p><strong>Kmetijska mehanizacija:<\/strong> Uporablja se v \u010delnih nakladalnikih za zajemanje, dvigovanje in prevoz zemlje, sena in drugih materialov.<\/p>\n<p><strong>Bagri:<\/strong> Cilinder \u017elice omogo\u010da kopanje, saj \u017elici omogo\u010da prodiranje v zemljo.<\/p>\n<p><strong>Kolesni nakladalci:<\/strong> Pri kolesnih nakladalnikih pomagajo pri u\u010dinkovitem dvigovanju in razkladanju blaga.<\/p>\n<h2>Oblikovalski vidiki in izbirna merila<\/h2>\n<p>Pri na\u010drtovanju cilindrov z \u017elico se upo\u0161tevajo klju\u010dni dejavniki, kot so nosilnost, tesnjenje, vzdr\u017eljivost, varnost in vzdr\u017eevanje.<\/p>\n<p><img decoding=\"async\" src=\"https:\/\/www.hydraulic-cylinders.net\/wp-content\/uploads\/2025\/01\/songte-oil-pipes-and-spare-parts.webp\" alt=\"Slika premislekov o zasnovi cilindra vedra\"><\/p>\n<h2>Tesnjenje in mazanje<\/h2>\n<p>Uporabljajo se razli\u010dne tesnilne komponente, kot so tesnila bata, tesnila batnic itd. Tesnila so izdelana iz materialov, odpornih proti obrabi, kot sta poliuretan in nitrilna guma. Ohi\u0161je valja in navojni konci so fino obdelani za ve\u010djo odpornost proti obrabi. Potrebno je redno mazanje z ustreznim hidravli\u010dnim oljem.<\/p>\n<h2>Redni pregledi in preventivno vzdr\u017eevanje<\/h2>\n<p>Za zagotovitev optimalne zmogljivosti in dolge \u017eivljenjske dobe je treba redno pregledovati in izvajati preventivne vzdr\u017eevalne ukrepe. Ti vklju\u010dujejo:<\/p>\n<ul>\n<li>Redni pregledi glede pu\u0161\u010danja, po\u0161kodb in obrabe<\/li>\n<li>Pravilno mazanje gibljivih delov<\/li>\n<li>Zamenjava tesnila, ko je potrebno<\/li>\n<li>Preverjanja kalibracije<\/li>\n<\/ul>\n<p><img decoding=\"async\" src=\"https:\/\/www.hydraulic-cylinders.net\/wp-content\/uploads\/2025\/01\/songte-chushion-collar.webp\" alt=\"Slika vzdr\u017eevanja cilindra vedra\"><\/p>\n<h2>Varnostni vidiki in okoljski dejavniki<\/h2>\n<p>Upo\u0161tevanje varnostnih ukrepov pri uporabi jeklenk je izjemnega pomena. Za zmanj\u0161anje tveganj in zagotovitev varnega delovnega okolja je treba upo\u0161tevati pravilne ukrepe namestitve, delovanja in vzdr\u017eevanja.<\/p>\n<h2>Diagnostika napak in odpravljanje te\u017eav<\/h2>\n<p>Pogoste napake in te\u017eave, ki se lahko pojavijo pri cilindrih \u017elic, je mogo\u010de diagnosticirati in odpraviti z uporabo naslednjih nasvetov in re\u0161itev. Poleg tega je mogo\u010de sprejeti preventivne ukrepe za zmanj\u0161anje morebitnih te\u017eav.<\/p>\n<p><img decoding=\"async\" src=\"https:\/\/www.hydraulic-cylinders.net\/wp-content\/uploads\/2025\/01\/songte-bushings-with-all-kinds-of-excavator-models.webp\" alt=\"Slika diagnoze okvare cilindra \u017elice\"><\/p>\n<h2>Zaklju\u010dek<\/h2>\n<p>Na\u0161e podjetje je vodilni proizvajalec in veleprodajni distributer hidravli\u010dnih cilindrov na doma\u010dem in mednarodnem trgu. Dajemo prednost odli\u010dnosti v kakovosti in v na\u0161i dobro opremljeni proizvodni delavnici uporabljamo strategije industrijskega upravljanja proizvodnje. S poudarkom na tehnolo\u0161kih talentih, napredni digitalni proizvodni opremi in profesionalnih sistemih testiranja nenehno izbolj\u0161ujemo na\u0161o proizvodno platformo, izbolj\u0161ujemo kakovost izdelkov in imamo mo\u010dno zmogljivost za izpolnjevanje raznolikih potreb strank glede u\u010dinkovitosti, natan\u010dnosti in visokokakovostnih hidravli\u010dnih cilindrov.<\/p>\n<p><img decoding=\"async\" src=\"https:\/\/www.hydraulic-cylinders.net\/wp-content\/uploads\/2025\/01\/songte-company-3.webp\" alt=\"Slika podjetja\"><\/p>\n<p><em>Avtor: lyl<\/em><\/p>","protected":false},"excerpt":{"rendered":"<p>Bucket Cylinder For Doosan Large Excavator DH340LC Introduction Bucket Cylinder is a specially designed hydraulic cylinder used to control the movement of the bucket in heavy machinery such as excavators, backhoe loaders, and wheel loaders. Its main function is to enable the bucket to lift, lower, and tilt, making it convenient for various material handling [&hellip;]<\/p>","protected":false},"featured_media":14761,"comment_status":"open","ping_status":"closed","template":"","meta":{"_et_pb_use_builder":"","_et_pb_old_content":"","_et_gb_content_width":""},"product_brand":[],"product_cat":[1494],"product_tag":[1495,1496],"class_list":{"0":"post-15296","1":"product","2":"type-product","3":"status-publish","4":"has-post-thumbnail","6":"product_cat-bucket-cylinders","7":"product_tag-bucket-cylinders","8":"product_tag-hydraulic-cylinders","10":"first","11":"instock","12":"shipping-taxable","13":"product-type-simple"},"amp_enabled":true,"_links":{"self":[{"href":"https:\/\/www.hydraulic-cylinders.net\/sl\/wp-json\/wp\/v2\/product\/15296","targetHints":{"allow":["GET"]}}],"collection":[{"href":"https:\/\/www.hydraulic-cylinders.net\/sl\/wp-json\/wp\/v2\/product"}],"about":[{"href":"https:\/\/www.hydraulic-cylinders.net\/sl\/wp-json\/wp\/v2\/types\/product"}],"replies":[{"embeddable":true,"href":"https:\/\/www.hydraulic-cylinders.net\/sl\/wp-json\/wp\/v2\/comments?post=15296"}],"wp:featuredmedia":[{"embeddable":true,"href":"https:\/\/www.hydraulic-cylinders.net\/sl\/wp-json\/wp\/v2\/media\/14761"}],"wp:attachment":[{"href":"https:\/\/www.hydraulic-cylinders.net\/sl\/wp-json\/wp\/v2\/media?parent=15296"}],"wp:term":[{"taxonomy":"product_brand","embeddable":true,"href":"https:\/\/www.hydraulic-cylinders.net\/sl\/wp-json\/wp\/v2\/product_brand?post=15296"},{"taxonomy":"product_cat","embeddable":true,"href":"https:\/\/www.hydraulic-cylinders.net\/sl\/wp-json\/wp\/v2\/product_cat?post=15296"},{"taxonomy":"product_tag","embeddable":true,"href":"https:\/\/www.hydraulic-cylinders.net\/sl\/wp-json\/wp\/v2\/product_tag?post=15296"}],"curies":[{"name":"delovni list","href":"https:\/\/api.w.org\/{rel}","templated":true}]}}