{"id":15297,"date":"2025-01-19T14:21:13","date_gmt":"2025-01-19T14:21:13","guid":{"rendered":"https:\/\/www.hydraulic-cylinders.net\/product\/bucket-cylinder-for-doosan-large-excavator-dh420lc-7\/"},"modified":"2025-01-19T14:21:15","modified_gmt":"2025-01-19T14:21:15","slug":"bucket-cylinder-for-doosan-large-excavator-dh420lc-7","status":"publish","type":"product","link":"https:\/\/www.hydraulic-cylinders.net\/sl\/izdelek\/bucket-cylinder-for-doosan-large-excavator-dh420lc-7\/","title":{"rendered":"Cilinder \u017elice za Doosan velik bager DH420LC-7"},"content":{"rendered":"<h1>Cilinder \u017elice za Doosan velik bager DH420LC-7<\/h1>\n<h2>Uvod<\/h2>\n<p>Cilinder \u017elice za veliki bager Doosan DH420LC-7 je specializiran hidravli\u010dni cilinder, zasnovan za nadzor gibanja \u017elice v te\u017ekih strojih, kot so bagri, bagri in nakladalniki. Njegova glavna funkcija je omogo\u010diti dvigovanje, spu\u0161\u010danje in nagibanje \u017elice, kar olaj\u0161a razli\u010dna opravila ravnanja z materiali. V hidravli\u010dnih sistemih cilinder \u017elice dose\u017ee natan\u010den nadzor gibanja \u017elice s spremembo tlaka hidravli\u010dnega olja, kar omogo\u010da upravljavcem u\u010dinkovito ravnanje s te\u017ekimi bremeni in prilagajanje kompleksnim delovnim okoljem ter raznolikim zahtevam dela.<\/p>\n<p><img decoding=\"async\" src=\"https:\/\/www.hydraulic-cylinders.net\/wp-content\/uploads\/2025\/01\/songte-company-2.webp\"><\/p>\n<h2>Zna\u010dilnosti<\/h2>\n<ul>\n<li>Visoka trdnost in vzdr\u017eljivost: obi\u010dajno izdelani iz visoko trdnega jekla ali aluminija, sposobni prenesti visok tlak in velike obremenitve, prilagodljivi te\u017ekim delovnim okoljem, zasnovani z mislijo na odpornost proti obrabi in koroziji, kar podalj\u0161uje \u017eivljenjsko dobo.<\/li>\n<li>U\u010dinkovito hidravli\u010dno delovanje: izkori\u0161\u010da tlak hidravli\u010dnega olja za doseganje gladkega iztegovanja in vle\u010denja, omogo\u010da hiter odziv na krmilne ukaze, zagotavlja mo\u010dno potisno in vle\u010dno silo, primerno za ravnanje s te\u017ekimi bremeni in kompleksnimi delovnimi nalogami.<\/li>\n<li>Razli\u010dne vrste: enosmerno delujo\u010di (hidravlika deluje samo v eni smeri) ali dvosmerno delujo\u010di (hidravlika deluje v dveh smereh) cilindri se lahko izberejo glede na zahteve za razli\u010dne operativne potrebe, nekateri modeli so teleskopski, kar omogo\u010da ve\u010dji razteg brez pove\u010danja zunanje dimenzije, primerni za uporabo v omejenem prostoru.<\/li>\n<li>Zamenljivo z drugimi hidravli\u010dnimi cilindri: na\u0161 izdelek lahko popolnoma nadomesti te hidravli\u010dne cilindre.<\/li>\n<\/ul>\n<p><img decoding=\"async\" src=\"https:\/\/www.hydraulic-cylinders.net\/wp-content\/uploads\/2025\/01\/songte-cylinder-head-with-all-kinds-excavator-models.webp\"><\/p>\n<h2>Aplikacije<\/h2>\n<p>Valji z \u017elico se pogosto uporabljajo v razli\u010dnih te\u017ekih strojih, vklju\u010dno z, vendar ne omejeno na:<\/p>\n<ul>\n<li>Gradbena oprema: pri bagrih so klju\u010dni za kopanje, nakladanje in premikanje zemlje ali ru\u0161evin. Pri bagrih cilinder \u017elice pomaga tako pri kopanju kot pri dvigovanju. <\/li>\n<li>Kmetijski stroji: uporabljajo se v \u010delnih nakladalnikih za zajemanje, dvigovanje in prevoz zemlje, sena in drugih materialov.<\/li>\n<li>Bagri: valj \u017elice omogo\u010da kopanje, saj \u017elici omogo\u010da prodiranje v zemljo.<\/li>\n<li>Nakladalniki: pri \u010delnih nakladalnikih u\u010dinkovito pomagajo pri dvigovanju in razkladanju blaga.<\/li>\n<\/ul>\n<p>Vsaka vloga je podrobneje opisana spodaj:<\/p>\n<h3>Gradbena oprema<\/h3>\n<p>Pri bagrih so cilindri \u017elice bistveni za kopanje, nakladanje in premikanje zemlje ali ru\u0161evin. Pri bagrih pomagajo tako pri kopanju kot dvigovanju. Mo\u010d in vzdr\u017eljivost cilindra \u017elice mu omogo\u010data, da prenese te\u017eke delovne pogoje, njegovo u\u010dinkovito hidravli\u010dno delovanje pa omogo\u010da hitre in natan\u010dne premike, kar izbolj\u0161uje delovno u\u010dinkovitost in produktivnost.<\/p>\n<h3>Kmetijska mehanizacija<\/h3>\n<p>\u017dli\u010dni cilindri se pogosto uporabljajo v \u010delnih nakladalnikih za zajemanje, dvigovanje in prevoz zemlje, sena in drugih materialov. Ta oprema je klju\u010dnega pomena za kmetijska dela, saj omogo\u010da hitro in u\u010dinkovito ravnanje s pridelki in krmo za \u017eivino, kar prihrani \u010das in stro\u0161ke dela.<\/p>\n<h3>Bagri<\/h3>\n<p>Cilinder \u017elice je klju\u010dni sestavni del bagrov, ki omogo\u010da, da \u017elica prodre v zemljo za u\u010dinkovito kopanje. Mo\u010d in vzdr\u017eljivost cilindra v kombinaciji z u\u010dinkovitim hidravli\u010dnim delovanjem zagotavljata potrebno mo\u010d za hitro in u\u010dinkovito izkopavanje tudi najzahtevnej\u0161ega terena.<\/p>\n<h3>Nakladalci<\/h3>\n<p>Pri \u010delnih nakladalnikih cilindri \u017elice pomagajo pri u\u010dinkovitem dvigovanju in razkladanju blaga. U\u010dinkovito hidravli\u010dno delovanje cilindra omogo\u010da gladke in natan\u010dne gibe, kar zagotavlja varen prevoz blaga brez po\u0161kodb.<\/p>\n<p><img decoding=\"async\" src=\"https:\/\/www.hydraulic-cylinders.net\/wp-content\/uploads\/2025\/01\/songte-bushings-with-all-kinds-of-excavator-models.webp\"><\/p>\n<h2>Oblikovalski vidiki in izbirna merila<\/h2>\n<p>Pri na\u010drtovanju in izbiri cilindrov za vedra je treba upo\u0161tevati razli\u010dne dejavnike, vklju\u010dno z:<\/p>\n<ul>\n<li>Nosilnost: valj \u017elice mora biti dovolj mo\u010dan, da prenese te\u017eo bremena, ki ga prena\u0161a.<\/li>\n<li>Tesnilna sposobnost: valj mora imeti u\u010dinkovit tesnilni sistem, ki prepre\u010duje pu\u0161\u010danje hidravli\u010dnega sistema in kontaminacijo ter zagotavlja pravilno delovanje.<\/li>\n<li>Vzdr\u017eljivost: jeklenka mora biti dovolj vzdr\u017eljiva, da prenese zahtevna delovna okolja, kar zmanj\u0161uje potrebe po vzdr\u017eevanju in stro\u0161ke.<\/li>\n<li>Varnost: jeklenka mora biti zasnovana z varnostnimi elementi, ki zagotavljajo varno delovanje in prepre\u010dujejo nesre\u010de.<\/li>\n<li>Vzdr\u017eevanje: jeklenka mora biti enostavna za vzdr\u017eevanje, kar omogo\u010da hitra popravila in zamenjavo okvarjenih delov, kadar je to potrebno.<\/li>\n<\/ul>\n<p>Na\u0161i cilindri z vedri so zasnovani in izdelani tako, da izpolnjujejo ta merila. Uporabljamo visokokakovostne materiale in napredne proizvodne tehnike za izdelavo cilindrov, ki so mo\u010dni, vzdr\u017eljivi in \u200b\u200bzanesljivi.<\/p>\n<p><img decoding=\"async\" src=\"https:\/\/www.hydraulic-cylinders.net\/wp-content\/uploads\/2025\/01\/songte-oil-pipes-and-spare-parts.webp\"><\/p>\n<h2>Tesnjenje in mazanje<\/h2>\n<p>Na\u0161i cilindri z \u017elico uporabljajo razli\u010dna tesnila, kot so tesnila bata in tesnila palic, izdelana iz materialov, odpornih proti obrabi, kot sta poliuretan in nitrilna guma. Telo cilindra in navojna kon\u010dna povr\u0161ina sta fino obdelana za izbolj\u0161anje odpornosti proti obrabi. Za pravilno delovanje cilindra je klju\u010dnega pomena tudi pravilno mazanje, zato priporo\u010damo redno uporabo ustrezne koli\u010dine hidravli\u010dnega olja.<\/p>\n<p><img decoding=\"async\" src=\"https:\/\/www.hydraulic-cylinders.net\/wp-content\/uploads\/2025\/01\/songte-chushion-collar.webp\"><\/p>\n<h2>Vzdr\u017eevanje in popravila<\/h2>\n<p>Redno vzdr\u017eevanje in ustrezni popravila lahko podalj\u0161ajo \u017eivljenjsko dobo cilindra z \u017elico in zagotovijo njegovo u\u010dinkovito delovanje. Pogosta vzdr\u017eevalna opravila vklju\u010dujejo redne preglede, mazanje, zamenjavo tesnil in preverjanje kalibracije. Pravilna namestitev, mazanje in nastavitev so bistvenega pomena za zagotovitev varnega in u\u010dinkovitega delovanja cilindra. Priporo\u010damo uporabo ustreznih monta\u017enih nosilcev za pritrditev cilindra in upo\u0161tevanje na\u0161ih priporo\u010denih postopkov pregleda, popravila in zamenjave, da zagotovite najbolj\u0161e rezultate.<\/p>\n<h2>Varnostni in okoljski vidiki<\/h2>\n<p>Valje z \u017elico je treba uporabljati z ustreznimi varnostnimi ukrepi, da se prepre\u010dijo nesre\u010de in po\u0161kodbe. Uporabniki morajo upo\u0161tevati ustrezne operativne postopke in pred uporabo zagotoviti, da je oprema v dobrem stanju. Okoljski vidiki vklju\u010dujejo pravilno odstranjevanje rabljenega hidravli\u010dnega olja in rabljenih tesnil, da se prepre\u010di kontaminacija tal in vodnih virov.<\/p>\n<h2>Odpravljanje te\u017eav in pogoste te\u017eave<\/h2>\n<p>Pogoste te\u017eave z cilindri \u017elice vklju\u010dujejo pu\u0161\u010danje hidravlike, nezadostno mo\u010d in po\u010dasno gibanje. Te te\u017eave lahko povzro\u010dijo razli\u010dni dejavniki, kot so obrabljena tesnila, po\u0161kodovane palice ali bati ter nezadosten tlak olja. Za dolo\u010ditev vzroka te\u017eave in uporabo ustreznih ukrepov za popravilo sta potrebna ustrezen pregled in diagnoza. Ponujamo nasvete za odpravljanje te\u017eav in re\u0161itve za popravilo, ki uporabnikom pomagajo u\u010dinkovito diagnosticirati in re\u0161iti te\u017eave.<\/p>\n<h2>O nas<\/h2>\n<p>Smo vodilni proizvajalec in veletrgovec hidravli\u010dnih cilindrov, specializiran za proizvodnjo nadomestnih hidravli\u010dnih cilindrov. S celovito paleto izdelkov si prizadevamo zadovoljiti raznolike potrebe strank in zagotoviti u\u010dinkovite in zanesljive hidravli\u010dne cilindre. Na\u0161a vodilna strategija upravljanja proizvodnje, podprta z napredno tehnologijo, strokovnimi talenti in dovr\u0161eno opremo, zagotavlja odli\u010dno kakovost izdelkov in zadovoljstvo strank.<\/p>\n<p>Ponosni smo na svojo profesionalnost, mednarodne certifikate, storitve po meri, proizvodno opremo in poprodajne storitve. Na\u0161e poslanstvo je zagotavljati visokokakovostne izdelke in storitve, presegati pri\u010dakovanja strank in \u0161e naprej rasti kot vodilni svetovni proizvajalec hidravli\u010dnih cilindrov.<\/p>\n<p><img decoding=\"async\" src=\"https:\/\/hzpt.com\/wp-content\/uploads\/2024\/11\/songte-company-1.webp\"><\/p>\n<p>Avtor: lyl<\/p>","protected":false},"excerpt":{"rendered":"<p>Bucket Cylinder For Doosan Large Excavator DH420LC-7 Introduction The bucket cylinder for Doosan large excavator DH420LC-7 is a specialized hydraulic cylinder designed to control the movement of the bucket in heavy-duty machinery such as excavators, backhoes, and loaders. Its main function is to enable the bucket to lift, lower, and tilt, facilitating various material handling [&hellip;]<\/p>","protected":false},"featured_media":14789,"comment_status":"open","ping_status":"closed","template":"","meta":{"_et_pb_use_builder":"","_et_pb_old_content":"","_et_gb_content_width":""},"product_brand":[],"product_cat":[1494],"product_tag":[1495,1496],"class_list":{"0":"post-15297","1":"product","2":"type-product","3":"status-publish","4":"has-post-thumbnail","6":"product_cat-bucket-cylinders","7":"product_tag-bucket-cylinders","8":"product_tag-hydraulic-cylinders","10":"first","11":"instock","12":"shipping-taxable","13":"product-type-simple"},"amp_enabled":true,"_links":{"self":[{"href":"https:\/\/www.hydraulic-cylinders.net\/sl\/wp-json\/wp\/v2\/product\/15297","targetHints":{"allow":["GET"]}}],"collection":[{"href":"https:\/\/www.hydraulic-cylinders.net\/sl\/wp-json\/wp\/v2\/product"}],"about":[{"href":"https:\/\/www.hydraulic-cylinders.net\/sl\/wp-json\/wp\/v2\/types\/product"}],"replies":[{"embeddable":true,"href":"https:\/\/www.hydraulic-cylinders.net\/sl\/wp-json\/wp\/v2\/comments?post=15297"}],"wp:featuredmedia":[{"embeddable":true,"href":"https:\/\/www.hydraulic-cylinders.net\/sl\/wp-json\/wp\/v2\/media\/14789"}],"wp:attachment":[{"href":"https:\/\/www.hydraulic-cylinders.net\/sl\/wp-json\/wp\/v2\/media?parent=15297"}],"wp:term":[{"taxonomy":"product_brand","embeddable":true,"href":"https:\/\/www.hydraulic-cylinders.net\/sl\/wp-json\/wp\/v2\/product_brand?post=15297"},{"taxonomy":"product_cat","embeddable":true,"href":"https:\/\/www.hydraulic-cylinders.net\/sl\/wp-json\/wp\/v2\/product_cat?post=15297"},{"taxonomy":"product_tag","embeddable":true,"href":"https:\/\/www.hydraulic-cylinders.net\/sl\/wp-json\/wp\/v2\/product_tag?post=15297"}],"curies":[{"name":"delovni list","href":"https:\/\/api.w.org\/{rel}","templated":true}]}}