{"id":15298,"date":"2025-01-19T14:21:17","date_gmt":"2025-01-19T14:21:17","guid":{"rendered":"https:\/\/www.hydraulic-cylinders.net\/product\/bucket-cylinder-for-doosan-large-excavator-dx380lc\/"},"modified":"2025-01-19T14:21:19","modified_gmt":"2025-01-19T14:21:19","slug":"bucket-cylinder-for-doosan-large-excavator-dx380lc","status":"publish","type":"product","link":"https:\/\/www.hydraulic-cylinders.net\/sl\/izdelek\/bucket-cylinder-for-doosan-large-excavator-dx380lc\/","title":{"rendered":"Cilinder \u017elice za Doosan velik bager DX380LC"},"content":{"rendered":"<h2>Uvod<\/h2>\n<h3>Opredelitev cilindra \u017elice za Doosan Large Excavator DX380LC<\/h3>\n<p>Hidravli\u010dni cilinder \u017elice za Doosanov veliki bager DX380LC je specializiran hidravli\u010dni cilinder, zasnovan za nadzor gibanja \u017elice v te\u017ekih strojih, kot so bagri, bagri nakladalniki in \u010delni nakladalniki. Njegova glavna funkcija je omogo\u010diti dvigovanje, spu\u0161\u010danje in nagibanje \u017elice, kar olaj\u0161a opravljanje razli\u010dnih nalog ravnanja z materiali. V hidravli\u010dnem sistemu cilinder \u017elice dose\u017ee natan\u010den nadzor nad \u017elico s spremembami tlaka hidravli\u010dnega olja, kar omogo\u010da upravljavcem u\u010dinkovito ravnanje s te\u017ekimi bremeni in prilagajanje kompleksnim delovnim okoljem ter raznolikim zahtevam dela.<\/p>\n<p><img decoding=\"async\" src=\"https:\/\/www.hydraulic-cylinders.net\/wp-content\/uploads\/2025\/01\/songte-company-2.webp\" alt=\"Cilinder \u017elice za Doosan velik bager DX380LC\"><\/p>\n<h2>Zna\u010dilnosti izdelka<\/h2>\n<h3>Visoka trdnost in vzdr\u017eljivost<\/h3>\n<p>Cilinder \u017elice za Doosanov veliki bager DX380LC je obi\u010dajno izdelan iz visoko trdnega jekla ali aluminija in lahko prenese visoke tlake in velike obremenitve, s \u010dimer se prilagaja zahtevnim delovnim okoljem. Njegova zasnova upo\u0161teva odpornost proti obrabi in koroziji za podalj\u0161anje njegove \u017eivljenjske dobe.<\/p>\n<h3>U\u010dinkovito hidravli\u010dno delovanje<\/h3>\n<p>Cilinder \u017elice za Doosanov veliki bager DX380LC uporablja hidravli\u010dni tlak olja za doseganje gladkih gibov iztegovanja in kr\u010denja, kar omogo\u010da hiter odziv na ukaze in zagotavlja mo\u010dno potisno in vle\u010dno silo, zaradi \u010desar je primeren za ravnanje s te\u017ekimi bremeni in kompleksnimi delovnimi nalogami.<\/p>\n<h3>Razli\u010dne vrste<\/h3>\n<p>Cilinder \u017elice za Doosanov veliki bager DX380LC je na voljo v enosmerni (hidravli\u010dni pogon se uporablja samo v eni smeri) ali dvosmerni (hidravli\u010dni pogon se uporablja v dveh smereh) izvedbi, da zadosti razli\u010dnim operativnim zahtevam. Nekateri modeli so teleskopski, kar omogo\u010da ve\u010dji razteg brez pove\u010danja zunanje velikosti, zaradi \u010desar so primerni za uporabo v omejenem prostoru.<\/p>\n<h3>Razpolo\u017eljivost za proizvodnjo<\/h3>\n<p>Izdelujemo lahko cilinder \u017elice za Doosan Large Excavator DX380LC, na\u0161 izdelek pa lahko popolnoma nadomesti te hidravli\u010dne cilindre.<\/p>\n<p><img decoding=\"async\" src=\"https:\/\/www.hydraulic-cylinders.net\/wp-content\/uploads\/2025\/01\/songte-cylinder-head-with-all-kinds-excavator-models.webp\" alt=\"Cilinder \u017elice za Doosan velik bager DX380LC\"><\/p>\n<h2>Aplikacije<\/h2>\n<p>Cilinder \u017elice za Doosan Large Excavator DX380LC se uporablja v razli\u010dni opremi, kot so:<\/p>\n<ul>\n<li>Gradbena oprema: Pri bagrih so klju\u010dni za kopanje, nakladanje in premikanje zemlje ali ru\u0161evin. Pri bagrih nakladalnikih cilinder \u017elice pomaga pri izkopavanju in dvigovanju. <\/li>\n<li>Kmetijska mehanizacija: Uporablja se v \u010delnih nakladalnikih za zajemanje, dvigovanje in prevoz zemlje, sena in drugih materialov.<\/li>\n<li>Bagri: Cilinder \u017elice dose\u017ee izkopno gibanje tako, da \u017elici omogo\u010di prodiranje v zemljo.<\/li>\n<li>Nakladalniki: Pri \u010delnih nakladalnikih pomagajo pri u\u010dinkovitem dvigovanju in nagibanju blaga.<\/li>\n<\/ul>\n<p>Podrobneje si poglejmo vsako aplikacijo:<\/p>\n<h3>Gradbena oprema<\/h3>\n<p>Pri bagrih je cilinder \u017elice za Doosanov veliki bager DX380LC klju\u010dnega pomena za kopanje, nakladanje in premikanje zemlje ali ru\u0161evin. Zagotavlja potrebno silo za premikanje \u017elice navzgor, navzdol in nagibanje, kar upravljavcu stroja olaj\u0161a opravljanje teh nalog. Pri bagrih nakladalnikih cilinder \u017elice pomaga pri izkopavanju in dvigovanju. Omogo\u010da, da \u017elica prodre v zemljo in u\u010dinkovito dvigne tovor.<\/p>\n<h3>Kmetijska mehanizacija<\/h3>\n<p>Cilinder \u017elice za Doosanov veliki bager DX380LC se uporablja v \u010delnih nakladalnikih za zajemanje, dvigovanje in prevoz zemlje, sena in drugih materialov. Gladki gibi cilindra \u017elice omogo\u010dajo upravljavcem kmetijske mehanizacije enostavno dvigovanje in prevoz te\u017ekih bremen.<\/p>\n<h3>Bagri<\/h3>\n<p>Pri bagrih cilinder \u017elice dose\u017ee izkopno gibanje tako, da \u017elici omogo\u010di prodiranje v zemljo. Zagotavlja potrebno silo za premikanje \u017elice navzgor, navzdol in nagibanje, kar upravljavcu stroja olaj\u0161a opravljanje teh nalog.<\/p>\n<h3>Nakladalci<\/h3>\n<p>Pri \u010delnih nakladalnikih cilinder \u017elice za Doosan Large Excavator DX380LC u\u010dinkovito pomaga pri dvigovanju in nagibanju blaga. Upravljavcu omogo\u010da dvigovanje te\u017ekih bremen in njihovo premikanje na predvideni cilj, saj zagotavlja potrebno silo za dvigovanje in nagibanje.<\/p>\n<h2>Oblikovalski vidiki in izbirna merila<\/h2>\n<p>Pri na\u010drtovanju cilindra \u017elice za Doosan Large Excavator DX380LC je treba upo\u0161tevati ve\u010d klju\u010dnih dejavnikov:<\/p>\n<h3>Nosilnost<\/h3>\n<p>Cilinder \u017elice za Doosanov veliki bager DX380LC je zasnovan za visoke tlake in te\u017eke obremenitve. Kot tak mora biti sposoben prenesti sile, potrebne za opravljanje naloge.<\/p>\n<h3>Tesnjenje<\/h3>\n<p>Cilinder \u017elice za Doosanov veliki bager DX380LC uporablja razli\u010dna tesnila, kot so tesnila bata, tesnila palic itd., izdelana iz materialov, odpornih proti obrabi, kot sta poliuretan in nitrilna guma. Telo cilindra in povr\u0161ine navojnih kon\u010dnic so fino obdelane za pove\u010danje odpornosti proti obrabi. Cilinder potrebuje redno mazanje s hidravli\u010dnim oljem, da ohrani pravilno delovanje in podalj\u0161a svojo \u017eivljenjsko dobo.<\/p>\n<h3>Vzdr\u017eljivost<\/h3>\n<p>Cilinder \u017elice za Doosanov veliki bager DX380LC je zasnovan tako, da je vzdr\u017eljiv, odporen proti obrabi in koroziji. Lahko prenese zahtevna delovna okolja in ohrani svojo funkcionalnost skozi \u010das.<\/p>\n<h3>Varnost<\/h3>\n<p>Cilinder \u017elice za Doosanov veliki bager DX380LC mora biti zasnovan z mislijo na varnost, da se zagotovi izpolnjevanje vseh varnostnih zahtev in prepre\u010devanje morebitnih nesre\u010d med delovanjem.<\/p>\n<h3>Vzdr\u017eevanje<\/h3>\n<p>Cilinder \u017elice za Doosanov veliki bager DX380LC mora biti zasnovan za enostavno vzdr\u017eevanje, da se zagotovi redno preverjanje in popravljanje po potrebi, kar zmanj\u0161a \u010das izpada in pove\u010da produktivnost.<\/p>\n<p><img decoding=\"async\" src=\"https:\/\/www.hydraulic-cylinders.net\/wp-content\/uploads\/2025\/01\/songte-oil-pipes-and-spare-parts.webp\" alt=\"Cilinder \u017elice za Doosan velik bager DX380LC\"><\/p>\n<h2>Tesnjenje in mazanje<\/h2>\n<p>Cilinder \u017elice za Doosanov veliki bager DX380LC uporablja razli\u010dna tesnila, kot so tesnila bata, tesnila palic itd., izdelana iz materialov, odpornih proti obrabi, kot sta poliuretan in nitrilna guma. Telo cilindra in povr\u0161ine navojnih kon\u010dnic so fino obdelane za pove\u010danje odpornosti proti obrabi. Priporo\u010damo redno mazanje cilindra s hidravli\u010dnim oljem, da se ohrani njegovo pravilno delovanje in podalj\u0161a njegova \u017eivljenjska doba.<\/p>\n<h2>Redni pregledi in preventivno vzdr\u017eevanje<\/h2>\n<p>Priporo\u010damo redne preglede in preventivno vzdr\u017eevanje, da bo valj \u017elice za Doosan Large Excavator DX380LC v optimalnem delovnem stanju. Ta opravila vklju\u010dujejo:<\/p>\n<ul>\n<li>Redno mazanje<\/li>\n<li>Zamenjava tesnila<\/li>\n<li>Preverjanje kalibracije<\/li>\n<\/ul>\n<p>Pomembno je, da pravilno namestite, nama\u017eete in nastavite valj \u017elice za Doosan Large Excavator DX380LC. Priporo\u010damo, da valj med namestitvijo pravilno poravnate in uporabite ustrezne nosilce za pritrditev valja. Priporo\u010damo tudi, da upo\u0161tevate na\u0161e priporo\u010dene postopke pregleda, popravila in zamenjave, da podalj\u0161ate \u017eivljenjsko dobo valja.<\/p>\n<p><img decoding=\"async\" src=\"https:\/\/www.hydraulic-cylinders.net\/wp-content\/uploads\/2025\/01\/songte-chushion-collar.webp\" alt=\"Cilinder \u017elice za Doosan velik bager DX380LC\"><\/p>\n<h2>Varnostni vidiki in okoljski dejavniki<\/h2>\n<p>Pri uporabi cilindra \u017elice za Doosan Large Excavator DX380LC je pomembno upo\u0161tevati vse varnostne postopke za prepre\u010devanje nesre\u010d. Pomembno je upo\u0161tevati tudi okoljske dejavnike, kot sta pravilno odstranjevanje rabljenega hidravli\u010dnega olja in prepre\u010devanje onesna\u017eenja okolja zaradi razlitja olja.<\/p>\n<h2>Odpravljanje te\u017eav in pogoste te\u017eave<\/h2>\n<p>Pogoste te\u017eave z cilindrom \u017elice za Doosan Large Excavator DX380LC vklju\u010dujejo slabo raztezanje in kr\u010denje, pu\u0161\u010danje olja in nenavadne zvoke. Te te\u017eave je mogo\u010de diagnosticirati in odpraviti s preverjanjem obrabe, zagotavljanjem ustreznega mazanja in po potrebi zamenjavo obrabljenih tesnil.<\/p>\n<p>Redni pregledi in preventivno vzdr\u017eevanje lahko pomagajo zmanj\u0161ati morebitne te\u017eave.<\/p>\n<p><img decoding=\"async\" src=\"https:\/\/www.hydraulic-cylinders.net\/wp-content\/uploads\/2025\/01\/songte-bushings-with-all-kinds-of-excavator-models.webp\" alt=\"Cilinder \u017elice za Doosan velik bager DX380LC\"><\/p>\n<h2>Pregled podjetja<\/h2>\n<p>Smo proizvajalec hidravli\u010dnih cilindrov, vklju\u010dno z \u017elico cilindra za velike bagre Doosan DX380LC. Ponujamo celotno paleto izdelkov in smo postali eden vodilnih proizvajalcev in veleprodajnih distributerjev hidravli\u010dnih cilindrov na doma\u010dem in mednarodnem trgu. Na\u0161a strategija upravljanja proizvodnje temelji na odli\u010dni kakovosti, uporabi fine proizvodne delavnice in zaposlovanju tehnolo\u0161kih strokovnjakov, digitalizirani vrhunski proizvodni opremi in profesionalnem sistemu testiranja za nenehno izbolj\u0161evanje na\u0161e proizvodne platforme, izbolj\u0161anje kakovosti na\u0161ih izdelkov in mo\u010dno ustvarjalno sposobnost. Prizadevamo si zadovoljiti raznolike potrebe strank z visoko u\u010dinkovitostjo, visoko natan\u010dnostjo in na\u010deli visoke kakovosti.<\/p>\n<p>Ponujamo prilagojene storitve, visokokakovostne izdelke in raznovrstno proizvodno opremo. Zagotavljamo tudi odli\u010dno poprodajno storitev za zagotavljanje zadovoljstva strank.<\/p>\n<p><img decoding=\"async\" src=\"https:\/\/hzpt.com\/wp-content\/uploads\/2024\/11\/songte-company-1.webp\" alt=\"Cilinder \u017elice za Doosan velik bager DX380LC\"><\/p>\n<p>Na\u0161e podjetje je mednarodno certificirano in nudimo profesionalne in visokokakovostne proizvodne storitve. Imamo ekipo izku\u0161enih strokovnjakov, ki lahko zagotovijo prilagojene re\u0161itve za izpolnitev specifi\u010dnih zahtev strank. Nudimo tudi vzdr\u017eevanje, popravila in nadomestne dele za hidravli\u010dne cilindre.<\/p>\n<h2>Avtor<\/h2>\n<p>Avtor: lyl<\/p>","protected":false},"excerpt":{"rendered":"<p>Introduction Definition of Bucket Cylinder For Doosan Large Excavator DX380LC The Bucket Cylinder For Doosan Large Excavator DX380LC is a specialized hydraulic cylinder designed to control the movement of the bucket in heavy machinery such as excavators, backhoe loaders, and front-end loaders. Its main function is to enable the bucket to lift, lower, and tilt, [&hellip;]<\/p>","protected":false},"featured_media":14788,"comment_status":"open","ping_status":"closed","template":"","meta":{"_et_pb_use_builder":"","_et_pb_old_content":"","_et_gb_content_width":""},"product_brand":[],"product_cat":[1494],"product_tag":[1495,1496],"class_list":{"0":"post-15298","1":"product","2":"type-product","3":"status-publish","4":"has-post-thumbnail","6":"product_cat-bucket-cylinders","7":"product_tag-bucket-cylinders","8":"product_tag-hydraulic-cylinders","10":"first","11":"instock","12":"shipping-taxable","13":"product-type-simple"},"amp_enabled":true,"_links":{"self":[{"href":"https:\/\/www.hydraulic-cylinders.net\/sl\/wp-json\/wp\/v2\/product\/15298","targetHints":{"allow":["GET"]}}],"collection":[{"href":"https:\/\/www.hydraulic-cylinders.net\/sl\/wp-json\/wp\/v2\/product"}],"about":[{"href":"https:\/\/www.hydraulic-cylinders.net\/sl\/wp-json\/wp\/v2\/types\/product"}],"replies":[{"embeddable":true,"href":"https:\/\/www.hydraulic-cylinders.net\/sl\/wp-json\/wp\/v2\/comments?post=15298"}],"wp:featuredmedia":[{"embeddable":true,"href":"https:\/\/www.hydraulic-cylinders.net\/sl\/wp-json\/wp\/v2\/media\/14788"}],"wp:attachment":[{"href":"https:\/\/www.hydraulic-cylinders.net\/sl\/wp-json\/wp\/v2\/media?parent=15298"}],"wp:term":[{"taxonomy":"product_brand","embeddable":true,"href":"https:\/\/www.hydraulic-cylinders.net\/sl\/wp-json\/wp\/v2\/product_brand?post=15298"},{"taxonomy":"product_cat","embeddable":true,"href":"https:\/\/www.hydraulic-cylinders.net\/sl\/wp-json\/wp\/v2\/product_cat?post=15298"},{"taxonomy":"product_tag","embeddable":true,"href":"https:\/\/www.hydraulic-cylinders.net\/sl\/wp-json\/wp\/v2\/product_tag?post=15298"}],"curies":[{"name":"delovni list","href":"https:\/\/api.w.org\/{rel}","templated":true}]}}