{"id":15304,"date":"2025-01-19T14:21:42","date_gmt":"2025-01-19T14:21:42","guid":{"rendered":"https:\/\/www.hydraulic-cylinders.net\/product\/bucket-cylinder-for-doosan-wheel-excavator-dh210w-7\/"},"modified":"2025-01-19T14:21:44","modified_gmt":"2025-01-19T14:21:44","slug":"bucket-cylinder-for-doosan-wheel-excavator-dh210w-7","status":"publish","type":"product","link":"https:\/\/www.hydraulic-cylinders.net\/sl\/izdelek\/bucket-cylinder-for-doosan-wheel-excavator-dh210w-7\/","title":{"rendered":"Cilinder \u017elice za kolesni bager Doosan DH210W-7"},"content":{"rendered":"<h1>Cilinder \u017elice za kolesni bager Doosan DH210W-7<\/h1>\n<h2>Uvod<\/h2>\n<h3>Definicija<\/h3>\n<p>Hidravli\u010dni valj \u017elice je posebej zasnovan hidravli\u010dni valj, ki se uporablja za krmiljenje gibanja \u017elice v te\u017ekih strojih, kot so bagri, bagri z nakladalniki in \u010delni nakladalniki. Njegova glavna funkcija je omogo\u010danje dvigovanja, spu\u0161\u010danja in nagibanja \u017elice, kar olaj\u0161a opravljanje razli\u010dnih nalog ravnanja z materiali. V hidravli\u010dnem sistemu valj \u017elice dose\u017ee natan\u010den nadzor nad \u017elico s spremembami tlaka hidravli\u010dnega olja, kar upravljavcem omogo\u010da u\u010dinkovito ravnanje s te\u017ekimi bremeni, prilagajanje kompleksnim delovnim okoljem in raznolikim operativnim zahtevam.<\/p>\n<p><img decoding=\"async\" src=\"https:\/\/www.hydraulic-cylinders.net\/wp-content\/uploads\/2025\/01\/songte-company-2.webp\"><\/p>\n<h2>Zna\u010dilnosti<\/h2>\n<ul>\n<li>Visoka trdnost in vzdr\u017eljivost: Obi\u010dajno je izdelan iz visoko trdnega jekla ali aluminija, lahko prenese visok tlak in velike obremenitve, se prilagodi zahtevnim delovnim okoljem in je zasnovan z mislijo na odpornost proti obrabi in koroziji, kar podalj\u0161uje \u017eivljenjsko dobo.<\/li>\n<li>U\u010dinkovito hidravli\u010dno delovanje: Gladko iztegovanje in kr\u010denje se dose\u017ee s hidravli\u010dnim tlakom olja, kar omogo\u010da hiter odziv na krmilne ukaze, zagotavlja mo\u010dno potisno in vle\u010dno silo ter je primerno za ravnanje s te\u017ekimi bremeni in kompleksnimi operativnimi nalogami.<\/li>\n<li>Razli\u010dne vrste: Za razli\u010dne operativne zahteve je mogo\u010de izbrati enosmerno delujo\u010de (hidravli\u010dno delovanje samo v eno smer) ali dvosmerno delujo\u010de (hidravli\u010dno delovanje v obe smeri). Nekateri modeli so teleskopski, kar omogo\u010da ve\u010dji razteg brez pove\u010danja zunanjih dimenzij, primerni za uporabo v omejenem prostoru.<\/li>\n<li>Neposredna zamenjava: Na\u0161i izdelki lahko popolnoma nadomestijo te hidravli\u010dne cilindre. <\/li>\n<\/ul>\n<p><img decoding=\"async\" src=\"https:\/\/www.hydraulic-cylinders.net\/wp-content\/uploads\/2025\/01\/songte-cylinder-head-with-all-kinds-excavator-models.webp\"><\/p>\n<h2>Aplikacije<\/h2>\n<h3>Gradbena oprema<\/h3>\n<p>Pri bagrih so bistveni za kopanje, nakladanje in premikanje zemlje ali ru\u0161evin. Pri bagrih z nakladalnimi \u017elicami cilindri pomagajo tako pri kopanju kot pri dvigovanju. Pri \u010delnih nakladalnikih pomagajo pri u\u010dinkovitem dvigovanju in odlaganju tovora.<\/p>\n<h3>Kmetijska mehanizacija<\/h3>\n<p>Cilindri \u017elice, ki se uporabljajo v \u010delnih nakladalnikih za zajemanje, dvigovanje in prevoz zemlje, sena in drugih materialov, omogo\u010dajo kopanje tako, da \u017elici omogo\u010dijo prodiranje v zemljo.<\/p>\n<h3>Bagri<\/h3>\n<p>Pri bagrih cilindri \u017elice omogo\u010dajo kopanje tako, da \u017elici omogo\u010dijo prodiranje v zemljo.<\/p>\n<h3>Nakladalci<\/h3>\n<p>Pri \u010delnih nakladalnikih pomagajo pri u\u010dinkovitem dvigovanju in razkladanju tovora.<\/p>\n<h2>Oblikovalski vidiki in izbirna merila<\/h2>\n<h3>Nosilnost<\/h3>\n<p>Klju\u010dni dejavnik pri na\u010drtovanju cilindrov z \u017elico je njihova nosilnost, ki zagotavlja, da lahko prenesejo velike obremenitve, ki jim bodo izpostavljeni. To zahteva uporabo visoko trdnih materialov in natan\u010dnih proizvodnih procesov za zagotovitev trdnosti in vzdr\u017eljivosti cilindrov.<\/p>\n<h3>Tesnjenje in vzdr\u017eljivost<\/h3>\n<p>Tesnila cilindra \u017elice igrajo klju\u010dno vlogo pri zagotavljanju trajnosti cilindra. Tesnila morajo biti izdelana iz materialov, ki so odporni proti obrabi in lahko prenesejo hidravli\u010dni tlak v sistemu. Poleg tega morajo biti ohi\u0161je cilindra in navojne kon\u010dne povr\u0161ine fino obdelane, da se izbolj\u0161a odpornost proti obrabi. Za zagotovitev pravilnega delovanja in dolge \u017eivljenjske dobe je potrebno tudi redno mazanje.<\/p>\n<p><img decoding=\"async\" src=\"https:\/\/www.hydraulic-cylinders.net\/wp-content\/uploads\/2025\/01\/songte-oil-pipes-and-spare-parts.webp\"><\/p>\n<h2>Vzdr\u017eevanje in odpravljanje te\u017eav<\/h2>\n<h3>Vzdr\u017eevanje<\/h3>\n<p>Redno vzdr\u017eevanje je klju\u010dnega pomena za zagotavljanje dolge \u017eivljenjske dobe in pravilnega delovanja cilindrov \u017elice. Pogosta vzdr\u017eevalna opravila vklju\u010dujejo redne preglede, mazanje in zamenjavo tesnil. Pravilna namestitev, mazanje in nastavitev so klju\u010dnega pomena za zagotavljanje dolge \u017eivljenjske dobe cilindra.<\/p>\n<h3>Odpravljanje te\u017eav<\/h3>\n<p>Pogoste te\u017eave z cilindri vedra vklju\u010dujejo pu\u0161\u010danje, po\u010dasno delovanje in nezadostno mo\u010d. Odpravljanje te\u017eav vklju\u010duje ugotavljanje osnovnega vzroka teh te\u017eav in sprejemanje ustreznih korektivnih ukrepov. Prepre\u010devanje je klju\u010dnega pomena, redno vzdr\u017eevanje pa je najbolj\u0161i na\u010din za zmanj\u0161anje morebitnih te\u017eav.<\/p>\n<h2>Predstavitev podjetja<\/h2>\n<p>Smo proizvajalec nadomestnih hidravli\u010dnih cilindrov s celotno paleto izdelkov in smo postali eden vodilnih proizvajalcev in veletrgovcev s hidravli\u010dnimi cilindri na doma\u010dem in tujem trgu. Dr\u017eimo se na\u010dela odli\u010dne kakovosti in se zana\u0161amo na strategijo upravljanja industrijske proizvodnje v finih proizvodnih delavnicah. Na\u0161e podjetje nenehno izbolj\u0161uje proizvodno platformo delavnice, izpopolnjuje pot kakovosti proizvodnje izdelka in ima mo\u010dno ustvarjalnost, s \u010dimer zagotavlja visoko u\u010dinkovite, visoko natan\u010dne in visokokakovostne izdelke, ki ustrezajo raznolikim potrebam strank.<\/p>\n<ul>\n<li>Profesionalnost: Na\u0161e podjetje ima ekipo strokovnjakov, ki so dobro podkovani v hidravli\u010dnih cilindrih in lahko strankam nudijo strokovne nasvete.<\/li>\n<li>Mednarodno certificiranje: Na\u0161i izdelki so skladni z mednarodnimi standardi in so jih certificirali razli\u010dni mednarodni organi.<\/li>\n<li>Prilagojena storitev: Na\u0161e podjetje ponuja prilagojene storitve, ki ustrezajo specifi\u010dnim potrebam strank.<\/li>\n<li>Proizvodna oprema: Na\u0161e podjetje ima napredno proizvodno opremo za proizvodnjo visokokakovostnih izdelkov.<\/li>\n<li>Poprodajne storitve: Na\u0161e podjetje zagotavlja visokokakovostne poprodajne storitve za zagotavljanje zadovoljstva strank.<\/li>\n<\/ul>\n<p><img decoding=\"async\" src=\"https:\/\/hzpt.com\/wp-content\/uploads\/2024\/11\/songte-company-1.webp\"><\/p>\n<p>Avtor: lyl<\/p>","protected":false},"excerpt":{"rendered":"<p>Bucket Cylinder For Doosan Wheel Excavator DH210W-7 Introduction Definition A bucket cylinder is a specially designed hydraulic cylinder used to control the movement of the bucket in heavy machinery such as excavators, backhoe excavators, and front-end loaders. Its main function is to enable the bucket to lift, lower, and tilt, making it easier to handle [&hellip;]<\/p>","protected":false},"featured_media":14778,"comment_status":"open","ping_status":"closed","template":"","meta":{"_et_pb_use_builder":"","_et_pb_old_content":"","_et_gb_content_width":""},"product_brand":[],"product_cat":[1494],"product_tag":[1495,1496],"class_list":{"0":"post-15304","1":"product","2":"type-product","3":"status-publish","4":"has-post-thumbnail","6":"product_cat-bucket-cylinders","7":"product_tag-bucket-cylinders","8":"product_tag-hydraulic-cylinders","10":"first","11":"instock","12":"shipping-taxable","13":"product-type-simple"},"amp_enabled":true,"_links":{"self":[{"href":"https:\/\/www.hydraulic-cylinders.net\/sl\/wp-json\/wp\/v2\/product\/15304","targetHints":{"allow":["GET"]}}],"collection":[{"href":"https:\/\/www.hydraulic-cylinders.net\/sl\/wp-json\/wp\/v2\/product"}],"about":[{"href":"https:\/\/www.hydraulic-cylinders.net\/sl\/wp-json\/wp\/v2\/types\/product"}],"replies":[{"embeddable":true,"href":"https:\/\/www.hydraulic-cylinders.net\/sl\/wp-json\/wp\/v2\/comments?post=15304"}],"wp:featuredmedia":[{"embeddable":true,"href":"https:\/\/www.hydraulic-cylinders.net\/sl\/wp-json\/wp\/v2\/media\/14778"}],"wp:attachment":[{"href":"https:\/\/www.hydraulic-cylinders.net\/sl\/wp-json\/wp\/v2\/media?parent=15304"}],"wp:term":[{"taxonomy":"product_brand","embeddable":true,"href":"https:\/\/www.hydraulic-cylinders.net\/sl\/wp-json\/wp\/v2\/product_brand?post=15304"},{"taxonomy":"product_cat","embeddable":true,"href":"https:\/\/www.hydraulic-cylinders.net\/sl\/wp-json\/wp\/v2\/product_cat?post=15304"},{"taxonomy":"product_tag","embeddable":true,"href":"https:\/\/www.hydraulic-cylinders.net\/sl\/wp-json\/wp\/v2\/product_tag?post=15304"}],"curies":[{"name":"delovni list","href":"https:\/\/api.w.org\/{rel}","templated":true}]}}