{"id":15307,"date":"2025-01-19T14:21:53","date_gmt":"2025-01-19T14:21:53","guid":{"rendered":"https:\/\/www.hydraulic-cylinders.net\/product\/bucket-cylinder-for-hyundai-small-excavator-r80-7\/"},"modified":"2025-01-19T14:21:55","modified_gmt":"2025-01-19T14:21:55","slug":"bucket-cylinder-for-hyundai-small-excavator-r80-7","status":"publish","type":"product","link":"https:\/\/www.hydraulic-cylinders.net\/sl\/izdelek\/bucket-cylinder-for-hyundai-small-excavator-r80-7\/","title":{"rendered":"Cilinder \u017elice za majhen bager Hyundai R80-7"},"content":{"rendered":"<p><!DOCTYPE html><br \/>\n<html><br \/>\n<head><br \/>\n\t<title>Cilinder \u017elice za majhen bager Hyundai R80-7<\/title><br \/>\n<\/head><br \/>\n<body><\/p>\n<h1>Cilinder \u017elice za majhen bager Hyundai R80-7<\/h1>\n<h2>Uvod<\/h2>\n<p>Hidravli\u010dni cilinder \u017elice za majhen bager Hyundai R80-7 je posebej zasnovan hidravli\u010dni cilinder, ki se uporablja za krmiljenje gibanja \u017elice v te\u017ekih strojih, kot so bagri, bagri nakladalniki in \u010delni nakladalniki. Njegova glavna funkcija je omogo\u010danje dvigovanja, spu\u0161\u010danja in nagibanja \u017elice, zaradi \u010desar je primeren za razli\u010dna opravila ravnanja z materiali. V hidravli\u010dnem sistemu cilinder \u017elice dose\u017ee natan\u010den nadzor nad \u017elico z izkori\u0161\u010danjem sprememb tlaka hidravli\u010dnega olja, kar omogo\u010da upravljavcem u\u010dinkovito ravnanje s te\u017ekimi bremeni in prilagajanje kompleksnim delovnim okoljem ter raznolikim operativnim potrebam.<\/p>\n<p>\t<img decoding=\"async\" src=\"https:\/\/www.hydraulic-cylinders.net\/wp-content\/uploads\/2025\/01\/songte-company-2.webp\" alt=\"Slika izdelka\"><\/p>\n<h2>Zna\u010dilnosti<\/h2>\n<ul>\n<li>Visoka trdnost in vzdr\u017eljivost: Obi\u010dajno so izdelani iz visoko trdnega jekla ali aluminija, sposobni prenesti visok tlak in velike obremenitve, prilagodljivi te\u017ekim delovnim okoljem, zasnovani z upo\u0161tevanjem odpornosti proti obrabi in koroziji, kar podalj\u0161uje \u017eivljenjsko dobo.<\/li>\n<li>U\u010dinkovito hidravli\u010dno delovanje: Izkori\u0161\u010da tlak hidravli\u010dnega olja za doseganje gladkega iztegovanja in umikanja, se lahko hitro odzove na krmilne ukaze in zagotavlja mo\u010dne potisne in vle\u010dne sile, primerne za ravnanje s te\u017ekimi bremeni in kompleksne operativne naloge.<\/li>\n<li>Razli\u010dne vrste: Izbirate lahko med enosmerno delujo\u010dimi (hidravli\u010dni cilindri se uporabljajo samo v eni smeri) ali dvosmerno delujo\u010dimi (hidravli\u010dni cilindri se uporabljajo v obeh smereh) glede na specifi\u010dne zahteve delovanja, pri \u010demer so nekateri modeli teleskopski, kar omogo\u010da ve\u010dji razteg brez pove\u010danja zunanjih dimenzij, primerni za uporabo z omejenim prostorom.<\/li>\n<li>Popolna zamenjava: Na\u0161i izdelki lahko popolnoma nadomestijo te hidravli\u010dne cilindre. <\/li>\n<\/ul>\n<p>\t<img decoding=\"async\" src=\"https:\/\/www.hydraulic-cylinders.net\/wp-content\/uploads\/2025\/01\/songte-cylinder-head-with-all-kinds-excavator-models.webp\" alt=\"Slika izdelka\"><\/p>\n<h2>Aplikacije<\/h2>\n<ul>\n<li>Gradbena oprema: Najdemo jih v bagrih in so klju\u010dni za kopanje, nakladanje in premikanje zemlje ali ru\u0161evin. Pri bagrih nakladalnikih cilinder \u017elice pomaga tako pri kopanju kot dvigovanju.<\/li>\n<li>Kmetijska mehanizacija: Uporablja se v \u010delnih nakladalnikih za zajemanje, dvigovanje in prevoz zemlje, sena in drugih materialov.<\/li>\n<li>Bagri: Cilinder \u017elice omogo\u010da kopanje, saj \u017elici omogo\u010da prodiranje v zemljo.<\/li>\n<li>Nakladalci: Pri \u010delnih nakladalcih pomagajo pri u\u010dinkovitem dvigovanju in odlaganju blaga.<\/li>\n<\/ul>\n<h2>Oblikovalski vidiki in izbirna merila<\/h2>\n<ul>\n<li>Nosilnost: Razpravljajte o sposobnosti valja, da prenese velike obremenitve.<\/li>\n<li>Tesnjenje: Pogovorite se o pomenu ustreznega tesnjenja za prepre\u010devanje pu\u0161\u010danja olja in zagotavljanje zanesljivega delovanja.<\/li>\n<li>Vzdr\u017eljivost: Preverite vzdr\u017eljivost cilindra, pri \u010demer upo\u0161tevajte dejavnike, kot sta odpornost proti obrabi in koroziji.<\/li>\n<li>Varnost: Razpravljajte o varnostnih vidikih pri na\u010drtovanju, vklju\u010dno z ukrepi za prepre\u010devanje nesre\u010d.<\/li>\n<li>Vzdr\u017eevanje: Razpravljajte o enostavnosti in dostopnosti vzdr\u017eevalnih opravil za jeklenko.<\/li>\n<\/ul>\n<p>\t<img decoding=\"async\" src=\"https:\/\/www.hydraulic-cylinders.net\/wp-content\/uploads\/2025\/01\/songte-oil-pipes-and-spare-parts.webp\" alt=\"Slika izdelka\"><\/p>\n<h2>Tesnjenje in mazanje<\/h2>\n<p>Valj \u017elice uporablja razli\u010dna tesnila, kot so tesnila bata in tesnila palice, izdelana iz materialov, odpornih proti obrabi, kot sta poliuretan in nitrilna guma. Telo valja in navojni konci so fino obdelani za ve\u010djo odpornost proti obrabi. Za nemoteno delovanje je potrebno redno mazanje z ustrezno koli\u010dino hidravli\u010dnega olja.<\/p>\n<h2>Redni pregledi in preventivno vzdr\u017eevanje<\/h2>\n<ul>\n<li>Redno pregledujte jeklenko glede morebitnih znakov obrabe, po\u0161kodb ali pu\u0161\u010danja.<\/li>\n<li>Zagotovite ustrezno mazanje vseh gibljivih delov.<\/li>\n<li>Za optimalno delovanje po potrebi zamenjajte tesnila.<\/li>\n<li>Za zagotovitev natan\u010dnega delovanja izvedite kalibracijske preglede.<\/li>\n<\/ul>\n<h2>Pravilen priro\u010dnik za namestitev izdelka<\/h2>\n<p>Pravilna namestitev je klju\u010dnega pomena za optimalno delovanje in dolgo \u017eivljenjsko dobo cilindra z \u017elico. Upo\u0161tevajte ta navodila:<\/p>\n<ul>\n<li>Med namestitvijo zagotovite ustrezno poravnavo.<\/li>\n<li>Za pritrditev cilindra priporo\u010damo uporabo ustreznih monta\u017enih nosilcev.<\/li>\n<li>Navedite priporo\u010dene postopke za pregled, popravilo in zamenjavo.<\/li>\n<li>Ponudite nasvete za podalj\u0161anje \u017eivljenjske dobe valja z \u017elico.<\/li>\n<\/ul>\n<p>\t<img decoding=\"async\" src=\"https:\/\/www.hydraulic-cylinders.net\/wp-content\/uploads\/2025\/01\/songte-chushion-collar.webp\" alt=\"Slika izdelka\"><\/p>\n<h2>Varnostni vidiki in okoljski dejavniki<\/h2>\n<p>Pri uporabi cilindra z \u017elico je nujno upo\u0161tevati varnostne ukrepe za zagotovitev dobrega po\u010dutja upravljavcev in prepre\u010devanje nesre\u010d. Upo\u0161tevajte naslednje dejavnike:<\/p>\n<ul>\n<li>Ustrezno usposabljanje upravljavcev za varno ravnanje z opremo.<\/li>\n<li>Upo\u0161tevanje varnostnih standardov in predpisov.<\/li>\n<li>Uvajanje okolju prijaznih praks pri uporabi in odstranjevanju hidravli\u010dnih teko\u010din.<\/li>\n<\/ul>\n<p>\t<img decoding=\"async\" src=\"https:\/\/www.hydraulic-cylinders.net\/wp-content\/uploads\/2025\/01\/songte-bushings-with-all-kinds-of-excavator-models.webp\" alt=\"Slika izdelka\"><\/p>\n<h2>Odpravljanje te\u017eav in pogoste te\u017eave<\/h2>\n<ul>\n<li>Pu\u0161\u010danje: Navedite nasvete in re\u0161itve za odpravljanje pu\u0161\u010danja olja.<\/li>\n<li>Slaba u\u010dinkovitost: Razpravljajte o mo\u017enih vzrokih za zmanj\u0161ano u\u010dinkovitost in o tem, kako jih odpraviti.<\/li>\n<li>Hrup ali vibracije: Pojasnite mo\u017ene vzroke za hrup ali vibracije in ponudite na\u010dine za odpravljanje te\u017eav.<\/li>\n<\/ul>\n<h2>Nasveti in re\u0161itve za vzdr\u017eevanje<\/h2>\n<p>Ponudite nasvete glede vzdr\u017eevalnih opravil, vklju\u010dno z rednimi pregledi, pravilnim mazanjem, zamenjavo tesnil in preverjanjem kalibracije. Poudarite pomen pravilne namestitve, mazanja in nastavitve. Navedite smernice za pravilno poravnavo valja med namestitvijo. Priporo\u010dite postopke pregleda, popravila in zamenjave. Delite nasvete za podalj\u0161anje \u017eivljenjske dobe valja z \u017elico.<\/p>\n<p>\t<img decoding=\"async\" src=\"https:\/\/hzpt.com\/wp-content\/uploads\/2024\/11\/songte-company-1.webp\" alt=\"Slika izdelka\"><\/p>\n<h2>O na\u0161em podjetju<\/h2>\n<p>Smo proizvajalec nadomestnih hidravli\u010dnih cilindrov in eden vodilnih proizvajalcev in veleprodajnih distributerjev na doma\u010dem in mednarodnem trgu. V na\u0161i prefinjeni proizvodni delavnici se dr\u017eimo na\u010del odli\u010dne kakovosti in se zana\u0161amo na industrializirane strategije upravljanja proizvodnje. Z uporabo tehnolo\u0161kih talentov, napredne digitalne proizvodne opreme in profesionalnih sistemov testiranja nenehno izbolj\u0161ujemo na\u0161o proizvodno platformo, izpopolnjujemo na\u0161e proizvodne poti za kakovost izdelkov in imamo mo\u010dne inovativne zmogljivosti. Prizadevamo si zadovoljiti raznolike potrebe strank z visoko u\u010dinkovitostjo, visoko natan\u010dnostjo in visokokakovostnimi na\u010deli.<\/p>\n<p>\t<img decoding=\"async\" src=\"https:\/\/www.hydraulic-cylinders.net\/wp-content\/uploads\/2025\/01\/songte-company-3.webp\" alt=\"Slika izdelka\"><\/p>\n<h2>Poudarki na\u0161ega podjetja<\/h2>\n<ul>\n<li>Profesionalnost: Poudarite strokovno znanje in specializacijo podjetja na podro\u010dju hidravli\u010dnih cilindrov.<\/li>\n<li>Mednarodni certifikati: Navedite vse ustrezne certifikate ali standarde, ki jih je podjetje pridobilo.<\/li>\n<li>Storitve prilagajanja: Razpravljajte o sposobnosti podjetja, da zagotovi prilagojene re\u0161itve za posebne zahteve strank.<\/li>\n<li>Proizvodna oprema: Poudarite napredno proizvodno opremo, ki jo uporablja podjetje.<\/li>\n<li>Poprodajne storitve: Pojasnite zavezanost podjetja zagotavljanju odli\u010dne poprodajne storitve in podpore.<\/li>\n<\/ul>\n<p>Avtor: lyl<\/p>\n<p><\/body><br \/>\n<\/html><\/p>","protected":false},"excerpt":{"rendered":"<p>Bucket Cylinder For Hyundai Small Excavator R80-7 Bucket Cylinder For Hyundai Small Excavator R80-7 Introduction The bucket cylinder for Hyundai small excavator R80-7 is a specially designed hydraulic cylinder used to control the movement of the bucket in heavy machinery such as excavators, backhoe loaders, and front-end loaders. Its main function is to enable the [&hellip;]<\/p>","protected":false},"featured_media":14771,"comment_status":"open","ping_status":"closed","template":"","meta":{"_et_pb_use_builder":"","_et_pb_old_content":"","_et_gb_content_width":""},"product_brand":[],"product_cat":[1494],"product_tag":[1495,1496],"class_list":{"0":"post-15307","1":"product","2":"type-product","3":"status-publish","4":"has-post-thumbnail","6":"product_cat-bucket-cylinders","7":"product_tag-bucket-cylinders","8":"product_tag-hydraulic-cylinders","10":"first","11":"instock","12":"shipping-taxable","13":"product-type-simple"},"amp_enabled":true,"_links":{"self":[{"href":"https:\/\/www.hydraulic-cylinders.net\/sl\/wp-json\/wp\/v2\/product\/15307","targetHints":{"allow":["GET"]}}],"collection":[{"href":"https:\/\/www.hydraulic-cylinders.net\/sl\/wp-json\/wp\/v2\/product"}],"about":[{"href":"https:\/\/www.hydraulic-cylinders.net\/sl\/wp-json\/wp\/v2\/types\/product"}],"replies":[{"embeddable":true,"href":"https:\/\/www.hydraulic-cylinders.net\/sl\/wp-json\/wp\/v2\/comments?post=15307"}],"wp:featuredmedia":[{"embeddable":true,"href":"https:\/\/www.hydraulic-cylinders.net\/sl\/wp-json\/wp\/v2\/media\/14771"}],"wp:attachment":[{"href":"https:\/\/www.hydraulic-cylinders.net\/sl\/wp-json\/wp\/v2\/media?parent=15307"}],"wp:term":[{"taxonomy":"product_brand","embeddable":true,"href":"https:\/\/www.hydraulic-cylinders.net\/sl\/wp-json\/wp\/v2\/product_brand?post=15307"},{"taxonomy":"product_cat","embeddable":true,"href":"https:\/\/www.hydraulic-cylinders.net\/sl\/wp-json\/wp\/v2\/product_cat?post=15307"},{"taxonomy":"product_tag","embeddable":true,"href":"https:\/\/www.hydraulic-cylinders.net\/sl\/wp-json\/wp\/v2\/product_tag?post=15307"}],"curies":[{"name":"delovni list","href":"https:\/\/api.w.org\/{rel}","templated":true}]}}