{"id":1531,"date":"2023-09-28T03:14:41","date_gmt":"2023-09-28T03:14:41","guid":{"rendered":"https:\/\/hydraulic-cylinders.net\/?post_type=product&#038;p=1531"},"modified":"2025-04-11T03:25:57","modified_gmt":"2025-04-11T03:25:57","slug":"aerial-work-platform-luffing-cylinder","status":"publish","type":"product","link":"https:\/\/www.hydraulic-cylinders.net\/sl\/izdelek\/aerial-work-platform-luffing-cylinder\/","title":{"rendered":"Zra\u010dni delovni platformi Luffing cilinder"},"content":{"rendered":"<h1 style=\"text-align: center;\"><strong>Zra\u010dni delovni platformi Luffing cilinder<\/strong><\/h1>\n<p><img loading=\"lazy\" decoding=\"async\" class=\"wp-image-1532 aligncenter\" src=\"https:\/\/hydraulic-cylinders.net\/wp-content\/uploads\/2023\/09\/luffing-cylinder-1-300x300.webp\" alt=\"\" width=\"400\" height=\"400\" \/><\/p>\n<p>Dvigalni valj za delovno plo\u0161\u010dad na zra\u010dni plo\u0161\u010dadi je klju\u010dna komponenta delovnih plo\u0161\u010dadi na zra\u010dni plo\u0161\u010dadi, zasnovana za pove\u010danje varnosti in u\u010dinkovitosti v dvignjenih delovnih okoljih. Ta inovativni hidravli\u010dni valj zagotavlja nadzorovano navpi\u010dno gibanje, kar omogo\u010da natan\u010dno dvigovanje in spu\u0161\u010danje plo\u0161\u010dadi.<\/p>\n<p>Dvi\u017eni valj delovne plo\u0161\u010dadi na vi\u0161avju je klju\u010dna komponenta delovnih plo\u0161\u010dadi na vi\u0161avju, saj zagotavlja nadzorovano navpi\u010dno gibanje ter pove\u010duje varnost in u\u010dinkovitost v dvignjenih delovnih okoljih. Z natan\u010dnimi dvi\u017enimi zmogljivostmi, visoko nosilnostjo in integriranimi varnostnimi funkcijami ta valj omogo\u010da upravljavcem samozavestno delo na razli\u010dnih vi\u0161inah. Z upo\u0161tevanjem priporo\u010denih metod uporabe in vzdr\u017eevalnih praks lahko upravljavci maksimalno podalj\u0161ajo \u017eivljenjsko dobo in zmogljivost dvigovalnega cilindra delovne plo\u0161\u010dadi na vi\u0161avju, kar ima za posledico ve\u010djo produktivnost, kraj\u0161i \u010das izpada in ve\u010djo varnost pri delu na vi\u0161avju. Investirajte v to napredno hidravli\u010dno komponento, da dvignete zmogljivosti svoje delovne plo\u0161\u010dadi na vi\u0161avju in svoje delo dvignete na nove vi\u0161ine uspeha.<\/p>\n<p>Klju\u010dne zna\u010dilnosti vzmetnega cilindra za delovno plo\u0161\u010dad:<\/p>\n<ol>\n<li>Nadzorovano navpi\u010dno gibanje:<\/li>\n<\/ol>\n<ul>\n<li>Dvi\u017eni valj delovne plo\u0161\u010dadi omogo\u010da natan\u010dno in nadzorovano navpi\u010dno gibanje, kar operaterjem omogo\u010da natan\u010dno in enostavno prilagajanje delovne vi\u0161ine plo\u0161\u010dadi.<\/li>\n<li>Zagotavlja gladko in stabilno dvigovanje in spu\u0161\u010danje, kar zagotavlja varno in udobno delovno okolje na razli\u010dnih vi\u0161inah.<\/li>\n<\/ul>\n<ol start=\"2\">\n<li>Visoka nosilnost:<\/li>\n<\/ol>\n<ul>\n<li>Ta valj se pona\u0161a z visoko nosilnostjo, kar mu omogo\u010da, da podpira te\u017eke tovore in sprejme ve\u010d delavcev, orodij in opreme na dvi\u017eni delovni plo\u0161\u010dadi.<\/li>\n<li>Zagotavlja zanesljivo dvi\u017eno zmogljivost, ohranja stabilnost in varnost tudi pri ve\u010djih obremenitvah.<\/li>\n<\/ul>\n<ol start=\"3\">\n<li>Kompaktna in robustna zasnova:<\/li>\n<\/ol>\n<ul>\n<li>Dvi\u017eni valj dvi\u017ene delovne plo\u0161\u010dadi ima kompaktno zasnovo, ki zmanj\u0161uje skupno te\u017eo in odtis dvi\u017ene delovne plo\u0161\u010dadi.<\/li>\n<li>Njegova robustna konstrukcija zagotavlja vzdr\u017eljivost in dolgo \u017eivljenjsko dobo ter kljubuje zahtevnim pogojem delovnih okolij na vi\u0161jih ravneh.<\/li>\n<\/ul>\n<ol start=\"4\">\n<li>Integrirane varnostne funkcije:<\/li>\n<\/ol>\n<ul>\n<li>Ta jeklenka ima vgrajene varnostne funkcije, kot sta za\u0161\u010dita pred preobremenitvijo in sistemi za spu\u0161\u010danje v sili.<\/li>\n<li>Ti varnostni mehanizmi zagotavljajo dodaten mir, \u0161\u010ditijo pred morebitnimi nesre\u010dami in omogo\u010dajo hiter odziv v nujnih primerih.<\/li>\n<\/ul>\n<h2><strong>Parameter cilindra za dvigovanje delovne plo\u0161\u010dadi:<\/strong><\/h2>\n<table border=\"1\" cellspacing=\"0\" cellpadding=\"0\">\n<tbody>\n<tr>\n<td>Ime izdelka<\/td>\n<td>Zra\u010dni delovni platformi Luffing cilinder<\/td>\n<\/tr>\n<tr>\n<td>Zna\u010dilnosti:<\/td>\n<td>Zavedanje, da je vrtenje roke navzgor in navzdol glavna gonilna sila dvigovanja<\/td>\n<\/tr>\n<tr>\n<td>Premer izvrtine:<\/td>\n<td>50 mm\uff5e350 mm<\/td>\n<\/tr>\n<tr>\n<td>Premer palice:<\/td>\n<td>30 mm\uff5e300 mm<br \/>\nHod \u2264 3000 mm<\/td>\n<\/tr>\n<tr>\n<td>Tlak:<\/td>\n<td>30 MPa (najvi\u0161ji tlak)<\/td>\n<\/tr>\n<tr>\n<td>Uporaba nihajnega cilindra:<\/td>\n<td>Delovna plo\u0161\u010dad v zraku<\/td>\n<\/tr>\n<\/tbody>\n<\/table>\n<h2><strong>Diagram identifikacije delovne plo\u0161\u010dadi v zraku:<\/strong><\/h2>\n<p><img loading=\"lazy\" decoding=\"async\" class=\"alignnone wp-image-1517 size-full\" src=\"https:\/\/hydraulic-cylinders.net\/wp-content\/uploads\/2023\/09\/aerial-work-platform-cylinder-construct.webp\" alt=\"\" width=\"600\" height=\"400\" srcset=\"https:\/\/hydraulic-cylinders.net\/wp-content\/uploads\/2023\/09\/aerial-work-platform-cylinder-construct.webp 600w, https:\/\/hydraulic-cylinders.net\/wp-content\/uploads\/2023\/09\/aerial-work-platform-cylinder-construct-480x320.webp 480w\" sizes=\"(min-width: 0px) and (max-width: 480px) 480px, (min-width: 481px) 600px, 100vw\" \/><\/p>\n<h2><strong>Na\u010din uporabe <\/strong><strong>Zra\u010dni delovni platformi Luffing cilinder<\/strong><strong>:<\/strong><\/h2>\n<ol>\n<li><strong>Namestitev cilindra:<\/strong><\/li>\n<\/ol>\n<ul>\n<li>Za pravilno namestitev dvigalnega cilindra dvi\u017ene delovne plo\u0161\u010dadi upo\u0161tevajte navodila proizvajalca.<\/li>\n<li>Prepri\u010dajte se, da je jeklenka varno pritrjena na konstrukcijo dvi\u017ene delovne plo\u0161\u010dadi, kar zagotavlja stabilno in zanesljivo povezavo.<\/li>\n<\/ul>\n<ol start=\"2\">\n<li><strong>Hidravli\u010dna povezava:<\/strong><\/li>\n<\/ol>\n<ul>\n<li>Priklju\u010dite jeklenko na hidravli\u010dni sistem dvi\u017ene delovne plo\u0161\u010dadi v skladu s prilo\u017eenimi navodili.<\/li>\n<li>Prepri\u010dajte se, da so vse hidravli\u010dne povezave varne in pravilno zatesnjene, da prepre\u010dite pu\u0161\u010danje ali izgubo hidravli\u010dne teko\u010dine.<\/li>\n<\/ul>\n<ol start=\"3\">\n<li><strong>Aktivacija nadzora:<\/strong><\/li>\n<\/ol>\n<ul>\n<li>Za aktiviranje dvigalnega cilindra dvi\u017ene delovne plo\u0161\u010dadi uporabite nadzorno plo\u0161\u010dad ali vmesnik platforme.<\/li>\n<li>Za dvigovanje ali spu\u0161\u010danje plo\u0161\u010dadi na \u017eeleno vi\u0161ino sledite priporo\u010denim operativnim postopkom.<\/li>\n<\/ul>\n<ol start=\"4\">\n<li><strong>Varnostni ukrepi:<\/strong><\/li>\n<\/ol>\n<ul>\n<li>Preden za\u010dnete uporabljati dvi\u017eno delovno plo\u0161\u010dad, se seznanite z varnostnimi funkcijami in postopki v sili.<\/li>\n<li>Zagotovite, da so vsi upravljavci ustrezno usposobljeni za varno upravljanje plo\u0161\u010dadi in dvigalnega cilindra dvi\u017ene delovne plo\u0161\u010dadi.<\/li>\n<\/ul>\n<h2><strong>Kako odstraniti vodo iz hidravli\u010dnega sistema traktorja?<\/strong><\/h2>\n<p>Odstranjevanje vode iz hidravli\u010dnega sistema traktorja je bistvenega pomena za ohranjanje delovanja sistema in prepre\u010devanje po\u0161kodb. Tukaj je navodilo po korakih, kako odstraniti vodo iz hidravli\u010dnega sistema traktorja:<\/p>\n<ol>\n<li><strong>Ugotovite onesna\u017eenje vode:<\/strong><\/li>\n<\/ol>\n<ul>\n<li>Preverite znake onesna\u017eenja z vodo, kot so mle\u010dna ali motna hidravli\u010dna teko\u010dina, zmanj\u0161ana zmogljivost sistema ali kapljice vode v rezervoarju.<\/li>\n<li>Potrdite, da je vzrok te\u017eave voda, tako da izklju\u010dite druge morebitne te\u017eave.<\/li>\n<\/ul>\n<ol start=\"2\">\n<li><strong>Izpraznite hidravli\u010dni sistem:<\/strong><\/li>\n<\/ol>\n<ul>\n<li>Poi\u0161\u010dite izpustni \u010dep ali ventil na hidravli\u010dnem rezervoarju ali rezervoarju.<\/li>\n<li>Pod odto\u010dni \u010dep postavite primerno posodo ali posodo za odtok teko\u010dine.<\/li>\n<\/ul>\n<ol start=\"3\">\n<li><strong>Odprite odto\u010dni \u010dep:<\/strong><\/li>\n<\/ol>\n<ul>\n<li>Previdno odvijte in odstranite izpustni \u010dep ali odprite ventil z ustreznim klju\u010dem ali orodjem.<\/li>\n<li>Pustite, da onesna\u017eena hidravli\u010dna teko\u010dina popolnoma odte\u010de iz sistema.<\/li>\n<li>Kontaminirano teko\u010dino zavrzite v skladu z lokalnimi predpisi.<\/li>\n<\/ul>\n<ol start=\"4\">\n<li><strong>Izpiranje sistema:<\/strong><\/li>\n<\/ol>\n<ul>\n<li>Ko je hidravli\u010dna teko\u010dina izpu\u0161\u010dena, sistem sperite z ustreznim izpiralnim sredstvom ali \u010disto hidravli\u010dno teko\u010dino.<\/li>\n<li>Upo\u0161tevajte priporo\u010dila proizvajalca glede ustreznega sredstva za izpiranje in postopka.<\/li>\n<li>Priklju\u010dite cev na dovod hidravli\u010dnega sistema in jo uporabite za \u010drpanje sredstva za izpiranje ali \u010distilne teko\u010dine skozi sistem.<\/li>\n<li>Pustite, da sredstvo za izpiranje dovolj kro\u017ei po sistemu, da iztisne preostalo vodo.<\/li>\n<\/ul>\n<ol start=\"5\">\n<li><strong>Izpustite sredstvo za izpiranje:<\/strong><\/li>\n<\/ol>\n<ul>\n<li>Ponovno odprite izpustni \u010dep ali ventil, da iz sistema izpustite sredstvo za izpiranje.<\/li>\n<li>Pustite, da se sredstvo za izpiranje popolnoma odcedi v posodo ali odto\u010dno posodo.<\/li>\n<\/ul>\n<ol start=\"6\">\n<li><strong>Dolivanje \u010diste hidravli\u010dne teko\u010dine:<\/strong><\/li>\n<\/ol>\n<ul>\n<li>Ko izpustite vso sredstvo za izpiranje, zaprite izpustni \u010dep ali ventil.<\/li>\n<li>Hidravli\u010dni sistem napolnite s \u010disto, priporo\u010deno hidravli\u010dno teko\u010dino.<\/li>\n<li>Upo\u0161tevajte navodila proizvajalca za ustrezno vrsto teko\u010dine in nivo polnjenja.<\/li>\n<\/ul>\n<ol start=\"7\">\n<li><strong>Odzra\u010dite sistem:<\/strong><\/li>\n<\/ol>\n<ul>\n<li>Iz hidravli\u010dnega sistema odzra\u010dite zrak v skladu z navodili proizvajalca ali postopki odzra\u010devanja, specifi\u010dnimi za va\u0161 model traktorja.<\/li>\n<li>Ta korak zagotavlja pravilno delovanje hidravli\u010dnega sistema in odpravlja morebitne zra\u010dne \u017eepe.<\/li>\n<\/ul>\n<ol start=\"8\">\n<li><strong>Preizkusite sistem:<\/strong><\/li>\n<\/ol>\n<ul>\n<li>Za\u017eenite traktor in vklopite hidravli\u010dni sistem.<\/li>\n<li>Preverite morebitne nenavadne zvoke, pu\u0161\u010danja ali te\u017eave z delovanjem.<\/li>\n<li>Upravljajte hidravli\u010dni sistem, da preverite, ali deluje nemoteno in brez te\u017eav, povezanih z vodo.<\/li>\n<\/ul>\n<h2><strong>Zmogljivost in zmogljivost tovarne:<\/strong><\/h2>\n<h3>(1) Sestavljanje<\/h3>\n<p>Imamo prvovrstno neodvisno platformo za raziskave in razvoj. Delavnica za proizvodnjo hidravli\u010dnih cilindrov ima \u0161tiri polavtomatske monta\u017ene linije za dvi\u017ene cilindre in eno avtomatsko monta\u017eno linijo za nagibne cilindre z letno proizvodno zmogljivostjo 1 milijona kosov. Delavnica za posebne cilindre je opremljena z razli\u010dnimi specifikacijami polavtomatskega sistema za \u010di\u0161\u010denje in monta\u017eo z letno proizvodno zmogljivostjo 200.000 kosov ter znano CNC obdelovalno opremo, obdelovalnim centrom, visoko precizno posebno opremo za obdelavo cilindrov, robotskim varilnim strojem, avtomatskim \u010distilnim strojem, avtomatskim strojem za monta\u017eo cilindrov in avtomatsko proizvodno linijo za barvanje. Obstoje\u010da kriti\u010dna oprema obsega ve\u010d kot 300 kompletov (kompletov). Optimalna razporeditev in u\u010dinkovita uporaba opremnih virov zagotavljata zahteve glede natan\u010dnosti izdelkov in izpolnjujeta visoke zahteve glede kakovosti izdelkov.<\/p>\n<p><img loading=\"lazy\" decoding=\"async\" class=\"alignnone wp-image-626\" src=\"https:\/\/hydraulic-cylinders.net\/wp-content\/uploads\/2023\/08\/hydraulic-cylinder-product-1-300x158.webp\" alt=\"\" width=\"495\" height=\"260\" srcset=\"https:\/\/hydraulic-cylinders.net\/wp-content\/uploads\/2023\/08\/hydraulic-cylinder-product-1-300x158.webp 495w, https:\/\/hydraulic-cylinders.net\/wp-content\/uploads\/2023\/08\/hydraulic-cylinder-product-1-480x252.webp 480w\" sizes=\"(min-width: 0px) and (max-width: 480px) 480px, (min-width: 481px) 495px, 100vw\" \/> <img loading=\"lazy\" decoding=\"async\" class=\"alignnone wp-image-627\" src=\"https:\/\/hydraulic-cylinders.net\/wp-content\/uploads\/2023\/08\/hydraulic-cylinder-product-2-300x189.webp\" alt=\"\" width=\"413\" height=\"260\" \/><\/p>\n<h3>(2) Strojna obdelava<\/h3>\n<p>Strojna delavnica je opremljena s prilagojenim centrom za stru\u017eenje nagnjenih tirnic, obdelovalnim centrom, visokohitrostnim strojem za honanje, varilnim robotom in drugo sorodno opremo, ki lahko obdeluje cilindri\u010dne cevi z najve\u010djim notranjim premerom 400 mm in najve\u010djo dol\u017eino 6 metrov.<\/p>\n<p><img loading=\"lazy\" decoding=\"async\" class=\"alignnone wp-image-628 size-large\" src=\"https:\/\/hydraulic-cylinders.net\/wp-content\/uploads\/2023\/08\/hydraulic-cylinder-product-3-1024x391.webp\" alt=\"\" width=\"1024\" height=\"391\" srcset=\"https:\/\/hydraulic-cylinders.net\/wp-content\/uploads\/2023\/08\/hydraulic-cylinder-product-3-980x374.webp 980w, https:\/\/hydraulic-cylinders.net\/wp-content\/uploads\/2023\/08\/hydraulic-cylinder-product-3-480x183.webp 480w\" sizes=\"(min-width: 0px) and (max-width: 480px) 480px, (min-width: 481px) and (max-width: 980px) 980px, (min-width: 981px) 1024px, 100vw\" \/><\/p>\n<h3>(3) Varjenje<\/h3>\n<p><img loading=\"lazy\" decoding=\"async\" class=\"alignnone wp-image-629 size-large\" src=\"https:\/\/hydraulic-cylinders.net\/wp-content\/uploads\/2023\/08\/hydraulic-cylinder-product-4-1024x510.webp\" alt=\"\" width=\"1024\" height=\"510\" srcset=\"https:\/\/hydraulic-cylinders.net\/wp-content\/uploads\/2023\/08\/hydraulic-cylinder-product-4-980x488.webp 980w, https:\/\/hydraulic-cylinders.net\/wp-content\/uploads\/2023\/08\/hydraulic-cylinder-product-4-480x239.webp 480w\" sizes=\"(min-width: 0px) and (max-width: 480px) 480px, (min-width: 481px) and (max-width: 980px) 980px, (min-width: 981px) 1024px, 100vw\" \/><\/p>\n<h3>(4) Barvanje in premazovanje<\/h3>\n<p>Z majhnimi in srednje velikimi cilindri\u010dnimi avtomatskimi linijami za barvanje na vodni osnovi, za doseganje avtomatskega nakladanja in razkladanja robotov ter avtomatskega brizganja, je projektna zmogljivost 4000 kosov na izmeno;<br \/>\nImamo tudi polavtomatsko linijo za proizvodnjo barv za velike jeklenke, ki jo poganja veriga, s projektno zmogljivostjo 60 zabojev na izmeno.<\/p>\n<p><img loading=\"lazy\" decoding=\"async\" class=\"alignnone wp-image-630\" src=\"https:\/\/hydraulic-cylinders.net\/wp-content\/uploads\/2023\/08\/hydraulic-cylinder-product-5-300x213.webp\" alt=\"\" width=\"366\" height=\"260\" \/> <img loading=\"lazy\" decoding=\"async\" class=\"alignnone wp-image-631\" src=\"https:\/\/hydraulic-cylinders.net\/wp-content\/uploads\/2023\/08\/hydraulic-cylinder-product-6-300x225.webp\" alt=\"\" width=\"347\" height=\"260\" \/><\/p>\n<h3>(5) Testiranje<\/h3>\n<p>Imamo prvovrstne in\u0161pekcijske prostore in testne postaje, s katerimi zagotavljamo, da delovanje jeklenke izpolnjuje zahteve.<\/p>\n<p><img loading=\"lazy\" decoding=\"async\" class=\"alignnone wp-image-632\" src=\"https:\/\/hydraulic-cylinders.net\/wp-content\/uploads\/2023\/08\/hydraulic-cylinder-product-8-300x200.webp\" alt=\"\" width=\"389\" height=\"260\" \/><\/p>\n<p>&nbsp;<\/p>\n<p>&nbsp;<\/p>\n<p>Smo eden najbolj\u0161ih proizvajalcev hidravli\u010dnih cilindrov. Ponujamo vam celovite hidravli\u010dne cilindre. Zagotavljamo tudi ustrezne <a href=\"https:\/\/hzpt.com\/agricultural-pto-gearbox\/\" target=\"_blank\" rel=\"noopener\">kmetijski menjalniki<\/a>Na\u0161e izdelke smo izvozili strankam po vsem svetu in si prislu\u017eili dober ugled zaradi vrhunske kakovosti izdelkov in poprodajnih storitev. Z veseljem vas vabimo, da nas kontaktirate za poslovne dogovore, izmenjavo informacij in ... <a href=\"https:\/\/www.hydraulic-cylinders.net\/sl\/contact-us\/\">sodelujte z nami<\/a>!<\/p>","protected":false},"excerpt":{"rendered":"<p>Aerial Work Platform Luffing Cylinder The aerial work platform luffing cylinder is a vital component in aerial work platforms, designed to enhance safety and efficiency in elevated work environments. This innovative hydraulic cylinder provides controlled vertical movement, allowing for precise lifting and lowering of the platform. The aerial work platform luffing cylinder is a crucial [&hellip;]<\/p>","protected":false},"featured_media":1533,"comment_status":"open","ping_status":"closed","template":"","meta":{"_et_pb_use_builder":"","_et_pb_old_content":"","_et_gb_content_width":""},"product_brand":[],"product_cat":[1500,1550],"product_tag":[1380],"class_list":{"0":"post-1531","1":"product","2":"type-product","3":"status-publish","4":"has-post-thumbnail","6":"product_cat-aerial-work-vehicle-hydraulic-cylinder","7":"product_cat-double-acting-hydraulic-cylinder","8":"product_tag-hydraulic-cylinder","10":"first","11":"instock","12":"shipping-taxable","13":"product-type-simple"},"amp_enabled":true,"_links":{"self":[{"href":"https:\/\/www.hydraulic-cylinders.net\/sl\/wp-json\/wp\/v2\/product\/1531","targetHints":{"allow":["GET"]}}],"collection":[{"href":"https:\/\/www.hydraulic-cylinders.net\/sl\/wp-json\/wp\/v2\/product"}],"about":[{"href":"https:\/\/www.hydraulic-cylinders.net\/sl\/wp-json\/wp\/v2\/types\/product"}],"replies":[{"embeddable":true,"href":"https:\/\/www.hydraulic-cylinders.net\/sl\/wp-json\/wp\/v2\/comments?post=1531"}],"wp:featuredmedia":[{"embeddable":true,"href":"https:\/\/www.hydraulic-cylinders.net\/sl\/wp-json\/wp\/v2\/media\/1533"}],"wp:attachment":[{"href":"https:\/\/www.hydraulic-cylinders.net\/sl\/wp-json\/wp\/v2\/media?parent=1531"}],"wp:term":[{"taxonomy":"product_brand","embeddable":true,"href":"https:\/\/www.hydraulic-cylinders.net\/sl\/wp-json\/wp\/v2\/product_brand?post=1531"},{"taxonomy":"product_cat","embeddable":true,"href":"https:\/\/www.hydraulic-cylinders.net\/sl\/wp-json\/wp\/v2\/product_cat?post=1531"},{"taxonomy":"product_tag","embeddable":true,"href":"https:\/\/www.hydraulic-cylinders.net\/sl\/wp-json\/wp\/v2\/product_tag?post=1531"}],"curies":[{"name":"delovni list","href":"https:\/\/api.w.org\/{rel}","templated":true}]}}