{"id":15312,"date":"2025-01-19T14:22:19","date_gmt":"2025-01-19T14:22:19","guid":{"rendered":"https:\/\/www.hydraulic-cylinders.net\/product\/bucket-cylinder-for-hyundai-middle-excavator-r170lc-5\/"},"modified":"2025-01-19T14:22:21","modified_gmt":"2025-01-19T14:22:21","slug":"bucket-cylinder-for-hyundai-middle-excavator-r170lc-5","status":"publish","type":"product","link":"https:\/\/www.hydraulic-cylinders.net\/sl\/izdelek\/bucket-cylinder-for-hyundai-middle-excavator-r170lc-5\/","title":{"rendered":"Cilinder \u017elice za srednji bager Hyundai R170LC-5"},"content":{"rendered":"<h1>Cilinder \u017elice za srednji bager Hyundai R170LC-5<\/h1>\n<h2>Uvod<\/h2>\n<p>Hidravli\u010dni cilinder \u017elice za srednji bager Hyundai R170LC-5 je specializiran hidravli\u010dni cilinder, ki se uporablja predvsem za krmiljenje gibanja \u017elic bagrov v te\u017ekih strojih, kot so bagri, bagri z nakladalniki in \u010delni nakladalniki. Njegova glavna funkcija je omogo\u010diti dvigovanje, spu\u0161\u010danje in nagibanje \u017elice, kar olaj\u0161a opravljanje razli\u010dnih nalog premikanja materiala. V hidravli\u010dnem sistemu cilinder \u017elice izkori\u0161\u010da spremembe tlaka v hidravli\u010dnem olju za doseganje natan\u010dnega nadzora \u017elice, kar omogo\u010da upravljavcem u\u010dinkovito rokovanje s te\u017ekimi bremeni in prilagajanje kompleksnim delovnim okoljem ter raznolikim zahtevam dela.<\/p>\n<p><img decoding=\"async\" src=\"https:\/\/www.hydraulic-cylinders.net\/wp-content\/uploads\/2025\/01\/songte-company-2.webp\"><\/p>\n<h2>Zna\u010dilnosti izdelka<\/h2>\n<ul>\n<li>\n<h3>Visoka trdnost in vzdr\u017eljivost<\/h3>\n<p>Obi\u010dajno je izdelan iz visoko trdnega jekla ali aluminija, zato lahko valj prenese visok tlak in velike obremenitve ter se prilagodi zahtevnim delovnim okoljem. Zasnova upo\u0161teva tudi odpornost proti obrabi in koroziji, da se podalj\u0161a \u017eivljenjska doba valja.<\/p>\n<\/li>\n<li>\n<h3>U\u010dinkovito hidravli\u010dno delovanje<\/h3>\n<p>Z uporabo tlaka hidravli\u010dnega olja za doseganje gladkega iztegovanja in vle\u010denja se valj lahko hitro odzove na ukaze in zagotovi mo\u010dno potisno in vle\u010dno silo, primerno za ravnanje s te\u017ekimi bremeni in kompleksne delovne naloge.<\/p>\n<\/li>\n<li>\n<h3>Razli\u010dne vrste<\/h3>\n<p>Enojno ali dvostransko delujo\u010de cilindre je mogo\u010de izbrati glede na potrebe za izpolnjevanje razli\u010dnih operativnih zahtev. Nekateri modeli so teleskopski, kar omogo\u010da ve\u010dji razteg brez pove\u010danja zunanjih dimenzij, primerni za aplikacije z omejenim prostorom.<\/p>\n<\/li>\n<li>\n<h3>Popolna zamenjava<\/h3>\n<p>Na\u0161 izdelek lahko popolnoma nadomesti te hidravli\u010dne cilindre. <\/p>\n<\/li>\n<\/ul>\n<p><img decoding=\"async\" src=\"https:\/\/www.hydraulic-cylinders.net\/wp-content\/uploads\/2025\/01\/songte-cylinder-head-with-all-kinds-excavator-models.webp\"><\/p>\n<h2>Aplikacije<\/h2>\n<p>Cilinder \u017elice za srednji bager Hyundai R170LC-5 se lahko \u0161iroko uporablja v razli\u010dnih te\u017ekih strojih, vklju\u010dno z:<\/p>\n<ul>\n<li>\n<h3>Gradbena oprema<\/h3>\n<p>Pri bagrih so bistveni za kopanje, nakladanje in premikanje zemlje ali ru\u0161evin. Pri bagrih z nakladalno glavo cilinder pomaga tako pri kopanju kot pri dvigovanju. <\/p>\n<\/li>\n<li>\n<h3>Kmetijska mehanizacija<\/h3>\n<p>Uporablja se v \u010delnih nakladalnikih za ravnanje z zemljo, senom in drugimi materiali, valj pa lahko dvigne in nagne za u\u010dinkovito odlaganje. <\/p>\n<\/li>\n<li>\n<h3>Bagri<\/h3>\n<p>Cilinder \u017elice omogo\u010da, da \u017elica prodre v zemljo za kopanje. <\/p>\n<\/li>\n<li>\n<h3>Nakladalci<\/h3>\n<p>Pri \u010delnih nakladalnikih u\u010dinkovito pomagajo pri dvigovanju in razkladanju blaga. <\/p>\n<\/li>\n<\/ul>\n<h2>Oblikovalski vidiki in izbirna merila<\/h2>\n<p>Cilinder \u017elice za srednji bager Hyundai R170LC-5 je zasnovan ob upo\u0161tevanju razli\u010dnih dejavnikov, vklju\u010dno z:<\/p>\n<ul>\n<li>\n<h3>Nosilnost<\/h3>\n<p>Jeklenka mora biti sposobna prenesti najve\u010djo obremenitev, ki jo bo uporabila. <\/p>\n<\/li>\n<li>\n<h3>Tesnilna zmogljivost<\/h3>\n<p>Jeklenka mora imeti zanesljivo tesnilno delovanje, da prepre\u010di pu\u0161\u010danje olja in zagotovi nemoteno delovanje. <\/p>\n<\/li>\n<li>\n<h3>Vzdr\u017eljivost<\/h3>\n<p>Jeklenka mora biti izdelana iz visokokakovostnih materialov z visoko odpornostjo proti obrabi in koroziji, da se podalj\u0161a njena \u017eivljenjska doba. <\/p>\n<\/li>\n<li>\n<h3>Varnost<\/h3>\n<p>Jeklenka mora biti zasnovana z upo\u0161tevanjem varnostnih vidikov, da se prepre\u010dijo nesre\u010de zaradi okvare jeklenke. <\/p>\n<\/li>\n<li>\n<h3>Vzdr\u017eevanje<\/h3>\n<p>Jeklenka mora biti enostavna za vzdr\u017eevanje, da se zmanj\u0161ajo stro\u0161ki vzdr\u017eevanja in \u010das izpada. <\/p>\n<\/li>\n<\/ul>\n<p><img decoding=\"async\" src=\"https:\/\/www.hydraulic-cylinders.net\/wp-content\/uploads\/2025\/01\/songte-oil-pipes-and-spare-parts.webp\"><\/p>\n<h2>Tesnjenje in mazanje<\/h2>\n<p>Cilinder \u017elice za srednji bager Hyundai R170LC-5 uporablja razli\u010dne tesnilne komponente, kot so tesnila bata in palice, izdelane iz materialov, odpornih proti obrabi, kot sta poliuretan in nitrilna guma. Povr\u0161ina ohi\u0161ja valja, bata in palice je prav tako fino obdelana za izbolj\u0161anje odpornosti proti obrabi. Za nemoteno delovanje je potrebno redno mazanje z ustreznim hidravli\u010dnim oljem. <\/p>\n<h2>Redni pregledi in preventivno vzdr\u017eevanje<\/h2>\n<p>Redni pregledi in preventivno vzdr\u017eevanje so pomembni za zagotovitev varnega in u\u010dinkovitega delovanja cilindra \u017elice za srednji bager Hyundai R170LC-5. Nekateri preventivni vzdr\u017eevalni ukrepi vklju\u010dujejo:<\/p>\n<ul>\n<li>Redno mazanje<\/li>\n<li>Zamenjava tesnila<\/li>\n<li>Preverjanje kalibracije<\/li>\n<\/ul>\n<h2>Vodnik za namestitev izdelka<\/h2>\n<p>Pravilna namestitev je bistvenega pomena za varno in u\u010dinkovito delovanje cilindra \u017elice za srednji bager Hyundai R170LC-5. Naslednji koraki so vodilo za pravilno namestitev:<\/p>\n<ol>\n<li>Poravnajte valj z monta\u017eno povr\u0161ino.<\/li>\n<li>Za pritrditev cilindra uporabite ustrezne pritrdilne nosilce.<\/li>\n<li>Hidravli\u010dne cevi priklju\u010dite na valj.<\/li>\n<li>Prepri\u010dajte se, da cevi niso zvite ali prepognjene.<\/li>\n<li>Pred uporabo sperite hidravli\u010dni sistem.<\/li>\n<\/ol>\n<p>Poudarek je na pomenu pravilne namestitve, mazanja in nastavitve za izbolj\u0161anje \u017eivljenjske dobe in delovanja cilindra. Za zagotovitev najbolj\u0161ih rezultatov priporo\u010damo uporabo ustreznega orodja za namestitve in upo\u0161tevanje priporo\u010denih postopkov za pregled, popravilo in zamenjavo. <\/p>\n<p><img decoding=\"async\" src=\"https:\/\/www.hydraulic-cylinders.net\/wp-content\/uploads\/2025\/01\/songte-chushion-collar.webp\"><\/p>\n<h2>Varnostni vidiki in okoljski dejavniki<\/h2>\n<p>Med upravljanjem cilindra \u017elice za srednji bager Hyundai R170LC-5 je nujno upo\u0161tevati varnostne ukrepe. Cilinder je treba upravljati znotraj dolo\u010denih parametrov, da prepre\u010dite nesre\u010de. Med upravljanjem cilindra je treba upo\u0161tevati tudi okoljske dejavnike, kot sta temperatura in vla\u017enost.<\/p>\n<h2>Odpravljanje te\u017eav in pogoste te\u017eave<\/h2>\n<p>Sledijo pogoste te\u017eave, s katerimi se lahko sre\u010date pri uporabi cilindra \u017elice za srednji bager Hyundai R170LC-5:<\/p>\n<ul>\n<li>Pu\u0161\u010danje olja<\/li>\n<li>Po\u010dasno delovanje<\/li>\n<li>Nepravilno delovanje<\/li>\n<li>Hrup<\/li>\n<\/ul>\n<p>Za re\u0161itev teh te\u017eav je treba sprejeti ustrezne ukrepe za odpravljanje te\u017eav. Na primer, pu\u0161\u010danje olja lahko povzro\u010dijo po\u0161kodovana tesnila ali ohlapne povezave. Po\u010dasno delovanje je lahko posledica nizkega tlaka hidravli\u010dnega olja. Nepravilno delovanje lahko povzro\u010di okvarjen ventil ali valj. Hrup lahko povzro\u010di zrak, ujet v hidravli\u010dnem sistemu. Redni pregledi in preventivno vzdr\u017eevanje lahko pomagajo prepre\u010diti nastanek teh te\u017eav.<\/p>\n<p><img decoding=\"async\" src=\"https:\/\/www.hydraulic-cylinders.net\/wp-content\/uploads\/2025\/01\/songte-bushings-with-all-kinds-of-excavator-models.webp\"><\/p>\n<h2>O na\u0161em podjetju<\/h2>\n<p>Smo proizvajalec nadomestnih hidravli\u010dnih cilindrov in ponujamo celotno paleto izdelkov. Postali smo eden vodilnih proizvajalcev in veleprodajnih distributerjev hidravli\u010dnih cilindrov na doma\u010dem in mednarodnem trgu. Sledimo strategiji odli\u010dne kakovosti, pri \u010demer se zana\u0161amo na industrializirano upravljanje proizvodnje v finih proizvodnih delavnicah. Nenehno izbolj\u0161ujemo proizvodno platformo delavnice, izbolj\u0161ujemo kakovost proizvodnje izdelkov in imamo mo\u010dne ustvarjalne sposobnosti. Kot na\u0161a na\u010dela uporabljamo visoko u\u010dinkovitost, visoko natan\u010dnost in visoko kakovost za zadovoljevanje raznolikih potreb strank.<\/p>\n<p>Zavezani smo k zagotavljanju profesionalnih, mednarodno certificiranih, prilagojenih storitev, pa tudi napredne proizvodne opreme in odli\u010dne poprodajne storitve. Na\u0161e podjetje nenehno raste in se razvija ter smo prepri\u010dani, da lahko svojim strankam zagotovimo kakovostne izdelke in storitve.<\/p>\n<p><img decoding=\"async\" src=\"https:\/\/hzpt.com\/wp-content\/uploads\/2024\/11\/songte-company-1.webp\"><\/p>\n<p>Avtor: lyl<\/p>","protected":false},"excerpt":{"rendered":"<p>Bucket Cylinder For Hyundai Middle Excavator R170LC-5 Introduction The Bucket Cylinder for Hyundai Middle Excavator R170LC-5 is a specialized hydraulic cylinder primarily used to control the motion of excavator buckets in heavy machinery such as excavators, backhoe excavators, and front-end loaders. Its main function is to enable the bucket to lift, lower, and tilt, making [&hellip;]<\/p>","protected":false},"featured_media":14789,"comment_status":"open","ping_status":"closed","template":"","meta":{"_et_pb_use_builder":"","_et_pb_old_content":"","_et_gb_content_width":""},"product_brand":[],"product_cat":[1494],"product_tag":[1495,1496],"class_list":{"0":"post-15312","1":"product","2":"type-product","3":"status-publish","4":"has-post-thumbnail","6":"product_cat-bucket-cylinders","7":"product_tag-bucket-cylinders","8":"product_tag-hydraulic-cylinders","10":"first","11":"instock","12":"shipping-taxable","13":"product-type-simple"},"amp_enabled":true,"_links":{"self":[{"href":"https:\/\/www.hydraulic-cylinders.net\/sl\/wp-json\/wp\/v2\/product\/15312","targetHints":{"allow":["GET"]}}],"collection":[{"href":"https:\/\/www.hydraulic-cylinders.net\/sl\/wp-json\/wp\/v2\/product"}],"about":[{"href":"https:\/\/www.hydraulic-cylinders.net\/sl\/wp-json\/wp\/v2\/types\/product"}],"replies":[{"embeddable":true,"href":"https:\/\/www.hydraulic-cylinders.net\/sl\/wp-json\/wp\/v2\/comments?post=15312"}],"wp:featuredmedia":[{"embeddable":true,"href":"https:\/\/www.hydraulic-cylinders.net\/sl\/wp-json\/wp\/v2\/media\/14789"}],"wp:attachment":[{"href":"https:\/\/www.hydraulic-cylinders.net\/sl\/wp-json\/wp\/v2\/media?parent=15312"}],"wp:term":[{"taxonomy":"product_brand","embeddable":true,"href":"https:\/\/www.hydraulic-cylinders.net\/sl\/wp-json\/wp\/v2\/product_brand?post=15312"},{"taxonomy":"product_cat","embeddable":true,"href":"https:\/\/www.hydraulic-cylinders.net\/sl\/wp-json\/wp\/v2\/product_cat?post=15312"},{"taxonomy":"product_tag","embeddable":true,"href":"https:\/\/www.hydraulic-cylinders.net\/sl\/wp-json\/wp\/v2\/product_tag?post=15312"}],"curies":[{"name":"delovni list","href":"https:\/\/api.w.org\/{rel}","templated":true}]}}