{"id":15314,"date":"2025-01-19T14:22:28","date_gmt":"2025-01-19T14:22:28","guid":{"rendered":"https:\/\/www.hydraulic-cylinders.net\/product\/bucket-cylinder-for-hyundai-middle-excavator-r210-5d\/"},"modified":"2025-01-19T14:22:29","modified_gmt":"2025-01-19T14:22:29","slug":"bucket-cylinder-for-hyundai-middle-excavator-r210-5d","status":"publish","type":"product","link":"https:\/\/www.hydraulic-cylinders.net\/sl\/izdelek\/bucket-cylinder-for-hyundai-middle-excavator-r210-5d\/","title":{"rendered":"Cilinder \u017elice za srednji bager Hyundai R210-5D"},"content":{"rendered":"<h1>Cilinder \u017elice za srednji bager Hyundai R210-5D<\/h1>\n<h2>Uvod<\/h2>\n<p>Hidravli\u010dni valj \u017elice je posebej zasnovan hidravli\u010dni valj, ki se uporablja za krmiljenje gibanja \u017elice v te\u017ekih strojih, kot so bagri, bagri nakladalniki in \u010delni nakladalniki. Njegova glavna funkcija je omogo\u010danje dvigovanja, spu\u0161\u010danja in nagibanja \u017elice, kar olaj\u0161a razli\u010dna opravila ravnanja z materiali. V hidravli\u010dnem sistemu valj \u017elice dose\u017ee natan\u010den nadzor nad \u017elico s spreminjanjem tlaka hidravli\u010dnega olja, kar omogo\u010da upravljavcem u\u010dinkovito ravnanje s te\u017ekimi predmeti in prilagajanje kompleksnim delovnim okoljem ter raznolikim operativnim zahtevam.<\/p>\n<p><img decoding=\"async\" src=\"https:\/\/www.hydraulic-cylinders.net\/wp-content\/uploads\/2025\/01\/songte-company-2.webp\" \/><\/p>\n<h2>Zna\u010dilnosti<\/h2>\n<ul>\n<li>\n<h3>Visoka trdnost in vzdr\u017eljivost<\/h3>\n<p>Valji z \u017elico so obi\u010dajno izdelani iz visoko trdnega jekla ali aluminija, ki lahko prenesejo visok tlak in velike obremenitve, ter so zasnovani z mislijo na odpornost proti obrabi in koroziji, da se podalj\u0161a njihova \u017eivljenjska doba.<\/p>\n<\/li>\n<li>\n<h3>U\u010dinkovito hidravli\u010dno delovanje<\/h3>\n<p>Valji \u017elice izkori\u0161\u010dajo tlak hidravli\u010dnega olja za doseganje gladkega raztezanja in kr\u010denja, se hitro odzivajo na krmilne ukaze, zagotavljajo mo\u010dne potisne in vle\u010dne sile ter so idealni za ravnanje s te\u017ekimi predmeti in kompleksne operativne naloge.<\/p>\n<\/li>\n<li>\n<h3>Razli\u010dne vrste<\/h3>\n<p>Valji \u017elice so lahko glede na operativne zahteve enosmerno delujo\u010di (hidravli\u010dni, ki se uporabljajo samo v eni smeri) ali dvosmerno delujo\u010di (hidravli\u010dni, ki se uporabljajo v dveh smereh). Nekateri modeli so teleskopski, kar omogo\u010da ve\u010dji razteg brez pove\u010danja zunanjih dimenzij, primerni za uporabo z omejenim prostorom.<\/p>\n<\/li>\n<li>\n<h3>Popolna zamenjava<\/h3>\n<p>Na\u0161i izdelki lahko popolnoma nadomestijo te hidravli\u010dne cilindre.<\/p>\n<\/li>\n<\/ul>\n<p><img decoding=\"async\" src=\"https:\/\/www.hydraulic-cylinders.net\/wp-content\/uploads\/2025\/01\/songte-cylinder-head-with-all-kinds-excavator-models.webp\" \/><\/p>\n<h2>Aplikacije<\/h2>\n<p>Valji z \u017elico se pogosto uporabljajo v razli\u010dnih panogah za razli\u010dne namene, vklju\u010dno z:<\/p>\n<ul>\n<li>\n<h3>Gradbena oprema<\/h3>\n<p>Cilindri \u017elice so bistveni za bagre pri kopanju, nakladanju in premikanju zemlje ali ru\u0161evin. Pri bagrih nakladalnikih cilindri \u017elice pomagajo tako pri kopanju kot pri dvigovanju.<\/p>\n<\/li>\n<li>\n<h3>Kmetijska mehanizacija<\/h3>\n<p>Cilindri \u017elice se uporabljajo v \u010delnih nakladalnikih za zajemanje, dvigovanje in prevoz zemlje, sena in drugih materialov. Pri bagrih cilinder \u017elice omogo\u010da kopanje, saj \u017elici omogo\u010da, da prodre v zemljo.<\/p>\n<\/li>\n<li>\n<h3>Nakladalnik<\/h3>\n<p>Cilindri \u017elice pomagajo pri u\u010dinkovitem dvigovanju in razkladanju blaga pri \u010delnih nakladalnikih.<\/p>\n<\/li>\n<\/ul>\n<h2>Oblikovalski vidiki in izbirna merila<\/h2>\n<ul>\n<li>\n<h3>Nosilnost<\/h3>\n<p>Jeklenka mora biti zasnovana tako, da prenese visoke obremenitve in tlak, uporabljeni materiali pa morajo biti zelo trpe\u017eni in odporni proti obrabi in koroziji.<\/p>\n<\/li>\n<li>\n<h3>Tesnjenje in mazanje<\/h3>\n<p>Valj mora uporabljati razli\u010dna tesnila, kot so tesnilni obro\u010di bata in tesnilni obro\u010di palice, izdelani iz materialov, odpornih proti obrabi, kot sta poliuretan in nitrilna guma. Telo valja in povr\u0161ine navojnih kon\u010dnic morajo biti fino obdelane za izbolj\u0161anje odpornosti proti obrabi. Za mazanje je treba redno dodajati ustrezno koli\u010dino hidravli\u010dnega olja.<\/p>\n<\/li>\n<li>\n<h3>Vzdr\u017eljivost in varnost<\/h3>\n<p>Jeklenka mora biti zasnovana z mislijo na varnost, z ukrepi, kot so varnostni ventili. Za zagotovitev njene vzdr\u017eljivosti in varnosti je treba izvajati pravilno vzdr\u017eevanje in redne preglede.<\/p>\n<\/li>\n<\/ul>\n<p><img decoding=\"async\" src=\"https:\/\/www.hydraulic-cylinders.net\/wp-content\/uploads\/2025\/01\/songte-oil-pipes-and-spare-parts.webp\" \/><\/p>\n<h2>Vzdr\u017eevanje in popravila<\/h2>\n<p>Redno vzdr\u017eevanje in ustrezno mazanje sta potrebna za dolgo \u017eivljenjsko dobo cilindrov \u017elice. Pogosta vzdr\u017eevalna opravila vklju\u010dujejo:<\/p>\n<ul>\n<li>\n<h3>Periodi\u010dni pregled<\/h3>\n<p>Redno pregledujte jeklenko, da zagotovite pravilno delovanje in odkrijete morebitne te\u017eave.<\/p>\n<\/li>\n<li>\n<h3>Mazanje<\/h3>\n<p>Redno dodajajte ustrezno koli\u010dino hidravli\u010dnega olja, da zagotovite pravilno mazanje valja.<\/p>\n<\/li>\n<li>\n<h3>Zamenjava tesnila<\/h3>\n<p>Zamenjava tesnil, kot so tesnilni obro\u010di bata in tesnilni obro\u010di batnice, kadar je to potrebno za ohranitev celovitosti valja.<\/p>\n<\/li>\n<li>\n<h3>Preverjanje kalibracije<\/h3>\n<p>Redno preverjanje kalibracije cilindra, da se zagotovi njegovo pravilno delovanje.<\/p>\n<\/li>\n<\/ul>\n<p><img decoding=\"async\" src=\"https:\/\/www.hydraulic-cylinders.net\/wp-content\/uploads\/2025\/01\/songte-chushion-collar.webp\" \/><\/p>\n<h2>Varnostni in okoljski vidiki<\/h2>\n<p>Pri uporabi cilindrov z \u017elico je treba upo\u0161tevati varnostne ukrepe, da se \u010dim bolj zmanj\u0161a tveganje za po\u0161kodbe upravljavcev in mimoido\u010dih. Prav tako je bistveno upo\u0161tevati okoljske dejavnike, kot je pravilno odstranjevanje rabljenega hidravli\u010dnega olja in tesnil, da se zmanj\u0161a onesna\u017eevanje.<\/p>\n<h2>Odpravljanje te\u017eav in pogoste te\u017eave<\/h2>\n<p>Med pogoste te\u017eave z cilindri vedra spadajo pu\u0161\u010danje, po\u010dasno delovanje in nizek tlak. Nasveti in re\u0161itve za odpravljanje te\u017eav vklju\u010dujejo:<\/p>\n<ul>\n<li>\n<h3>Pu\u0161\u010danje<\/h3>\n<p>Preverite tesnila in jih po potrebi zamenjajte.<\/p>\n<\/li>\n<li>\n<h3>Po\u010dasno delovanje<\/h3>\n<p>Preverite, ali je nivo hidravli\u010dnega olja zadosten, in po potrebi prilagodite regulacijski ventil.<\/p>\n<\/li>\n<li>\n<h3>Nizek tlak<\/h3>\n<p>Preverite, ali hidravli\u010dna \u010drpalka deluje pravilno, in po potrebi prilagodite varnostni ventil.<\/p>\n<\/li>\n<li>\n<h3>Preventivni ukrepi<\/h3>\n<p>Redno vzdr\u017eevanje in pregledi lahko pomagajo prepre\u010diti pogoste te\u017eave in zagotoviti dolgo \u017eivljenjsko dobo jeklenke.<\/p>\n<\/li>\n<\/ul>\n<p><img decoding=\"async\" src=\"https:\/\/www.hydraulic-cylinders.net\/wp-content\/uploads\/2025\/01\/songte-bushings-with-all-kinds-of-excavator-models.webp\" \/><\/p>\n<h2>O nas<\/h2>\n<p>Smo proizvajalec nadomestnih hidravli\u010dnih cilindrov. Na\u0161a \u0161iroka paleta izdelkov nas je uvrstila med vodilne proizvajalce in veletrgovce hidravli\u010dnih cilindrov na doma\u010dem in mednarodnem trgu. Sledimo na\u010delu odli\u010dne kakovosti in se zana\u0161amo na industrializirane strategije upravljanja proizvodnje na\u0161ih sofisticiranih proizvodnih delavnic. S poudarkom na tehnolo\u0161kih talentih, digitalni vrhunski proizvodni opremi in profesionalnih sistemih testiranja se na\u0161a proizvodna platforma nenehno izbolj\u0161uje, izpopolnjuje kakovost izdelkov in proizvodne poti, da bi zadovoljila raznolike zahteve strank z visoko u\u010dinkovitostjo, natan\u010dnostjo in kakovostjo.<\/p>\n<h3>Profesionalnost<\/h3>\n<p>Na\u0161e podjetje je zavezano k zagotavljanju profesionalnih in zanesljivih izdelkov in re\u0161itev za hidravli\u010dne cilindre, ki jih podpira ekipa usposobljenih in\u017eenirjev in tehnikov z izku\u0161njami na podro\u010dju hidravli\u010dnih strojev.<\/p>\n<h3>Mednarodno certificiranje<\/h3>\n<p>Na\u0161e podjetje je pridobilo mednarodni certifikat, kot je ISO9001, ki zagotavlja kakovost na\u0161ih izdelkov.<\/p>\n<h3>Prilagojena storitev<\/h3>\n<p>Ponujamo storitve po meri, ki so prilagojene specifi\u010dnim zahtevam na\u0161ih strank.<\/p>\n<h3>Proizvodna oprema<\/h3>\n<p>Na\u0161e podjetje ima napredno proizvodno opremo in opremo za testiranje, kar zagotavlja, da na\u0161i izdelki izpolnjujejo visoke standarde.<\/p>\n<h3>Poprodajne storitve<\/h3>\n<p>Na\u0161e podjetje nudi celovito in pravo\u010dasno poprodajno storitev za zagotovitev zadovoljstva strank.<\/p>\n<p><img decoding=\"async\" src=\"https:\/\/hzpt.com\/wp-content\/uploads\/2024\/11\/songte-company-1.webp\" \/><\/p>\n<p>Avtor: lyl.<\/p>","protected":false},"excerpt":{"rendered":"<p>Bucket Cylinder For Hyundai Middle Excavator R210-5D Introduction A bucket cylinder is a specially designed hydraulic cylinder used to control the movement of the bucket in heavy machinery, such as excavators, backhoe loaders, and front-end loaders. Its main function is to enable the bucket to lift, lower, and tilt, thus facilitating various material handling tasks. [&hellip;]<\/p>","protected":false},"featured_media":14787,"comment_status":"open","ping_status":"closed","template":"","meta":{"_et_pb_use_builder":"","_et_pb_old_content":"","_et_gb_content_width":""},"product_brand":[],"product_cat":[1494],"product_tag":[1495,1496],"class_list":{"0":"post-15314","1":"product","2":"type-product","3":"status-publish","4":"has-post-thumbnail","6":"product_cat-bucket-cylinders","7":"product_tag-bucket-cylinders","8":"product_tag-hydraulic-cylinders","10":"first","11":"instock","12":"shipping-taxable","13":"product-type-simple"},"amp_enabled":true,"_links":{"self":[{"href":"https:\/\/www.hydraulic-cylinders.net\/sl\/wp-json\/wp\/v2\/product\/15314","targetHints":{"allow":["GET"]}}],"collection":[{"href":"https:\/\/www.hydraulic-cylinders.net\/sl\/wp-json\/wp\/v2\/product"}],"about":[{"href":"https:\/\/www.hydraulic-cylinders.net\/sl\/wp-json\/wp\/v2\/types\/product"}],"replies":[{"embeddable":true,"href":"https:\/\/www.hydraulic-cylinders.net\/sl\/wp-json\/wp\/v2\/comments?post=15314"}],"wp:featuredmedia":[{"embeddable":true,"href":"https:\/\/www.hydraulic-cylinders.net\/sl\/wp-json\/wp\/v2\/media\/14787"}],"wp:attachment":[{"href":"https:\/\/www.hydraulic-cylinders.net\/sl\/wp-json\/wp\/v2\/media?parent=15314"}],"wp:term":[{"taxonomy":"product_brand","embeddable":true,"href":"https:\/\/www.hydraulic-cylinders.net\/sl\/wp-json\/wp\/v2\/product_brand?post=15314"},{"taxonomy":"product_cat","embeddable":true,"href":"https:\/\/www.hydraulic-cylinders.net\/sl\/wp-json\/wp\/v2\/product_cat?post=15314"},{"taxonomy":"product_tag","embeddable":true,"href":"https:\/\/www.hydraulic-cylinders.net\/sl\/wp-json\/wp\/v2\/product_tag?post=15314"}],"curies":[{"name":"delovni list","href":"https:\/\/api.w.org\/{rel}","templated":true}]}}