{"id":15324,"date":"2025-01-19T14:23:14","date_gmt":"2025-01-19T14:23:14","guid":{"rendered":"https:\/\/www.hydraulic-cylinders.net\/product\/bucket-cylinder-for-hyundai-large-excavator-r350lc-7\/"},"modified":"2025-01-19T14:23:16","modified_gmt":"2025-01-19T14:23:16","slug":"bucket-cylinder-for-hyundai-large-excavator-r350lc-7","status":"publish","type":"product","link":"https:\/\/www.hydraulic-cylinders.net\/sl\/izdelek\/bucket-cylinder-for-hyundai-large-excavator-r350lc-7\/","title":{"rendered":"Cilinder \u017elice za velik bager Hyundai R350LC-7"},"content":{"rendered":"<h1>Cilinder \u017elice za velik bager Hyundai R350LC-7<\/h1>\n<h2>Uvod<\/h2>\n<h3>Definiranje valja vedra<\/h3>\n<p>Hidravli\u010dni valj \u017elice je posebej zasnovan hidravli\u010dni valj, ki se uporablja predvsem za nadzor gibanja \u017elice v te\u017ekih strojih, kot so bagri, bagri nakladalniki in \u010delni nakladalniki. Njegova glavna funkcija je omogo\u010diti dvigovanje, spu\u0161\u010danje in nagibanje \u017elice, kar olaj\u0161a izvajanje razli\u010dnih nalog ravnanja z materiali. V hidravli\u010dnem sistemu valj \u017elice dose\u017ee natan\u010den nadzor nad \u017elico s spremembo tlaka hidravli\u010dnega olja, kar upravljavcu omogo\u010da u\u010dinkovito ravnanje s te\u017ekimi bremeni in prilagajanje kompleksnim delovnim okoljem ter raznolikim potrebam dela.<\/p>\n<p><img decoding=\"async\" src=\"https:\/\/www.hydraulic-cylinders.net\/wp-content\/uploads\/2025\/01\/songte-company-2.webp\" alt=\"Slika valjaste \u017elice\"><\/p>\n<h3>Zna\u010dilnosti<\/h3>\n<ul>\n<li>Visoka trdnost in vzdr\u017eljivost: Obi\u010dajno je izdelan iz visoko trdnega jekla ali aluminija, lahko prenese visok tlak in velike obremenitve, se prilagodi zahtevnim delovnim okoljem ter upo\u0161teva odpornost proti obrabi in koroziji, kar podalj\u0161a \u017eivljenjsko dobo.<\/li>\n<li>U\u010dinkovito hidravli\u010dno delovanje: Gladki gibi iztegovanja in kr\u010denja se dose\u017eejo s tlakom hidravli\u010dnega olja, kar zagotavlja mo\u010dne potisne in vle\u010dne sile, primerne za ravnanje s te\u017ekimi bremeni in kompleksnimi delovnimi nalogami.<\/li>\n<li>Razli\u010dne vrste: Za razli\u010dne obratovalne zahteve je mogo\u010de izbrati enosmerno delujo\u010de (hidravli\u010dni samo v eno smer) ali dvosmerno delujo\u010de (hidravli\u010dni v obe smeri) cilindre. Nekateri modeli so teleskopski, kar omogo\u010da ve\u010dji razteg brez pove\u010danja zunanjih dimenzij, primerni za uporabo z omejenim prostorom.<\/li>\n<li>Enostavna zamenjava: Na\u0161 izdelek lahko popolnoma nadomesti te hidravli\u010dne cilindre.<\/li>\n<\/ul>\n<p><img decoding=\"async\" src=\"https:\/\/www.hydraulic-cylinders.net\/wp-content\/uploads\/2025\/01\/songte-cylinder-head-with-all-kinds-excavator-models.webp\" alt=\"Slika zamenjave cilindra vedra\"><\/p>\n<h3>Aplikacije<\/h3>\n<p>Cilinder z \u017elico se pogosto uporablja na razli\u010dnih podro\u010djih, vklju\u010dno z:<\/p>\n<h4>Gradbena oprema<\/h4>\n<ul>\n<li>Bagri: Cilindri \u017elice bagra omogo\u010dajo izkopavanje in kopanje. <\/li>\n<li>Bager nakladalnik: Cilindri \u017elice bager nakladalnika prispevajo tako k izkopu kot k dvigovanju.<\/li>\n<\/ul>\n<h4>Kmetijska mehanizacija<\/h4>\n<ul>\n<li>\u010celni nakladalniki: Uporabljajo se za pobiranje, dvigovanje in prevoz zemlje, sena in drugih materialov.<\/li>\n<\/ul>\n<p>To je le nekaj primerov \u0161tevilnih uporab vedrnih cilindrov.<\/p>\n<h3>Oblikovalski vidiki in izbirna merila<\/h3>\n<p>Pri na\u010drtovanju in izbiri cilindrov z \u017elico se upo\u0161teva nekaj klju\u010dnih dejavnikov:<\/p>\n<h4>Nosilnost<\/h4>\n<p>Jeklenka mora biti sposobna prenesti velike obremenitve brez deformacij ali okvar, kar zagotavlja dolgoro\u010dno varno in zanesljivo delovanje.<\/p>\n<h4>Tesnjenje<\/h4>\n<p>Tesnilni sistem mora biti sposoben prepre\u010diti ali zmanj\u0161ati notranje in zunanje pu\u0161\u010danje hidravli\u010dnega olja ter zagotoviti u\u010dinkovito in \u010disto delovanje.<\/p>\n<h4>Vzdr\u017eljivost<\/h4>\n<p>Jeklenka mora biti trpe\u017ena in odporna proti obrabi, koroziji ter po\u0161kodbam zaradi okolja in zunanjih sil, kar zagotavlja dolgo \u017eivljenjsko dobo.<\/p>\n<h4>Varnost<\/h4>\n<p>Jeklenka mora biti zasnovana in izdelana tako, da zagotavlja varno in zanesljivo delovanje ter \u0161\u010diti upravljavce in opremo pred nesre\u010dami in po\u0161kodbami.<\/p>\n<h4>Vzdr\u017eevanje<\/h4>\n<p>Jeklenka mora biti zasnovana tako, da jo je enostavno vzdr\u017eevati, kar omogo\u010da enostaven dostop do notranjih komponent in zamenjavo obrabnih delov, kar zmanj\u0161uje \u010das izpada in stro\u0161ke vzdr\u017eevanja.<\/p>\n<p><img decoding=\"async\" src=\"https:\/\/www.hydraulic-cylinders.net\/wp-content\/uploads\/2025\/01\/songte-oil-pipes-and-spare-parts.webp\" alt=\"Slika zasnove valja vedra\"><\/p>\n<h3>Tesnjenje in mazanje<\/h3>\n<p>Valj \u017elice uporablja razli\u010dne tesnilne elemente, kot so tesnila bata in tesnila palice, izdelana iz materialov, odpornih proti obrabi, kot sta poliuretan in nitrilna guma, da prepre\u010di notranje in zunanje pu\u0161\u010danje olja. Telo valja in navojna kon\u010dna povr\u0161ina sta fino obdelana za pove\u010danje odpornosti proti obrabi.<\/p>\n<p>Za nemoteno delovanje je potreben redno mazanje valja. Priporo\u010dljivo je uporabljati ustrezno hidravli\u010dno olje in ga redno dodajati v ustreznih koli\u010dinah.<\/p>\n<h3>Vzdr\u017eevanje in popravila<\/h3>\n<p>Redni pregledi in preventivno vzdr\u017eevanje so bistveni za zagotovitev dolgoro\u010dnega in zanesljivega delovanja cilindra vedra. Priporo\u010damo naslednja vzdr\u017eevalna opravila:<\/p>\n<ul>\n<li>Redni pregled<\/li>\n<li>Pravilno mazanje<\/li>\n<li>Zamenjava tesnila<\/li>\n<li>Preverjanje kalibracije<\/li>\n<\/ul>\n<p>Pomembno je zagotoviti ustrezna navodila za pravilno namestitev cilindra, vklju\u010dno s pravilno poravnavo cilindra in uporabo ustreznih monta\u017enih nosilcev za pritrditev cilindra. Navedeni so priporo\u010deni postopki pregleda, popravila in zamenjave, vklju\u010dno z nadomestnimi deli in storitvami obnove, da se podalj\u0161a \u017eivljenjska doba cilindra z \u017elico.<\/p>\n<p><img decoding=\"async\" src=\"https:\/\/www.hydraulic-cylinders.net\/wp-content\/uploads\/2025\/01\/songte-chushion-collar.webp\" alt=\"Slika vzdr\u017eevanja cilindra vedra\"><\/p>\n<h3>Varnostni vidiki in okoljski dejavniki<\/h3>\n<p>Valj \u017elice je klju\u010dni sestavni del te\u017ekih strojev, zato so varnostni vidiki izjemnega pomena. Sprejeti je treba ustrezne ukrepe za zagotovitev varnega delovanja in prepre\u010devanje nesre\u010d ali po\u0161kodb.<\/p>\n<p>Okoljski dejavniki, kot so temperatura, vla\u017enost in onesna\u017eenost, lahko vplivajo na delovanje in \u017eivljenjsko dobo jeklenke. Sprejeti je treba ustrezne ukrepe za za\u0161\u010dito jeklenke in zagotovitev pravilnega delovanja.<\/p>\n<h3>Odpravljanje te\u017eav in pogoste te\u017eave<\/h3>\n<p>Pogoste te\u017eave, povezane z cilindrom \u017elice, vklju\u010dujejo pu\u0161\u010danje olja, po\u010dasno delovanje in nenavaden hrup. Na voljo so nasveti in re\u0161itve za odpravljanje te\u017eav, ki pomagajo diagnosticirati in odpraviti te\u017eave, ter preventivni ukrepi za zmanj\u0161anje morebitnih te\u017eav.<\/p>\n<p><img decoding=\"async\" src=\"https:\/\/www.hydraulic-cylinders.net\/wp-content\/uploads\/2025\/01\/songte-bushings-with-all-kinds-of-excavator-models.webp\" alt=\"Slika odpravljanja te\u017eav z valjem \u017elice\"><\/p>\n<h2>O na\u0161em podjetju<\/h2>\n<p>Smo proizvajalec nadomestnih hidravli\u010dnih cilindrov s celotno paleto izdelkov in postajamo eden vodilnih proizvajalcev in veleprodajnih distributerjev hidravli\u010dnih cilindrov na doma\u010dem in tujem trgu. Dr\u017eimo se na\u010dela odli\u010dnosti v kakovosti, se zana\u0161amo na strategije upravljanja industrijske proizvodnje v finih proizvodnih delavnicah in nenehno izbolj\u0161ujemo proizvodno platformo delavnice ter izpopolnjujemo proizvodno linijo za kakovost izdelkov. Na\u0161e podjetje ima mo\u010dno ustvarjalnost, visoko u\u010dinkovitost, visoko natan\u010dnost in visokokakovostna na\u010dela, da bi zadovoljilo raznolike potrebe strank.<\/p>\n<h3>Profesionalnost<\/h3>\n<p>Na\u0161a ekipa je sestavljena iz strokovnjakov z bogatimi izku\u0161njami v panogi, ki so zavezani zagotavljanju visokokakovostnih izdelkov in storitev.<\/p>\n<h3>Mednarodno certificiranje<\/h3>\n<p>Pridobili smo mednarodne certifikate, kot so ISO 9001, CE in SGS, kar zagotavlja, da na\u0161i izdelki izpolnjujejo visoke standarde kakovosti.<\/p>\n<h3>Storitve prilagajanja<\/h3>\n<p>Ponujamo storitve prilagajanja, ki ustrezajo specifi\u010dnim potrebam in zahtevam strank, ter zagotavljamo re\u0161itve po meri za razli\u010dne aplikacije.<\/p>\n<h3>Proizvodna oprema<\/h3>\n<p>Na\u0161e podjetje ima napredno proizvodno opremo in tehnologijo, vklju\u010dno s CNC obdelovalnimi centri, varilnimi roboti in drugo vrhunsko digitalno proizvodno opremo.<\/p>\n<h3>Poprodajne storitve<\/h3>\n<p>Nudimo celovito poprodajno storitev, vklju\u010dno s tehni\u010dno podporo, popravilom in vzdr\u017eevanjem, da zagotovimo zadovoljstvo strank in dolgoro\u010dno sodelovanje.<\/p>\n<p><img decoding=\"async\" src=\"https:\/\/www.hydraulic-cylinders.net\/wp-content\/uploads\/2025\/01\/songte-company-3.webp\" alt=\"Slika podjetja z valjem za vedro\"><\/p>\n<p>Avtor: lyl<\/p>","protected":false},"excerpt":{"rendered":"<p>Bucket Cylinder For Hyundai Large Excavator R350LC-7 Introduction Defining the Bucket Cylinder A bucket cylinder is a specially designed hydraulic cylinder that is primarily used to control the movement of the bucket in heavy machinery such as excavators, backhoe loaders, and front-end loaders. Its main function is to enable the bucket to lift, lower, and [&hellip;]<\/p>","protected":false},"featured_media":14765,"comment_status":"open","ping_status":"closed","template":"","meta":{"_et_pb_use_builder":"","_et_pb_old_content":"","_et_gb_content_width":""},"product_brand":[],"product_cat":[1494],"product_tag":[1495,1496],"class_list":{"0":"post-15324","1":"product","2":"type-product","3":"status-publish","4":"has-post-thumbnail","6":"product_cat-bucket-cylinders","7":"product_tag-bucket-cylinders","8":"product_tag-hydraulic-cylinders","10":"first","11":"instock","12":"shipping-taxable","13":"product-type-simple"},"amp_enabled":true,"_links":{"self":[{"href":"https:\/\/www.hydraulic-cylinders.net\/sl\/wp-json\/wp\/v2\/product\/15324","targetHints":{"allow":["GET"]}}],"collection":[{"href":"https:\/\/www.hydraulic-cylinders.net\/sl\/wp-json\/wp\/v2\/product"}],"about":[{"href":"https:\/\/www.hydraulic-cylinders.net\/sl\/wp-json\/wp\/v2\/types\/product"}],"replies":[{"embeddable":true,"href":"https:\/\/www.hydraulic-cylinders.net\/sl\/wp-json\/wp\/v2\/comments?post=15324"}],"wp:featuredmedia":[{"embeddable":true,"href":"https:\/\/www.hydraulic-cylinders.net\/sl\/wp-json\/wp\/v2\/media\/14765"}],"wp:attachment":[{"href":"https:\/\/www.hydraulic-cylinders.net\/sl\/wp-json\/wp\/v2\/media?parent=15324"}],"wp:term":[{"taxonomy":"product_brand","embeddable":true,"href":"https:\/\/www.hydraulic-cylinders.net\/sl\/wp-json\/wp\/v2\/product_brand?post=15324"},{"taxonomy":"product_cat","embeddable":true,"href":"https:\/\/www.hydraulic-cylinders.net\/sl\/wp-json\/wp\/v2\/product_cat?post=15324"},{"taxonomy":"product_tag","embeddable":true,"href":"https:\/\/www.hydraulic-cylinders.net\/sl\/wp-json\/wp\/v2\/product_tag?post=15324"}],"curies":[{"name":"delovni list","href":"https:\/\/api.w.org\/{rel}","templated":true}]}}