{"id":15331,"date":"2025-01-19T14:23:44","date_gmt":"2025-01-19T14:23:44","guid":{"rendered":"https:\/\/www.hydraulic-cylinders.net\/product\/bucket-cylinder-for-hyundai-large-excavator-r450lc-5\/"},"modified":"2025-01-19T14:23:46","modified_gmt":"2025-01-19T14:23:46","slug":"bucket-cylinder-for-hyundai-large-excavator-r450lc-5","status":"publish","type":"product","link":"https:\/\/www.hydraulic-cylinders.net\/sl\/izdelek\/bucket-cylinder-for-hyundai-large-excavator-r450lc-5\/","title":{"rendered":"Cilinder \u017elice za velik bager Hyundai R450LC-5"},"content":{"rendered":"<p><!--Title--><\/p>\n<h1>Cilinder \u017elice za velik bager Hyundai R450LC-5<\/h1>\n<p><!--Introduction--><\/p>\n<h2>Uvod<\/h2>\n<p>Hidravli\u010dni cilinder \u017elice za velik bager Hyundai R450LC-5 je specializiran hidravli\u010dni cilinder, ki se uporablja za krmiljenje gibanja \u017elice v te\u017ekih strojih, kot so bagri, bagri in \u010delni nakladalniki. Njegova glavna funkcija je omogo\u010danje dvigovanja, spu\u0161\u010danja in nagibanja \u017elice, kar olaj\u0161a opravljanje razli\u010dnih nalog ravnanja z materiali. V hidravli\u010dnem sistemu cilinder \u017elice krmili natan\u010dno gibanje \u017elice s spreminjanjem tlaka hidravli\u010dnega olja, kar omogo\u010da upravljavcem u\u010dinkovito ravnanje s te\u017ekimi bremeni in prilagajanje kompleksnim delovnim okoljem ter raznolikim operativnim zahtevam.<\/p>\n<p><!--Product Image--><br \/>\n<img decoding=\"async\" src=\"https:\/\/www.hydraulic-cylinders.net\/wp-content\/uploads\/2025\/01\/songte-company-2.webp\" alt=\"Slika valjaste \u017elice\"><\/p>\n<p><!--Product Features--><\/p>\n<h2>Zna\u010dilnosti izdelka<\/h2>\n<ul>\n<li>Visoka trdnost in vzdr\u017eljivost: Obi\u010dajno so izdelani iz visoko trdnega jekla ali aluminija, sposobni prenesti visok tlak in velike obremenitve, primerni za zahtevna delovna okolja, zasnovani z mislijo na odpornost proti obrabi in koroziji ter podalj\u0161ajo \u017eivljenjsko dobo.<\/li>\n<li>U\u010dinkovito hidravli\u010dno delovanje: Gladko iztegovanje in vstavljanje se dose\u017ee s hidravli\u010dnim tlakom olja, ki se hitro odziva na ukaze za upravljanje, zagotavlja mo\u010dne potisne in vle\u010dne sile ter je primeren za ravnanje s te\u017ekimi bremeni in kompleksnimi delovnimi nalogami.<\/li>\n<li>Razli\u010dne vrste: Enojno delujo\u010di (hidravlika se uporablja samo v eni smeri) ali dvostransko delujo\u010di (hidravlika se uporablja v obeh smereh) cilindri se lahko izberejo glede na potrebe in razli\u010dne operativne zahteve. Nekateri modeli so teleskopski, kar omogo\u010da ve\u010dji razteg brez pove\u010danja zunanjih dimenzij, primerni za uporabo v omejenem prostoru.<\/li>\n<li>Popolna zamenjava: Na\u0161i izdelki lahko popolnoma nadomestijo te hidravli\u010dne cilindre.<\/li>\n<\/ul>\n<p><!--Product Replacement Image--><br \/>\n<img decoding=\"async\" src=\"https:\/\/www.hydraulic-cylinders.net\/wp-content\/uploads\/2025\/01\/songte-cylinder-head-with-all-kinds-excavator-models.webp\" alt=\"Slika zamenjave izdelka\"><\/p>\n<p><!--Product Applications--><\/p>\n<h2>Uporaba izdelkov<\/h2>\n<p>Vedro valja se pogosto uporablja v razli\u010dnih industrijskih aplikacijah, vklju\u010dno z, vendar ne omejeno na:<\/p>\n<ul>\n<li>Gradbena oprema: Pri bagrih so bistveni za izkopavanje, nakladanje in premikanje zemlje ali ru\u0161evin. Pri bagrih nakladalnikih cilinder \u017elice pomaga tako pri izkopavanju kot pri dvigovanju.<\/li>\n<li>Kmetijska mehanizacija: Uporablja se za \u010delne nakladalnike, pobiranje, dvigovanje in prevoz zemlje, sena in drugih materialov. Cilinder \u017elice v bagrih omogo\u010da kopanje, saj \u017elici omogo\u010da, da prodre v zemljo.<\/li>\n<li>Nakladalci: Pri \u010delnih nakladalcih pomagajo pri u\u010dinkovitem dvigovanju in odlaganju tovora.<\/li>\n<\/ul>\n<p><!--Design and Selection Standards--><\/p>\n<h2>Standardi na\u010drtovanja in izbire<\/h2>\n<p>Standardi za na\u010drtovanje in izbiro cilindrov \u017elice vklju\u010dujejo:<\/p>\n<ul>\n<li>Nosilnost: Morala bi biti sposobna prenesti najve\u010djo te\u017eo in pritisk, ki mu je izpostavljena, kar zagotavlja varno in stabilno delovanje.<\/li>\n<li>Tesnjenje: Valj \u017elice mora biti zatesnjen, da se prepre\u010di pu\u0161\u010danje teko\u010dine in zagotovi u\u010dinkovito hidravli\u010dno delovanje. Za dolgo \u017eivljenjsko dobo je treba uporabiti visokokakovostne tesnilne materiale.<\/li>\n<li>Vzdr\u017eljivost: Cilinder vedra mora imeti odli\u010dno odpornost proti obrabi in koroziji, da se zagotovi dolga \u017eivljenjska doba.<\/li>\n<li>Varnost: Cilinder vedra mora biti zasnovan z varnostnimi elementi, kot so varnostni ventili, da se prepre\u010di preobremenitev ali nenadni padci hidravli\u010dnega tlaka, kar zagotavlja varnost upravljavca.<\/li>\n<li>Vzdr\u017eevanje: Cilinder vedra mora biti zasnovan z mislijo na enostavno vzdr\u017eevanje, kar omogo\u010da enostaven pregled, vzdr\u017eevanje in popravilo, kadar je to potrebno.<\/li>\n<\/ul>\n<p><!--Product Pipes and Spare Parts Image--><br \/>\n<img decoding=\"async\" src=\"https:\/\/www.hydraulic-cylinders.net\/wp-content\/uploads\/2025\/01\/songte-oil-pipes-and-spare-parts.webp\" alt=\"Slika izdelkov, cevi in \u200b\u200brezervnih delov\"><\/p>\n<p><!--Sealing and Lubrication--><\/p>\n<h2>Tesnjenje in mazanje<\/h2>\n<p>U\u010dinkovito delovanje cilindra \u017elice je odvisno od ustreznega tesnjenja in mazanja. Sprejeti so naslednji ukrepi:<\/p>\n<ul>\n<li>Za zagotavljanje tesnjenja se uporabljajo razli\u010dne tesnilne komponente, kot so tesnila bata in tesnila ojnic. Izdelane morajo biti iz materialov, odpornih proti obrabi, kot sta poliuretan in nitrilna guma.<\/li>\n<li>Telo valja in povr\u0161ina navojnega konca sta fino obdelana za izbolj\u0161anje odpornosti proti obrabi.<\/li>\n<li>Valj \u017elice je treba redno mazati z ustrezno koli\u010dino hidravli\u010dnega olja, da se zagotovi nemoteno delovanje in podalj\u0161a \u017eivljenjska doba.<\/li>\n<\/ul>\n<p><!--Maintenance and Repair--><\/p>\n<h2>Vzdr\u017eevanje in popravila<\/h2>\n<p>Redno vzdr\u017eevanje in popravila so bistvenega pomena za dolgo \u017eivljenjsko dobo cilindra vedra. Opraviti je treba naslednja vzdr\u017eevalna opravila:<\/p>\n<ul>\n<li>Redni pregledi: Preverite morebitno pu\u0161\u010danje olja, deformacije in po\u0161kodbe ohi\u0161ja valja, batnice in bata. Zagotovite pravilno namestitev in poravnavo.<\/li>\n<li>Pravilno mazanje: Za nemoteno delovanje redno ma\u017eite valj \u017elice z ustrezno koli\u010dino hidravli\u010dnega olja.<\/li>\n<li>Zamenjava tesnil: Redno menjajte tesnila, da zagotovite dobro tesnjenje.<\/li>\n<li>Preverjanje kalibracije: Izvedite preverjanja kalibracije, da zagotovite varno in natan\u010dno delovanje.<\/li>\n<\/ul>\n<p><!--Product Cushion Collar Image--><br \/>\n<img decoding=\"async\" src=\"https:\/\/www.hydraulic-cylinders.net\/wp-content\/uploads\/2025\/01\/songte-chushion-collar.webp\" alt=\"Slika ovratnika z blazino izdelka\"><\/p>\n<p><!--Safety Considerations--><\/p>\n<h2>Varnostni vidiki<\/h2>\n<p>Pri uporabi jeklenke z vedrom je treba upo\u0161tevati naslednje varnostne ukrepe:<\/p>\n<ul>\n<li>Zagotovite pravilno namestitev in poravnavo, da se izognete nesre\u010dam.<\/li>\n<li>Upo\u0161tevajte navodila za uporabo in varnostne ukrepe proizvajalca.<\/li>\n<li>Nosite ustrezno osebno za\u0161\u010ditno opremo (OZO), kot so rokavice, za\u0161\u010ditna o\u010dala in za\u0161\u010ditna \u010delada.<\/li>\n<li>Ne preobremenjujte cilindra vedra in upo\u0161tevajte njegov najve\u010dji delovni tlak in nosilnost.<\/li>\n<li>Zagotovite ustrezno vzdr\u017eevanje, da se izognete nesre\u010dam.<\/li>\n<\/ul>\n<p><!--Product Bushings and Excavator Models Image--><br \/>\n<img decoding=\"async\" src=\"https:\/\/www.hydraulic-cylinders.net\/wp-content\/uploads\/2025\/01\/songte-bushings-with-all-kinds-of-excavator-models.webp\" alt=\"Slika modelov pu\u0161 in bagrov\"><\/p>\n<p><!--About Us--><\/p>\n<h2>O nas<\/h2>\n<p>Smo vodilni proizvajalec in veleprodajni distributer hidravli\u010dnih cilindrov na doma\u010dem in mednarodnem trgu ter ponujamo celotno paleto izdelkov iz hidravli\u010dnih cilindrov. V na\u0161em podjetju sledimo temeljnim vrednotam odli\u010dnosti in kakovosti, pri \u010demer se zana\u0161amo na industrializirane strategije upravljanja proizvodnje v natan\u010dno ugla\u0161enih proizvodnih delavnicah. Nenehno izbolj\u0161ujemo na\u0161o proizvodno platformo, od uporabe digitalne vrhunske proizvodne opreme, tehni\u010dnih talentov in profesionalnih sistemov testiranja do popolnih proizvodnih linij za kakovost izdelkov. Z visoko u\u010dinkovitostjo, visoko natan\u010dnostjo in visoko kakovostjo kot na\u0161imi na\u010deli izpolnjujemo raznolike potrebe na\u0161ih strank.<\/p>\n<p><!--Company Image--><br \/>\n<img decoding=\"async\" src=\"https:\/\/hzpt.com\/wp-content\/uploads\/2024\/11\/songte-company-1.webp\" alt=\"Slika podjetja\"><\/p>\n<p><!--Company Details--><\/p>\n<h2>Podrobnosti o podjetju<\/h2>\n<ul>\n<li>Profesionalnost: Na\u0161e podjetje ima ekipo profesionalnih strokovnjakov, ki lahko strankam zagotovijo najbolj profesionalne storitve.<\/li>\n<li>Mednarodni certifikat: Na\u0161i izdelki so prejeli razli\u010dne mednarodne certifikate, kot sta ISO9001 in CE, kar zagotavlja kakovost in varnost.<\/li>\n<li>Storitve prilagajanja: Nudimo lahko prilagojene storitve glede na potrebe strank, kot so prilagojene velikosti valjev, materiali in funkcije.<\/li>\n<li>Napredna proizvodna oprema: Na\u0161e podjetje ima celoten nabor napredne opreme za proizvodnjo hidravli\u010dnih cilindrov, kot so CNC stru\u017enice, stroji za honanje in avtomatski varilni stroji.<\/li>\n<li>Poprodajne storitve: Na\u0161e podjetje strankam nudi popolne poprodajne storitve, kot so popravilo in zamenjava delov ter storitve obnove, s \u010dimer zagotavlja kakovost izdelkov in zadovoljstvo uporabnikov.<\/li>\n<\/ul>\n<p><!--Author--><\/p>\n<p>Avtor: lyl<\/p>","protected":false},"excerpt":{"rendered":"<p>Bucket Cylinder For Hyundai Large Excavator R450LC-5 Introduction A bucket cylinder for Hyundai large excavator R450LC-5 is a specialized hydraulic cylinder used to control the bucket&#8217;s movements in heavy machinery such as excavators, backhoes, and front-end loaders. Its main function is to enable the bucket to lift, lower and tilt, making it easier to handle [&hellip;]<\/p>","protected":false},"featured_media":14784,"comment_status":"open","ping_status":"closed","template":"","meta":{"_et_pb_use_builder":"","_et_pb_old_content":"","_et_gb_content_width":""},"product_brand":[],"product_cat":[1494],"product_tag":[1495,1496],"class_list":{"0":"post-15331","1":"product","2":"type-product","3":"status-publish","4":"has-post-thumbnail","6":"product_cat-bucket-cylinders","7":"product_tag-bucket-cylinders","8":"product_tag-hydraulic-cylinders","10":"first","11":"instock","12":"shipping-taxable","13":"product-type-simple"},"amp_enabled":true,"_links":{"self":[{"href":"https:\/\/www.hydraulic-cylinders.net\/sl\/wp-json\/wp\/v2\/product\/15331","targetHints":{"allow":["GET"]}}],"collection":[{"href":"https:\/\/www.hydraulic-cylinders.net\/sl\/wp-json\/wp\/v2\/product"}],"about":[{"href":"https:\/\/www.hydraulic-cylinders.net\/sl\/wp-json\/wp\/v2\/types\/product"}],"replies":[{"embeddable":true,"href":"https:\/\/www.hydraulic-cylinders.net\/sl\/wp-json\/wp\/v2\/comments?post=15331"}],"wp:featuredmedia":[{"embeddable":true,"href":"https:\/\/www.hydraulic-cylinders.net\/sl\/wp-json\/wp\/v2\/media\/14784"}],"wp:attachment":[{"href":"https:\/\/www.hydraulic-cylinders.net\/sl\/wp-json\/wp\/v2\/media?parent=15331"}],"wp:term":[{"taxonomy":"product_brand","embeddable":true,"href":"https:\/\/www.hydraulic-cylinders.net\/sl\/wp-json\/wp\/v2\/product_brand?post=15331"},{"taxonomy":"product_cat","embeddable":true,"href":"https:\/\/www.hydraulic-cylinders.net\/sl\/wp-json\/wp\/v2\/product_cat?post=15331"},{"taxonomy":"product_tag","embeddable":true,"href":"https:\/\/www.hydraulic-cylinders.net\/sl\/wp-json\/wp\/v2\/product_tag?post=15331"}],"curies":[{"name":"delovni list","href":"https:\/\/api.w.org\/{rel}","templated":true}]}}