{"id":15332,"date":"2025-01-19T14:23:48","date_gmt":"2025-01-19T14:23:48","guid":{"rendered":"https:\/\/www.hydraulic-cylinders.net\/product\/bucket-cylinder-for-hyundai-large-excavator-r505lc-7\/"},"modified":"2025-01-19T14:23:50","modified_gmt":"2025-01-19T14:23:50","slug":"bucket-cylinder-for-hyundai-large-excavator-r505lc-7","status":"publish","type":"product","link":"https:\/\/www.hydraulic-cylinders.net\/sl\/izdelek\/bucket-cylinder-for-hyundai-large-excavator-r505lc-7\/","title":{"rendered":"Cilinder \u017elice za velik bager Hyundai R505LC-7"},"content":{"rendered":"<h1>Cilinder \u017elice za velik bager Hyundai R505LC-7<\/h1>\n<h2>Uvod<\/h2>\n<p>Hidravli\u010dni cilinder \u017elice za velik bager Hyundai R505LC-7 je posebej zasnovan hidravli\u010dni cilinder, ki se uporablja za krmiljenje gibanja \u017elice v te\u017ekih strojih, kot so bagri, bagri z nakladalniki in \u010delni nakladalniki. Njegova glavna funkcija je omogo\u010danje dvigovanja, spu\u0161\u010danja in nagibanja \u017elice, kar olaj\u0161a opravljanje razli\u010dnih nalog ravnanja z materiali. V hidravli\u010dnem sistemu cilinder \u017elice krmili natan\u010dno gibanje \u017elice s spremembami tlaka hidravli\u010dnega olja, kar omogo\u010da upravljavcem u\u010dinkovito ravnanje s te\u017ekimi bremeni in prilagajanje kompleksnim delovnim okoljem ter raznolikim zahtevam dela.<\/p>\n<p><img decoding=\"async\" src=\"https:\/\/www.hydraulic-cylinders.net\/wp-content\/uploads\/2025\/01\/songte-company-2.webp\" \/><\/p>\n<h3>Zna\u010dilnosti izdelka<\/h3>\n<ul>\n<li><strong>Visoka trdnost in vzdr\u017eljivost:<\/strong> Obi\u010dajno je izdelan iz visoko trdnega jekla ali aluminija, zato lahko vzdr\u017ei visok tlak in velike obremenitve ter se prilagodi zahtevnim delovnim okoljem. Njegova zasnova upo\u0161teva odpornost proti obrabi in koroziji, kar podalj\u0161uje njegovo \u017eivljenjsko dobo.<\/li>\n<li><strong>U\u010dinkovito hidravli\u010dno delovanje:<\/strong> Z uporabo hidravli\u010dnega tlaka olja za doseganje gladkega iztegovanja in vvla\u010devanja se lahko valj \u017elice hitro odzove na krmilne ukaze, kar zagotavlja mo\u010dne potisne in vle\u010dne sile, primerne za rokovanje s te\u017ekimi bremeni in kompleksnimi nalogami.<\/li>\n<li><strong>Razli\u010dne vrste:<\/strong> Valj \u017elice je lahko enosmerno delujo\u010d (hidravli\u010dno delovanje v eno smer) ali dvosmerno delujo\u010d (hidravli\u010dno delovanje v obe smeri) glede na potrebe po izpolnjevanju razli\u010dnih obratovalnih zahtev. Nekateri modeli so teleskopski, kar omogo\u010da ve\u010dji razteg brez pove\u010danja zunanjih dimenzij, primerni za uporabo v omejenem prostoru.<\/li>\n<li><strong>Popolna zamenjava:<\/strong> Na\u0161e podjetje lahko proizvaja ta izdelek, na\u0161i izdelki pa lahko popolnoma nadomestijo te hidravli\u010dne cilindre.<\/li>\n<\/ul>\n<p><img decoding=\"async\" src=\"https:\/\/www.hydraulic-cylinders.net\/wp-content\/uploads\/2025\/01\/songte-cylinder-head-with-all-kinds-excavator-models.webp\" \/><\/p>\n<h3>Aplikacije<\/h3>\n<p>Cilinder z \u017elico ima veliko uporab, vklju\u010dno z:<\/p>\n<ul>\n<li><strong>Gradbena oprema:<\/strong> Pri bagrih so bistveni za kopanje, nakladanje in premikanje zemlje ali ru\u0161evin. Pri bagrih z nakladalno glavo cilinder \u017elice pomaga pri izkopavanju in dvigovanju. <\/li>\n<li><strong>Kmetijska mehanizacija:<\/strong> Uporabljajo se za \u010delne nakladalnike, ki zajemajo, dvigujejo in preva\u017eajo zemljo, seno in druge materiale. <\/li>\n<li><strong>Bagri:<\/strong> Cilinder \u017elice omogo\u010da, da \u017elica prodre v zemljo za izvajanje kopanja.<\/li>\n<li><strong>Nakladalci:<\/strong> Pri \u010delnih nakladalnikih pomagajo u\u010dinkovito dvigovati in razkladati tovor.<\/li>\n<\/ul>\n<h3>Oblikovalski vidiki in standardi izbire<\/h3>\n<p>Za zagotovitev njegove funkcionalnosti in varnosti mora jeklenka izpolnjevati dolo\u010dene standarde zasnove in izbire. Ti vidiki zasnove vklju\u010dujejo:<\/p>\n<ul>\n<li><strong>Nosilnost:<\/strong> Valj \u017elice mora biti sposoben prenesti najve\u010djo mo\u017eno obremenitev.<\/li>\n<li><strong>Tesnilna zmogljivost:<\/strong> Valj mora imeti dobre tesnilne lastnosti, da prepre\u010di pu\u0161\u010danje olja in za\u0161\u010diti hidravli\u010dni sistem.<\/li>\n<li><strong>Vzdr\u017eljivost:<\/strong> Cilinder vedra mora biti izdelan iz trpe\u017enih materialov, da je odporen proti obrabi in ohrani svojo zmogljivost skozi \u010das.<\/li>\n<li><strong>Varnost:<\/strong> Jeklenka mora biti zasnovana tako, da prepre\u010duje nesre\u010de in zagotavlja varnost delavcev in opreme.<\/li>\n<li><strong>Vzdr\u017eevanje:<\/strong> Jeklenka mora biti enostavna za vzdr\u017eevanje, njene komponente pa morajo biti enostavno zamenljive.<\/li>\n<\/ul>\n<p><img decoding=\"async\" src=\"https:\/\/www.hydraulic-cylinders.net\/wp-content\/uploads\/2025\/01\/songte-oil-pipes-and-spare-parts.webp\" \/><\/p>\n<h3>Tesnjenje in mazanje<\/h3>\n<p>Valj \u017elice uporablja razli\u010dne vrste tesnil, kot so tesnila bata in tesnila palic, izdelana iz materialov, odpornih proti obrabi, kot sta poliuretan in nitrilna guma. Telo valja in navojne kon\u010dne povr\u0161ine so fino obdelane za izbolj\u0161anje odpornosti proti obrabi. Za zagotovitev nemotenega delovanja je potrebno redno mazanje z ustrezno koli\u010dino hidravli\u010dnega olja.<\/p>\n<h3>Vzdr\u017eevanje in popravila<\/h3>\n<p>Redno vzdr\u017eevanje in preventivni ukrepi lahko pomagajo podalj\u0161ati \u017eivljenjsko dobo cilindra vedra. Ti ukrepi vklju\u010dujejo:<\/p>\n<ul>\n<li><strong>Redni pregled:<\/strong> Preverite valj glede po\u0161kodb, obrabe in pu\u0161\u010danja.<\/li>\n<li><strong>Mazanje:<\/strong> Po potrebi nanesite mazivo, da bo valj deloval gladko.<\/li>\n<li><strong>Zamenjava tesnila in preverjanje kalibracije:<\/strong> Zamenjajte obrabljena ali po\u0161kodovana tesnila in preverite kalibracijo cilindra za optimalno delovanje.<\/li>\n<\/ul>\n<h3>Varnostni vidiki in okoljski dejavniki<\/h3>\n<p>Varnostni ukrepi so klju\u010dnega pomena pri delu s hidravli\u010dnimi cilindri. Vedno je treba zagotoviti ustrezno varnostno opremo in usposabljanje. Okoljski dejavniki, kot sta temperatura in vla\u017enost, lahko vplivajo tudi na delovanje cilindra, zato jih je treba upo\u0161tevati.<\/p>\n<h3>Odpravljanje te\u017eav in pogoste te\u017eave<\/h3>\n<p>Pogoste te\u017eave z valjem \u017elice vklju\u010dujejo pu\u0161\u010danje olja, po\u0161kodovana tesnila in po\u010dasno delovanje. Odpravljanje teh te\u017eav zahteva temeljito razumevanje zasnove in delovanja valja, specifi\u010dne te\u017eave pa lahko zahtevajo posebne re\u0161itve.<\/p>\n<p><img decoding=\"async\" src=\"https:\/\/www.hydraulic-cylinders.net\/wp-content\/uploads\/2025\/01\/songte-bushings-with-all-kinds-of-excavator-models.webp\" \/><\/p>\n<h3>O na\u0161em podjetju<\/h3>\n<p>Na\u0161e podjetje je vodilni proizvajalec in veleprodajni distributer hidravli\u010dnih cilindrov na doma\u010dem in mednarodnem trgu. Ponujamo celotno paleto hidravli\u010dnih cilindrov in sledimo na\u010delom visoke u\u010dinkovitosti, visoke natan\u010dnosti in visoke kakovosti, da bi zadovoljili raznolike potrebe na\u0161ih strank. Imamo sofisticirano proizvodno delavnico in strategijo upravljanja industrijske proizvodnje, ki temelji na odli\u010dni kakovosti, pri \u010demer se zana\u0161amo na tehnolo\u0161ke talente, vrhunsko digitalno proizvodno opremo in profesionalne sisteme testiranja.<\/p>\n<p>Ponujamo tudi prilagojene storitve, na\u0161i izdelki pa so mednarodno certificirani za kakovost in varnost. Na\u0161e podjetje nudi celovito poprodajno storitev, vklju\u010dno z zamenjavo delov in obnovo, da zagotovimo maksimalno \u017eivljenjsko dobo na\u0161ih izdelkov. <\/p>\n<p><img decoding=\"async\" src=\"https:\/\/hzpt.com\/wp-content\/uploads\/2024\/11\/songte-company-1.webp\" \/><\/p>\n<p>Avtor: lyl<\/p>","protected":false},"excerpt":{"rendered":"<p>Bucket Cylinder For Hyundai Large Excavator R505LC-7 Introduction The Bucket Cylinder for Hyundai Large Excavator R505LC-7 is a specially designed hydraulic cylinder used to control the movement of the bucket in heavy machinery such as excavators, backhoe excavators, and front-end loaders. Its main function is to enable the bucket to lift, lower and tilt, making [&hellip;]<\/p>","protected":false},"featured_media":14782,"comment_status":"open","ping_status":"closed","template":"","meta":{"_et_pb_use_builder":"","_et_pb_old_content":"","_et_gb_content_width":""},"product_brand":[],"product_cat":[1494],"product_tag":[1495,1496],"class_list":{"0":"post-15332","1":"product","2":"type-product","3":"status-publish","4":"has-post-thumbnail","6":"product_cat-bucket-cylinders","7":"product_tag-bucket-cylinders","8":"product_tag-hydraulic-cylinders","10":"first","11":"instock","12":"shipping-taxable","13":"product-type-simple"},"amp_enabled":true,"_links":{"self":[{"href":"https:\/\/www.hydraulic-cylinders.net\/sl\/wp-json\/wp\/v2\/product\/15332","targetHints":{"allow":["GET"]}}],"collection":[{"href":"https:\/\/www.hydraulic-cylinders.net\/sl\/wp-json\/wp\/v2\/product"}],"about":[{"href":"https:\/\/www.hydraulic-cylinders.net\/sl\/wp-json\/wp\/v2\/types\/product"}],"replies":[{"embeddable":true,"href":"https:\/\/www.hydraulic-cylinders.net\/sl\/wp-json\/wp\/v2\/comments?post=15332"}],"wp:featuredmedia":[{"embeddable":true,"href":"https:\/\/www.hydraulic-cylinders.net\/sl\/wp-json\/wp\/v2\/media\/14782"}],"wp:attachment":[{"href":"https:\/\/www.hydraulic-cylinders.net\/sl\/wp-json\/wp\/v2\/media?parent=15332"}],"wp:term":[{"taxonomy":"product_brand","embeddable":true,"href":"https:\/\/www.hydraulic-cylinders.net\/sl\/wp-json\/wp\/v2\/product_brand?post=15332"},{"taxonomy":"product_cat","embeddable":true,"href":"https:\/\/www.hydraulic-cylinders.net\/sl\/wp-json\/wp\/v2\/product_cat?post=15332"},{"taxonomy":"product_tag","embeddable":true,"href":"https:\/\/www.hydraulic-cylinders.net\/sl\/wp-json\/wp\/v2\/product_tag?post=15332"}],"curies":[{"name":"delovni list","href":"https:\/\/api.w.org\/{rel}","templated":true}]}}