{"id":1534,"date":"2023-09-28T03:59:02","date_gmt":"2023-09-28T03:59:02","guid":{"rendered":"https:\/\/hydraulic-cylinders.net\/?post_type=product&#038;p=1534"},"modified":"2025-04-14T01:11:44","modified_gmt":"2025-04-14T01:11:44","slug":"aerial-work-platform-telescopic-cylinder","status":"publish","type":"product","link":"https:\/\/www.hydraulic-cylinders.net\/sl\/izdelek\/aerial-work-platform-telescopic-cylinder\/","title":{"rendered":"Teleskopski cilinder za dviganje delovne plo\u0161\u010dadi"},"content":{"rendered":"<h1 style=\"text-align: center;\"><strong>Teleskopski cilinder za dviganje delovne plo\u0161\u010dadi<\/strong><\/h1>\n<p><img loading=\"lazy\" decoding=\"async\" class=\"wp-image-1535 aligncenter\" src=\"https:\/\/hydraulic-cylinders.net\/wp-content\/uploads\/2023\/09\/telescopic-cylinder-1-300x300.webp\" alt=\"\" width=\"400\" height=\"400\" \/>Teleskopski cilinder za delovne plo\u0161\u010dadi na visjih delovnih povr\u0161inah je zmogljiva in bistvena komponenta delovnih plo\u0161\u010dadi na visjih delovnih povr\u0161inah, zasnovana za zagotavljanje dalj\u0161ega dosega in ve\u010djo vsestranskost v dvignjenih delovnih okoljih. Ta inovativni hidravli\u010dni cilinder omogo\u010da teleskopsko gibanje plo\u0161\u010dadi, kar upravljavcem omogo\u010da enostaven in natan\u010den dostop do dvignjenih obmo\u010dij.<\/p>\n<p>Teleskopski valj za delovno plo\u0161\u010dad na dvigalu je revolucionaren na podro\u010dju dvignjenih delovnih plo\u0161\u010dadi, saj zagotavlja dalj\u0161i doseg in ve\u010djo vsestranskost. S svojimi izjemnimi lastnostmi, vklju\u010dno z mo\u017enostjo dalj\u0161ega dosega, gladkim teleskopskim gibanjem, visoko nosilnostjo in kompaktno zasnovo, ta valj omogo\u010da upravljavcem u\u010dinkovito in samozavestno opravljanje dvignjenih nalog. Z upo\u0161tevanjem priporo\u010denih metod uporabe in vzdr\u017eevalnih praks lahko upravljavci maksimalno podalj\u0161ajo \u017eivljenjsko dobo in zmogljivost teleskopskega cilindra za delovno plo\u0161\u010dad na dvigalu, kar ima za posledico ve\u010djo produktivnost, kraj\u0161i \u010das izpada in ve\u010djo varnost pri dvignjenih delih. Investirajte v to najsodobnej\u0161o hidravli\u010dno komponento, da dvignete zmogljivosti svoje delovne plo\u0161\u010dadi na dvigalu in dvignete svoje delo na nove vi\u0161ine uspeha.<\/p>\n<p>Klju\u010dne zna\u010dilnosti teleskopskega cilindra za dvigalo:<\/p>\n<ol>\n<li>Zmogljivost raz\u0161irjenega dosega:<\/li>\n<\/ol>\n<ul>\n<li>Teleskopski valj dvi\u017ene delovne plo\u0161\u010dadi se pona\u0161a z impresivnim raztegljivim dosegom, ki upravljavcem omogo\u010da brez napora doseganje ve\u010djih vi\u0161in in razdalj.<\/li>\n<li>Zagotavlja fleksibilnost in prilagodljivost, kar delavcem omogo\u010da dostop do zahtevnih obmo\u010dij in u\u010dinkovito opravljanje nalog.<\/li>\n<\/ul>\n<ol start=\"2\">\n<li>Gladko teleskopsko gibanje:<\/li>\n<\/ol>\n<ul>\n<li>Ta valj zagotavlja gladko in nadzorovano teleskopsko gibanje, kar omogo\u010da natan\u010dno pozicioniranje dvi\u017ene delovne plo\u0161\u010dadi.<\/li>\n<li>Ponuja stabilno in enakomerno iztegovanje in umikanje, kar zagotavlja varno delovno okolje na razli\u010dnih vi\u0161inah.<\/li>\n<\/ul>\n<ol start=\"3\">\n<li>Visoka nosilnost:<\/li>\n<\/ol>\n<ul>\n<li>Teleskopski valj dvi\u017ene delovne plo\u0161\u010dadi je zasnovan za prena\u0161anje te\u017ekih bremen in ima robustno konstrukcijo, ki lahko prenese znatne koristne obremenitve.<\/li>\n<li>Omogo\u010da operaterjem, da na platformi preva\u017eajo ve\u010d delavcev, orodij in opreme, ne da bi pri tem ogrozili stabilnost ali varnost.<\/li>\n<\/ul>\n<ol start=\"4\">\n<li>Kompaktna zasnova:<\/li>\n<\/ol>\n<ul>\n<li>S svojo kompaktno zasnovo ta valj optimizira prostor na dvi\u017eni delovni plo\u0161\u010dadi, kar zagotavlja minimalen vpliv na skupno te\u017eo in odtis.<\/li>\n<li>Kompaktnost cilindra omogo\u010da odli\u010dno okretnost in enostavnost transporta.<\/li>\n<\/ul>\n<h2><strong>Parameter teleskopskega cilindra za dviganje delovne plo\u0161\u010dadi:<\/strong><\/h2>\n<table border=\"1\" cellspacing=\"0\" cellpadding=\"0\">\n<tbody>\n<tr>\n<td>Ime izdelka<\/td>\n<td>Teleskopski cilinder za dviganje delovne plo\u0161\u010dadi<\/td>\n<\/tr>\n<tr>\n<td>Zna\u010dilnosti:<\/td>\n<td>Uresni\u010dite linearno teleskopsko gibanje roke<\/td>\n<\/tr>\n<tr>\n<td>Premer izvrtine:<\/td>\n<td>45 mm\uff5e200 mm<\/td>\n<\/tr>\n<tr>\n<td>Premer palice:<\/td>\n<td>32 mm\uff5e180 mm<br \/>\nHod \u226415000 mm<\/td>\n<\/tr>\n<tr>\n<td>Tlak:<\/td>\n<td>30 MPa (najvi\u0161ji tlak)<\/td>\n<\/tr>\n<tr>\n<td>Uporaba teleskopskega cilindra:<\/td>\n<td>Delovna plo\u0161\u010dad v zraku<\/td>\n<\/tr>\n<\/tbody>\n<\/table>\n<h2><strong>Diagram identifikacije delovne plo\u0161\u010dadi v zraku:<\/strong><\/h2>\n<p><img loading=\"lazy\" decoding=\"async\" class=\"alignnone wp-image-1517 size-full\" src=\"https:\/\/hydraulic-cylinders.net\/wp-content\/uploads\/2023\/09\/aerial-work-platform-cylinder-construct.webp\" alt=\"\" width=\"600\" height=\"400\" srcset=\"https:\/\/hydraulic-cylinders.net\/wp-content\/uploads\/2023\/09\/aerial-work-platform-cylinder-construct.webp 600w, https:\/\/hydraulic-cylinders.net\/wp-content\/uploads\/2023\/09\/aerial-work-platform-cylinder-construct-480x320.webp 480w\" sizes=\"(min-width: 0px) and (max-width: 480px) 480px, (min-width: 481px) 600px, 100vw\" \/><\/p>\n<h2><strong>Metoda uporabe teleskopskega cilindra zra\u010dne delovne plo\u0161\u010dadi<\/strong><strong>:<\/strong><\/h2>\n<ol>\n<li><strong>Namestitev cilindra:<\/strong><\/li>\n<\/ol>\n<ul>\n<li>Za pravilno namestitev dvigalnega cilindra dvi\u017ene delovne plo\u0161\u010dadi upo\u0161tevajte navodila proizvajalca.<\/li>\n<li>Prepri\u010dajte se, da je jeklenka varno pritrjena na konstrukcijo dvi\u017ene delovne plo\u0161\u010dadi, kar zagotavlja stabilno in zanesljivo povezavo.<\/li>\n<\/ul>\n<ol start=\"2\">\n<li><strong>Hidravli\u010dna povezava:<\/strong><\/li>\n<\/ol>\n<ul>\n<li>Priklju\u010dite jeklenko na hidravli\u010dni sistem dvi\u017ene delovne plo\u0161\u010dadi v skladu s prilo\u017eenimi navodili.<\/li>\n<li>Prepri\u010dajte se, da so vse hidravli\u010dne povezave varne in pravilno zatesnjene, da prepre\u010dite pu\u0161\u010danje ali izgubo hidravli\u010dne teko\u010dine.<\/li>\n<\/ul>\n<ol start=\"3\">\n<li><strong>Aktivacija nadzora:<\/strong><\/li>\n<\/ol>\n<ul>\n<li>Za aktiviranje dvigalnega cilindra dvi\u017ene delovne plo\u0161\u010dadi uporabite nadzorno plo\u0161\u010dad ali vmesnik platforme.<\/li>\n<li>Za dvigovanje ali spu\u0161\u010danje plo\u0161\u010dadi na \u017eeleno vi\u0161ino sledite priporo\u010denim operativnim postopkom.<\/li>\n<\/ul>\n<ol start=\"4\">\n<li><strong>Varnostni ukrepi:<\/strong><\/li>\n<\/ol>\n<ul>\n<li>Preden za\u010dnete uporabljati dvi\u017eno delovno plo\u0161\u010dad, se seznanite z varnostnimi funkcijami in postopki v sili.<\/li>\n<li>Zagotovite, da so vsi upravljavci ustrezno usposobljeni za varno upravljanje plo\u0161\u010dadi in dvigalnega cilindra dvi\u017ene delovne plo\u0161\u010dadi.<\/li>\n<\/ul>\n<h2><strong>Kateri zakon hidravlike uporablja zavorni sistem?<\/strong><\/h2>\n<p>Zavorni sistem v vozilih obi\u010dajno uporablja Pascalov zakon hidravlike. Pascalov zakon pravi, da se pri delovanju na teko\u010dino v zaprtem sistemu tlak enakomerno prena\u0161a v vse smeri.<\/p>\n<p>Pri hidravli\u010dnem zavornem sistemu se ob pritisku na zavorni pedal izvaja sila na glavni zavorni valj, ki vsebuje hidravli\u010dno teko\u010dino. Sila, ki deluje na teko\u010dino, ustvarja tlak, ki se enakomerno prena\u0161a po celotnem zavornem sistemu.<\/p>\n<p>Ta tlak se nato prenese na zavorne \u010deljusti ali kolesne valje, odvisno od vrste zavornega sistema, ki se nahajajo na vsakem kolesu. Tlak povzro\u010di aktiviranje \u010deljusti ali valjev, kar nato pritiska zavorne plo\u0161\u010dice ali \u010deljusti ob zavorne diske ali bobne, kar ustvarja trenje in upo\u010dasnjuje ali ustavlja vozilo.<\/p>\n<p>Pascalov zakon zagotavlja, da se sila, ki deluje na zavorni pedal, pomno\u017ei in enakomerno prenese na vse zavore v sistemu, ne glede na njihovo lokacijo. To omogo\u010da enakomerno zavorno zmogljivost na vseh kolesih in zagotavlja u\u010dinkovito zaviranje tudi v kompleksnih hidravli\u010dnih zavornih sistemih.<\/p>\n<p>Omeniti velja, da se v nekaterih naprednih zavornih sistemih za optimizacijo zavorne u\u010dinkovitosti, stabilnosti in nadzora lahko uporabijo tudi dodatna na\u010dela hidravlike, kot sta Bernoullijev zakon ali na\u010delo dinamike teko\u010din. Vendar pa Pascalov zakon ostaja temeljni za osnovno delovanje hidravli\u010dnih zavornih sistemov.<\/p>\n<h2><strong>Zmogljivost in zmogljivost tovarne:<\/strong><\/h2>\n<h3>(1) Sestavljanje<\/h3>\n<p>Imamo prvovrstno neodvisno platformo za raziskave in razvoj. Delavnica za proizvodnjo hidravli\u010dnih cilindrov ima \u0161tiri polavtomatske monta\u017ene linije za dvi\u017ene cilindre in eno avtomatsko monta\u017eno linijo za nagibne cilindre z letno proizvodno zmogljivostjo 1 milijona kosov. Delavnica za posebne cilindre je opremljena z razli\u010dnimi specifikacijami polavtomatskega sistema za \u010di\u0161\u010denje in monta\u017eo z letno proizvodno zmogljivostjo 200.000 kosov ter znano CNC obdelovalno opremo, obdelovalnim centrom, visoko precizno posebno opremo za obdelavo cilindrov, robotskim varilnim strojem, avtomatskim \u010distilnim strojem, avtomatskim strojem za monta\u017eo cilindrov in avtomatsko proizvodno linijo za barvanje. Obstoje\u010da kriti\u010dna oprema obsega ve\u010d kot 300 kompletov (kompletov). Optimalna razporeditev in u\u010dinkovita uporaba opremnih virov zagotavljata zahteve glede natan\u010dnosti izdelkov in izpolnjujeta visoke zahteve glede kakovosti izdelkov.<\/p>\n<p><img loading=\"lazy\" decoding=\"async\" class=\"alignnone wp-image-626\" src=\"https:\/\/hydraulic-cylinders.net\/wp-content\/uploads\/2023\/08\/hydraulic-cylinder-product-1-300x158.webp\" alt=\"\" width=\"495\" height=\"260\" srcset=\"https:\/\/hydraulic-cylinders.net\/wp-content\/uploads\/2023\/08\/hydraulic-cylinder-product-1-300x158.webp 495w, https:\/\/hydraulic-cylinders.net\/wp-content\/uploads\/2023\/08\/hydraulic-cylinder-product-1-480x252.webp 480w\" sizes=\"(min-width: 0px) and (max-width: 480px) 480px, (min-width: 481px) 495px, 100vw\" \/> <img loading=\"lazy\" decoding=\"async\" class=\"alignnone wp-image-627\" src=\"https:\/\/hydraulic-cylinders.net\/wp-content\/uploads\/2023\/08\/hydraulic-cylinder-product-2-300x189.webp\" alt=\"\" width=\"413\" height=\"260\" \/><\/p>\n<h3>(2) Strojna obdelava<\/h3>\n<p>Strojna delavnica je opremljena s prilagojenim centrom za stru\u017eenje nagnjenih tirnic, obdelovalnim centrom, visokohitrostnim strojem za honanje, varilnim robotom in drugo sorodno opremo, ki lahko obdeluje cilindri\u010dne cevi z najve\u010djim notranjim premerom 400 mm in najve\u010djo dol\u017eino 6 metrov.<\/p>\n<p><img loading=\"lazy\" decoding=\"async\" class=\"alignnone wp-image-628 size-large\" src=\"https:\/\/hydraulic-cylinders.net\/wp-content\/uploads\/2023\/08\/hydraulic-cylinder-product-3-1024x391.webp\" alt=\"\" width=\"1024\" height=\"391\" srcset=\"https:\/\/hydraulic-cylinders.net\/wp-content\/uploads\/2023\/08\/hydraulic-cylinder-product-3-980x374.webp 980w, https:\/\/hydraulic-cylinders.net\/wp-content\/uploads\/2023\/08\/hydraulic-cylinder-product-3-480x183.webp 480w\" sizes=\"(min-width: 0px) and (max-width: 480px) 480px, (min-width: 481px) and (max-width: 980px) 980px, (min-width: 981px) 1024px, 100vw\" \/><\/p>\n<h3>(3) Varjenje<\/h3>\n<p><img loading=\"lazy\" decoding=\"async\" class=\"alignnone wp-image-629 size-large\" src=\"https:\/\/hydraulic-cylinders.net\/wp-content\/uploads\/2023\/08\/hydraulic-cylinder-product-4-1024x510.webp\" alt=\"\" width=\"1024\" height=\"510\" srcset=\"https:\/\/hydraulic-cylinders.net\/wp-content\/uploads\/2023\/08\/hydraulic-cylinder-product-4-980x488.webp 980w, https:\/\/hydraulic-cylinders.net\/wp-content\/uploads\/2023\/08\/hydraulic-cylinder-product-4-480x239.webp 480w\" sizes=\"(min-width: 0px) and (max-width: 480px) 480px, (min-width: 481px) and (max-width: 980px) 980px, (min-width: 981px) 1024px, 100vw\" \/><\/p>\n<h3>(4) Barvanje in premazovanje<\/h3>\n<p>Z majhnimi in srednje velikimi cilindri\u010dnimi avtomatskimi linijami za barvanje na vodni osnovi, za doseganje avtomatskega nakladanja in razkladanja robotov ter avtomatskega brizganja, je projektna zmogljivost 4000 kosov na izmeno;<br \/>\nImamo tudi polavtomatsko linijo za proizvodnjo barv za velike jeklenke, ki jo poganja veriga, s projektno zmogljivostjo 60 zabojev na izmeno.<\/p>\n<p><img loading=\"lazy\" decoding=\"async\" class=\"alignnone wp-image-630\" src=\"https:\/\/hydraulic-cylinders.net\/wp-content\/uploads\/2023\/08\/hydraulic-cylinder-product-5-300x213.webp\" alt=\"\" width=\"366\" height=\"260\" \/> <img loading=\"lazy\" decoding=\"async\" class=\"alignnone wp-image-631\" src=\"https:\/\/hydraulic-cylinders.net\/wp-content\/uploads\/2023\/08\/hydraulic-cylinder-product-6-300x225.webp\" alt=\"\" width=\"347\" height=\"260\" \/><\/p>\n<h3>(5) Testiranje<\/h3>\n<p>Imamo prvovrstne in\u0161pekcijske prostore in testne postaje, s katerimi zagotavljamo, da delovanje jeklenke izpolnjuje zahteve.<\/p>\n<p><img loading=\"lazy\" decoding=\"async\" class=\"alignnone wp-image-632\" src=\"https:\/\/hydraulic-cylinders.net\/wp-content\/uploads\/2023\/08\/hydraulic-cylinder-product-8-300x200.webp\" alt=\"\" width=\"389\" height=\"260\" \/><\/p>\n<p>&nbsp;<\/p>\n<p>&nbsp;<\/p>\n<p>Smo eden najbolj\u0161ih proizvajalcev hidravli\u010dnih cilindrov. Ponujamo vam celovite hidravli\u010dne cilindre. Zagotavljamo tudi ustrezne <a href=\"https:\/\/hzpt.com\/agricultural-pto-gearbox\/\" target=\"_blank\" rel=\"noopener\">kmetijski menjalniki<\/a>Na\u0161e izdelke smo izvozili strankam po vsem svetu in si prislu\u017eili dober ugled zaradi vrhunske kakovosti izdelkov in poprodajnih storitev. Z veseljem vas vabimo, da nas kontaktirate za poslovne dogovore, izmenjavo informacij in ... <a href=\"https:\/\/www.hydraulic-cylinders.net\/sl\/contact-us\/\">sodelujte z nami<\/a>!<\/p>","protected":false},"excerpt":{"rendered":"<p>Aerial Work Platform Telescopic Cylinder The aerial work platform telescopic cylinder is a powerful and essential component in aerial work platforms, designed to provide extended reach and enhanced versatility in elevated work environments. This innovative hydraulic cylinder enables the telescopic movement of the platform, allowing operators to access elevated areas with ease and precision. The [&hellip;]<\/p>","protected":false},"featured_media":1536,"comment_status":"open","ping_status":"closed","template":"","meta":{"_et_pb_use_builder":"","_et_pb_old_content":"","_et_gb_content_width":""},"product_brand":[],"product_cat":[1500,1550,1393],"product_tag":[1380],"class_list":{"0":"post-1534","1":"product","2":"type-product","3":"status-publish","4":"has-post-thumbnail","6":"product_cat-aerial-work-vehicle-hydraulic-cylinder","7":"product_cat-double-acting-hydraulic-cylinder","8":"product_cat-telescopic-hydraulic-cylinder","9":"product_tag-hydraulic-cylinder","11":"first","12":"instock","13":"shipping-taxable","14":"product-type-simple"},"amp_enabled":true,"_links":{"self":[{"href":"https:\/\/www.hydraulic-cylinders.net\/sl\/wp-json\/wp\/v2\/product\/1534","targetHints":{"allow":["GET"]}}],"collection":[{"href":"https:\/\/www.hydraulic-cylinders.net\/sl\/wp-json\/wp\/v2\/product"}],"about":[{"href":"https:\/\/www.hydraulic-cylinders.net\/sl\/wp-json\/wp\/v2\/types\/product"}],"replies":[{"embeddable":true,"href":"https:\/\/www.hydraulic-cylinders.net\/sl\/wp-json\/wp\/v2\/comments?post=1534"}],"wp:featuredmedia":[{"embeddable":true,"href":"https:\/\/www.hydraulic-cylinders.net\/sl\/wp-json\/wp\/v2\/media\/1536"}],"wp:attachment":[{"href":"https:\/\/www.hydraulic-cylinders.net\/sl\/wp-json\/wp\/v2\/media?parent=1534"}],"wp:term":[{"taxonomy":"product_brand","embeddable":true,"href":"https:\/\/www.hydraulic-cylinders.net\/sl\/wp-json\/wp\/v2\/product_brand?post=1534"},{"taxonomy":"product_cat","embeddable":true,"href":"https:\/\/www.hydraulic-cylinders.net\/sl\/wp-json\/wp\/v2\/product_cat?post=1534"},{"taxonomy":"product_tag","embeddable":true,"href":"https:\/\/www.hydraulic-cylinders.net\/sl\/wp-json\/wp\/v2\/product_tag?post=1534"}],"curies":[{"name":"delovni list","href":"https:\/\/api.w.org\/{rel}","templated":true}]}}