{"id":15342,"date":"2025-01-19T14:24:34","date_gmt":"2025-01-19T14:24:34","guid":{"rendered":"https:\/\/www.hydraulic-cylinders.net\/product\/bucket-cylinder-for-kobelco-small-excavator-sk45\/"},"modified":"2025-01-19T14:24:36","modified_gmt":"2025-01-19T14:24:36","slug":"bucket-cylinder-for-kobelco-small-excavator-sk45","status":"publish","type":"product","link":"https:\/\/www.hydraulic-cylinders.net\/sl\/izdelek\/bucket-cylinder-for-kobelco-small-excavator-sk45\/","title":{"rendered":"Cilinder \u017elice za majhen bager Kobelco SK45"},"content":{"rendered":"<h1>Cilinder \u017elice za majhen bager Kobelco SK45<\/h1>\n<h2>Uvod<\/h2>\n<p>Hidravli\u010dni cilinder \u017elice za majhen bager Kobelco SK45 je specializiran hidravli\u010dni cilinder, ki se uporablja za nadzor gibanja \u017elice v te\u017ekih strojih, kot so bagri, bagri nakladalniki in \u010delni nakladalniki. Njegova glavna funkcija je dvigovanje, spu\u0161\u010danje in nagibanje \u017elice, kar olaj\u0161a opravljanje razli\u010dnih nalog ravnanja z materiali. V hidravli\u010dnem sistemu cilinder \u017elice nadzoruje natan\u010dno gibanje \u017elice s pomo\u010djo tlaka hidravli\u010dnega olja, kar upravljavcu omogo\u010da u\u010dinkovito ravnanje s te\u017ekimi bremeni in prilagajanje kompleksnim delovnim okoljem ter raznolikim zahtevam dela.<\/p>\n<p><img decoding=\"async\" src=\"https:\/\/www.hydraulic-cylinders.net\/wp-content\/uploads\/2025\/01\/songte-company-2.webp\"><\/p>\n<h2>Zna\u010dilnosti<\/h2>\n<ul>\n<li>Visoka trdnost in vzdr\u017eljivost: Obi\u010dajno je izdelan iz visoko trdnega jekla ali aluminija, zato lahko prenese visok tlak in velike obremenitve, kar ga naredi primernega za zahtevna delovna okolja. Zasnovan je z mislijo na odpornost proti obrabi in koroziji, kar podalj\u0161a njegovo \u017eivljenjsko dobo.<\/li>\n<li>U\u010dinkovito hidravli\u010dno delovanje: Gladko iztegovanje in vstavljanje se dose\u017ee s hidravli\u010dnim tlakom olja, kar omogo\u010da hiter odziv na krmilne ukaze in zagotavlja mo\u010dne potisne in vle\u010dne sile, primerne za ravnanje s te\u017ekimi bremeni in kompleksnimi nalogami.<\/li>\n<li>Razli\u010dne vrste: Enosmerno delujo\u010di (hidravli\u010dni, ki se uporablja samo v eni smeri) ali dvosmerno delujo\u010di (hidravli\u010dni, ki se uporablja v obeh smereh) cilindri se lahko izberejo glede na zahteve za izpolnjevanje razli\u010dnih operativnih potreb. Nekateri modeli so teleskopski, kar omogo\u010da ve\u010dji razteg brez pove\u010danja zunanje mere, primerni za uporabo v omejenem prostoru.<\/li>\n<li>Popolna zamenjava: Na\u0161i izdelki lahko popolnoma nadomestijo te hidravli\u010dne cilindre.<\/li>\n<\/ul>\n<p><img decoding=\"async\" src=\"https:\/\/www.hydraulic-cylinders.net\/wp-content\/uploads\/2025\/01\/songte-cylinder-head-with-all-kinds-excavator-models.webp\"><\/p>\n<h2>Aplikacije<\/h2>\n<p>Cilinder \u017elice za majhen bager Kobelco SK45 se pogosto uporablja v razli\u010dnih te\u017ekih strojih, kot so:<\/p>\n<ul>\n<li>Gradbena oprema: Za bagre je bistvenega pomena kopanje, nalaganje in premikanje zemlje ali ru\u0161evin. Pri bagrih nakladalnikih cilinder \u017elice pomaga tako pri kopanju kot dvigovanju. <\/li>\n<li>Kmetijski stroji: Uporabljajo se v \u010delnih nakladalnikih za zajemanje, dvigovanje in prevoz zemlje, sena in drugih materialov. Pri bagrih valj \u017elice omogo\u010da kopanje, saj \u017elici omogo\u010da prodiranje v zemljo. Pri \u010delnih nakladalnikih pomagajo pri u\u010dinkovitem dvigovanju in odlaganju tovora.<\/li>\n<\/ul>\n<h2>Oblikovalski vidiki in standardi izbire<\/h2>\n<ul>\n<li>Nosilnost: Cilinder vedra mora biti zasnovan tako, da prenese visok tlak in velike obremenitve.<\/li>\n<li>Tesnjenje: Uporabiti je treba razli\u010dne tesnilne komponente, kot so tesnila bata in tesnila palic, ki morajo biti izdelane iz materialov, odpornih proti obrabi, kot sta poliuretan in nitrilna guma.<\/li>\n<li>Vzdr\u017eljivost: Telo valja in navojna kon\u010dna povr\u0161ina morata biti fino obdelana, da se izbolj\u0161a odpornost proti obrabi. <\/li>\n<li>Varnost: Jeklenka z \u017elico mora biti zasnovana z mislijo na varnost, z varnostnimi mehanizmi, kot so tla\u010dni varnostni ventili, in ustrezno za\u0161\u010dito okoli gibljivih delov za prepre\u010devanje po\u0161kodb. <\/li>\n<li>Vzdr\u017eevanje: Jeklenka mora biti zasnovana za enostavno monta\u017eo in demonta\u017eo, z enostavno zamenljivimi deli in povr\u0161inami, ki jih je enostavno \u010distiti, da se olaj\u0161a vzdr\u017eevanje.<\/li>\n<\/ul>\n<p><img decoding=\"async\" src=\"https:\/\/www.hydraulic-cylinders.net\/wp-content\/uploads\/2025\/01\/songte-oil-pipes-and-spare-parts.webp\"><\/p>\n<h2>Tesnjenje in mazanje<\/h2>\n<p>Valj \u017elice mora uporabljati razli\u010dne tesnilne komponente, kot so tesnila bata in tesnila palice, izdelana iz materialov, odpornih proti obrabi, kot sta poliuretan in nitrilna guma. Za ohranjanje dobrega delovnega stanja valja je potrebno redno mazanje z ustrezno koli\u010dino hidravli\u010dnega olja.<\/p>\n<h2>Vzdr\u017eevanje in popravila<\/h2>\n<p>Redni pregledi, ustrezno mazanje in pravo\u010dasna zamenjava obrabljenih tesnil so nekatera od pogostih vzdr\u017eevalnih opravil. Pravilna namestitev, mazanje in nastavitev so klju\u010dnega pomena za uporabo cilindra \u017elice za majhen bager Kobelco SK45.<\/p>\n<ul>\n<li>Redni pregled: Redno je treba pregledovati, da se zagotovi dobro delovno stanje cilindra, obrabljene dele pa je treba takoj zamenjati.<\/li>\n<li>Ustrezno mazanje: Mazanje je treba izvajati v rednih intervalih, da se zagotovi nemoteno delovanje valja. <\/li>\n<li>Zamenjava tesnil in preverjanje kalibracije: Obrabljena tesnila je treba nemudoma zamenjati, da prepre\u010dite pu\u0161\u010danje olja. Kalibracijo je treba izvajati redno, da se zagotovi pravilno delovanje valja vedra. <\/li>\n<\/ul>\n<p><img decoding=\"async\" src=\"https:\/\/www.hydraulic-cylinders.net\/wp-content\/uploads\/2025\/01\/songte-chushion-collar.webp\"><\/p>\n<h2>Varnostni vidiki in okoljski dejavniki<\/h2>\n<p>Med uporabo cilindra z vedrom je treba upo\u0161tevati varnostne ukrepe za prepre\u010devanje po\u0161kodb. Za zagotovitev varnosti upravljavca in drugega osebja je nujno upo\u0161tevati navodila proizvajalca glede namestitve, uporabe, vzdr\u017eevanja in popravila. Pri izbiri in uporabi cilindra z vedrom je treba upo\u0161tevati tudi okoljske dejavnike, kot sta temperatura in vla\u017enost.<\/p>\n<h2>Odpravljanje te\u017eav in pogoste te\u017eave<\/h2>\n<p>Pogoste te\u017eave z valjem vedra vklju\u010dujejo pu\u0161\u010danje olja, po\u010dasno delovanje in zmanj\u0161ano zmogljivost. Bistveno je pravilno diagnosticirati te\u017eavo in sprejeti ustrezne ukrepe za njeno odpravo. Za odpravo morebitnih te\u017eav je priporo\u010dljivo, da se posvetujete s proizvajalcem ali usposobljenim tehnikom.<\/p>\n<ul>\n<li>Pu\u0161\u010danje olja: Preverite tesnilo in ga po potrebi zamenjajte. Prepri\u010dajte se, da je valj \u010dist in brez umazanije.<\/li>\n<li>Po\u010dasno delovanje: Preverite nivo in kakovost hidravli\u010dnega olja. Po potrebi zamenjajte olje. Preverite morebitne blokade ali po\u0161kodbe hidravli\u010dnega sistema. <\/li>\n<li>Zmanj\u0161ana zmogljivost: Preverite valj glede morebitnih po\u0161kodb ali obrabe. Po potrebi zamenjajte dele.<\/li>\n<\/ul>\n<p><img decoding=\"async\" src=\"https:\/\/www.hydraulic-cylinders.net\/wp-content\/uploads\/2025\/01\/songte-bushings-with-all-kinds-of-excavator-models.webp\"><\/p>\n<h2>O na\u0161em podjetju<\/h2>\n<p>Smo vodilni proizvajalec in veleprodajni distributer hidravli\u010dnih cilindrov na doma\u010dem in mednarodnem trgu. Na\u0161e podjetje ponuja celotno paleto hidravli\u010dnih cilindrov, se dr\u017ei na\u010dela odli\u010dne kakovosti in nenehno izbolj\u0161uje kakovost izdelkov ter u\u010dinkovitost proizvodnje. Na\u0161e izdelke izdeluje ekipa strokovnjakov z najsodobnej\u0161o opremo, s poudarkom na prilagoditvi in \u200b\u200bzadovoljstvu strank.<\/p>\n<ul>\n<li>Profesionalnost: Imamo ekipo strokovnjakov z dolgoletnimi izku\u0161njami na podro\u010dju in\u017eeniringa in izdelave hidravli\u010dnih cilindrov. <\/li>\n<li>Mednarodni certifikat: Na\u0161i izdelki imajo mednarodne certifikate, kot sta ISO9001 in CE.<\/li>\n<li>Prilagoditev: Ponujamo storitve prilagajanja, da zadostimo specifi\u010dnim potrebam na\u0161ih strank.<\/li>\n<li>Proizvodna oprema: Imamo napredno proizvodno opremo, ki zagotavlja, da na\u0161i izdelki izpolnjujejo najvi\u0161je standarde kakovosti. <\/li>\n<li>Poprodajne storitve: Ponujamo celovite poprodajne storitve, s katerimi zagotavljamo zadovoljstvo strank in delovanje izdelkov.<\/li>\n<\/ul>\n<p><img decoding=\"async\" src=\"https:\/\/hzpt.com\/wp-content\/uploads\/2024\/11\/songte-company-1.webp\"><\/p>\n<p><em>Avtor: lyl<\/em><\/p>","protected":false},"excerpt":{"rendered":"<p>Bucket Cylinder For Kobelco Small Excavator SK45 Introduction A bucket cylinder for Kobelco small excavator SK45 is a specialized hydraulic cylinder used to control the movement of the bucket in heavy machinery such as excavators, backhoe loaders, and front loaders. Its main function is to lift, lower, and tilt the bucket, making it easier to [&hellip;]<\/p>","protected":false},"featured_media":14789,"comment_status":"open","ping_status":"closed","template":"","meta":{"_et_pb_use_builder":"","_et_pb_old_content":"","_et_gb_content_width":""},"product_brand":[],"product_cat":[1494],"product_tag":[1495,1496],"class_list":{"0":"post-15342","1":"product","2":"type-product","3":"status-publish","4":"has-post-thumbnail","6":"product_cat-bucket-cylinders","7":"product_tag-bucket-cylinders","8":"product_tag-hydraulic-cylinders","10":"first","11":"instock","12":"shipping-taxable","13":"product-type-simple"},"amp_enabled":true,"_links":{"self":[{"href":"https:\/\/www.hydraulic-cylinders.net\/sl\/wp-json\/wp\/v2\/product\/15342","targetHints":{"allow":["GET"]}}],"collection":[{"href":"https:\/\/www.hydraulic-cylinders.net\/sl\/wp-json\/wp\/v2\/product"}],"about":[{"href":"https:\/\/www.hydraulic-cylinders.net\/sl\/wp-json\/wp\/v2\/types\/product"}],"replies":[{"embeddable":true,"href":"https:\/\/www.hydraulic-cylinders.net\/sl\/wp-json\/wp\/v2\/comments?post=15342"}],"wp:featuredmedia":[{"embeddable":true,"href":"https:\/\/www.hydraulic-cylinders.net\/sl\/wp-json\/wp\/v2\/media\/14789"}],"wp:attachment":[{"href":"https:\/\/www.hydraulic-cylinders.net\/sl\/wp-json\/wp\/v2\/media?parent=15342"}],"wp:term":[{"taxonomy":"product_brand","embeddable":true,"href":"https:\/\/www.hydraulic-cylinders.net\/sl\/wp-json\/wp\/v2\/product_brand?post=15342"},{"taxonomy":"product_cat","embeddable":true,"href":"https:\/\/www.hydraulic-cylinders.net\/sl\/wp-json\/wp\/v2\/product_cat?post=15342"},{"taxonomy":"product_tag","embeddable":true,"href":"https:\/\/www.hydraulic-cylinders.net\/sl\/wp-json\/wp\/v2\/product_tag?post=15342"}],"curies":[{"name":"delovni list","href":"https:\/\/api.w.org\/{rel}","templated":true}]}}