{"id":15351,"date":"2025-01-19T14:25:11","date_gmt":"2025-01-19T14:25:11","guid":{"rendered":"https:\/\/www.hydraulic-cylinders.net\/product\/bucket-cylinder-for-kobelco-small-excavator-sk130-130-8\/"},"modified":"2025-01-19T14:25:19","modified_gmt":"2025-01-19T14:25:19","slug":"bucket-cylinder-for-kobelco-small-excavator-sk130-130-8","status":"publish","type":"product","link":"https:\/\/www.hydraulic-cylinders.net\/sl\/izdelek\/bucket-cylinder-for-kobelco-small-excavator-sk130-130-8\/","title":{"rendered":"Cilinder \u017elice za majhen bager Kobelco SK130\/130-8"},"content":{"rendered":"<p><!DOCTYPE html><br \/>\n<html><br \/>\n<head><br \/>\n<\/head><br \/>\n<body><\/p>\n<h1>Cilinder \u017elice za majhen bager Kobelco SK130\/130-8<\/h1>\n<h2>Uvod<\/h2>\n<p>Hidravli\u010dni valj \u017elice je posebej zasnovan hidravli\u010dni valj, ki se uporablja za nadzor gibanja \u017elice v te\u017ekih strojih, kot so bagri, bagri nakladalniki in \u010delni nakladalniki. Njegova glavna funkcija je omogo\u010danje dvigovanja, spu\u0161\u010danja in nagibanja \u017elice, zaradi \u010desar je priro\u010dna za razli\u010dna opravila ravnanja z materiali. V hidravli\u010dnem sistemu valj \u017elice dose\u017ee natan\u010den nadzor nad \u017elico z uporabo sprememb tlaka hidravli\u010dnega olja, kar omogo\u010da upravljavcem u\u010dinkovito ravnanje s te\u017ekimi bremeni in prilagajanje kompleksnim delovnim okoljem ter raznolikim zahtevam dela.<\/p>\n<p><img decoding=\"async\" src=\"https:\/\/www.hydraulic-cylinders.net\/wp-content\/uploads\/2025\/01\/songte-company-2.webp\" alt=\"Slika valjaste \u017elice\"><\/p>\n<h2>Zna\u010dilnosti<\/h2>\n<ul>\n<li>Visoka trdnost in vzdr\u017eljivost: Valj z \u017elico, obi\u010dajno izdelan iz visoko trdnega jekla ali aluminija, lahko prenese visok tlak in velike obremenitve ter se prilagaja zahtevnim delovnim okoljem. Zasnova upo\u0161teva odpornost proti obrabi in koroziji, da se podalj\u0161a njegova \u017eivljenjska doba.<\/li>\n<li>U\u010dinkovito hidravli\u010dno delovanje: Z uporabo tlaka hidravli\u010dnega olja valj \u017elice dose\u017ee gladke gibe iztegovanja in vvla\u010devanja, kar omogo\u010da hiter odziv na krmilne ukaze in zagotavlja mo\u010dne potisne in vle\u010dne sile za rokovanje s te\u017ekimi bremeni in kompleksnimi delovnimi nalogami.<\/li>\n<li>Razli\u010dne vrste: Valj \u017elice je lahko glede na specifi\u010dne operativne zahteve enosmerno delujo\u010d (hidravli\u010dna teko\u010dina se uporablja samo v eno smer) ali dvosmerno delujo\u010d (hidravli\u010dna teko\u010dina se uporablja v obe smeri). Nekateri modeli so teleskopski, kar omogo\u010da ve\u010dji razteg brez pove\u010danja zunanjih dimenzij, zaradi \u010desar so primerni za uporabo v omejenem prostoru.<\/li>\n<\/ul>\n<p><img decoding=\"async\" src=\"https:\/\/www.hydraulic-cylinders.net\/wp-content\/uploads\/2025\/01\/songte-cylinder-head-with-all-kinds-excavator-models.webp\" alt=\"Slika izdelka\"><\/p>\n<h2>Aplikacije<\/h2>\n<p>Valj z \u017elico se uporablja v razli\u010dni opremi:<\/p>\n<ul>\n<li>Gradbena oprema: Bistvena pri bagrih za kopanje, nakladanje in premikanje zemlje ali ru\u0161evin. Pri bagrih nakladalnikih cilinder \u017elice pomaga pri kopanju in dvigovanju.<\/li>\n<li>Kmetijska mehanizacija: Uporablja se v \u010delnih nakladalnikih za zajemanje, dvigovanje in prevoz zemlje, sena in drugih materialov.<\/li>\n<li>Bagri: Cilinder \u017elice omogo\u010da kopanje, saj \u017elici omogo\u010da prodiranje v zemljo.<\/li>\n<li>Nakladalci: Pri \u010delnih nakladalcih pomagajo pri u\u010dinkovitem dvigovanju in odlaganju blaga.<\/li>\n<\/ul>\n<h2>Oblikovalski vidiki in izbirna merila<\/h2>\n<p>Pri na\u010drtovanju cilindra z \u017elico se upo\u0161teva ve\u010d dejavnikov in izbirnih meril:<\/p>\n<ul>\n<li>Nosilnost: Cilinder mora biti sposoben prenesti pri\u010dakovano obremenitev.<\/li>\n<li>Tesnjenje: Uporabljajo se razli\u010dne tesnilne komponente, kot so tesnila bata in ojnice, izdelane iz materialov, odpornih proti obrabi, kot sta poliuretan in nitrilna guma. Telo valja in navojni konci so fino obdelani za izbolj\u0161anje odpornosti proti obrabi.<\/li>\n<li>Vzdr\u017eljivost: Cilinder \u017elice je zasnovan tako, da je vzdr\u017eljiv, kar zagotavlja dolgo \u017eivljenjsko dobo v zahtevnih pogojih.<\/li>\n<li>Varnost: V zasnovo so vgrajene varnostne funkcije za prepre\u010devanje nesre\u010d in zagotavljanje za\u0161\u010dite upravljavca.<\/li>\n<li>Vzdr\u017eevanje: Upo\u0161tevani so ukrepi za la\u017eje vzdr\u017eevanje in popravila, kar omogo\u010da enostavno razstavljanje in ponovno sestavljanje komponent.<\/li>\n<\/ul>\n<p><img decoding=\"async\" src=\"https:\/\/www.hydraulic-cylinders.net\/wp-content\/uploads\/2025\/01\/songte-oil-pipes-and-spare-parts.webp\" alt=\"Deli hidravli\u010dnega cilindra\"><\/p>\n<h2>Tesnjenje in mazanje<\/h2>\n<p>Valj \u017elice vklju\u010duje razli\u010dne tesnilne komponente, kot so tesnila bata in tesnila palic, izdelane iz materialov, odpornih proti obrabi. Telo valja in navojni konci so fino obdelani za izbolj\u0161anje odpornosti proti obrabi. Redno mazanje z ustrezno koli\u010dino hidravli\u010dnega olja je bistvenega pomena za nemoteno delovanje.<\/p>\n<h2>Redni pregledi in preventivno vzdr\u017eevanje<\/h2>\n<p>Za zagotovitev optimalnega delovanja je treba izvajati redne preglede in preventivno vzdr\u017eevanje. Priporo\u010dajo se naslednji ukrepi:<\/p>\n<ul>\n<li>Preverite jeklenko glede morebitnih znakov pu\u0161\u010danja, po\u0161kodb ali obrabe.<\/li>\n<li>Pravilno nama\u017eite valj in vse gibljive dele.<\/li>\n<li>Po potrebi zamenjajte tesnila in druge obrabljene komponente.<\/li>\n<li>Za zagotovitev natan\u010dnega delovanja izvedite kalibracijske preglede.<\/li>\n<\/ul>\n<p><img decoding=\"async\" src=\"https:\/\/www.hydraulic-cylinders.net\/wp-content\/uploads\/2025\/01\/songte-chushion-collar.webp\" alt=\"Slika ovratnika z blazino\"><\/p>\n<h2>Varnostni vidiki in okoljski dejavniki<\/h2>\n<p>Pri uporabi cilindra z vedrom je klju\u010dnega pomena dati prednost varnostnim ukrepom za prepre\u010devanje nesre\u010d in zagotavljanje varnega delovnega okolja. Ustrezno usposabljanje in poznavanje varnostnih protokolov sta bistvenega pomena.<\/p>\n<h2>Odpravljanje te\u017eav in pogoste te\u017eave<\/h2>\n<p>Ko naletite na te\u017eave z cilindrom \u017elice, vam lahko naslednji nasveti in re\u0161itve za odpravljanje te\u017eav pomagajo pri u\u010dinkovitem diagnosticiranju in odpravljanju te\u017eav. Pomembno je tudi izvajati preventivne ukrepe za zmanj\u0161anje morebitnih te\u017eav.<\/p>\n<p><img decoding=\"async\" src=\"https:\/\/www.hydraulic-cylinders.net\/wp-content\/uploads\/2025\/01\/songte-bushings-with-all-kinds-of-excavator-models.webp\" alt=\"Pu\u0161e hidravli\u010dnih cilindrov\"><\/p>\n<h2>Zaklju\u010dek<\/h2>\n<p>Na\u0161e podjetje je vodilni proizvajalec in veleprodajni distributer hidravli\u010dnih cilindrov na doma\u010dem in mednarodnem trgu. Ponujamo \u0161iroko paleto izdelkov in smo zavezani k zagotavljanju odli\u010dne kakovosti. Z na\u0161o usposobljeno ekipo, napredno proizvodno opremo in profesionalnimi testnimi sistemi si prizadevamo izpolniti razli\u010dne zahteve strank z u\u010dinkovitostjo, natan\u010dnostjo in visokokakovostnimi izdelki.<\/p>\n<p><img decoding=\"async\" src=\"https:\/\/www.hydraulic-cylinders.net\/wp-content\/uploads\/2025\/01\/songte-company-3.webp\" alt=\"Slika podjetja\"><\/p>\n<p>Avtor: lyl<\/p>\n<p><\/body><br \/>\n<\/html><\/p>","protected":false},"excerpt":{"rendered":"<p>Bucket Cylinder For Kobelco Small Excavator SK130\/130-8 Introduction The bucket cylinder is a specially designed hydraulic cylinder used to control the movement of the bucket in heavy machinery such as excavators, backhoe loaders, and front loaders. Its main function is to enable the bucket to lift, lower, and tilt, making it convenient for various material [&hellip;]<\/p>","protected":false},"featured_media":14773,"comment_status":"open","ping_status":"closed","template":"","meta":{"_et_pb_use_builder":"","_et_pb_old_content":"","_et_gb_content_width":""},"product_brand":[],"product_cat":[1494],"product_tag":[1495,1496],"class_list":{"0":"post-15351","1":"product","2":"type-product","3":"status-publish","4":"has-post-thumbnail","6":"product_cat-bucket-cylinders","7":"product_tag-bucket-cylinders","8":"product_tag-hydraulic-cylinders","10":"first","11":"instock","12":"shipping-taxable","13":"product-type-simple"},"amp_enabled":true,"_links":{"self":[{"href":"https:\/\/www.hydraulic-cylinders.net\/sl\/wp-json\/wp\/v2\/product\/15351","targetHints":{"allow":["GET"]}}],"collection":[{"href":"https:\/\/www.hydraulic-cylinders.net\/sl\/wp-json\/wp\/v2\/product"}],"about":[{"href":"https:\/\/www.hydraulic-cylinders.net\/sl\/wp-json\/wp\/v2\/types\/product"}],"replies":[{"embeddable":true,"href":"https:\/\/www.hydraulic-cylinders.net\/sl\/wp-json\/wp\/v2\/comments?post=15351"}],"wp:featuredmedia":[{"embeddable":true,"href":"https:\/\/www.hydraulic-cylinders.net\/sl\/wp-json\/wp\/v2\/media\/14773"}],"wp:attachment":[{"href":"https:\/\/www.hydraulic-cylinders.net\/sl\/wp-json\/wp\/v2\/media?parent=15351"}],"wp:term":[{"taxonomy":"product_brand","embeddable":true,"href":"https:\/\/www.hydraulic-cylinders.net\/sl\/wp-json\/wp\/v2\/product_brand?post=15351"},{"taxonomy":"product_cat","embeddable":true,"href":"https:\/\/www.hydraulic-cylinders.net\/sl\/wp-json\/wp\/v2\/product_cat?post=15351"},{"taxonomy":"product_tag","embeddable":true,"href":"https:\/\/www.hydraulic-cylinders.net\/sl\/wp-json\/wp\/v2\/product_tag?post=15351"}],"curies":[{"name":"delovni list","href":"https:\/\/api.w.org\/{rel}","templated":true}]}}