{"id":15363,"date":"2025-01-19T14:26:06","date_gmt":"2025-01-19T14:26:06","guid":{"rendered":"https:\/\/www.hydraulic-cylinders.net\/product\/bucket-cylinder-for-kobelco-large-excavator-sk350-6-8-8e\/"},"modified":"2025-01-19T14:26:07","modified_gmt":"2025-01-19T14:26:07","slug":"bucket-cylinder-for-kobelco-large-excavator-sk350-6-8-8e","status":"publish","type":"product","link":"https:\/\/www.hydraulic-cylinders.net\/sl\/izdelek\/bucket-cylinder-for-kobelco-large-excavator-sk350-6-8-8e\/","title":{"rendered":"Cilinder \u017elice za velik bager Kobelco SK350-6-8-8e"},"content":{"rendered":"<h1>Cilinder \u017elice za velik bager Kobelco SK350-6-8-8e<\/h1>\n<h2>Uvod<\/h2>\n<p>Hidravli\u010dni valj \u017elice je posebej zasnovan hidravli\u010dni valj, ki se uporablja predvsem za nadzor gibanja \u017elice v te\u017ekih strojih, kot so bagri, bagri z nakladalniki in \u010delni nakladalniki. Njegova glavna funkcija je omogo\u010diti dvigovanje, spu\u0161\u010danje in nagibanje \u017elice, kar olaj\u0161a opravljanje razli\u010dnih nalog ravnanja z materiali. V hidravli\u010dnem sistemu valj \u017elice dose\u017ee natan\u010den nadzor gibanja \u017elice s spremembami tlaka hidravli\u010dnega olja, kar omogo\u010da upravljavcem u\u010dinkovito ravnanje s te\u017ekimi predmeti in prilagajanje kompleksnim delovnim okoljem ter raznolikim operativnim zahtevam.<\/p>\n<p><img decoding=\"async\" src=\"https:\/\/www.hydraulic-cylinders.net\/wp-content\/uploads\/2025\/01\/songte-company-2.webp\" alt=\"Cilinder za vedro\" \/><\/p>\n<h2>Zna\u010dilnosti<\/h2>\n<ul>\n<li>Visoka trdnost in vzdr\u017eljivost: Obi\u010dajno je izdelan iz visoko trdnega jekla ali aluminija, lahko prenese visok tlak in velike obremenitve, se prilagodi zahtevnim delovnim okoljem in je zasnovan z mislijo na odpornost proti obrabi in koroziji, kar podalj\u0161uje njegovo \u017eivljenjsko dobo.<\/li>\n<li>U\u010dinkovito hidravli\u010dno delovanje: Uporablja hidravli\u010dni tlak olja za doseganje gladkih gibov iztegovanja in vvla\u010denja, hitro se odziva na krmilne ukaze, zagotavlja mo\u010dne potisne in vle\u010dne sile ter je primeren za ravnanje s te\u017ekimi predmeti in kompleksne delovne naloge.<\/li>\n<li>Razli\u010dne vrste: Enojno delujo\u010di (hidravli\u010dni, ki se uporabljajo v eno smer) ali dvostransko delujo\u010di (hidravli\u010dni, ki se uporabljajo v obe smeri) cilindri se lahko izberejo glede na zahteve za izpolnjevanje razli\u010dnih operativnih potreb. Nekateri modeli so teleskopski, kar omogo\u010da ve\u010dji razteg brez pove\u010danja zunanjih dimenzij, zaradi \u010desar so primerni za uporabo z omejenim prostorom.<\/li>\n<li>Zanesljivi in \u200b\u200benostavni za vzdr\u017eevanje: Na\u0161i izdelki so zasnovani za enostavno vzdr\u017eevanje in popravilo, na voljo pa so tudi razli\u010dni standardni nadomestni deli, ki zagotavljajo optimalno delovanje in dolgo \u017eivljenjsko dobo.<\/li>\n<li>Prilagodljivo: Izdelek lahko izdelamo v skladu z va\u0161imi zahtevami in na\u0161 izdelek lahko popolnoma nadomesti te hidravli\u010dne cilindre.<\/li>\n<\/ul>\n<p><img decoding=\"async\" src=\"https:\/\/www.hydraulic-cylinders.net\/wp-content\/uploads\/2025\/01\/songte-cylinder-head-with-all-kinds-excavator-models.webp\" alt=\"Cilinder za vedro\" \/><\/p>\n<h2>Aplikacije<\/h2>\n<p>Cilinder \u017elice se pogosto uporablja v razli\u010dnih te\u017ekih strojih, vklju\u010dno z:<\/p>\n<ul>\n<li>Gradbena oprema: Bagri se nanje zana\u0161ajo pri kopanju, nakladanju in premikanju zemlje ali ru\u0161evin. Pri bagrih z nakladalno glavo cilinder \u017elice pomaga tako pri kopanju kot pri dvigovanju. <\/li>\n<li>Kmetijski stroji: Uporabljajo se v \u010delnih nakladalnikih za zajemanje, dvigovanje in prevoz zemlje, sena in drugih materialov. <\/li>\n<li>Bagri: Cilinder \u017elice omogo\u010da kopanje tako, da \u017elica prodre v zemljo. <\/li>\n<li>Nakladalci: Pri \u010delnih nakladalcih pomagajo pri u\u010dinkovitem dvigovanju in odlaganju tovora.<\/li>\n<\/ul>\n<h2>Oblikovalski vidiki in izbirna merila<\/h2>\n<p>Pri na\u010drtovanju in izbiri cilindra za vedro je treba upo\u0161tevati ve\u010d klju\u010dnih dejavnikov:<\/p>\n<ul>\n<li>Nosilnost: Cilinder mora biti sposoben prenesti najve\u010djo obremenitev, ki jo bo do\u017eivel med delovanjem.<\/li>\n<li>Tesnjenje: Cilinder mora imeti zanesljivo tesnjenje, da se prepre\u010di pu\u0161\u010danje in kontaminacija hidravli\u010dne teko\u010dine.<\/li>\n<li>Vzdr\u017eljivost: Jeklenka mora biti izdelana iz materialov, ki so odporni proti obrabi, koroziji in drugim oblikam po\u0161kodb.<\/li>\n<li>Varnost: Jeklenka mora biti zasnovana z varnostnimi elementi za prepre\u010devanje nesre\u010d in po\u0161kodb.<\/li>\n<li>Vzdr\u017eevanje: Jeklenka mora biti enostavna za vzdr\u017eevanje, z lahko dostopnimi nadomestnimi deli in storitvami popravila.<\/li>\n<\/ul>\n<p><img decoding=\"async\" src=\"https:\/\/www.hydraulic-cylinders.net\/wp-content\/uploads\/2025\/01\/songte-oil-pipes-and-spare-parts.webp\" alt=\"Cilinder za vedro\" \/><\/p>\n<h2>Tesnjenje in mazanje<\/h2>\n<p>Valj \u017elice uporablja razli\u010dne vrste tesnil, kot so tesnila bata in tesnila palice, izdelana iz materialov, odpornih proti obrabi, kot sta poliuretan in nitrilna guma. Telo valja in navojne kon\u010dne povr\u0161ine so natan\u010dno obdelane za izbolj\u0161anje odpornosti proti obrabi. Redno mazanje z ustrezno koli\u010dino hidravli\u010dnega olja je bistvenega pomena za ohranjanje optimalne zmogljivosti in podalj\u0161anje \u017eivljenjske dobe valja.<\/p>\n<h2>Vzdr\u017eevanje in popravila<\/h2>\n<p>Redno vzdr\u017eevanje je bistvenega pomena za zagotovitev optimalne zmogljivosti in dolge \u017eivljenjske dobe cilindra vedra. Sledi nekaj pogostih vzdr\u017eevalnih opravil:<\/p>\n<ul>\n<li>Redni pregled: Preverite jeklenko glede znakov obrabe, po\u0161kodb ali pu\u0161\u010danja.<\/li>\n<li>Mazanje: Za redno mazanje valja uporabljajte ustrezno koli\u010dino hidravli\u010dnega olja.<\/li>\n<li>Zamenjava tesnila: Obrabljena ali po\u0161kodovana tesnila \u010dim prej zamenjajte.<\/li>\n<li>Preverjanje kalibracije: Preverite kalibracijo cilindra, da zagotovite, da izpolnjuje zahtevane specifikacije.<\/li>\n<\/ul>\n<p>Pravilna namestitev, mazanje in nastavitev so klju\u010dnega pomena za zagotavljanje optimalne zmogljivosti in dolge \u017eivljenjske dobe. Med namestitvijo zagotovite ustrezno vodenje za poravnavo cilindra, uporabite ustrezne nosilce za pritrditev cilindra in upo\u0161tevajte priporo\u010dene postopke pregleda, popravila in zamenjave, da podalj\u0161ate \u017eivljenjsko dobo cilindra.<\/p>\n<p><img decoding=\"async\" src=\"https:\/\/www.hydraulic-cylinders.net\/wp-content\/uploads\/2025\/01\/songte-chushion-collar.webp\" alt=\"Cilinder za vedro\" \/><\/p>\n<h2>Varnostni vidiki in okoljski dejavniki<\/h2>\n<p>Pri uporabi cilindra z \u017elico je klju\u010dnega pomena upo\u0161tevati ustrezne varnostne postopke, da prepre\u010dite nesre\u010de in po\u0161kodbe. Ustrezni varnostni ukrepi vklju\u010dujejo no\u0161enje osebne za\u0161\u010ditne opreme in upo\u0161tevanje navodil za uporabo. Poleg tega lahko hidravli\u010dna olja in druge teko\u010dine, ki se uporabljajo v sistemu, vplivajo na okolje in jih je treba pravilno odstraniti.<\/p>\n<h2>Odpravljanje te\u017eav in pogoste te\u017eave<\/h2>\n<p>Kljub njihovi vzdr\u017eljivosti in zanesljivosti se lahko pri cilindrih \u017elic pojavijo te\u017eave, ki zahtevajo odpravljanje. Pogoste te\u017eave vklju\u010dujejo pu\u0161\u010danje, slabo delovanje in nenavadne zvoke. Pravilna diagnoza in hitro popravilo lahko prepre\u010dita nastanek resnej\u0161ih te\u017eav.<\/p>\n<p><img decoding=\"async\" src=\"https:\/\/www.hydraulic-cylinders.net\/wp-content\/uploads\/2025\/01\/songte-bushings-with-all-kinds-of-excavator-models.webp\" alt=\"Cilinder za vedro\" \/><\/p>\n<h2>O na\u0161em podjetju<\/h2>\n<p>Smo vodilni proizvajalec in veleprodajni distributer cilindrov z vedri, s \u0161iroko paleto izdelkov na doma\u010dem in mednarodnem trgu. Prizadevamo si za odli\u010dnost v kakovosti in se zana\u0161amo na strategije upravljanja industrijske proizvodnje, ki temeljijo na natan\u010dno izdelanih delavnicah. Vlagali smo v nadarjeno osebje, najsodobnej\u0161o digitalno proizvodno opremo in profesionalne sisteme testiranja, s \u010dimer nenehno izbolj\u0161ujemo na\u0161e proizvodne platforme in proizvodne poti za kakovost izdelkov. Ponosni smo na na\u0161o visoko u\u010dinkovitost, natan\u010dnost in na\u010dela kakovosti, ki zadovoljujejo raznolike potrebe strank.<\/p>\n<ul>\n<li>Profesionalnost: Imamo predano ekipo strokovnjakov, ki so zavezani zagotavljanju visokokakovostnih izdelkov in storitev strankam po vsem svetu.<\/li>\n<li>Mednarodno certificiranje: Na\u0161i izdelki izpolnjujejo mednarodne standarde kakovosti in so certificirani s strani razli\u010dnih regulatornih organov.<\/li>\n<li>Prilagoditev: Ponujamo re\u0161itve po meri, ki ustrezajo specifi\u010dnim zahtevam strank.<\/li>\n<li>Proizvodna oprema: Za zagotavljanje dosledne kakovosti in zmogljivosti na\u0161ih izdelkov uporabljamo napredno digitalno proizvodno opremo.<\/li>\n<li>Poprodajne storitve: Zagotavljamo celovite poprodajne storitve, vklju\u010dno s popravili in zamenjavo, da zagotovimo maksimalno zadovoljstvo strank.<\/li>\n<\/ul>\n<p><img decoding=\"async\" src=\"https:\/\/hzpt.com\/wp-content\/uploads\/2024\/11\/songte-company-1.webp\" alt=\"Cilinder za vedro\" \/><\/p>\n<h3>Avtor: lyl<\/h3>","protected":false},"excerpt":{"rendered":"<p>Bucket Cylinder For Kobelco Large Excavator SK350-6-8-8e Introduction A bucket cylinder is a specially designed hydraulic cylinder primarily used to control the movement of the bucket in heavy-duty machinery such as excavators, backhoe excavators, and front-end loaders. Its main function is to enable the bucket to lift, lower, and tilt, making it easier to handle [&hellip;]<\/p>","protected":false},"featured_media":14780,"comment_status":"open","ping_status":"closed","template":"","meta":{"_et_pb_use_builder":"","_et_pb_old_content":"","_et_gb_content_width":""},"product_brand":[],"product_cat":[1494],"product_tag":[1495,1496],"class_list":{"0":"post-15363","1":"product","2":"type-product","3":"status-publish","4":"has-post-thumbnail","6":"product_cat-bucket-cylinders","7":"product_tag-bucket-cylinders","8":"product_tag-hydraulic-cylinders","10":"first","11":"instock","12":"shipping-taxable","13":"product-type-simple"},"amp_enabled":true,"_links":{"self":[{"href":"https:\/\/www.hydraulic-cylinders.net\/sl\/wp-json\/wp\/v2\/product\/15363","targetHints":{"allow":["GET"]}}],"collection":[{"href":"https:\/\/www.hydraulic-cylinders.net\/sl\/wp-json\/wp\/v2\/product"}],"about":[{"href":"https:\/\/www.hydraulic-cylinders.net\/sl\/wp-json\/wp\/v2\/types\/product"}],"replies":[{"embeddable":true,"href":"https:\/\/www.hydraulic-cylinders.net\/sl\/wp-json\/wp\/v2\/comments?post=15363"}],"wp:featuredmedia":[{"embeddable":true,"href":"https:\/\/www.hydraulic-cylinders.net\/sl\/wp-json\/wp\/v2\/media\/14780"}],"wp:attachment":[{"href":"https:\/\/www.hydraulic-cylinders.net\/sl\/wp-json\/wp\/v2\/media?parent=15363"}],"wp:term":[{"taxonomy":"product_brand","embeddable":true,"href":"https:\/\/www.hydraulic-cylinders.net\/sl\/wp-json\/wp\/v2\/product_brand?post=15363"},{"taxonomy":"product_cat","embeddable":true,"href":"https:\/\/www.hydraulic-cylinders.net\/sl\/wp-json\/wp\/v2\/product_cat?post=15363"},{"taxonomy":"product_tag","embeddable":true,"href":"https:\/\/www.hydraulic-cylinders.net\/sl\/wp-json\/wp\/v2\/product_tag?post=15363"}],"curies":[{"name":"delovni list","href":"https:\/\/api.w.org\/{rel}","templated":true}]}}