{"id":15365,"date":"2025-01-19T14:26:13","date_gmt":"2025-01-19T14:26:13","guid":{"rendered":"https:\/\/www.hydraulic-cylinders.net\/product\/bucket-cylinder-for-kobelco-large-excavator-sk450-6-6e\/"},"modified":"2025-01-19T14:26:21","modified_gmt":"2025-01-19T14:26:21","slug":"bucket-cylinder-for-kobelco-large-excavator-sk450-6-6e","status":"publish","type":"product","link":"https:\/\/www.hydraulic-cylinders.net\/sl\/izdelek\/bucket-cylinder-for-kobelco-large-excavator-sk450-6-6e\/","title":{"rendered":"Cilinder \u017elice za velik bager Kobelco SK450-6-6E"},"content":{"rendered":"<h1>Cilinder \u017elice za velik bager Kobelco SK450-6-6E<\/h1>\n<h2>Uvod<\/h2>\n<p>Hidravli\u010dni cilinder \u017elice za velik bager Kobelco SK450-6-6E je posebej zasnovan hidravli\u010dni cilinder, ki se uporablja predvsem za nadzor gibanja \u017elice v te\u017ekih strojih, kot so bagri, bagri z nakladalniki in \u010delni nakladalniki. Njegova glavna funkcija je omogo\u010danje dvigovanja, spu\u0161\u010danja in nagibanja \u017elice, kar olaj\u0161a razli\u010dna opravila ravnanja z materiali. V hidravli\u010dnem sistemu cilinder \u017elice dose\u017ee natan\u010den nadzor gibanja \u017elice s spremembami tlaka hidravli\u010dnega olja, kar omogo\u010da upravljavcem u\u010dinkovito ravnanje s te\u017ekimi bremeni in prilagajanje kompleksnim delovnim okoljem ter raznolikim operativnim potrebam.<\/p>\n<p><img decoding=\"async\" src=\"https:\/\/www.hydraulic-cylinders.net\/wp-content\/uploads\/2025\/01\/songte-company-2.webp\" \/><\/p>\n<h2>Zna\u010dilnosti<\/h2>\n<ul>\n<li>Visoka trdnost in vzdr\u017eljivost: Obi\u010dajno je izdelan iz visoko trdnega jekla ali aluminija, zato lahko prenese visok tlak in velike obremenitve ter se prilagodi zahtevnim delovnim okoljem. Zasnova upo\u0161teva odpornost proti obrabi in koroziji, kar podalj\u0161uje \u017eivljenjsko dobo.<\/li>\n<li>U\u010dinkovito hidravli\u010dno delovanje: Gladko iztezanje in kr\u010denje se dose\u017ee z uporabo hidravli\u010dnega tlaka olja, kar omogo\u010da hiter odziv na ukaze za upravljanje in zagotavlja mo\u010dne potisne in vle\u010dne sile, primerne za ravnanje s te\u017ekimi bremeni in kompleksne operativne naloge.<\/li>\n<li>Razli\u010dne vrste: Enojno delujo\u010di (hidravli\u010dni, ki se uporabljajo samo v eno smer) ali dvostransko delujo\u010di (hidravli\u010dni, ki se uporabljajo v obe smeri) cilindri se lahko izberejo glede na zahteve za razli\u010dne operativne potrebe. Nekateri modeli so teleskopski, kar omogo\u010da ve\u010dji razteg brez pove\u010danja zunanjih dimenzij, primerni za uporabo v omejenem prostoru.<\/li>\n<li>Visoka prilagodljivost: Na\u0161 izdelek lahko popolnoma nadomesti te hidravli\u010dne cilindre.<\/li>\n<\/ul>\n<p><img decoding=\"async\" src=\"https:\/\/www.hydraulic-cylinders.net\/wp-content\/uploads\/2025\/01\/songte-cylinder-head-with-all-kinds-excavator-models.webp\" \/><\/p>\n<h2>Uporaba<\/h2>\n<p>Vedro valja ima \u0161iroko paleto uporabe v razli\u010dnih panogah. Nekatere pogoste uporabe so:<\/p>\n<ul>\n<li>Gradbena oprema: Pri bagrih so klju\u010dni za kopanje, nakladanje in premikanje zemlje ali ru\u0161evin. Pri bagrih z nakladalno glavo cilinder \u017elice pomaga tako pri kopanju kot pri dvigovanju. <\/li>\n<li>Kmetijski stroji: Uporabljajo se v \u010delnih nakladalnikih, ki zajemajo, dvigujejo in preva\u017eajo zemljo, seno in druge materiale. <\/li>\n<li>Bagri: Cilinder \u017elice omogo\u010da kopanje tako, da \u017elica prodre v zemljo. <\/li>\n<li>Nakladalci: Pri \u010delnih nakladalcih pomagajo pri u\u010dinkovitem dvigovanju in razkladanju tovora.<\/li>\n<\/ul>\n<p>Na\u0161 vedrni valj je idealen za te in \u0161e ve\u010d aplikacij. <\/p>\n<h2>Oblikovalski vidiki in standardi izbire<\/h2>\n<p>Valj \u017elice je pomemben sestavni del hidravli\u010dnih sistemov, njegovi konstrukcijski vidiki in standardi izbire pa so klju\u010dni za zagotavljanje optimalne zmogljivosti. Nekateri klju\u010dni konstrukcijski vidiki vklju\u010dujejo:<\/p>\n<ul>\n<li>Nosilnost: Jeklenka mora biti sposobna prenesti obremenitev, ki je nanjo name\u0161\u010dena, ne da bi se upognila ali zlomila.<\/li>\n<li>Tesnjenje: Pravilno tesnjenje je bistvenega pomena za prepre\u010devanje pu\u0161\u010danja olja in zagotavljanje optimalne zmogljivosti.<\/li>\n<li>Vzdr\u017eljivost: Jeklenka mora biti izdelana iz visokokakovostnih materialov, ki so odporni proti obrabi in koroziji, da se zagotovi dolga \u017eivljenjska doba.<\/li>\n<li>Varnost: Jeklenka mora biti zasnovana z mislijo na varnost, z varnostnimi ventili, ki prepre\u010dujejo preobremenitev.<\/li>\n<li>Vzdr\u017eevanje: Jeklenka mora biti enostavna za vzdr\u017eevanje in popravilo, z lahkim dostopom do komponent in jasnimi navodili za vzdr\u017eevanje in popravilo.<\/li>\n<\/ul>\n<p>Na\u0161 valj z \u017elico izpolnjuje vse te konstrukcijske zahteve, kar zagotavlja optimalno delovanje in dolgo \u017eivljenjsko dobo.<\/p>\n<p><img decoding=\"async\" src=\"https:\/\/www.hydraulic-cylinders.net\/wp-content\/uploads\/2025\/01\/songte-oil-pipes-and-spare-parts.webp\" \/><\/p>\n<h2>Tesnjenje in mazanje<\/h2>\n<p>Valj \u017elice uporablja razli\u010dne tesnilne komponente, kot so tesnila bata, tesnila palic itd., izdelane iz materialov, odpornih proti obrabi, kot so poliuretan, nitrilna guma itd. Tesnilni sistem mora biti pravilno mazan, valj pa je treba redno vzdr\u017eevati z ustrezno koli\u010dino hidravli\u010dnega olja, da se zagotovi optimalno delovanje.<\/p>\n<h2>Vzdr\u017eevanje in popravila<\/h2>\n<p>Redno vzdr\u017eevanje in popravila so bistvena za zagotavljanje optimalne zmogljivosti in dolge \u017eivljenjske dobe valja z \u017elico. Nekatera pogosta vzdr\u017eevalna opravila vklju\u010dujejo redne preglede, pravilno mazanje in zamenjavo tesnil. Pravilna namestitev, mazanje in nastavitev so prav tako bistveni za optimalno delovanje. Uporaba ustreznih monta\u017enih pritrdilnih elementov za pritrditev valja, priporo\u010deni postopki pregledov, popravil in zamenjav ter uporaba storitev obnove lahko pomagajo podalj\u0161ati \u017eivljenjsko dobo valja z \u017elico.<\/p>\n<p><img decoding=\"async\" src=\"https:\/\/www.hydraulic-cylinders.net\/wp-content\/uploads\/2025\/01\/songte-chushion-collar.webp\" \/><\/p>\n<h2>Varnostni in okoljski vidiki<\/h2>\n<p>Cilinder \u017elice je bistvena komponenta te\u017eke mehanizacije, varnost pa mora biti pri njegovi uporabi na prvem mestu. Za zagotovitev optimalne varnosti in varstva okolja je treba upo\u0161tevati pravilne postopke ravnanja, delovanja in vzdr\u017eevanja. <\/p>\n<h2>Pogoste napake in odpravljanje te\u017eav<\/h2>\n<p>Med pogoste napake v valju \u017elice spadajo pu\u0161\u010danje olja, po\u0161kodovana tesnila in palice. Pravilen pregled in vzdr\u017eevanje lahko pomagata prepre\u010diti te napake. \u010ce se pojavijo napake, je treba za ponovno vzpostavitev optimalnega delovanja upo\u0161tevati ustrezne postopke za odpravljanje te\u017eav in popravilo. Priporo\u010dljivo je upo\u0161tevati preventivne ukrepe za zmanj\u0161anje morebitnih te\u017eav.<\/p>\n<p><img decoding=\"async\" src=\"https:\/\/www.hydraulic-cylinders.net\/wp-content\/uploads\/2025\/01\/songte-bushings-with-all-kinds-of-excavator-models.webp\" \/><\/p>\n<h2>O na\u0161em podjetju<\/h2>\n<p>Smo proizvajalec nadomestnih hidravli\u010dnih cilindrov s celotno paleto izdelkov. Smo eden vodilnih proizvajalcev in veleprodajnih trgovcev s hidravli\u010dnimi cilindri na doma\u010dem in mednarodnem trgu. Dr\u017eimo se na\u010dela odli\u010dne kakovosti, se zana\u0161amo na industrializirano strategijo upravljanja proizvodnje v finih proizvodnih delavnicah in nenehno izbolj\u0161ujemo proizvodno platformo na\u0161ih delavnic s tehnolo\u0161kimi talenti, vrhunsko digitalno proizvodno opremo in profesionalnimi testnimi sistemi. Prizadevamo si za zagotavljanje visoko u\u010dinkovitih, visoko natan\u010dnih in visokokakovostnih izdelkov, ki ustrezajo raznolikim potrebam na\u0161ih strank. <\/p>\n<p>Zavezani smo k zagotavljanju profesionalnih, mednarodno certificiranih in prilagojenih storitev na\u0161im strankam. Na\u0161a proizvodna oprema in poprodajne storitve so vrhunske, kar zagotavlja optimalno delovanje in dolgo \u017eivljenjsko dobo na\u0161ih izdelkov. <\/p>\n<p><img decoding=\"async\" src=\"https:\/\/hzpt.com\/wp-content\/uploads\/2024\/11\/songte-company-1.webp\" \/><\/p>\n<p><em>Avtor: lyl<\/em><\/p>","protected":false},"excerpt":{"rendered":"<p>Bucket Cylinder For Kobelco Large Excavator SK450-6-6E Introduction The bucket cylinder for Kobelco large excavator SK450-6-6E is a specially designed hydraulic cylinder primarily used to control the movement of the bucket in heavy machinery such as excavators, backhoe excavators, and front-end loaders. Its main function is to enable lifting, lowering, and tilting of the bucket, [&hellip;]<\/p>","protected":false},"featured_media":14776,"comment_status":"open","ping_status":"closed","template":"","meta":{"_et_pb_use_builder":"","_et_pb_old_content":"","_et_gb_content_width":""},"product_brand":[],"product_cat":[1494],"product_tag":[1495,1496],"class_list":{"0":"post-15365","1":"product","2":"type-product","3":"status-publish","4":"has-post-thumbnail","6":"product_cat-bucket-cylinders","7":"product_tag-bucket-cylinders","8":"product_tag-hydraulic-cylinders","10":"first","11":"instock","12":"shipping-taxable","13":"product-type-simple"},"amp_enabled":true,"_links":{"self":[{"href":"https:\/\/www.hydraulic-cylinders.net\/sl\/wp-json\/wp\/v2\/product\/15365","targetHints":{"allow":["GET"]}}],"collection":[{"href":"https:\/\/www.hydraulic-cylinders.net\/sl\/wp-json\/wp\/v2\/product"}],"about":[{"href":"https:\/\/www.hydraulic-cylinders.net\/sl\/wp-json\/wp\/v2\/types\/product"}],"replies":[{"embeddable":true,"href":"https:\/\/www.hydraulic-cylinders.net\/sl\/wp-json\/wp\/v2\/comments?post=15365"}],"wp:featuredmedia":[{"embeddable":true,"href":"https:\/\/www.hydraulic-cylinders.net\/sl\/wp-json\/wp\/v2\/media\/14776"}],"wp:attachment":[{"href":"https:\/\/www.hydraulic-cylinders.net\/sl\/wp-json\/wp\/v2\/media?parent=15365"}],"wp:term":[{"taxonomy":"product_brand","embeddable":true,"href":"https:\/\/www.hydraulic-cylinders.net\/sl\/wp-json\/wp\/v2\/product_brand?post=15365"},{"taxonomy":"product_cat","embeddable":true,"href":"https:\/\/www.hydraulic-cylinders.net\/sl\/wp-json\/wp\/v2\/product_cat?post=15365"},{"taxonomy":"product_tag","embeddable":true,"href":"https:\/\/www.hydraulic-cylinders.net\/sl\/wp-json\/wp\/v2\/product_tag?post=15365"}],"curies":[{"name":"delovni list","href":"https:\/\/api.w.org\/{rel}","templated":true}]}}