{"id":15366,"date":"2025-01-19T14:26:24","date_gmt":"2025-01-19T14:26:24","guid":{"rendered":"https:\/\/www.hydraulic-cylinders.net\/product\/bucket-cylinder-for-kobelco-large-excavator-sk480-480-8\/"},"modified":"2025-01-19T14:26:26","modified_gmt":"2025-01-19T14:26:26","slug":"bucket-cylinder-for-kobelco-large-excavator-sk480-480-8","status":"publish","type":"product","link":"https:\/\/www.hydraulic-cylinders.net\/sl\/izdelek\/bucket-cylinder-for-kobelco-large-excavator-sk480-480-8\/","title":{"rendered":"Cilinder \u017elice za velik bager Kobelco SK480\/480-8"},"content":{"rendered":"<p><!DOCTYPE html><br \/>\n<html><br \/>\n<head><br \/>\n\t<title>Cilinder \u017elice za velik bager Kobelco SK480\/480-8<\/title><br \/>\n<\/head><br \/>\n<body><\/p>\n<h1>Cilinder \u017elice za velik bager Kobelco SK480\/480-8<\/h1>\n<h2>Uvod<\/h2>\n<p>Hidravli\u010dni cilinder \u017elice za velike bagre Kobelco SK480\/480-8 je specializiran hidravli\u010dni cilinder, zasnovan za nadzor gibanja \u017elice v te\u017ekih strojih, kot so bagri, bagri nakladalniki in \u010delni nakladalniki. Njegova glavna funkcija je omogo\u010danje dvigovanja, spu\u0161\u010danja in nagibanja \u017elice, kar olaj\u0161a opravljanje razli\u010dnih nalog ravnanja z materiali. V hidravli\u010dnem sistemu cilinder \u017elice natan\u010dno nadzoruje gibanje \u017elice s spremembami tlaka hidravli\u010dnega olja, kar omogo\u010da upravljavcem u\u010dinkovito ravnanje s te\u017ekimi bremeni in prilagajanje kompleksnim delovnim okoljem ter raznolikim zahtevam dela.<\/p>\n<p>\t<img decoding=\"async\" src=\"https:\/\/www.hydraulic-cylinders.net\/wp-content\/uploads\/2025\/01\/songte-company-2.webp\" alt=\"Slika izdelka\"><\/p>\n<h2>Zna\u010dilnosti<\/h2>\n<ul>\n<li>Visoka trdnost in vzdr\u017eljivost: Obi\u010dajno je izdelan iz visoko trdnega jekla ali aluminija, zato lahko prenese visok tlak in velike obremenitve, s \u010dimer se prilagaja zahtevnim delovnim okoljem. Njegova zasnova upo\u0161teva tudi odpornost proti obrabi in koroziji, kar podalj\u0161uje njegovo \u017eivljenjsko dobo.<\/li>\n<li>U\u010dinkovito hidravli\u010dno delovanje: Z uporabo tlaka hidravli\u010dnega olja dose\u017ee gladko iztegovanje in vle\u010denje, se hitro odziva na krmilne ukaze in zagotavlja mo\u010dne potisne in vle\u010dne sile, primerne za ravnanje s te\u017ekimi bremeni in kompleksne delovne naloge.<\/li>\n<li>Razli\u010dne vrste: Valj \u017elice je mogo\u010de izbrati kot enosmerno delujo\u010d (hidravli\u010dni, ki se uporablja samo v eni smeri) ali dvosmerno delujo\u010d (hidravli\u010dni, ki se uporablja v obeh smereh) glede na zahteve, ki ustrezajo razli\u010dnim operativnim potrebam. Nekateri modeli so teleskopski, kar omogo\u010da ve\u010dji razteg brez pove\u010danja zunanjih dimenzij, primerni za uporabo z omejenim prostorom.<\/li>\n<li>Zamenjava izdelka: Na\u0161i izdelki lahko popolnoma nadomestijo te hidravli\u010dne cilindre.<\/li>\n<\/ul>\n<p>\t<img decoding=\"async\" src=\"https:\/\/www.hydraulic-cylinders.net\/wp-content\/uploads\/2025\/01\/songte-cylinder-head-with-all-kinds-excavator-models.webp\" alt=\"Slika izdelka\"><\/p>\n<h2>Aplikacije<\/h2>\n<p>Cilinder \u017elice za velik bager Kobelco SK480\/480-8 se uporablja v razli\u010dnih aplikacijah, vklju\u010dno z:<\/p>\n<ul>\n<li>Gradbena oprema: Najdemo jo v bagrih in je klju\u010dnega pomena za kopanje, nakladanje in premikanje zemlje ali ru\u0161evin. Pri bagrih nakladalnikih cilinder \u017elice pomaga tako pri kopanju kot pri dvigovanju.<\/li>\n<li>Kmetijski stroji: Uporabljajo se v \u010delnih nakladalnikih za zajemanje, dvigovanje in prevoz zemlje, sena in drugih materialov.<\/li>\n<li>Bagri: Cilinder \u017elice omogo\u010da kopanje, saj \u017elici omogo\u010da prodiranje v zemljo.<\/li>\n<li>\u010celni nakladalci: Pri \u010delnih nakladalcih pomagajo pri u\u010dinkovitem dvigovanju in odlaganju blaga.<\/li>\n<\/ul>\n<h2>Oblikovalski vidiki in izbirna merila<\/h2>\n<p>Pri na\u010drtovanju in izbiri cilindra za vedro je treba upo\u0161tevati ve\u010d dejavnikov:<\/p>\n<ul>\n<li>Nosilnost: Jeklenka mora biti zasnovana tako, da prenese zahtevano obremenitev in tlak.<\/li>\n<li>Tesnjenje: Razli\u010dna tesnila, kot so tesnila bata in tesnila ojnic, izdelana iz materialov, odpornih proti obrabi, kot sta poliuretan in nitrilna guma, zagotavljajo u\u010dinkovito tesnjenje.<\/li>\n<li>Vzdr\u017eljivost: Ohi\u0161je valja in navojna kon\u010dna povr\u0161ina sta fino obdelana za izbolj\u0161anje odpornosti proti obrabi.<\/li>\n<li>Varnost: V zasnovo so vklju\u010dene varnostne funkcije za zagotavljanje varnega delovanja.<\/li>\n<li>Vzdr\u017eevanje: Jeklenka mora biti zasnovana za enostavno vzdr\u017eevanje in popravilo.<\/li>\n<\/ul>\n<p>\t<img decoding=\"async\" src=\"https:\/\/www.hydraulic-cylinders.net\/wp-content\/uploads\/2025\/01\/songte-oil-pipes-and-spare-parts.webp\" alt=\"Slika izdelka\"><\/p>\n<h2>Tesnjenje in mazanje<\/h2>\n<p>Valj \u017elice uporablja razli\u010dna tesnila, kot so tesnila bata in tesnila palice, izdelana iz materialov, odpornih proti obrabi, kot sta poliuretan in nitrilna guma. Telo valja in navojna kon\u010dna povr\u0161ina sta fino obdelana za izbolj\u0161anje odpornosti proti obrabi. Za nemoteno delovanje je potrebno redno mazanje z ustrezno koli\u010dino hidravli\u010dnega olja.<\/p>\n<h2>Redni pregledi in preventivno vzdr\u017eevanje<\/h2>\n<p>Redni pregledi in preventivno vzdr\u017eevanje so bistveni za optimalno delovanje cilindra vedra. Sprejeti je treba naslednje ukrepe:<\/p>\n<ul>\n<li>Preverite valj glede morebitnih znakov obrabe, pu\u0161\u010danja ali po\u0161kodb.<\/li>\n<li>Zagotovite ustrezno mazanje vseh gibljivih delov.<\/li>\n<li>Po potrebi zamenjajte tesnila.<\/li>\n<li>Za vzdr\u017eevanje natan\u010dnega delovanja opravite kalibracijske preglede.<\/li>\n<\/ul>\n<h2>Pravilna namestitev izdelka<\/h2>\n<p>Pravilna namestitev izdelka je klju\u010dnega pomena za delovanje in dolgo \u017eivljenjsko dobo cilindra z \u017elico. Upo\u0161tevati je treba naslednja navodila:<\/p>\n<ul>\n<li>Med namestitvijo pravilno poravnajte valj.<\/li>\n<li>Za pritrditev cilindra uporabite ustrezne monta\u017ene nosilce.<\/li>\n<li>Upo\u0161tevajte priporo\u010dene postopke pregleda, popravila in zamenjave.<\/li>\n<li>Navedite nasvete za podalj\u0161anje \u017eivljenjske dobe valja z \u017elico.<\/li>\n<\/ul>\n<p>\t<img decoding=\"async\" src=\"https:\/\/www.hydraulic-cylinders.net\/wp-content\/uploads\/2025\/01\/songte-chushion-collar.webp\" alt=\"Slika izdelka\"><\/p>\n<h2>Varnostni vidiki in okoljski dejavniki<\/h2>\n<p>Pri uporabi cilindra z vedrom so varnostni ukrepi izjemnega pomena. Sprejeti je treba ustrezne previdnostne ukrepe za zagotovitev varnosti upravljavcev in okolice.<\/p>\n<h2>Diagnoza napak in pogoste te\u017eave<\/h2>\n<p>Tukaj je nekaj pogostih napak in te\u017eav, ki se lahko pojavijo pri cilindru vedra:<\/p>\n<ul>\n<li>Pu\u0161\u010danje hidravli\u010dne teko\u010dine<\/li>\n<li>Nenavaden hrup med delovanjem<\/li>\n<li>Po\u010dasno ali neodzivno gibanje<\/li>\n<li>Nedosledna izhodna sila<\/li>\n<\/ul>\n<p>Navedite nasvete in re\u0161itve za odpravljanje te\u017eav, ki bodo bralcem pomagale u\u010dinkovito diagnosticirati in odpraviti te te\u017eave. Predlagajte tudi preventivne ukrepe za zmanj\u0161anje morebitnih te\u017eav.<\/p>\n<p>\t<img decoding=\"async\" src=\"https:\/\/www.hydraulic-cylinders.net\/wp-content\/uploads\/2025\/01\/songte-bushings-with-all-kinds-of-excavator-models.webp\" alt=\"Slika izdelka\"><\/p>\n<h2>Vzdr\u017eevalna opravila<\/h2>\n<p>Redna vzdr\u017eevalna dela za cilinder vedra vklju\u010dujejo:<\/p>\n<ul>\n<li>Redni pregledi<\/li>\n<li>Pravilno mazanje<\/li>\n<li>Zamenjava tesnil<\/li>\n<li>Preverjanja kalibracije<\/li>\n<\/ul>\n<p>Poudarite pomen pravilne namestitve, mazanja in nastavitve. Navedite smernice za pravilno poravnavo cilindra med namestitvijo in priporo\u010dite uporabo ustreznih monta\u017enih nosilcev za stabilnost. Priporo\u010dite postopke pregleda, popravila in zamenjave. Ponudite nasvete za podalj\u0161anje \u017eivljenjske dobe cilindra z \u017elico.<\/p>\n<p>\t<img decoding=\"async\" src=\"https:\/\/www.hydraulic-cylinders.net\/wp-content\/uploads\/2025\/01\/songte-company-1.webp\" alt=\"Slika izdelka\"><\/p>\n<h2>Zaklju\u010dek<\/h2>\n<p>Skratka, na\u0161e podjetje je vodilni proizvajalec in veletrgovec hidravli\u010dnih cilindrov na doma\u010dem in mednarodnem trgu. Ponujamo \u0161iroko paleto izdelkov in si prizadevamo za odli\u010dnost v kakovosti. Z na\u0161imi naprednimi proizvodnimi obrati, strokovnim znanjem in predanostjo zadovoljstvu strank si prizadevamo zadovoljiti raznolike potrebe strank z visoko u\u010dinkovitostjo, natan\u010dnostjo in kakovostjo.<\/p>\n<p>\t<img decoding=\"async\" src=\"https:\/\/www.hydraulic-cylinders.net\/wp-content\/uploads\/2025\/01\/songte-company-3.webp\" alt=\"Slika podjetja\"><\/p>\n<h2>O na\u0161em podjetju<\/h2>\n<p>Na\u0161e podjetje je proizvajalec nadomestnih hidravli\u010dnih cilindrov. Smo eden vodilnih proizvajalcev in veleprodajnih distributerjev hidravli\u010dnih cilindrov na doma\u010dem in mednarodnem trgu. Dr\u017eimo se na\u010del odli\u010dne kakovosti, industrializiranega upravljanja proizvodnje v vrhunskih proizvodnih delavnicah ter uporabljamo tehni\u010dne talente, vrhunsko digitalno proizvodno opremo in profesionalne sisteme testiranja za nenehno izbolj\u0161evanje na\u0161e proizvodne platforme in izbolj\u0161anje.<\/p>","protected":false},"excerpt":{"rendered":"<p>Bucket Cylinder For Kobelco Large Excavator SK480\/480-8 Bucket Cylinder For Kobelco Large Excavator SK480\/480-8 Introduction The bucket cylinder for Kobelco large excavator SK480\/480-8 is a specialized hydraulic cylinder designed to control the movement of the bucket in heavy machinery such as excavators, backhoe loaders, and front loaders. Its main function is to enable the lifting, [&hellip;]<\/p>","protected":false},"featured_media":14773,"comment_status":"open","ping_status":"closed","template":"","meta":{"_et_pb_use_builder":"","_et_pb_old_content":"","_et_gb_content_width":""},"product_brand":[],"product_cat":[1494],"product_tag":[1495,1496],"class_list":{"0":"post-15366","1":"product","2":"type-product","3":"status-publish","4":"has-post-thumbnail","6":"product_cat-bucket-cylinders","7":"product_tag-bucket-cylinders","8":"product_tag-hydraulic-cylinders","10":"first","11":"instock","12":"shipping-taxable","13":"product-type-simple"},"amp_enabled":true,"_links":{"self":[{"href":"https:\/\/www.hydraulic-cylinders.net\/sl\/wp-json\/wp\/v2\/product\/15366","targetHints":{"allow":["GET"]}}],"collection":[{"href":"https:\/\/www.hydraulic-cylinders.net\/sl\/wp-json\/wp\/v2\/product"}],"about":[{"href":"https:\/\/www.hydraulic-cylinders.net\/sl\/wp-json\/wp\/v2\/types\/product"}],"replies":[{"embeddable":true,"href":"https:\/\/www.hydraulic-cylinders.net\/sl\/wp-json\/wp\/v2\/comments?post=15366"}],"wp:featuredmedia":[{"embeddable":true,"href":"https:\/\/www.hydraulic-cylinders.net\/sl\/wp-json\/wp\/v2\/media\/14773"}],"wp:attachment":[{"href":"https:\/\/www.hydraulic-cylinders.net\/sl\/wp-json\/wp\/v2\/media?parent=15366"}],"wp:term":[{"taxonomy":"product_brand","embeddable":true,"href":"https:\/\/www.hydraulic-cylinders.net\/sl\/wp-json\/wp\/v2\/product_brand?post=15366"},{"taxonomy":"product_cat","embeddable":true,"href":"https:\/\/www.hydraulic-cylinders.net\/sl\/wp-json\/wp\/v2\/product_cat?post=15366"},{"taxonomy":"product_tag","embeddable":true,"href":"https:\/\/www.hydraulic-cylinders.net\/sl\/wp-json\/wp\/v2\/product_tag?post=15366"}],"curies":[{"name":"delovni list","href":"https:\/\/api.w.org\/{rel}","templated":true}]}}