{"id":1537,"date":"2023-09-28T06:13:35","date_gmt":"2023-09-28T06:13:35","guid":{"rendered":"https:\/\/hydraulic-cylinders.net\/?post_type=product&#038;p=1537"},"modified":"2025-04-11T01:49:31","modified_gmt":"2025-04-11T01:49:31","slug":"aerial-work-platform-outrigger-cylinder","status":"publish","type":"product","link":"https:\/\/www.hydraulic-cylinders.net\/sl\/izdelek\/aerial-work-platform-outrigger-cylinder\/","title":{"rendered":"Zra\u010dna delovna plo\u0161\u010dad za dviganje"},"content":{"rendered":"<h1 style=\"text-align: center;\"><strong>Zra\u010dna delovna plo\u0161\u010dad za dviganje<\/strong><\/h1>\n<p><img loading=\"lazy\" decoding=\"async\" class=\"wp-image-1538 aligncenter\" src=\"https:\/\/hydraulic-cylinders.net\/wp-content\/uploads\/2023\/09\/outrigger-cylinder-1-300x300.webp\" alt=\"\" width=\"400\" height=\"400\" \/><\/p>\n<p>Hidravli\u010dni cilinder za dvigovanje delovnih plo\u0161\u010dadi je klju\u010dni sestavni del, zasnovan za pove\u010danje stabilnosti in varnosti pri dvigovanju delovnih plo\u0161\u010dadi. Ta specializirani hidravli\u010dni cilinder igra klju\u010dno vlogo pri iztegovanju in spu\u0161\u010danju stabilizatorjev, ki zagotavljajo dodatno oporo in ravnote\u017eje plo\u0161\u010dadi.<\/p>\n<p>Izvle\u010dni cilinder delovne plo\u0161\u010dadi na dvigalu je nepogre\u0161ljiv za zagotavljanje stabilnosti in varnosti v dvignjenih delovnih okoljih. Zaradi robustne konstrukcije, zanesljive stabilnosti, gladkega delovanja in vsestranske prilagodljivosti je ta hidravli\u010dni cilinder klju\u010dnega pomena pri iztegovanju in spu\u0161\u010danju izvle\u010dnih ogrodij, kar zagotavlja varno in ravno delovno plo\u0161\u010dad. Z upo\u0161tevanjem priporo\u010denih metod uporabe in vzdr\u017eevalnih praks lahko upravljavci pove\u010dajo \u017eivljenjsko dobo in zmogljivost izvle\u010dnega cilindra delovne plo\u0161\u010dadi na dvigalu, kar prispeva k ve\u010dji produktivnosti, varnosti in samozavesti pri razli\u010dnih dvignjenih delovnih aplikacijah. Investirajte v to bistveno hidravli\u010dno komponento, da pove\u010date stabilnost svoje delovne plo\u0161\u010dadi na dvigalu in dose\u017eete nove ravni u\u010dinkovitosti in varnosti v dvignjenih delovnih okoljih.<\/p>\n<p>Klju\u010dne zna\u010dilnosti cilindra zunanjega dela dvi\u017ene plo\u0161\u010dadi:<\/p>\n<ol>\n<li>Robustna konstrukcija:<\/li>\n<\/ol>\n<ul>\n<li>Valj zunanjega dvigala dvi\u017ene delovne plo\u0161\u010dadi je izdelan iz visokokakovostnih materialov, kar zagotavlja vzdr\u017eljivost in dolgo \u017eivljenjsko dobo.<\/li>\n<li>Zasnovan je tako, da prenese velike obremenitve in strogost zahtevnih delovnih okolij.<\/li>\n<\/ul>\n<ol start=\"2\">\n<li>Zanesljiva stabilnost:<\/li>\n<\/ol>\n<ul>\n<li>Ta valj zagotavlja zanesljivo stabilnost z iztegovanjem stabilizatorjev, kar znatno pove\u010da povr\u0161ino plo\u0161\u010dadi in prepre\u010di prevra\u010danje ali nagibanje med delovanjem.<\/li>\n<li>Izbolj\u0161a splo\u0161no stabilnost delovne plo\u0161\u010dadi na vi\u0161ini, kar operaterjem omogo\u010da varno in zanesljivo opravljanje nalog na visokih vi\u0161inah.<\/li>\n<\/ul>\n<ol start=\"3\">\n<li>Gladko delovanje:<\/li>\n<\/ol>\n<ul>\n<li>Hidravli\u010dni sistem cilindra opornih nog na dvi\u017eni delovni plo\u0161\u010dadi zagotavlja gladko in nadzorovano iztegovanje in vstavljanje opornih nog.<\/li>\n<li>Omogo\u010da upravljavcem natan\u010dno pozicioniranje stabilizatorjev, prilagajanje neravnim povr\u0161inam in zagotavljanje ravne delovne plo\u0161\u010dadi.<\/li>\n<\/ul>\n<ol start=\"4\">\n<li>Vsestranska prilagodljivost:<\/li>\n<\/ol>\n<ul>\n<li>Izvle\u010dni valj ponuja nastavljive dol\u017eine iztega, kar upravljavcem omogo\u010da prilagoditev razli\u010dnim delovnim pogojem in prostorskim omejitvam.<\/li>\n<li>Omogo\u010da fleksibilnost pri name\u0161\u010danju stabilizatorjev za zagotavljanje maksimalne stabilnosti in ravnote\u017eja na razli\u010dnih terenih.<\/li>\n<\/ul>\n<h2><strong>Parameter cilindra zunanjega dela plo\u0161\u010dadi za dvigovanje:<\/strong><\/h2>\n<table border=\"1\" cellspacing=\"0\" cellpadding=\"0\">\n<tbody>\n<tr>\n<td>Ime izdelka<\/td>\n<td>Zra\u010dna delovna plo\u0161\u010dad za dviganje<\/td>\n<\/tr>\n<tr>\n<td>Zna\u010dilnosti:<\/td>\n<td>Podprite te\u017eo celotne opreme, ko \u017eerjav dviguje<\/td>\n<\/tr>\n<tr>\n<td>Premer izvrtine:<\/td>\n<td>45 mm\uff5e200 mm<\/td>\n<\/tr>\n<tr>\n<td>Premer palice:<\/td>\n<td>30 mm\uff5e180 mm<br \/>\nHod \u22642000 mm<\/td>\n<\/tr>\n<tr>\n<td>Tlak:<\/td>\n<td>30 MPa (najvi\u0161ji tlak)<\/td>\n<\/tr>\n<tr>\n<td>Uporaba cilindra opornika:<\/td>\n<td>Delovna plo\u0161\u010dad v zraku<\/td>\n<\/tr>\n<\/tbody>\n<\/table>\n<h2><strong>Diagram identifikacije delovne plo\u0161\u010dadi v zraku:<\/strong><\/h2>\n<p><img loading=\"lazy\" decoding=\"async\" class=\"alignnone wp-image-1517 size-full\" src=\"https:\/\/hydraulic-cylinders.net\/wp-content\/uploads\/2023\/09\/aerial-work-platform-cylinder-construct.webp\" alt=\"\" width=\"600\" height=\"400\" srcset=\"https:\/\/hydraulic-cylinders.net\/wp-content\/uploads\/2023\/09\/aerial-work-platform-cylinder-construct.webp 600w, https:\/\/hydraulic-cylinders.net\/wp-content\/uploads\/2023\/09\/aerial-work-platform-cylinder-construct-480x320.webp 480w\" sizes=\"(min-width: 0px) and (max-width: 480px) 480px, (min-width: 481px) 600px, 100vw\" \/><\/p>\n<h2><strong>Metoda uporabe cilindra zunanjega dela plo\u0161\u010dadi za zra\u010dno delo<\/strong><strong>:<\/strong><\/h2>\n<ol>\n<li><strong>Namestitev in nastavitev:<\/strong><\/li>\n<\/ol>\n<ul>\n<li>Za namestitev in nastavitev cilindra opornika dvi\u017ene delovne plo\u0161\u010dadi na dvi\u017eni delovni plo\u0161\u010dadi upo\u0161tevajte navodila proizvajalca.<\/li>\n<li>Za optimalno delovanje se prepri\u010dajte, da je valj varno name\u0161\u010den in poravnan.<\/li>\n<\/ul>\n<ol start=\"2\">\n<li><strong>Hidravli\u010dna povezava:<\/strong><\/li>\n<\/ol>\n<ul>\n<li>Priklju\u010dite valj opornika na hidravli\u010dni sistem dvi\u017ene delovne plo\u0161\u010dadi v skladu s prilo\u017eenimi navodili.<\/li>\n<li>Prepri\u010dajte se, da so vse hidravli\u010dne povezave varne in pravilno zatesnjene, da prepre\u010dite pu\u0161\u010danje ali izgubo hidravli\u010dne teko\u010dine.<\/li>\n<\/ul>\n<ol start=\"3\">\n<li><strong>Delovanje outrigerja:<\/strong><\/li>\n<\/ol>\n<ul>\n<li>Za izteg ali zlaganje stabilizatorjev aktivirajte krmilne mehanizme na dvi\u017eni delovni plo\u0161\u010dadi.<\/li>\n<li>Med delovanjem dvigala upo\u0161tevajte priporo\u010dene postopke in varnostne smernice.<\/li>\n<\/ul>\n<ol start=\"4\">\n<li><strong>Pozicioniranje in nastavitev:<\/strong><\/li>\n<\/ol>\n<ul>\n<li>Pre\u010dne opornike namestite tako, da zagotovite maksimalno stabilnost in oporo dvi\u017eni delovni plo\u0161\u010dadi.<\/li>\n<li>Prilagodite dol\u017eino podalj\u0161ka stabilizatorjev, kot je potrebno, da se prilagodite razli\u010dnim pogojem na delovnem mestu in dose\u017eete ravno plo\u0161\u010dad.<\/li>\n<\/ul>\n<h2><strong>Kako sprostiti tlak v hidravli\u010dnem sistemu?<\/strong><\/h2>\n<p>Sprostitev tlaka iz hidravli\u010dnega sistema je bistvenega pomena za vzdr\u017eevanje, popravila ali pri delu s hidravli\u010dnimi komponentami. Tukaj je nekaj splo\u0161nih korakov za varno odstranitev napetosti iz hidravli\u010dnega sistema:<\/p>\n<ol>\n<li><strong>Dolo\u010dite vir napajanja:<\/strong>\n<ul>\n<li>Poi\u0161\u010dite vir energije, ki dovaja tlak v hidravli\u010dni sistem. To je obi\u010dajno hidravli\u010dna \u010drpalka ali pogonska enota, ki jo poganja motor.<\/li>\n<li>Poi\u0161\u010dite vir napajanja in se prepri\u010dajte, da je izklopljen ali da je motor ugasnjen, da prepre\u010dite nenamerno vklop.<\/li>\n<\/ul>\n<\/li>\n<li><strong>Vklopne krmilne ro\u010dice:<\/strong>\n<ul>\n<li>Premaknite vse krmilne ro\u010dice ali stikala v nevtralni ali izklopljeni polo\u017eaj. To pomaga prepre\u010diti nenamerno premikanje hidravli\u010dnih komponent in zmanj\u0161a tveganje za kopi\u010denje tlaka.<\/li>\n<\/ul>\n<\/li>\n<li><strong>Sprostite tlak na regulacijskem ventilu:<\/strong>\n<ul>\n<li>V hidravli\u010dnem sistemu poi\u0161\u010dite regulacijski ventil ali varnostni ventil. Obi\u010dajno je ozna\u010den ali nalepljen za la\u017ejo identifikacijo.<\/li>\n<li>Po\u010dasi obrnite ali nastavite ventil v spro\u0161\u010den ali odprt polo\u017eaj. To omogo\u010di, da ujeta hidravli\u010dna teko\u010dina uide in zmanj\u0161a tlak v sistemu.<\/li>\n<li>Pomembno je, da pritisk spro\u0161\u010date postopoma, da se izognete nenadnim gibom ali iztekanju teko\u010dine.<\/li>\n<\/ul>\n<\/li>\n<li><strong>Merilnik tlaka:<\/strong>\n<ul>\n<li>Nekateri hidravli\u010dni sistemi imajo lahko name\u0161\u010dene manometre. \u010ce so na voljo, med spro\u0161\u010danjem tlaka spremljajte manometer.<\/li>\n<li>Ko odpirate regulacijski ventil, opazujte manometer, da se prepri\u010date, da tlak enakomerno pada.<\/li>\n<\/ul>\n<\/li>\n<li><strong>Odzra\u010devanje hidravli\u010dnih komponent:<\/strong>\n<ul>\n<li>Po sprostitvi tlaka na regulacijskem ventilu je priporo\u010dljivo odzra\u010diti hidravli\u010dne komponente, ki \u0161e vedno vsebujejo preostali tlak.<\/li>\n<li>Za\u010dnite z odvijanjem ali odstranitvijo vseh priklju\u010dkov ali povezav za regulacijskim ventilom.<\/li>\n<li>Po\u010dasi in previdno odprite armature, da izpustite morebitni preostali tlak.<\/li>\n<li>Bodite previdni, saj je hidravli\u010dna teko\u010dina lahko pod tlakom in lahko brizga ali izteka.<\/li>\n<\/ul>\n<\/li>\n<li><strong>Preverite sprostitev tlaka:<\/strong>\n<ul>\n<li>Dvakrat preverite, ali je bil tlak iz sistema u\u010dinkovito spro\u0161\u010den, tako da potrdite, da manometer ka\u017ee ni\u010d ali blizu ni\u010dle.<\/li>\n<li>Preverite hidravli\u010dne komponente, da se prepri\u010date, da se ne premikajo ali da ni znakov pritiska.<\/li>\n<\/ul>\n<\/li>\n<\/ol>\n<h2><strong>Zmogljivost in zmogljivost tovarne:<\/strong><\/h2>\n<h3>(1) Sestavljanje<\/h3>\n<p>Imamo prvovrstno neodvisno platformo za raziskave in razvoj. Delavnica za proizvodnjo hidravli\u010dnih cilindrov ima \u0161tiri polavtomatske monta\u017ene linije za dvi\u017ene cilindre in eno avtomatsko monta\u017eno linijo za nagibne cilindre z letno proizvodno zmogljivostjo 1 milijona kosov. Delavnica za posebne cilindre je opremljena z razli\u010dnimi specifikacijami polavtomatskega sistema za \u010di\u0161\u010denje in monta\u017eo z letno proizvodno zmogljivostjo 200.000 kosov ter znano CNC obdelovalno opremo, obdelovalnim centrom, visoko precizno posebno opremo za obdelavo cilindrov, robotskim varilnim strojem, avtomatskim \u010distilnim strojem, avtomatskim strojem za monta\u017eo cilindrov in avtomatsko proizvodno linijo za barvanje. Obstoje\u010da kriti\u010dna oprema obsega ve\u010d kot 300 kompletov (kompletov). Optimalna razporeditev in u\u010dinkovita uporaba opremnih virov zagotavljata zahteve glede natan\u010dnosti izdelkov in izpolnjujeta visoke zahteve glede kakovosti izdelkov.<\/p>\n<p><img loading=\"lazy\" decoding=\"async\" class=\"alignnone wp-image-626\" src=\"https:\/\/hydraulic-cylinders.net\/wp-content\/uploads\/2023\/08\/hydraulic-cylinder-product-1-300x158.webp\" alt=\"\" width=\"495\" height=\"260\" srcset=\"https:\/\/hydraulic-cylinders.net\/wp-content\/uploads\/2023\/08\/hydraulic-cylinder-product-1-300x158.webp 495w, https:\/\/hydraulic-cylinders.net\/wp-content\/uploads\/2023\/08\/hydraulic-cylinder-product-1-480x252.webp 480w\" sizes=\"(min-width: 0px) and (max-width: 480px) 480px, (min-width: 481px) 495px, 100vw\" \/> <img loading=\"lazy\" decoding=\"async\" class=\"alignnone wp-image-627\" src=\"https:\/\/hydraulic-cylinders.net\/wp-content\/uploads\/2023\/08\/hydraulic-cylinder-product-2-300x189.webp\" alt=\"\" width=\"413\" height=\"260\" \/><\/p>\n<h3>(2) Strojna obdelava<\/h3>\n<p>Strojna delavnica je opremljena s prilagojenim centrom za stru\u017eenje nagnjenih tirnic, obdelovalnim centrom, visokohitrostnim strojem za honanje, varilnim robotom in drugo sorodno opremo, ki lahko obdeluje cilindri\u010dne cevi z najve\u010djim notranjim premerom 400 mm in najve\u010djo dol\u017eino 6 metrov.<\/p>\n<p><img loading=\"lazy\" decoding=\"async\" class=\"alignnone wp-image-628 size-large\" src=\"https:\/\/hydraulic-cylinders.net\/wp-content\/uploads\/2023\/08\/hydraulic-cylinder-product-3-1024x391.webp\" alt=\"\" width=\"1024\" height=\"391\" srcset=\"https:\/\/hydraulic-cylinders.net\/wp-content\/uploads\/2023\/08\/hydraulic-cylinder-product-3-980x374.webp 980w, https:\/\/hydraulic-cylinders.net\/wp-content\/uploads\/2023\/08\/hydraulic-cylinder-product-3-480x183.webp 480w\" sizes=\"(min-width: 0px) and (max-width: 480px) 480px, (min-width: 481px) and (max-width: 980px) 980px, (min-width: 981px) 1024px, 100vw\" \/><\/p>\n<h3>(3) Varjenje<\/h3>\n<p><img loading=\"lazy\" decoding=\"async\" class=\"alignnone wp-image-629 size-large\" src=\"https:\/\/hydraulic-cylinders.net\/wp-content\/uploads\/2023\/08\/hydraulic-cylinder-product-4-1024x510.webp\" alt=\"\" width=\"1024\" height=\"510\" srcset=\"https:\/\/hydraulic-cylinders.net\/wp-content\/uploads\/2023\/08\/hydraulic-cylinder-product-4-980x488.webp 980w, https:\/\/hydraulic-cylinders.net\/wp-content\/uploads\/2023\/08\/hydraulic-cylinder-product-4-480x239.webp 480w\" sizes=\"(min-width: 0px) and (max-width: 480px) 480px, (min-width: 481px) and (max-width: 980px) 980px, (min-width: 981px) 1024px, 100vw\" \/><\/p>\n<h3>(4) Barvanje in premazovanje<\/h3>\n<p>Z majhnimi in srednje velikimi cilindri\u010dnimi avtomatskimi linijami za barvanje na vodni osnovi, za doseganje avtomatskega nakladanja in razkladanja robotov ter avtomatskega brizganja, je projektna zmogljivost 4000 kosov na izmeno;<br \/>\nImamo tudi polavtomatsko linijo za proizvodnjo barv za velike jeklenke, ki jo poganja veriga, s projektno zmogljivostjo 60 zabojev na izmeno.<\/p>\n<p><img loading=\"lazy\" decoding=\"async\" class=\"alignnone wp-image-630\" src=\"https:\/\/hydraulic-cylinders.net\/wp-content\/uploads\/2023\/08\/hydraulic-cylinder-product-5-300x213.webp\" alt=\"\" width=\"366\" height=\"260\" \/> <img loading=\"lazy\" decoding=\"async\" class=\"alignnone wp-image-631\" src=\"https:\/\/hydraulic-cylinders.net\/wp-content\/uploads\/2023\/08\/hydraulic-cylinder-product-6-300x225.webp\" alt=\"\" width=\"347\" height=\"260\" \/><\/p>\n<h3>(5) Testiranje<\/h3>\n<p>Imamo prvovrstne in\u0161pekcijske prostore in testne postaje, s katerimi zagotavljamo, da delovanje jeklenke izpolnjuje zahteve.<\/p>\n<p><img loading=\"lazy\" decoding=\"async\" class=\"alignnone wp-image-632\" src=\"https:\/\/hydraulic-cylinders.net\/wp-content\/uploads\/2023\/08\/hydraulic-cylinder-product-8-300x200.webp\" alt=\"\" width=\"389\" height=\"260\" \/><\/p>\n<p>&nbsp;<\/p>\n<p>&nbsp;<\/p>\n<p>Smo eden najbolj\u0161ih proizvajalcev hidravli\u010dnih cilindrov. Ponujamo vam celovite hidravli\u010dne cilindre. Zagotavljamo tudi ustrezne <a href=\"https:\/\/hzpt.com\/agricultural-pto-gearbox\/\" target=\"_blank\" rel=\"noopener\">kmetijski menjalniki<\/a>Na\u0161e izdelke smo izvozili strankam po vsem svetu in si prislu\u017eili dober ugled zaradi vrhunske kakovosti izdelkov in poprodajnih storitev. Z veseljem vas vabimo, da nas kontaktirate za poslovne dogovore, izmenjavo informacij in ... <a href=\"https:\/\/www.hydraulic-cylinders.net\/sl\/contact-us\/\">sodelujte z nami<\/a>!<\/p>","protected":false},"excerpt":{"rendered":"<p>Aerial Work Platform Outrigger Cylinder The aerial work platform outrigger cylinder is a vital component designed to enhance stability and safety in aerial work platforms. This specialized hydraulic cylinder plays a crucial role in extending and retracting the outriggers, which provide additional support and balance to the forum. The aerial work platform outrigger cylinder is [&hellip;]<\/p>","protected":false},"featured_media":1539,"comment_status":"open","ping_status":"closed","template":"","meta":{"_et_pb_use_builder":"","_et_pb_old_content":"","_et_gb_content_width":""},"product_brand":[],"product_cat":[1500,1549],"product_tag":[1380],"class_list":{"0":"post-1537","1":"product","2":"type-product","3":"status-publish","4":"has-post-thumbnail","6":"product_cat-aerial-work-vehicle-hydraulic-cylinder","7":"product_cat-single-acting-hydraulic-cylinder","8":"product_tag-hydraulic-cylinder","10":"first","11":"instock","12":"shipping-taxable","13":"product-type-simple"},"amp_enabled":true,"_links":{"self":[{"href":"https:\/\/www.hydraulic-cylinders.net\/sl\/wp-json\/wp\/v2\/product\/1537","targetHints":{"allow":["GET"]}}],"collection":[{"href":"https:\/\/www.hydraulic-cylinders.net\/sl\/wp-json\/wp\/v2\/product"}],"about":[{"href":"https:\/\/www.hydraulic-cylinders.net\/sl\/wp-json\/wp\/v2\/types\/product"}],"replies":[{"embeddable":true,"href":"https:\/\/www.hydraulic-cylinders.net\/sl\/wp-json\/wp\/v2\/comments?post=1537"}],"wp:featuredmedia":[{"embeddable":true,"href":"https:\/\/www.hydraulic-cylinders.net\/sl\/wp-json\/wp\/v2\/media\/1539"}],"wp:attachment":[{"href":"https:\/\/www.hydraulic-cylinders.net\/sl\/wp-json\/wp\/v2\/media?parent=1537"}],"wp:term":[{"taxonomy":"product_brand","embeddable":true,"href":"https:\/\/www.hydraulic-cylinders.net\/sl\/wp-json\/wp\/v2\/product_brand?post=1537"},{"taxonomy":"product_cat","embeddable":true,"href":"https:\/\/www.hydraulic-cylinders.net\/sl\/wp-json\/wp\/v2\/product_cat?post=1537"},{"taxonomy":"product_tag","embeddable":true,"href":"https:\/\/www.hydraulic-cylinders.net\/sl\/wp-json\/wp\/v2\/product_tag?post=1537"}],"curies":[{"name":"delovni list","href":"https:\/\/api.w.org\/{rel}","templated":true}]}}