{"id":15381,"date":"2025-01-19T14:27:37","date_gmt":"2025-01-19T14:27:37","guid":{"rendered":"https:\/\/www.hydraulic-cylinders.net\/product\/bucket-cylinder-for-grand-cme85-9\/"},"modified":"2025-01-19T14:27:39","modified_gmt":"2025-01-19T14:27:39","slug":"bucket-cylinder-for-grand-cme85-9","status":"publish","type":"product","link":"https:\/\/www.hydraulic-cylinders.net\/sl\/izdelek\/bucket-cylinder-for-grand-cme85-9\/","title":{"rendered":"Cilinder \u017elice za Grand CME85-9"},"content":{"rendered":"<h1>Cilinder \u017elice za Grand CME85-9 <\/h1>\n<h2>Uvod<\/h2>\n<p>Hidravli\u010dni cilinder \u017elice za Grand CME85-9 je specializiran hidravli\u010dni cilinder, ki se uporablja za krmiljenje gibanja \u017elice v te\u017ekih strojih, kot so bagri, bagri nakladalniki in \u010delni nakladalniki. Njegova glavna funkcija je omogo\u010danje dvigovanja, spu\u0161\u010danja in nagibanja \u017elice za la\u017eje izvajanje razli\u010dnih nalog ravnanja z materiali. Cilinder \u017elice omogo\u010da natan\u010den nadzor \u017elice s spreminjanjem tlaka hidravli\u010dnega olja v hidravli\u010dnem sistemu. To omogo\u010da upravljavcu u\u010dinkovito ravnanje s te\u017ekimi bremeni, prilagajanje kompleksnim delovnim okoljem in raznolikim operativnim potrebam.<\/p>\n<p><img decoding=\"async\" src=\"https:\/\/www.hydraulic-cylinders.net\/wp-content\/uploads\/2025\/01\/songte-company-2.webp\" alt=\"Slika cilindra \u017elice za Grand CME85-9\"><\/p>\n<h2>Zna\u010dilnosti<\/h2>\n<ul>\n<li>\n<h3>Visoka trdnost in vzdr\u017eljivost<\/h3>\n<p>Te jeklenke so obi\u010dajno izdelane iz visoko trdnega jekla ali aluminija in so sposobne prenesti visok tlak in velike obremenitve, zaradi \u010desar so primerne za zahtevna delovna okolja. Zasnovane so z upo\u0161tevanjem odpornosti proti obrabi in koroziji, da se podalj\u0161a njihova \u017eivljenjska doba.<\/p>\n<\/li>\n<li>\n<h3>U\u010dinkovito hidravli\u010dno delovanje<\/h3>\n<p>Cilinder \u017elice dose\u017ee gladke gibe iztegovanja in vvla\u010devanja s pomo\u010djo tlaka hidravli\u010dnega olja. Hitro se odziva na krmilne ukaze in zagotavlja mo\u010dne potisne in vle\u010dne sile za obvladovanje te\u017ekih bremen in kompleksnih operativnih nalog.<\/p>\n<\/li>\n<li>\n<h3>Ve\u010d vrst<\/h3>\n<p>Glede na operativne potrebe je mogo\u010de izbrati enosmerni (hidravli\u010dni tlak se uporablja samo v eni smeri) ali dvosmerni (hidravli\u010dni tlak se uporablja v obeh smereh). Nekateri modeli so teleskopski, kar omogo\u010da ve\u010dji razteg brez pove\u010danja zunanjih dimenzij, zaradi \u010desar so primerni za uporabo z omejenim prostorom.<\/p>\n<\/li>\n<li>\n<h3>Lahko se uporablja kot zamenjava za hidravli\u010dne cilindre<\/h3>\n<p>Na\u0161e podjetje proizvaja hidravli\u010dne cilindre, ki lahko popolnoma nadomestijo originalne cilindre.<\/p>\n<\/li>\n<li>\n<h3>\u0160iroka uporaba<\/h3>\n<p>\u017dli\u010dni cilindri se uporabljajo v razli\u010dnih gradbenih in kmetijskih strojih, kot so bagri, \u010delni nakladalniki in bagri nakladalniki. Bistveni so za izkopavanje, nakladanje in prevoz zemlje, sena in drugih materialov. <\/p>\n<\/li>\n<\/ul>\n<p><img decoding=\"async\" src=\"https:\/\/www.hydraulic-cylinders.net\/wp-content\/uploads\/2025\/01\/songte-cylinder-head-with-all-kinds-excavator-models.webp\" alt=\"Slika cilindra \u017elice za Grand CME85-9\"><\/p>\n<h2>Aplikacije<\/h2>\n<p>Cilinder \u017elice se lahko uporablja v razli\u010dnih gradbenih in kmetijskih strojih za opravljanje nalog, kot so:<\/p>\n<ul>\n<li>\n<h3>Izkopavanje<\/h3>\n<p>Cilindri \u017elice omogo\u010dajo, da \u017elica prodre v zemljo za izkop.<\/p>\n<\/li>\n<li>\n<h3>Nalaganje in prevoz<\/h3>\n<p>Cilinder zagotavlja potrebno dvi\u017eno silo za nalaganje in prevoz zemlje, sena in drugih materialov.<\/p>\n<\/li>\n<li>\n<h3>Premikanje odpadkov<\/h3>\n<p>Valji z \u017elico se uporabljajo za premikanje odpadkov in drugih predmetov, zaradi \u010desar so bistveni za \u010di\u0161\u010denje in ru\u0161enje.<\/p>\n<\/li>\n<\/ul>\n<h2>Oblikovalski vidiki in izbirna merila<\/h2>\n<p>Pri izbiri cilindra z vedrom je treba upo\u0161tevati naslednje konstrukcijske vidike in izbirna merila:<\/p>\n<ul>\n<li>\n<h3>Nosilnost<\/h3>\n<p>Cilinder mora biti sposoben prenesti obremenitev stroja in materiala, s katerim se ravna.<\/p>\n<\/li>\n<li>\n<h3>Tesnjenje in vzdr\u017eljivost<\/h3>\n<p>Jeklenka mora biti zasnovana s trpe\u017enimi tesnili in materiali, ki zagotavljajo njeno dolgo \u017eivljenjsko dobo ter odpornost proti obrabi in koroziji.<\/p>\n<\/li>\n<li>\n<h3>Varnost in vzdr\u017eevanje<\/h3>\n<p>Jeklenka mora biti zasnovana z mislijo na varnost in enostavno vzdr\u017eevanje, da se prepre\u010dijo nesre\u010de in podalj\u0161a njena \u017eivljenjska doba. <\/p>\n<\/li>\n<\/ul>\n<p><img decoding=\"async\" src=\"https:\/\/www.hydraulic-cylinders.net\/wp-content\/uploads\/2025\/01\/songte-oil-pipes-and-spare-parts.webp\" alt=\"Slika cilindra \u017elice za Grand CME85-9\"><\/p>\n<h2>Tesnjenje in mazanje<\/h2>\n<p>Valj \u017elice mora biti opremljen z razli\u010dnimi tesnili, kot so tesnila bata in tesnila palice, izdelana iz materialov, odpornih proti obrabi, kot sta poliuretan in nitrilna guma. Telo valja in povr\u0161ina navoja morata biti fino obdelana za izbolj\u0161anje odpornosti proti obrabi. Redno mazanje z ustreznim hidravli\u010dnim oljem je potrebno za zagotovitev nemotenega in u\u010dinkovitega delovanja valja.<\/p>\n<h2>Vzdr\u017eevanje in odpravljanje te\u017eav<\/h2>\n<p>Redno vzdr\u017eevanje in odpravljanje te\u017eav sta potrebna za zagotovitev pravilnega delovanja cilindra vedra. Opraviti je treba naslednja opravila:<\/p>\n<ul>\n<li>\n<h3>Redni pregled<\/h3>\n<p>Redni pregledi jeklenke in njenih sestavnih delov lahko zgodaj odkrijejo morebitne te\u017eave in prepre\u010dijo nesre\u010de.<\/p>\n<\/li>\n<li>\n<h3>Pravilno mazanje<\/h3>\n<p>Pravilno mazanje z ustreznim hidravli\u010dnim oljem lahko zagotovi nemoteno in u\u010dinkovito delovanje cilindra.<\/p>\n<\/li>\n<li>\n<h3>Zamenjava tesnila in preverjanje kalibracije<\/h3>\n<p>Zamenjava obrabljenih tesnil in preverjanje kalibracije valja lahko podalj\u0161ata njegovo \u017eivljenjsko dobo.<\/p>\n<\/li>\n<\/ul>\n<p><img decoding=\"async\" src=\"https:\/\/www.hydraulic-cylinders.net\/wp-content\/uploads\/2025\/01\/songte-chushion-collar.webp\" alt=\"Slika cilindra \u017elice za Grand CME85-9\"><\/p>\n<h2>Varnostni vidiki in okoljski dejavniki<\/h2>\n<p>Pri uporabi jeklenke z vedrom mora biti varnost na prvem mestu. Pomembno je upo\u0161tevati varnostne smernice in nositi ustrezno za\u0161\u010ditno opremo, da prepre\u010dite nesre\u010de. Pri upravljanju jeklenke je treba upo\u0161tevati tudi okoljske dejavnike, kot sta temperatura in vla\u017enost.<\/p>\n<h2>Predstavitev podjetja<\/h2>\n<p>Na\u0161e podjetje je proizvajalec hidravli\u010dnih cilindrov, ki ponuja \u0161iroko paleto izdelkov in je eden vodilnih proizvajalcev in veleprodajnih distributerjev hidravli\u010dnih cilindrov na doma\u010dem in mednarodnem trgu. Dr\u017eimo se na\u010dela odli\u010dne kakovosti in se zana\u0161amo na strategijo upravljanja industrijske proizvodnje, ki temelji na prefinjenih proizvodnih delavnicah. Nenehno izbolj\u0161ujemo na\u0161e proizvodne platforme z vlaganjem v tehnolo\u0161ke talente, vrhunsko digitalno proizvodno opremo in profesionalne sisteme testiranja. Na\u0161 cilj je zagotavljati visoko u\u010dinkovite, natan\u010dne in kakovostne izdelke, ki ustrezajo potrebam na\u0161ih strank.<\/p>\n<p><img decoding=\"async\" src=\"https:\/\/hzpt.com\/wp-content\/uploads\/2024\/11\/songte-company-1.webp\" alt=\"Slika cilindra \u017elice za Grand CME85-9\"><\/p>\n<h2>Dodatne informacije<\/h2>\n<p>Na\u0161e podjetje je znano po svoji profesionalnosti, mednarodnih certifikatih, prilagojenih storitvah, proizvodni opremi in poprodajnih storitvah. Ponujamo \u0161iroko paleto izdelkov in zagotavljamo odli\u010dno kakovost, konkuren\u010dne cene in pravo\u010dasno dostavo na\u0161im strankam.<\/p>\n<h2>Avtor: lyl<\/h2>","protected":false},"excerpt":{"rendered":"<p>Bucket Cylinder For Grand CME85-9 Introduction The bucket cylinder for Grand CME85-9 is a specialized hydraulic cylinder used to control the movement of the bucket in heavy machinery such as excavators, backhoe loaders, and front end loaders. Its main function is to enable lifting, lowering, and tilting of the bucket to facilitate various material handling [&hellip;]<\/p>","protected":false},"featured_media":14773,"comment_status":"open","ping_status":"closed","template":"","meta":{"_et_pb_use_builder":"","_et_pb_old_content":"","_et_gb_content_width":""},"product_brand":[],"product_cat":[1494],"product_tag":[1495,1496],"class_list":{"0":"post-15381","1":"product","2":"type-product","3":"status-publish","4":"has-post-thumbnail","6":"product_cat-bucket-cylinders","7":"product_tag-bucket-cylinders","8":"product_tag-hydraulic-cylinders","10":"first","11":"instock","12":"shipping-taxable","13":"product-type-simple"},"amp_enabled":true,"_links":{"self":[{"href":"https:\/\/www.hydraulic-cylinders.net\/sl\/wp-json\/wp\/v2\/product\/15381","targetHints":{"allow":["GET"]}}],"collection":[{"href":"https:\/\/www.hydraulic-cylinders.net\/sl\/wp-json\/wp\/v2\/product"}],"about":[{"href":"https:\/\/www.hydraulic-cylinders.net\/sl\/wp-json\/wp\/v2\/types\/product"}],"replies":[{"embeddable":true,"href":"https:\/\/www.hydraulic-cylinders.net\/sl\/wp-json\/wp\/v2\/comments?post=15381"}],"wp:featuredmedia":[{"embeddable":true,"href":"https:\/\/www.hydraulic-cylinders.net\/sl\/wp-json\/wp\/v2\/media\/14773"}],"wp:attachment":[{"href":"https:\/\/www.hydraulic-cylinders.net\/sl\/wp-json\/wp\/v2\/media?parent=15381"}],"wp:term":[{"taxonomy":"product_brand","embeddable":true,"href":"https:\/\/www.hydraulic-cylinders.net\/sl\/wp-json\/wp\/v2\/product_brand?post=15381"},{"taxonomy":"product_cat","embeddable":true,"href":"https:\/\/www.hydraulic-cylinders.net\/sl\/wp-json\/wp\/v2\/product_cat?post=15381"},{"taxonomy":"product_tag","embeddable":true,"href":"https:\/\/www.hydraulic-cylinders.net\/sl\/wp-json\/wp\/v2\/product_tag?post=15381"}],"curies":[{"name":"delovni list","href":"https:\/\/api.w.org\/{rel}","templated":true}]}}