{"id":15384,"date":"2025-01-19T14:27:49","date_gmt":"2025-01-19T14:27:49","guid":{"rendered":"https:\/\/www.hydraulic-cylinders.net\/product\/bucket-cylinder-for-volvo-small-excavator-ec-88d\/"},"modified":"2025-01-19T14:27:51","modified_gmt":"2025-01-19T14:27:51","slug":"bucket-cylinder-for-volvo-small-excavator-ec-88d","status":"publish","type":"product","link":"https:\/\/www.hydraulic-cylinders.net\/sl\/izdelek\/bucket-cylinder-for-volvo-small-excavator-ec-88d\/","title":{"rendered":"Cilinder \u017elice za majhen bager Volvo EC 88D"},"content":{"rendered":"<h1>Cilinder \u017elice za majhen bager Volvo EC 88D<\/h1>\n<h2>Uvod<\/h2>\n<p>Hidravli\u010dni cilinder \u017elice za majhen bager Volvo EC 88D je specializiran hidravli\u010dni cilinder, zasnovan za krmiljenje gibanja \u017elice v te\u017ekih strojih, kot so bagri, bagri nakladalniki in \u010delni nakladalniki. Njegova glavna funkcija je dvigovanje, spu\u0161\u010danje in nagibanje \u017elice za la\u017eje ravnanje z razli\u010dnimi materiali. V hidravli\u010dnem sistemu cilinder \u017elice dose\u017ee natan\u010den nadzor nad \u017elico s spremembami tlaka hidravli\u010dnega olja, kar upravljavcem omogo\u010da u\u010dinkovito ravnanje s te\u017ekimi bremeni, prilagajanje kompleksnim delovnim okoljem in raznolikim operativnim potrebam.<\/p>\n<p><img decoding=\"async\" src=\"https:\/\/www.hydraulic-cylinders.net\/wp-content\/uploads\/2025\/01\/songte-company-2.webp\" alt=\"Cilinder \u017elice za majhen bager Volvo EC 88D\"><\/p>\n<h2>Zna\u010dilnosti<\/h2>\n<ul>\n<li>Visoka trdnost in vzdr\u017eljivost: Obi\u010dajno so izdelani iz visoko trdnega jekla ali aluminija, sposobni prenesti visok tlak in velike obremenitve, prilagodljivi te\u017ekim delovnim okoljem, zasnovani z mislijo na odpornost proti obrabi in koroziji, kar podalj\u0161uje \u017eivljenjsko dobo.<\/li>\n<li>U\u010dinkovito hidravli\u010dno delovanje: Izkoristite tlak hidravli\u010dnega olja za doseganje gladkega teleskopskega delovanja, ki se hitro odziva na krmilne ukaze, zagotavlja mo\u010dno potisno-vle\u010dno silo, primerno za ravnanje s te\u017ekimi bremeni in kompleksne operativne naloge.<\/li>\n<li>Razli\u010dne vrste: Enosmerno delujo\u010di (hidravli\u010dni samo v eno smer) ali dvosmerno delujo\u010di (hidravli\u010dni v obe smeri) cilindri se lahko izberejo glede na zahteve za razli\u010dne operativne potrebe. Nekateri modeli so teleskopski, kar omogo\u010da ve\u010dji razteg brez pove\u010danja zunanjih dimenzij, primerni za uporabo z omejenim prostorom.<\/li>\n<li>Zamenljivo z drugimi hidravli\u010dnimi cilindri: Na\u0161 izdelek lahko popolnoma nadomesti te hidravli\u010dne cilindre.<\/li>\n<li>Prilagodljivo glede na zahteve strank: Nudimo lahko prilagojene storitve glede na zahteve strank.<\/li>\n<\/ul>\n<p><img decoding=\"async\" src=\"https:\/\/www.hydraulic-cylinders.net\/wp-content\/uploads\/2025\/01\/songte-cylinder-head-with-all-kinds-excavator-models.webp\" alt=\"Cilinder \u017elice za majhen bager Volvo EC 88D\"><\/p>\n<h2>Aplikacije<\/h2>\n<p>Valji \u017elic se pogosto uporabljajo v razli\u010dnih te\u017ekih strojih, vklju\u010dno z, vendar ne omejeno na:<\/p>\n<ul>\n<li>Gradbena oprema: Pri bagrih so bistveni za kopanje, nakladanje in premikanje zemlje ali ru\u0161evin. Pri bagrih nakladalnikih cilindri \u017elice pomagajo tako pri izkopavanju kot pri dvigovanju. <\/li>\n<li>Kmetijski stroji: Uporabljajo se v \u010delnih nakladalnikih za zajemanje, dvigovanje in prevoz zemlje, sena in drugih materialov. <\/li>\n<li>Bagri: Cilindri \u017elic omogo\u010dajo kopanje, saj \u017elicam omogo\u010dajo prodiranje v zemljo.<\/li>\n<li>\u010celni nakladalci: Pri \u010delnih nakladalcih pomagajo pri u\u010dinkovitem dvigovanju in odlaganju blaga.<\/li>\n<\/ul>\n<p>Te uporabe so le nekaj primerov \u0161iroke palete te\u017ekih strojev, ki lahko izkoristijo prednosti uporabe \u017elicnih cilindrov.<\/p>\n<h2>Oblikovalski vidiki in izbirna merila<\/h2>\n<p>Pri na\u010drtovanju cilindri\u010dnih konstrukcij je treba upo\u0161tevati ve\u010d dejavnikov:<\/p>\n<ul>\n<li>Nosilnost: Cilinder mora biti sposoben prenesti pri\u010dakovane obremenitve in sile v uporabi.<\/li>\n<li>Tesnjenje: Za prepre\u010devanje pu\u0161\u010danja in zagotavljanje pravilnega delovanja je potrebna uporaba razli\u010dnih tesnil, kot so tesnila bata in tesnila ojnic. Tesnila so obi\u010dajno izdelana iz materialov, odpornih proti obrabi, kot sta poliuretan in nitrilna guma.<\/li>\n<li>Vzdr\u017eljivost: Jeklenka mora biti sposobna prenesti zahtevno delovno okolje in ohraniti svojo strukturno celovitost dlje \u010dasa.<\/li>\n<li>Varnost: Jeklenka mora biti zasnovana z upo\u0161tevanjem varnostnih vidikov, da se zagotovi, da med delovanjem ne povzro\u010di nesre\u010d.<\/li>\n<li>Vzdr\u017eevanje: Med fazo na\u010drtovanja je treba upo\u0161tevati vidike vzdr\u017eevanja, da se zagotovi enostavno vzdr\u017eevanje in popravilo jeklenke.<\/li>\n<\/ul>\n<p><img decoding=\"async\" src=\"https:\/\/www.hydraulic-cylinders.net\/wp-content\/uploads\/2025\/01\/songte-oil-pipes-and-spare-parts.webp\" alt=\"Cilinder \u017elice za majhen bager Volvo EC 88D\"><\/p>\n<h2>Tesnjenje in mazanje<\/h2>\n<p>Valj \u017elice uporablja razli\u010dne tesnilne komponente, vklju\u010dno s tesnili bata in palice, da prepre\u010di pu\u0161\u010danje in zagotovi pravilno delovanje. Tesnila so obi\u010dajno izdelana iz materialov, odpornih proti obrabi, kot sta poliuretan in nitrilna guma. Za zagotovitev ustreznega mazanja je treba v valj redno in zadostno koli\u010dino hidravli\u010dnega olja dodajati.<\/p>\n<h2>Vzdr\u017eevanje in popravila<\/h2>\n<p>Redno vzdr\u017eevanje je bistvenega pomena za zagotovitev dolge \u017eivljenjske dobe in pravilnega delovanja cilindra vedra. Nekatera pogosta vzdr\u017eevalna opravila vklju\u010dujejo redne preglede, ustrezno mazanje, zamenjavo tesnil in preverjanje kalibracije. Pravilna namestitev in poravnava sta klju\u010dnega pomena za pravilno delovanje cilindra. Priporo\u010damo uporabo ustreznih monta\u017enih nosilcev za pritrditev cilindra. Ponujamo tudi postopke preverjanja, popravila in zamenjave, nadomestne dele in storitve obnove, ki pomagajo podalj\u0161ati \u017eivljenjsko dobo cilindra vedra.<\/p>\n<p><img decoding=\"async\" src=\"https:\/\/www.hydraulic-cylinders.net\/wp-content\/uploads\/2025\/01\/songte-chushion-collar.webp\" alt=\"Cilinder \u017elice za majhen bager Volvo EC 88D\"><\/p>\n<h2>Varnostni vidiki in okoljski dejavniki<\/h2>\n<p>Pri uporabi jeklenk z vedrom mora biti varnost na prvem mestu. Uporabniki morajo vedno upo\u0161tevati ustrezne varnostne postopke in smernice za zagotovitev varnega delovanja. Med delovanjem je treba upo\u0161tevati tudi okoljske dejavnike, kot sta temperatura in vla\u017enost, da se zagotovi optimalno delovanje in dolga \u017eivljenjsko dobo.<\/p>\n<h2>Diagnostika napak in odpravljanje te\u017eav<\/h2>\n<p>Med pogoste napake, ki se lahko pojavijo pri uporabi cilindrov z \u017elico, spadajo pu\u0161\u010danje olja, nezadostna mo\u010d in po\u010dasno delovanje. Te te\u017eave je mogo\u010de diagnosticirati in odpraviti z rednimi pregledi, ustreznim mazanjem in zamenjavo tesnil. Pravilna namestitev, poravnava in kalibracija so prav tako klju\u010dne za prepre\u010devanje morebitnih te\u017eav.<\/p>\n<p><img decoding=\"async\" src=\"https:\/\/www.hydraulic-cylinders.net\/wp-content\/uploads\/2025\/01\/songte-bushings-with-all-kinds-of-excavator-models.webp\" alt=\"Cilinder \u017elice za majhen bager Volvo EC 88D\"><\/p>\n<h2>O na\u0161em podjetju<\/h2>\n<p>Smo proizvajalec nadomestnih hidravli\u010dnih cilindrov s celotno paleto izdelkov in smo eden vodilnih proizvajalcev in veleprodajnih distributerjev hidravli\u010dnih cilindrov na doma\u010dem in tujem trgu. Dr\u017eimo se na\u010dela odli\u010dne kakovosti, se zana\u0161amo na industrializirane strategije upravljanja proizvodnje v finih proizvodnih delavnicah in nenehno izbolj\u0161ujemo proizvodno platformo delavnic, izbolj\u0161ujemo proizvodno linijo za kakovost izdelkov in imamo mo\u010dno ustvarjalnost. Zagotavljamo visoko u\u010dinkovite, visoko natan\u010dne in visokokakovostne izdelke, ki ustrezajo raznolikim potrebam strank.<\/p>\n<h3>Profesionalnost<\/h3>\n<p>Imamo ekipo profesionalnih in\u017eenirjev in tehnikov, ki lahko strankam zagotovijo zanesljive in u\u010dinkovite storitve.<\/p>\n<h3>Mednarodno certificiranje<\/h3>\n<p>Na\u0161i izdelki so certificirani po ISO9001, CE in drugih mednarodnih certifikatih.<\/p>\n<h3>Storitve prilagajanja<\/h3>\n<p>Strankam nudimo prilagojene storitve glede na njihove specifi\u010dne zahteve, da zadostimo njihovim raznolikim potrebam.<\/p>\n<h3>Proizvodna oprema<\/h3>\n<p>Uporabljamo napredno opremo in testne sisteme za zagotavljanje kakovosti in zanesljivosti izdelkov.<\/p>\n<h3>Poprodajne storitve<\/h3>\n<p>Strankam nudimo celovito poprodajno storitev, vklju\u010dno s pregledi, popravilom in zamenjavo, nadomestnimi deli ter obnovo.<\/p>\n<p><img decoding=\"async\" src=\"https:\/\/hzpt.com\/wp-content\/uploads\/2024\/11\/songte-company-1.webp\" alt=\"Cilinder \u017elice za majhen bager Volvo EC 88D\"><\/p>\n<p><em>Avtor: lyl<\/em><\/p>","protected":false},"excerpt":{"rendered":"<p>Bucket Cylinder For Volvo Small Excavator EC 88D Introduction A bucket cylinder for Volvo small excavator EC 88D is a specialized hydraulic cylinder designed for controlling the movement of the bucket in heavy machinery such as excavators, backhoe loaders, and front loaders. Its main function is to lift, lower, and tilt the bucket to facilitate [&hellip;]<\/p>","protected":false},"featured_media":14765,"comment_status":"open","ping_status":"closed","template":"","meta":{"_et_pb_use_builder":"","_et_pb_old_content":"","_et_gb_content_width":""},"product_brand":[],"product_cat":[1494],"product_tag":[1495,1496],"class_list":{"0":"post-15384","1":"product","2":"type-product","3":"status-publish","4":"has-post-thumbnail","6":"product_cat-bucket-cylinders","7":"product_tag-bucket-cylinders","8":"product_tag-hydraulic-cylinders","10":"first","11":"instock","12":"shipping-taxable","13":"product-type-simple"},"amp_enabled":true,"_links":{"self":[{"href":"https:\/\/www.hydraulic-cylinders.net\/sl\/wp-json\/wp\/v2\/product\/15384","targetHints":{"allow":["GET"]}}],"collection":[{"href":"https:\/\/www.hydraulic-cylinders.net\/sl\/wp-json\/wp\/v2\/product"}],"about":[{"href":"https:\/\/www.hydraulic-cylinders.net\/sl\/wp-json\/wp\/v2\/types\/product"}],"replies":[{"embeddable":true,"href":"https:\/\/www.hydraulic-cylinders.net\/sl\/wp-json\/wp\/v2\/comments?post=15384"}],"wp:featuredmedia":[{"embeddable":true,"href":"https:\/\/www.hydraulic-cylinders.net\/sl\/wp-json\/wp\/v2\/media\/14765"}],"wp:attachment":[{"href":"https:\/\/www.hydraulic-cylinders.net\/sl\/wp-json\/wp\/v2\/media?parent=15384"}],"wp:term":[{"taxonomy":"product_brand","embeddable":true,"href":"https:\/\/www.hydraulic-cylinders.net\/sl\/wp-json\/wp\/v2\/product_brand?post=15384"},{"taxonomy":"product_cat","embeddable":true,"href":"https:\/\/www.hydraulic-cylinders.net\/sl\/wp-json\/wp\/v2\/product_cat?post=15384"},{"taxonomy":"product_tag","embeddable":true,"href":"https:\/\/www.hydraulic-cylinders.net\/sl\/wp-json\/wp\/v2\/product_tag?post=15384"}],"curies":[{"name":"delovni list","href":"https:\/\/api.w.org\/{rel}","templated":true}]}}