{"id":15397,"date":"2025-01-19T14:28:48","date_gmt":"2025-01-19T14:28:48","guid":{"rendered":"https:\/\/www.hydraulic-cylinders.net\/product\/bucket-cylinder-for-volvo-middle-excavator-ecr235e\/"},"modified":"2025-01-19T14:28:50","modified_gmt":"2025-01-19T14:28:50","slug":"bucket-cylinder-for-volvo-middle-excavator-ecr235e","status":"publish","type":"product","link":"https:\/\/www.hydraulic-cylinders.net\/sl\/izdelek\/bucket-cylinder-for-volvo-middle-excavator-ecr235e\/","title":{"rendered":"Cilinder \u017elice za srednji bager Volvo ECR235E"},"content":{"rendered":"<h1>Cilinder \u017elice za srednji bager Volvo ECR235E<\/h1>\n<h2>Uvod<\/h2>\n<p>Hidravli\u010dni valj \u017elice je posebej zasnovan hidravli\u010dni valj, ki se uporablja predvsem za krmiljenje gibanja \u017elice v te\u017ekih strojih, kot so bagri, bagri z nakladalniki in \u010delni nakladalniki. Njegova glavna funkcija je omogo\u010danje dvigovanja, spu\u0161\u010danja in nagibanja \u017elice, kar olaj\u0161a opravljanje razli\u010dnih nalog ravnanja z materiali. V hidravli\u010dnem sistemu valj \u017elice dose\u017ee natan\u010den nadzor nad \u017elico s spremembo tlaka hidravli\u010dnega olja, kar omogo\u010da upravljavcem u\u010dinkovito ravnanje s te\u017ekimi bremeni in prilagajanje kompleksnim delovnim okoljem ter raznolikim zahtevam dela.<\/p>\n<p><img decoding=\"async\" src=\"https:\/\/www.hydraulic-cylinders.net\/wp-content\/uploads\/2025\/01\/songte-company-2.webp\" alt=\"Cilinder \u017elice za srednji bager Volvo ECR235E\"><\/p>\n<h2>Zna\u010dilnosti<\/h2>\n<ul>\n<li>Visoka trdnost in vzdr\u017eljivost: Obi\u010dajno je izdelan iz visoko trdnega jekla ali aluminija, prenese visok tlak in velike obremenitve, se prilagaja te\u017ekim delovnim okoljem in je zasnovan z odpornostjo proti obrabi in koroziji, da podalj\u0161a njegovo \u017eivljenjsko dobo.<\/li>\n<li>U\u010dinkovito hidravli\u010dno delovanje: Z uporabo tlaka hidravli\u010dnega olja za doseganje gladkega raztezanja in kr\u010denja se lahko hitro odzove na krmilne ukaze, zagotavlja mo\u010dno potisno in vle\u010dno silo ter je primeren za ravnanje s te\u017ekimi bremeni in kompleksnimi delovnimi nalogami.<\/li>\n<li>Razli\u010dne vrste: Enojno delujo\u010di (hidravli\u010dni, ki se uporabljajo samo v eno smer) ali dvostransko delujo\u010di (hidravli\u010dni, ki se uporabljajo v obe smeri) cilindri se lahko izberejo glede na zahteve za razli\u010dne operativne potrebe. Nekateri modeli so teleskopski, kar omogo\u010da ve\u010dji razteg brez pove\u010danja zunanjih dimenzij, primerni za uporabo v omejenem prostoru.<\/li>\n<li>Popolna zamenjava: Na\u0161i izdelki lahko popolnoma nadomestijo te hidravli\u010dne cilindre.<\/li>\n<\/ul>\n<p><img decoding=\"async\" src=\"https:\/\/www.hydraulic-cylinders.net\/wp-content\/uploads\/2025\/01\/songte-cylinder-head-with-all-kinds-excavator-models.webp\" alt=\"Popolna zamenjava za srednji bager Volvo ECR235E\"><\/p>\n<h2>Aplikacije<\/h2>\n<h3>Gradbena oprema:<\/h3>\n<p>Pri bagrih so bistveni za kopanje, nakladanje in premikanje zemlje ali ru\u0161evin. Pri bagrih z nakladalnimi \u017elicami cilindri pomagajo pri kopanju in dvigovanju. Pri \u010delnih nakladalnikih pomagajo pri u\u010dinkovitem dvigovanju in odlaganju tovora.<\/p>\n<h3>Kmetijska mehanizacija:<\/h3>\n<p>Uporabljajo se v \u010delnih nakladalnikih, kjer pobirajo, dvigujejo in preva\u017eajo zemljo, seno in druge materiale. V bagrih cilindri \u017elice dose\u017eejo izkopno delovanje tako, da \u017elici omogo\u010dijo prodiranje v zemljo.<\/p>\n<h2>Oblikovalski vidiki in izbirna merila<\/h2>\n<h3>Nosilnost:<\/h3>\n<p>Izbrani hidravli\u010dni cilinder mora biti sposoben prenesti najve\u010djo obremenitev stroja in \u017elice. Pomembno je zagotoviti, da je nosilnost cilindra ve\u010dja ali enaka najve\u010dji nosilnosti stroja. <\/p>\n<h3>Tesnjenje in mazanje:<\/h3>\n<p>Tesnjenje in mazanje hidravli\u010dnega cilindra sta klju\u010dnega pomena za njegovo delovanje in dolgo \u017eivljenjsko dobo. Cilinder uporablja razli\u010dna tesnila, kot so tesnila bata, tesnila ojnic itd. Tesnila so izdelana iz materialov, odpornih proti obrabi, kot sta poliuretan in nitrilna guma, ki \u0161\u010ditijo cilinder pred obrabo. Redno mazanje s hidravli\u010dnim oljem je bistveno za zmanj\u0161anje obrabe in zagotavljanje nemotenega delovanja. <\/p>\n<p><img decoding=\"async\" src=\"https:\/\/www.hydraulic-cylinders.net\/wp-content\/uploads\/2025\/01\/songte-oil-pipes-and-spare-parts.webp\" alt=\"Cevi za hidravli\u010dno olje in rezervni deli\"><\/p>\n<h2>Vzdr\u017eevanje in popravila<\/h2>\n<h3>Namestitev izdelka:<\/h3>\n<p>Med namestitvijo je bistveno, da jeklenko pravilno poravnate in jo pritrdite z ustreznimi monta\u017enimi nosilci, da prepre\u010dite napa\u010dno poravnavo ali po\u0161kodbe. Za zagotovitev dolge \u017eivljenjske dobe jeklenke je treba upo\u0161tevati priporo\u010dene postopke pregleda, popravila in zamenjave.<\/p>\n<h3>Vzdr\u017eevalna opravila:<\/h3>\n<ul>\n<li>Redni pregled: Jeklenko je treba redno pregledovati glede pu\u0161\u010danja, po\u0161kodb ali obrabe.<\/li>\n<li>Mazanje: Cilinder je treba mazati s hidravli\u010dnim oljem v skladu s priporo\u010dili proizvajalca.<\/li>\n<li>Zamenjava tesnila: Tesnila cilindra je treba redno menjati, da se zagotovi pravilno delovanje cilindra.<\/li>\n<li>Preverjanje kalibracije: Kalibracijo jeklenke je treba redno preverjati, da se zagotovi njeno optimalno delovanje.<\/li>\n<\/ul>\n<p><img decoding=\"async\" src=\"https:\/\/www.hydraulic-cylinders.net\/wp-content\/uploads\/2025\/01\/songte-chushion-collar.webp\" alt=\"Objemka blazine cilindra vedra\"><\/p>\n<h2>Varnostni vidiki in okoljski dejavniki<\/h2>\n<p>Pri uporabi hidravli\u010dnih cilindrov je treba upo\u0161tevati varnostne ukrepe za prepre\u010devanje nesre\u010d. Nujno je treba upo\u0161tevati navodila in smernice proizvajalca. Cilindre je treba odstraniti v skladu z okoljskimi predpisi in smernicami.<\/p>\n<h2>Diagnostika napak in odpravljanje te\u017eav<\/h2>\n<p>Pogoste te\u017eave, povezane s hidravli\u010dnimi cilindri, vklju\u010dujejo pu\u0161\u010danje, nezadostno silo in nepravilno poravnavo. Za ugotavljanje in odpravljanje te\u017eave je treba izvesti ustrezno diagnozo in odpravljanje te\u017eav. Redni pregledi in preventivno vzdr\u017eevanje lahko pomagajo prepre\u010diti morebitne te\u017eave.<\/p>\n<p><img decoding=\"async\" src=\"https:\/\/www.hydraulic-cylinders.net\/wp-content\/uploads\/2025\/01\/songte-bushings-with-all-kinds-of-excavator-models.webp\" alt=\"Pu\u0161e cilindra \u017elice\"><\/p>\n<h2>O na\u0161em podjetju<\/h2>\n<p>Smo proizvajalec nadomestnih hidravli\u010dnih cilindrov s \u0161iroko paleto izdelkov. Smo eden vodilnih proizvajalcev in veleprodajnih distributerjev hidravli\u010dnih cilindrov na doma\u010dem in mednarodnem trgu. Sledimo odli\u010dni kakovosti, se zana\u0161amo na strategijo upravljanja industrijske proizvodnje sofisticirane proizvodne delavnice in nenehno izbolj\u0161ujemo proizvodno platformo delavnice z uporabo tehni\u010dnih talentov, digitalne vrhunske proizvodne opreme in profesionalnih sistemov za zaznavanje, da bi izpopolnili proizvodno pot kakovosti izdelkov. Imamo mo\u010dno ustvarjalno sposobnost in si prizadevamo zadovoljiti raznolike potrebe strank z na\u010deli visoke u\u010dinkovitosti, visoke natan\u010dnosti in visoke kakovosti.<\/p>\n<ul>\n<li>Profesionalnost: Imamo ekipo izku\u0161enih strokovnjakov, ki so predani zagotavljanju visokokakovostnih hidravli\u010dnih cilindrov.<\/li>\n<li>Mednarodno certificiranje: Na\u0161i izdelki so certificirani v skladu z mednarodnimi standardi, kar zagotavlja najvi\u0161je standarde kakovosti.<\/li>\n<li>Storitve prilagajanja: Nudimo hidravli\u010dne cilindre po meri glede na zahteve strank.<\/li>\n<li>Proizvodna oprema: Na\u0161i proizvodni obrati so opremljeni z napredno opremo za zagotavljanje u\u010dinkovitosti in kakovosti.<\/li>\n<li>Poprodajne storitve: Nudimo poprodajne storitve, vklju\u010dno z zamenjavo delov in obnovo, da podalj\u0161amo \u017eivljenjsko dobo hidravli\u010dnih cilindrov.<\/li>\n<\/ul>\n<p><img decoding=\"async\" src=\"https:\/\/hzpt.com\/wp-content\/uploads\/2024\/11\/songte-company-1.webp\" alt=\"O na\u0161em podjetju\"><\/p>\n<h4>Avtor: lyl<\/h4>","protected":false},"excerpt":{"rendered":"<p>Bucket Cylinder For Volvo Middle Excavator ECR235E Introduction A bucket cylinder is a specially designed hydraulic cylinder primarily used to control the movement of the bucket in heavy machinery such as excavators, backhoe excavators, and front-end loaders. Its main function is to enable the bucket to lift, lower, and tilt, making it easier to handle [&hellip;]<\/p>","protected":false},"featured_media":14771,"comment_status":"open","ping_status":"closed","template":"","meta":{"_et_pb_use_builder":"","_et_pb_old_content":"","_et_gb_content_width":""},"product_brand":[],"product_cat":[1494],"product_tag":[1495,1496],"class_list":{"0":"post-15397","1":"product","2":"type-product","3":"status-publish","4":"has-post-thumbnail","6":"product_cat-bucket-cylinders","7":"product_tag-bucket-cylinders","8":"product_tag-hydraulic-cylinders","10":"first","11":"instock","12":"shipping-taxable","13":"product-type-simple"},"amp_enabled":true,"_links":{"self":[{"href":"https:\/\/www.hydraulic-cylinders.net\/sl\/wp-json\/wp\/v2\/product\/15397","targetHints":{"allow":["GET"]}}],"collection":[{"href":"https:\/\/www.hydraulic-cylinders.net\/sl\/wp-json\/wp\/v2\/product"}],"about":[{"href":"https:\/\/www.hydraulic-cylinders.net\/sl\/wp-json\/wp\/v2\/types\/product"}],"replies":[{"embeddable":true,"href":"https:\/\/www.hydraulic-cylinders.net\/sl\/wp-json\/wp\/v2\/comments?post=15397"}],"wp:featuredmedia":[{"embeddable":true,"href":"https:\/\/www.hydraulic-cylinders.net\/sl\/wp-json\/wp\/v2\/media\/14771"}],"wp:attachment":[{"href":"https:\/\/www.hydraulic-cylinders.net\/sl\/wp-json\/wp\/v2\/media?parent=15397"}],"wp:term":[{"taxonomy":"product_brand","embeddable":true,"href":"https:\/\/www.hydraulic-cylinders.net\/sl\/wp-json\/wp\/v2\/product_brand?post=15397"},{"taxonomy":"product_cat","embeddable":true,"href":"https:\/\/www.hydraulic-cylinders.net\/sl\/wp-json\/wp\/v2\/product_cat?post=15397"},{"taxonomy":"product_tag","embeddable":true,"href":"https:\/\/www.hydraulic-cylinders.net\/sl\/wp-json\/wp\/v2\/product_tag?post=15397"}],"curies":[{"name":"delovni list","href":"https:\/\/api.w.org\/{rel}","templated":true}]}}