{"id":15423,"date":"2025-01-19T14:30:47","date_gmt":"2025-01-19T14:30:47","guid":{"rendered":"https:\/\/www.hydraulic-cylinders.net\/product\/bucket-cylinder-for-sany-small-excavator-sy155h\/"},"modified":"2025-01-19T14:30:49","modified_gmt":"2025-01-19T14:30:49","slug":"bucket-cylinder-for-sany-small-excavator-sy155h","status":"publish","type":"product","link":"https:\/\/www.hydraulic-cylinders.net\/sl\/izdelek\/bucket-cylinder-for-sany-small-excavator-sy155h\/","title":{"rendered":"Cilinder \u017elice za Sany majhen bager SY155H"},"content":{"rendered":"<h1>Cilinder \u017elice za Sany majhen bager SY155H<\/h1>\n<h2>Uvod<\/h2>\n<p>Hidravli\u010dni cilinder \u017elice za majhen bager Sany SY155H je posebej zasnovan hidravli\u010dni cilinder, ki se uporablja za krmiljenje gibanja \u017elice v te\u017ekih strojih, kot so bagri, bagri nakladalniki in \u010delni nakladalniki. Njegova glavna funkcija je omogo\u010danje dvigovanja, spu\u0161\u010danja in nagibanja \u017elice, zaradi \u010desar je primeren za razli\u010dna opravila ravnanja z materiali. V hidravli\u010dnem sistemu cilinder \u017elice dose\u017ee natan\u010den nadzor nad \u017elico z izkori\u0161\u010danjem sprememb tlaka hidravli\u010dnega olja, kar omogo\u010da upravljavcem u\u010dinkovito ravnanje s te\u017ekimi bremeni in prilagajanje kompleksnim delovnim okoljem ter raznolikim zahtevam dela.<\/p>\n<p><img decoding=\"async\" src=\"https:\/\/www.hydraulic-cylinders.net\/wp-content\/uploads\/2025\/01\/songte-company-2.webp\" alt=\"Slika valjaste \u017elice\"><\/p>\n<h2>Zna\u010dilnosti<\/h2>\n<ul>\n<li>Visoka trdnost in vzdr\u017eljivost: Valj z \u017elico, ki je obi\u010dajno izdelan iz visoko trdnega jekla ali aluminija, lahko prenese visok tlak in velike obremenitve, s \u010dimer se prilagodi zahtevnim delovnim okoljem. Zasnova upo\u0161teva tudi odpornost proti obrabi in koroziji, kar podalj\u0161a \u017eivljenjsko dobo.<\/li>\n<li>U\u010dinkovito hidravli\u010dno delovanje: Z izkori\u0161\u010danjem tlaka hidravli\u010dnega olja dose\u017ee valj \u017elice gladko iztegovanje in vle\u010denje, kar omogo\u010da hiter odziv na krmilne ukaze in zagotavlja mo\u010dne potisne in vle\u010dne sile, primerne za ravnanje s te\u017ekimi bremeni in kompleksnimi delovnimi nalogami.<\/li>\n<li>Razli\u010dne vrste: Valj \u017elice je mogo\u010de izbrati kot enosmerno delujo\u010d (hidravli\u010dni se uporablja samo v eni smeri) ali dvosmerno delujo\u010d (hidravli\u010dni se uporablja v obeh smereh) glede na specifi\u010dne operativne zahteve. Nekateri modeli so teleskopski, kar omogo\u010da ve\u010dji razteg brez pove\u010danja zunanjih dimenzij, idealno za uporabo z omejenim prostorom.<\/li>\n<li>Popolna zamenjava: Na\u0161i izdelki lahko popolnoma nadomestijo te hidravli\u010dne cilindre in ponujajo zanesljivo delovanje in zdru\u017eljivost.<\/li>\n<\/ul>\n<p><img decoding=\"async\" src=\"https:\/\/www.hydraulic-cylinders.net\/wp-content\/uploads\/2025\/01\/songte-cylinder-head-with-all-kinds-excavator-models.webp\" alt=\"Slika izdelka\"><\/p>\n<h2>Aplikacije<\/h2>\n<p>Cilinder z \u017elico se uporablja v razli\u010dnih gradbenih strojih, vklju\u010dno z:<\/p>\n<ul>\n<li>Bagri: Klju\u010dnega pomena za kopanje, nakladanje in premikanje zemlje ali ru\u0161evin. Cilinder \u017elice omogo\u010da kopanje, saj \u017elici omogo\u010da, da prodre v zemljo.<\/li>\n<li>Bagri nakladalci: Pomagajo pri izkopavanju in dvigovanju.<\/li>\n<li>Kmetijski stroji: Uporabljajo se v \u010delnih nakladalnikih za zajemanje, dvigovanje in prevoz zemlje, sena in drugih materialov.<\/li>\n<li>\u010celni nakladalniki: Pomagajo pri u\u010dinkovitem dvigovanju in razkladanju blaga.<\/li>\n<\/ul>\n<h2>Oblikovalski vidiki in izbirna merila<\/h2>\n<ul>\n<li>Nosilnost: Valj \u017elice je zasnovan tako, da prenese specifi\u010dne obremenitve opreme, v katero je name\u0161\u010den.<\/li>\n<li>Tesnilna sposobnost: Za zagotovitev u\u010dinkovitega tesnjenja in prepre\u010devanje pu\u0161\u010danja olja se uporabljajo razli\u010dne tesnilne komponente, kot so tesnila bata in tesnila ojnic.<\/li>\n<li>Vzdr\u017eljivost: Komponente in povr\u0161ina valja so fino obdelane za ve\u010djo vzdr\u017eljivost in odpornost proti obrabi.<\/li>\n<li>Varnost: Varnostne funkcije so namenjene prepre\u010devanju nesre\u010d med delovanjem.<\/li>\n<li>Vzdr\u017eevanje: Zasnova omogo\u010da enostavno vzdr\u017eevanje in popravila, kar zagotavlja minimalen \u010das izpada.<\/li>\n<\/ul>\n<p><img decoding=\"async\" src=\"https:\/\/www.hydraulic-cylinders.net\/wp-content\/uploads\/2025\/01\/songte-oil-pipes-and-spare-parts.webp\" alt=\"Slika izdelka\"><\/p>\n<h2>Tesnjenje in mazanje<\/h2>\n<p>Valj \u017elice uporablja razli\u010dne tesnilne komponente, kot so tesnila bata in tesnila palic, izdelana iz materialov, odpornih proti obrabi, kot sta poliuretan in nitrilna guma. Telo valja in navojna kon\u010dna povr\u0161ina sta fino obdelana za izbolj\u0161anje odpornosti proti obrabi. Redno mazanje z ustrezno koli\u010dino hidravli\u010dnega olja je potrebno za zagotovitev nemotenega delovanja in dolge \u017eivljenjske dobe.<\/p>\n<h2>Redni pregledi in preventivno vzdr\u017eevanje<\/h2>\n<ul>\n<li>Redno pregledujte valj vedra glede morebitnih znakov obrabe, pu\u0161\u010danja ali po\u0161kodb.<\/li>\n<li>Pravilno nama\u017eite valj in se prepri\u010dajte, da so vse povezave varne.<\/li>\n<li>Za optimalno delovanje redno menjajte obrabljena tesnila in tesnilne elemente.<\/li>\n<li>Izvedite kalibracijske preglede, da zagotovite delovanje valja znotraj dolo\u010denih parametrov.<\/li>\n<\/ul>\n<h2>Pravilen priro\u010dnik za namestitev<\/h2>\n<p>Pri name\u0161\u010danju cilindra vedra sledite tem korakom:<\/p>\n<ol>\n<li>Zagotovite pravilno poravnavo cilindra.<\/li>\n<li>Za pritrditev cilindra uporabite ustrezne monta\u017ene nosilce.<\/li>\n<\/ol>\n<p><img decoding=\"async\" src=\"https:\/\/www.hydraulic-cylinders.net\/wp-content\/uploads\/2025\/01\/songte-chushion-collar.webp\" alt=\"Slika izdelka\"><\/p>\n<h2>Varnostni vidiki in okoljski dejavniki<\/h2>\n<p>Pri uporabi valja z vedrom je pomembno upo\u0161tevati varnostne ukrepe za prepre\u010devanje nesre\u010d in upo\u0161tevati okoljske dejavnike, da se \u010dim bolj zmanj\u0161a morebiten negativen vpliv.<\/p>\n<h2>Diagnoza napak in pogoste te\u017eave<\/h2>\n<p>Pogoste napake in te\u017eave z cilindrom \u017elice vklju\u010dujejo:<\/p>\n<ul>\n<li>Pu\u0161\u010danje olja<\/li>\n<li>Okvara tesnila<\/li>\n<li>Nenavaden hrup<\/li>\n<\/ul>\n<p>Za re\u0161evanje teh te\u017eav sledite tem nasvetom in re\u0161itvam:<\/p>\n<ul>\n<li>Redno pregledujte in vzdr\u017eujte jeklenko, da odkrijete in odpravite morebitna pu\u0161\u010danja.<\/li>\n<li>Za zagotovitev ustreznega tesnjenja zamenjajte obrabljena tesnila.<\/li>\n<li>Prei\u0161\u010dite in odpravite te\u017eave z nenavadnim hrupom tako, da preverite, ali so povezave ohlapne ali komponente po\u0161kodovane.<\/li>\n<li>Uvedite preventivne ukrepe za zmanj\u0161anje morebitnih te\u017eav.<\/li>\n<\/ul>\n<p><img decoding=\"async\" src=\"https:\/\/www.hydraulic-cylinders.net\/wp-content\/uploads\/2025\/01\/songte-bushings-with-all-kinds-of-excavator-models.webp\" alt=\"Slika izdelka\"><\/p>\n<p>Ne pozabite logi\u010dno organizirati \u010dlanka, uporabiti podnaslovov za la\u017ejo navigacijo, vklju\u010diti ustreznih slik ali grafikonov za bolj\u0161e razumevanje ter zagotoviti, da je vsebina jasna, jedrnata in primerna za bralce z razli\u010dnimi stopnjami tehni\u010dnega znanja.<\/p>\n<h2>Na\u0161e podjetje<\/h2>\n<p>Smo vodilni proizvajalec in veleprodajni distributer hidravli\u010dnih cilindrov na doma\u010dem in mednarodnem trgu. Na\u0161a \u0161iroka paleta izdelkov zadovoljuje razli\u010dne potrebe. S poudarkom na odli\u010dni kakovosti in strategijah industrializiranega upravljanja proizvodnje nenehno izbolj\u0161ujemo na\u0161o proizvodno platformo in proizvodne linije za kakovost izdelkov. Z ekipo tehni\u010dnih strokovnjakov, napredno proizvodno opremo in profesionalnimi testnimi sistemi imamo mo\u010dne inovacijske zmogljivosti za izpolnjevanje raznolikih zahtev strank z u\u010dinkovitostjo, natan\u010dnostjo in visokimi standardi kakovosti.<\/p>\n<p><img decoding=\"async\" src=\"https:\/\/www.hydraulic-cylinders.net\/wp-content\/uploads\/2025\/01\/songte-company-3.webp\" alt=\"Slika podjetja\"><\/p>\n<h3>Klju\u010dne zna\u010dilnosti na\u0161ega podjetja:<\/h3>\n<ul>\n<li>Profesionalnost<\/li>\n<li>Mednarodni certifikati<\/li>\n<li>Storitve prilagajanja<\/li>\n<li>Najsodobnej\u0161a proizvodna oprema<\/li>\n<li>Odli\u010dna poprodajna storitev<\/li>\n<\/ul>\n<p>Avtor: lyl<\/p>","protected":false},"excerpt":{"rendered":"<p>Bucket Cylinder For Sany Small Excavator SY155H Introduction The bucket cylinder for Sany small excavator SY155H is a specially designed hydraulic cylinder used to control the movement of the bucket in heavy machinery such as excavators, backhoe loaders, and front loaders. Its main function is to enable the bucket to lift, lower, and tilt, making [&hellip;]<\/p>","protected":false},"featured_media":14780,"comment_status":"open","ping_status":"closed","template":"","meta":{"_et_pb_use_builder":"","_et_pb_old_content":"","_et_gb_content_width":""},"product_brand":[],"product_cat":[1494],"product_tag":[1495,1496],"class_list":{"0":"post-15423","1":"product","2":"type-product","3":"status-publish","4":"has-post-thumbnail","6":"product_cat-bucket-cylinders","7":"product_tag-bucket-cylinders","8":"product_tag-hydraulic-cylinders","10":"first","11":"instock","12":"shipping-taxable","13":"product-type-simple"},"amp_enabled":true,"_links":{"self":[{"href":"https:\/\/www.hydraulic-cylinders.net\/sl\/wp-json\/wp\/v2\/product\/15423","targetHints":{"allow":["GET"]}}],"collection":[{"href":"https:\/\/www.hydraulic-cylinders.net\/sl\/wp-json\/wp\/v2\/product"}],"about":[{"href":"https:\/\/www.hydraulic-cylinders.net\/sl\/wp-json\/wp\/v2\/types\/product"}],"replies":[{"embeddable":true,"href":"https:\/\/www.hydraulic-cylinders.net\/sl\/wp-json\/wp\/v2\/comments?post=15423"}],"wp:featuredmedia":[{"embeddable":true,"href":"https:\/\/www.hydraulic-cylinders.net\/sl\/wp-json\/wp\/v2\/media\/14780"}],"wp:attachment":[{"href":"https:\/\/www.hydraulic-cylinders.net\/sl\/wp-json\/wp\/v2\/media?parent=15423"}],"wp:term":[{"taxonomy":"product_brand","embeddable":true,"href":"https:\/\/www.hydraulic-cylinders.net\/sl\/wp-json\/wp\/v2\/product_brand?post=15423"},{"taxonomy":"product_cat","embeddable":true,"href":"https:\/\/www.hydraulic-cylinders.net\/sl\/wp-json\/wp\/v2\/product_cat?post=15423"},{"taxonomy":"product_tag","embeddable":true,"href":"https:\/\/www.hydraulic-cylinders.net\/sl\/wp-json\/wp\/v2\/product_tag?post=15423"}],"curies":[{"name":"delovni list","href":"https:\/\/api.w.org\/{rel}","templated":true}]}}