{"id":15424,"date":"2025-01-19T14:30:51","date_gmt":"2025-01-19T14:30:51","guid":{"rendered":"https:\/\/www.hydraulic-cylinders.net\/product\/bucket-cylinder-for-sany-small-excavator-sy60c-9\/"},"modified":"2025-01-19T14:30:53","modified_gmt":"2025-01-19T14:30:53","slug":"bucket-cylinder-for-sany-small-excavator-sy60c-9","status":"publish","type":"product","link":"https:\/\/www.hydraulic-cylinders.net\/sl\/izdelek\/bucket-cylinder-for-sany-small-excavator-sy60c-9\/","title":{"rendered":"Cilinder \u017elice za Sany majhen bager SY60C-9"},"content":{"rendered":"<h1>Cilinder \u017elice za Sany majhen bager SY60C-9<\/h1>\n<h2>Uvod<\/h2>\n<p>Hidravli\u010dni cilinder \u017elice za majhen bager Sany SY60C-9 je hidravli\u010dni cilinder, zasnovan za nadzor gibanja \u017elice v te\u017ekih strojih, kot so bagri, bagri in nakladalniki. Njegova glavna funkcija je dvigovanje, spu\u0161\u010danje in nagibanje \u017elice za u\u010dinkovito ravnanje z materiali. V hidravli\u010dnem sistemu cilinder \u017elice natan\u010dno nadzoruje gibanje \u017elice s pomo\u010djo tlaka hidravli\u010dnega olja, kar omogo\u010da upravljavcem u\u010dinkovito ravnanje s te\u017ekimi bremeni in prilagajanje kompleksnim delovnim okoljem ter raznolikim zahtevam dela.<\/p>\n<p><img decoding=\"async\" src=\"https:\/\/www.hydraulic-cylinders.net\/wp-content\/uploads\/2025\/01\/songte-company-2.webp\" alt=\"Cilinder \u017elice za Sany majhen bager SY60C-9\"><\/p>\n<h2>Zna\u010dilnosti<\/h2>\n<ul>\n<li>Visoka trdnost in vzdr\u017eljivost: Obi\u010dajno je izdelan iz visoko trdnega jekla ali aluminija, lahko prenese visok tlak in velike obremenitve ter je zasnovan z mislijo na odpornost proti obrabi in koroziji, kar podalj\u0161uje njegovo \u017eivljenjsko dobo.<\/li>\n<li>U\u010dinkovito hidravli\u010dno delovanje: Uporablja tlak hidravli\u010dnega olja za doseganje gladkega iztegovanja in vle\u010denja, se lahko hitro odzove na krmilne ukaze in zagotavlja mo\u010dno potisno in vle\u010dno silo, primerno za rokovanje s te\u017ekimi bremeni in kompleksnimi delovnimi nalogami.<\/li>\n<li>Razli\u010dne vrste: Na voljo z enosmerno delujo\u010dimi (hidravli\u010dni cilindri se uporabljajo samo v eni smeri) ali dvosmerno delujo\u010dimi (hidravli\u010dni cilindri se uporabljajo v obeh smereh) za razli\u010dne operativne potrebe. Nekateri modeli so teleskopski, kar omogo\u010da ve\u010dji razteg brez pove\u010danja zunanjih dimenzij, primerni za uporabo z omejenim prostorom.<\/li>\n<li>Na\u0161 izdelek lahko popolnoma nadomesti te hidravli\u010dne cilindre.<\/li>\n<\/ul>\n<p><img decoding=\"async\" src=\"https:\/\/www.hydraulic-cylinders.net\/wp-content\/uploads\/2025\/01\/songte-cylinder-head-with-all-kinds-excavator-models.webp\" alt=\"Cilinder \u017elice za Sany majhen bager SY60C-9\"><\/p>\n<h2>Aplikacije<\/h2>\n<ul>\n<li>Gradbena oprema: Pri bagrih so klju\u010dni za kopanje, nakladanje in premikanje zemlje ali ru\u0161evin. Pri bagrih cilindri \u017elice pomagajo pri kopanju in dvigovanju. Pri nakladalnikih pomagajo pri u\u010dinkovitem dvigovanju in odlaganju tovora.<\/li>\n<li>Kmetijski stroji: Uporabljajo se v \u010delnih nakladalnikih za zajemanje, dvigovanje in prevoz zemlje, sena in drugih materialov. Pri bagrih valj \u017elice omogo\u010da kopanje, saj \u017elici omogo\u010da prodiranje v zemljo. Pri nakladalnikih pomagajo pri u\u010dinkovitem dvigovanju in nagibanju tovora.<\/li>\n<\/ul>\n<h2>Oblikovalski vidiki in izbirna merila<\/h2>\n<ul>\n<li>Nosilnost: Zasnovano tako, da prenese visok tlak in velike obremenitve.<\/li>\n<li>Tesnjenje: Uporablja razli\u010dne tesnilne komponente, kot so tesnila bata, tesnila palic itd., izdelane iz materialov, odpornih proti obrabi, kot sta poliuretan in nitrilna guma, telo valja in navojni konci pa so fino obdelani za izbolj\u0161anje odpornosti proti obrabi.<\/li>\n<li>Vzdr\u017eljivost: Izdelano iz visoko trdnih materialov in zasnovano z mislijo na odpornost proti obrabi in koroziji, kar podalj\u0161uje njegovo \u017eivljenjsko dobo.<\/li>\n<li>Varnost: Zasnovano z mislijo na varnost, kar zagotavlja varno in zanesljivo delovanje.<\/li>\n<li>Vzdr\u017eevanje: Enostavno vzdr\u017eevanje in popravilo, da se \u010dim bolj zmanj\u0161a \u010das izpada.<\/li>\n<\/ul>\n<p><img decoding=\"async\" src=\"https:\/\/www.hydraulic-cylinders.net\/wp-content\/uploads\/2025\/01\/songte-oil-pipes-and-spare-parts.webp\" alt=\"Cilinder \u017elice za Sany majhen bager SY60C-9\"><\/p>\n<h2>Tesnjenje in mazanje<\/h2>\n<p>Valj \u017elice uporablja razli\u010dne tesnilne komponente, kot so tesnila bata, tesnila palic itd., izdelane iz materialov, odpornih proti obrabi, kot sta poliuretan in nitrilna guma. Telo valja in navojni konci so fino obdelani za izbolj\u0161anje odpornosti proti obrabi. Za nemoteno delovanje jih je treba redno mazati z ustreznim hidravli\u010dnim oljem.<\/p>\n<h2>Vzdr\u017eevanje in popravila<\/h2>\n<ul>\n<li>Redni pregled: Redno pregledujte jeklenko in njene sestavne dele glede znakov obrabe ali po\u0161kodb.<\/li>\n<li>Mazanje: Redno ma\u017eite valj z ustreznim hidravli\u010dnim oljem.<\/li>\n<li>Zamenjava tesnila: Po potrebi zamenjajte tesnila, da zagotovite pravilno tesnjenje in prepre\u010dite pu\u0161\u010danje.<\/li>\n<li>Preverjanje kalibracije: Redno preverjajte kalibracijo, da zagotovite pravilno delovanje.<\/li>\n<\/ul>\n<p><img decoding=\"async\" src=\"https:\/\/www.hydraulic-cylinders.net\/wp-content\/uploads\/2025\/01\/songte-chushion-collar.webp\" alt=\"Cilinder \u017elice za Sany majhen bager SY60C-9\"><\/p>\n<h2>Varnostni vidiki in okoljski dejavniki<\/h2>\n<p>Pri uporabi cilindra \u017elice je pomembno upo\u0161tevati ustrezne varnostne ukrepe, da prepre\u010dite po\u0161kodbe ali \u0161kodo. Prav tako je pomembno upo\u0161tevati vpliv hidravli\u010dnih sistemov na okolje in pravilno odstraniti hidravli\u010dne teko\u010dine.<\/p>\n<h2>Odpravljanje te\u017eav in pogoste te\u017eave<\/h2>\n<p>Pogoste te\u017eave z cilindri \u017elic vklju\u010dujejo pu\u0161\u010danje, slabo delovanje in zmanj\u0161ano funkcionalnost. Te te\u017eave je obi\u010dajno mogo\u010de odpraviti z ustreznim vzdr\u017eevanjem in popravilom, vklju\u010dno z zamenjavo tesnil, preverjanjem kalibracije in mazanjem.<\/p>\n<p><img decoding=\"async\" src=\"https:\/\/www.hydraulic-cylinders.net\/wp-content\/uploads\/2025\/01\/songte-bushings-with-all-kinds-of-excavator-models.webp\" alt=\"Cilinder \u017elice za Sany majhen bager SY60C-9\"><\/p>\n<h2>O na\u0161em podjetju<\/h2>\n<p>Smo proizvajalec hidravli\u010dnih cilindrov, ki ponuja celotno paleto izdelkov in postaja eden vodilnih proizvajalcev in veleprodajnih distributerjev hidravli\u010dnih cilindrov na doma\u010dem in mednarodnem trgu. Dr\u017eimo se na\u010dela odli\u010dne kakovosti, se zana\u0161amo na industrializirane strategije upravljanja proizvodnje v natan\u010dno izdelanih delavnicah, nenehno izbolj\u0161ujemo na\u0161e proizvodne platforme, izbolj\u0161ujemo proizvodne linije za kakovost izdelkov in imamo mo\u010dne inovacijske zmogljivosti, da zadovoljimo raznolike potrebe na\u0161ih strank z visoko u\u010dinkovitostjo, visoko natan\u010dnostjo in visoko kakovostjo.<\/p>\n<p><img decoding=\"async\" src=\"https:\/\/hzpt.com\/wp-content\/uploads\/2024\/11\/songte-company-1.webp\" alt=\"Cilinder \u017elice za Sany majhen bager SY60C-9\"><\/p>\n<h3>Na\u0161e specialitete<\/h3>\n<ul>\n<li>Profesionalnost: Imamo ekipo profesionalnih in\u017eenirjev in tehnikov, ki so zavezani zagotavljanju visokokakovostnih hidravli\u010dnih cilindrov.<\/li>\n<li>Mednarodni certifikat: Na\u0161i izdelki so prejeli razli\u010dne mednarodne certifikate, ki zagotavljajo njihovo zanesljivost in varnost.<\/li>\n<li>Prilagoditev: Ponujamo prilagojene storitve, ki ustrezajo specifi\u010dnim potrebam na\u0161ih strank.<\/li>\n<li>Proizvodna oprema: Uporabljamo napredno proizvodno opremo, vklju\u010dno s CNC stroji in testnimi sistemi, da zagotovimo kakovost in doslednost izdelkov.<\/li>\n<li>Poprodajne storitve: Nudimo celovite poprodajne storitve, vklju\u010dno z vzdr\u017eevanjem, popravilom in zamenjavo.<\/li>\n<\/ul>\n<p>Avtor: lyl<\/p>","protected":false},"excerpt":{"rendered":"<p>Bucket Cylinder For Sany Small Excavator SY60C-9 Introduction The bucket cylinder for Sany small excavator SY60C-9 is a hydraulic cylinder designed to control the movement of the bucket in heavy machinery such as excavators, backhoes, and loaders. Its main function is to lift, lower, and tilt the bucket for efficient material handling tasks. In the [&hellip;]<\/p>","protected":false},"featured_media":14778,"comment_status":"open","ping_status":"closed","template":"","meta":{"_et_pb_use_builder":"","_et_pb_old_content":"","_et_gb_content_width":""},"product_brand":[],"product_cat":[1494],"product_tag":[1495,1496],"class_list":{"0":"post-15424","1":"product","2":"type-product","3":"status-publish","4":"has-post-thumbnail","6":"product_cat-bucket-cylinders","7":"product_tag-bucket-cylinders","8":"product_tag-hydraulic-cylinders","10":"first","11":"instock","12":"shipping-taxable","13":"product-type-simple"},"amp_enabled":true,"_links":{"self":[{"href":"https:\/\/www.hydraulic-cylinders.net\/sl\/wp-json\/wp\/v2\/product\/15424","targetHints":{"allow":["GET"]}}],"collection":[{"href":"https:\/\/www.hydraulic-cylinders.net\/sl\/wp-json\/wp\/v2\/product"}],"about":[{"href":"https:\/\/www.hydraulic-cylinders.net\/sl\/wp-json\/wp\/v2\/types\/product"}],"replies":[{"embeddable":true,"href":"https:\/\/www.hydraulic-cylinders.net\/sl\/wp-json\/wp\/v2\/comments?post=15424"}],"wp:featuredmedia":[{"embeddable":true,"href":"https:\/\/www.hydraulic-cylinders.net\/sl\/wp-json\/wp\/v2\/media\/14778"}],"wp:attachment":[{"href":"https:\/\/www.hydraulic-cylinders.net\/sl\/wp-json\/wp\/v2\/media?parent=15424"}],"wp:term":[{"taxonomy":"product_brand","embeddable":true,"href":"https:\/\/www.hydraulic-cylinders.net\/sl\/wp-json\/wp\/v2\/product_brand?post=15424"},{"taxonomy":"product_cat","embeddable":true,"href":"https:\/\/www.hydraulic-cylinders.net\/sl\/wp-json\/wp\/v2\/product_cat?post=15424"},{"taxonomy":"product_tag","embeddable":true,"href":"https:\/\/www.hydraulic-cylinders.net\/sl\/wp-json\/wp\/v2\/product_tag?post=15424"}],"curies":[{"name":"delovni list","href":"https:\/\/api.w.org\/{rel}","templated":true}]}}