{"id":15427,"date":"2025-01-19T14:31:04","date_gmt":"2025-01-19T14:31:04","guid":{"rendered":"https:\/\/www.hydraulic-cylinders.net\/product\/bucket-cylinder-for-sany-small-excavator-sy130c-9\/"},"modified":"2025-01-19T14:31:06","modified_gmt":"2025-01-19T14:31:06","slug":"bucket-cylinder-for-sany-small-excavator-sy130c-9","status":"publish","type":"product","link":"https:\/\/www.hydraulic-cylinders.net\/sl\/izdelek\/bucket-cylinder-for-sany-small-excavator-sy130c-9\/","title":{"rendered":"Cilinder \u017elice za Sany majhen bager SY130C-9"},"content":{"rendered":"<h1>Cilinder \u017elice za Sany majhen bager SY130C-9<\/h1>\n<h2>Uvod<\/h2>\n<p>Hidravli\u010dni valj \u017elice je posebej zasnovan hidravli\u010dni valj, ki se uporablja za nadzor gibanja \u017elice v te\u017ekih strojih, kot so bagri, bagri nakladalniki in \u010delni nakladalniki. Njegova glavna funkcija je omogo\u010danje dvigovanja, spu\u0161\u010danja in nagibanja \u017elice, kar olaj\u0161a opravljanje razli\u010dnih nalog ravnanja z materiali. V hidravli\u010dnem sistemu valj \u017elice dose\u017ee natan\u010den nadzor nad \u017elico s spreminjanjem tlaka hidravli\u010dnega olja, kar omogo\u010da upravljavcem u\u010dinkovito ravnanje s te\u017ekimi bremeni in prilagajanje kompleksnim delovnim okoljem ter raznolikim operativnim potrebam.<\/p>\n<p><img decoding=\"async\" src=\"https:\/\/www.hydraulic-cylinders.net\/wp-content\/uploads\/2025\/01\/songte-company-2.webp\" alt=\"Slika valjaste \u017elice\"><\/p>\n<h2>Zna\u010dilnosti<\/h2>\n<ul>\n<li>Visoka trdnost in vzdr\u017eljivost: Valj z \u017elico, obi\u010dajno izdelan iz visoko trdnega jekla ali aluminija, lahko prenese visok tlak in velike obremenitve, s \u010dimer se prilagodi zahtevnim delovnim okoljem. Njegova zasnova upo\u0161teva odpornost proti obrabi in koroziji, kar podalj\u0161uje njegovo \u017eivljenjsko dobo.<\/li>\n<li>U\u010dinkovito hidravli\u010dno delovanje: Z uporabo tlaka hidravli\u010dnega olja valj \u017elice dose\u017ee gladko iztegovanje in vle\u010denje, kar omogo\u010da hiter odziv na krmilne ukaze in zagotavlja mo\u010dne potisne in vle\u010dne sile, primerne za rokovanje s te\u017ekimi bremeni in kompleksnimi nalogami.<\/li>\n<li>Razli\u010dne vrste: Valj \u017elice je mogo\u010de izbrati kot enosmerno delujo\u010d (hidravli\u010dno delovanje samo v eno smer) ali dvosmerno delujo\u010d (hidravli\u010dno delovanje v obe smeri) glede na specifi\u010dne operativne potrebe. Nekateri modeli so teleskopski, kar omogo\u010da ve\u010dji razteg brez pove\u010danja zunanjih dimenzij, zaradi \u010desar so primerni za uporabo z omejenim prostorom.<\/li>\n<li>Popolna zamenjava: Na\u0161i izdelki lahko popolnoma nadomestijo te hidravli\u010dne cilindre.<\/li>\n<\/ul>\n<p><img decoding=\"async\" src=\"https:\/\/www.hydraulic-cylinders.net\/wp-content\/uploads\/2025\/01\/songte-cylinder-head-with-all-kinds-excavator-models.webp\" alt=\"Slika zamenjave izdelka\"><\/p>\n<h2>Aplikacije<\/h2>\n<p>Valj z \u017elico se uporablja v razli\u010dnih gradbenih strojih:<\/p>\n<ul>\n<li>Bagri: Bistveni za kopanje, nakladanje in premikanje zemlje ali ru\u0161evin. Cilinder \u017elice omogo\u010da kopanje, saj \u017elici omogo\u010da, da prodre v zemljo.<\/li>\n<li>Bagri nakladalci: Pomagajo pri kopanju in dvigovanju.<\/li>\n<li>Kmetijska mehanizacija: Uporablja se v \u010delnih nakladalnikih za zajemanje, dvigovanje in prevoz zemlje, sena in drugih materialov.<\/li>\n<li>\u010celni nakladalniki: Pomagajo pri u\u010dinkovitem dvigovanju in razkladanju blaga.<\/li>\n<\/ul>\n<h2>Oblikovalski vidiki in izbirna merila<\/h2>\n<p>Pri na\u010drtovanju in izbiri cilindrov z \u017elico so klju\u010dni naslednji dejavniki:<\/p>\n<ul>\n<li>Nosilnost: Jeklenka mora izpolnjevati zahteve glede obremenitve za specifi\u010dno uporabo.<\/li>\n<li>Tesnjenje: Za u\u010dinkovito tesnjenje se uporabljajo razli\u010dni tesnilni elementi, kot so tesnila bata in ojnice, izdelani iz materialov, odpornih proti obrabi, kot sta poliuretan in nitrilna guma.<\/li>\n<li>Vzdr\u017eljivost: Ohi\u0161je valja in navojni konci so natan\u010dno obdelani za ve\u010djo odpornost proti obrabi.<\/li>\n<li>Varnost: V zasnovo je treba vklju\u010diti varnostne elemente, da se prepre\u010dijo nesre\u010de in zagotovi za\u0161\u010dita upravljavca.<\/li>\n<li>Vzdr\u017eevanje: Pomemben je enostaven dostop za vzdr\u017eevanje in popravila, zato je treba redno mazanje izvajati, da se podalj\u0161a \u017eivljenjska doba valja.<\/li>\n<\/ul>\n<p><img decoding=\"async\" src=\"https:\/\/www.hydraulic-cylinders.net\/wp-content\/uploads\/2025\/01\/songte-oil-pipes-and-spare-parts.webp\" alt=\"Slika tesnjenja in mazanja\"><\/p>\n<h2>Vzdr\u017eevanje in preventivni ukrepi<\/h2>\n<p>Za zagotovitev optimalne zmogljivosti in dolge \u017eivljenjske dobe cilindra vedra so priporo\u010dljivi naslednji vzdr\u017eevalni in preventivni ukrepi:<\/p>\n<ul>\n<li>Redni pregledi<\/li>\n<li>Pravilno mazanje<\/li>\n<li>Zamenjava tesnila<\/li>\n<li>Preverjanja kalibracije<\/li>\n<\/ul>\n<p><img decoding=\"async\" src=\"https:\/\/www.hydraulic-cylinders.net\/wp-content\/uploads\/2025\/01\/songte-chushion-collar.webp\" alt=\"Slika vzdr\u017eevalnih opravil\"><\/p>\n<h2>Varnostni vidiki in okoljski dejavniki<\/h2>\n<p>Pri uporabi cilindra z vedrom je klju\u010dnega pomena dati prednost varnostnim ukrepom. Pravilna namestitev, vzdr\u017eevanje in delovanje so bistveni za prepre\u010devanje nesre\u010d in zagotavljanje varnega delovnega okolja. Za zagotovitev optimalne zmogljivosti in dolge \u017eivljenjske dobe cilindra je treba upo\u0161tevati tudi okoljske dejavnike, kot sta temperatura in izpostavljenost te\u017ekim pogojem.<\/p>\n<h2>Odpravljanje te\u017eav in pogoste te\u017eave<\/h2>\n<p>V primeru kakr\u0161nih koli te\u017eav z cilindrom \u017elice vam lahko naslednji nasveti in re\u0161itve za odpravljanje te\u017eav pomagajo pri diagnosticiranju in odpravljanju te\u017eav:<\/p>\n<ul>\n<li>Pravilna poravnava med namestitvijo<\/li>\n<li>Redni pregledi in popravila<\/li>\n<li>Storitve zamenjave in obnove komponent<\/li>\n<\/ul>\n<p><img decoding=\"async\" src=\"https:\/\/www.hydraulic-cylinders.net\/wp-content\/uploads\/2025\/01\/songte-bushings-with-all-kinds-of-excavator-models.webp\" alt=\"Odpravljanje te\u017eav s sliko\"><\/p>\n<p>Ne pozabite logi\u010dno organizirati \u010dlanka, uporabiti podnaslovov za la\u017ejo navigacijo, vklju\u010diti ustreznih slik ali grafikonov za bolj\u0161e razumevanje ter zagotoviti jasnost, jedrnatost in dostopnost vsebine za bralce z razli\u010dnimi stopnjami tehni\u010dnega znanja.<\/p>\n<h2>O na\u0161em podjetju<\/h2>\n<p>Smo vodilni proizvajalec in veleprodajni distributer hidravli\u010dnih cilindrov na doma\u010dem in mednarodnem trgu. Na\u0161e podjetje ponuja \u0161iroko paleto izdelkov in sledi strategiji upravljanja proizvodnje, ki temelji na odli\u010dni kakovosti in industrializirani proizvodnji v na\u0161i prefinjeni proizvodni delavnici. Z na\u0161o ekipo tehni\u010dnih talentov, vrhunsko digitalno proizvodno opremo in profesionalnimi testnimi sistemi nenehno izbolj\u0161ujemo na\u0161o proizvodno platformo in proizvodno linijo za kakovost izdelkov. Imamo veliko zmogljivost, da z visoko u\u010dinkovitostjo, natan\u010dnostjo in kakovostjo izpolnimo raznolike zahteve strank.<\/p>\n<p><img decoding=\"async\" src=\"https:\/\/www.hydraulic-cylinders.net\/wp-content\/uploads\/2025\/01\/songte-company-3.webp\" alt=\"Slika podjetja\"><\/p>\n<h3>Profesionalnost<\/h3>\n<p>V vseh vidikih na\u0161ega delovanja dajemo prednost profesionalnosti in zagotavljamo najvi\u0161je standarde na\u0161ih izdelkov in storitev.<\/p>\n<h3>Mednarodni certifikati<\/h3>\n<p>Pridobili smo razli\u010dne mednarodne certifikate, ki dokazujejo na\u0161o zavezanost kakovosti in skladnosti s svetovnimi standardi.<\/p>\n<h3>Storitve prilagajanja<\/h3>\n<p>Ponujamo storitve prilagajanja, da zadostimo edinstvenim zahtevam na\u0161ih strank, in zagotavljamo re\u0161itve po meri za njihove specifi\u010dne aplikacije.<\/p>\n<h3>Proizvodna oprema<\/h3>\n<p>Uporabljamo napredno proizvodno opremo, da zagotovimo natan\u010dnost in u\u010dinkovitost na\u0161ih proizvodnih procesov, kar ima za posledico visokokakovostne izdelke.<\/p>\n<h3>Poprodajne storitve<\/h3>\n<p>Nudimo celovito poprodajno storitev, vklju\u010dno z zamenjavo delov in obnovo, da podalj\u0161amo \u017eivljenjsko dobo na\u0161ih izdelkov in podpremo na\u0161e stranke.<\/p>\n<p><img decoding=\"async\" src=\"https:\/\/hzpt.com\/wp-content\/uploads\/2024\/11\/songte-company-1.webp\" alt=\"Slika podjetja\"><\/p>\n<p>Avtor: lyl<\/p>","protected":false},"excerpt":{"rendered":"<p>Bucket Cylinder For Sany Small Excavator SY130C-9 Introduction The bucket cylinder is a specially designed hydraulic cylinder used to control the movement of the bucket in heavy machinery such as excavators, backhoe loaders, and front loaders. Its main function is to enable the lifting, lowering, and tilting of the bucket, making it easier to handle [&hellip;]<\/p>","protected":false},"featured_media":14771,"comment_status":"open","ping_status":"closed","template":"","meta":{"_et_pb_use_builder":"","_et_pb_old_content":"","_et_gb_content_width":""},"product_brand":[],"product_cat":[1494],"product_tag":[1495,1496],"class_list":{"0":"post-15427","1":"product","2":"type-product","3":"status-publish","4":"has-post-thumbnail","6":"product_cat-bucket-cylinders","7":"product_tag-bucket-cylinders","8":"product_tag-hydraulic-cylinders","10":"first","11":"instock","12":"shipping-taxable","13":"product-type-simple"},"amp_enabled":true,"_links":{"self":[{"href":"https:\/\/www.hydraulic-cylinders.net\/sl\/wp-json\/wp\/v2\/product\/15427","targetHints":{"allow":["GET"]}}],"collection":[{"href":"https:\/\/www.hydraulic-cylinders.net\/sl\/wp-json\/wp\/v2\/product"}],"about":[{"href":"https:\/\/www.hydraulic-cylinders.net\/sl\/wp-json\/wp\/v2\/types\/product"}],"replies":[{"embeddable":true,"href":"https:\/\/www.hydraulic-cylinders.net\/sl\/wp-json\/wp\/v2\/comments?post=15427"}],"wp:featuredmedia":[{"embeddable":true,"href":"https:\/\/www.hydraulic-cylinders.net\/sl\/wp-json\/wp\/v2\/media\/14771"}],"wp:attachment":[{"href":"https:\/\/www.hydraulic-cylinders.net\/sl\/wp-json\/wp\/v2\/media?parent=15427"}],"wp:term":[{"taxonomy":"product_brand","embeddable":true,"href":"https:\/\/www.hydraulic-cylinders.net\/sl\/wp-json\/wp\/v2\/product_brand?post=15427"},{"taxonomy":"product_cat","embeddable":true,"href":"https:\/\/www.hydraulic-cylinders.net\/sl\/wp-json\/wp\/v2\/product_cat?post=15427"},{"taxonomy":"product_tag","embeddable":true,"href":"https:\/\/www.hydraulic-cylinders.net\/sl\/wp-json\/wp\/v2\/product_tag?post=15427"}],"curies":[{"name":"delovni list","href":"https:\/\/api.w.org\/{rel}","templated":true}]}}