{"id":15432,"date":"2025-01-19T14:31:22","date_gmt":"2025-01-19T14:31:22","guid":{"rendered":"https:\/\/www.hydraulic-cylinders.net\/product\/bucket-cylinder-for-sany-middle-excavator-sy220lc\/"},"modified":"2025-01-19T14:31:30","modified_gmt":"2025-01-19T14:31:30","slug":"bucket-cylinder-for-sany-middle-excavator-sy220lc","status":"publish","type":"product","link":"https:\/\/www.hydraulic-cylinders.net\/sl\/izdelek\/bucket-cylinder-for-sany-middle-excavator-sy220lc\/","title":{"rendered":"Cilinder \u017elice za Sany srednji bager SY220LC"},"content":{"rendered":"<h1>Cilinder \u017elice za Sany srednji bager SY220LC<\/h1>\n<h2>Uvod<\/h2>\n<h3>Opredelitev cilindra vedra<\/h3>\n<p>Hidravli\u010dni valj \u017elice je posebej zasnovan hidravli\u010dni valj, ki se uporablja predvsem za nadzor gibanja \u017elice v te\u017ekih strojih, kot so bagri, bagri nakladalniki in \u010delni nakladalniki. Njegova glavna funkcija je omogo\u010danje dvigovanja, spu\u0161\u010danja in nagibanja \u017elice, zaradi \u010desar je primeren za razli\u010dna opravila ravnanja z materiali. V hidravli\u010dnem sistemu valj \u017elice dose\u017ee natan\u010den nadzor nad \u017elico s spreminjanjem tlaka hidravli\u010dnega olja, kar omogo\u010da upravljavcem u\u010dinkovito ravnanje s te\u017ekimi bremeni in prilagajanje kompleksnim delovnim okoljem ter raznolikim zahtevam dela.<\/p>\n<p><img decoding=\"async\" src=\"https:\/\/www.hydraulic-cylinders.net\/wp-content\/uploads\/2025\/01\/songte-company-2.webp\" alt=\"Slika valjaste \u017elice\"><\/p>\n<h2>Zna\u010dilnosti<\/h2>\n<ul>\n<li>Visoka trdnost in vzdr\u017eljivost: Valj z \u017elico, ki je obi\u010dajno izdelan iz visoko trdnega jekla ali aluminija, lahko prenese visok tlak in velike obremenitve ter se prilagaja zahtevnim delovnim okoljem. Njegova zasnova upo\u0161teva odpornost proti obrabi in koroziji, kar podalj\u0161uje njegovo \u017eivljenjsko dobo.<\/li>\n<li>U\u010dinkovito hidravli\u010dno delovanje: Z uporabo tlaka hidravli\u010dnega olja dose\u017ee valj \u017elice gladko iztegovanje in vstavljanje, kar omogo\u010da hiter odziv na krmilne ukaze in zagotavlja mo\u010dne potisne in vle\u010dne sile za rokovanje s te\u017ekimi bremeni in kompleksnimi delovnimi nalogami.<\/li>\n<li>Razli\u010dne vrste: Valj \u017elice je lahko glede na operativne zahteve enosmerno delujo\u010d (hidravli\u010dni se uporablja samo v eni smeri) ali dvosmerno delujo\u010d (hidravli\u010dni se uporablja v obeh smereh). Nekateri modeli so teleskopski, kar omogo\u010da ve\u010dji razteg brez pove\u010danja zunanjih dimenzij, zaradi \u010desar so primerni za uporabo z omejenim prostorom.<\/li>\n<li>Popolna zamenjava: Na\u0161i izdelki lahko popolnoma nadomestijo te hidravli\u010dne cilindre.<\/li>\n<\/ul>\n<p><img decoding=\"async\" src=\"https:\/\/www.hydraulic-cylinders.net\/wp-content\/uploads\/2025\/01\/songte-cylinder-head-with-all-kinds-excavator-models.webp\" alt=\"Slika glave valja\"><\/p>\n<h2>Aplikacije<\/h2>\n<h3>Gradbena oprema<\/h3>\n<p>Pri bagrih so bistveni za kopanje, nakladanje in premikanje zemlje ali ru\u0161evin. Pri bagrih nakladalnikih cilinder \u017elice pomaga tako pri izkopavanju kot pri dvigovanju.<\/p>\n<h3>Kmetijska mehanizacija<\/h3>\n<p>Uporablja se v \u010delnih nakladalnikih za zajemanje, dvigovanje in prevoz zemlje, sena in drugih materialov.<\/p>\n<h3>Bagri<\/h3>\n<p>Cilinder \u017elice omogo\u010da kopanje, saj \u017elici omogo\u010da prodiranje v zemljo.<\/p>\n<h3>Nakladalci<\/h3>\n<p>Pri \u010delnih nakladalnikih pomagajo pri u\u010dinkovitem dvigovanju in razkladanju blaga.<\/p>\n<h2>Oblikovalski vidiki in izbirna merila<\/h2>\n<ul>\n<li>Nosilnost: Razpravljajte o nosilnosti valja in njenem pomenu pri na\u010drtovanju.<\/li>\n<li>Tesnjenje: Razi\u0161\u010dite razli\u010dne uporabljene tesnilne komponente, kot so tesnila bata in tesnila ojnic, ki so izdelana iz materialov, odpornih proti obrabi, kot sta poliuretan in nitrilna guma. Poudarite pomen ustreznega tesnjenja za dolgo \u017eivljenjsko dobo.<\/li>\n<li>Vzdr\u017eljivost: Razpravljajte o fini povr\u0161inski obdelavi ohi\u0161ja valja in navojnega konca za pove\u010danje odpornosti proti obrabi. Poudarite potrebo po rednem mazanju.<\/li>\n<li>Varnost: Pojasnite varnostne ukrepe, ki jih je treba upo\u0161tevati pri uporabi cilindra z \u017elico in upravljanju te\u017ekih strojev.<\/li>\n<li>Vzdr\u017eevanje: Razpravljajte o enostavnosti vzdr\u017eevanja in pomenu rednih pregledov ter preventivnih ukrepov za zmanj\u0161anje morebitnih te\u017eav.<\/li>\n<\/ul>\n<p><img decoding=\"async\" src=\"https:\/\/www.hydraulic-cylinders.net\/wp-content\/uploads\/2025\/01\/songte-oil-pipes-and-spare-parts.webp\" alt=\"Slika oljnih cevi in \u200b\u200brezervnih delov\"><\/p>\n<h2>Tesnjenje in mazanje<\/h2>\n<p>Valj \u017elice uporablja razli\u010dne tesnilne komponente, kot so tesnila bata in tesnila palic, ki so izdelana iz materialov, odpornih proti obrabi, kot sta poliuretan in nitrilna guma. Telo valja in navojni konec sta podvr\u017eena skrbni povr\u0161inski obdelavi za izbolj\u0161anje odpornosti proti obrabi. Redno mazanje z ustrezno koli\u010dino hidravli\u010dnega olja je potrebno za zagotovitev nemotenega delovanja in dolge \u017eivljenjske dobe.<\/p>\n<h2>Redni pregledi in preventivno vzdr\u017eevanje<\/h2>\n<p>Za ohranjanje zanesljivosti in delovanja cilindra vedra so bistveni redni pregledi in preventivno vzdr\u017eevanje. Nekatera priporo\u010dena vzdr\u017eevalna opravila vklju\u010dujejo:<\/p>\n<ul>\n<li>Redni pregled valja glede morebitnih znakov obrabe ali po\u0161kodb<\/li>\n<li>Pravilno mazanje vseh gibljivih delov<\/li>\n<li>Zamenjava tesnil po potrebi<\/li>\n<li>Kalibracijski pregledi za zagotovitev natan\u010dnega delovanja<\/li>\n<\/ul>\n<p><img decoding=\"async\" src=\"https:\/\/www.hydraulic-cylinders.net\/wp-content\/uploads\/2025\/01\/songte-chushion-collar.webp\" alt=\"Slika ovratnice Chushion\"><\/p>\n<h2>Varnostni vidiki in okoljski dejavniki<\/h2>\n<p>Pri uporabi cilindra z \u017elico je klju\u010dnega pomena upo\u0161tevati varnostne ukrepe za prepre\u010devanje nesre\u010d. Ti ukrepi vklju\u010dujejo ustrezno usposabljanje, upo\u0161tevanje varnostnih smernic in uporabo osebne za\u0161\u010ditne opreme. Poleg tega je za zmanj\u0161anje negativnega vpliva bistveno upo\u0161tevati okoljske dejavnike, kot sta pravilno odstranjevanje hidravli\u010dnega olja in upo\u0161tevanje okoljskih predpisov.<\/p>\n<h2>Diagnoza napak in pogoste te\u017eave<\/h2>\n<p>Ko naletite na napake ali te\u017eave z valjem vedra, jih je pomembno nemudoma diagnosticirati in odpraviti. Med pogoste te\u017eave spadajo pu\u0161\u010danje, nezadostno delovanje in nenavadni zvoki. Navedite nasvete in re\u0161itve za odpravljanje te\u017eav, ki bodo bralcem pomagale u\u010dinkovito diagnosticirati in odpraviti te\u017eave. Poudarite pomen preventivnih ukrepov za zmanj\u0161anje morebitnih te\u017eav.<\/p>\n<p><img decoding=\"async\" src=\"https:\/\/www.hydraulic-cylinders.net\/wp-content\/uploads\/2025\/01\/songte-bushings-with-all-kinds-of-excavator-models.webp\" alt=\"Slika pu\u0161\"><\/p>\n<h2>Pregled podjetja<\/h2>\n<p>Smo proizvajalec nadomestnih hidravli\u010dnih cilindrov in ponujamo \u0161iroko paleto izdelkov. Postali smo eden vodilnih proizvajalcev in veleprodajnih distributerjev hidravli\u010dnih cilindrov na doma\u010dem in mednarodnem trgu. S poudarkom na odli\u010dni kakovosti se v na\u0161ih sofisticiranih proizvodnih delavnicah zana\u0161amo na industrializirane strategije upravljanja proizvodnje. Z izkori\u0161\u010danjem tehnolo\u0161kih talentov, napredne proizvodne opreme in profesionalnih sistemov testiranja nenehno izbolj\u0161ujemo na\u0161o proizvodno platformo in izbolj\u0161ujemo proizvodno pot za kakovost izdelkov. Imamo mo\u010dno ustvarjalno sposobnost in se dr\u017eimo na\u010del visoke u\u010dinkovitosti, visoke natan\u010dnosti in visoke kakovosti, da bi zadovoljili raznolike potrebe na\u0161ih strank.<\/p>\n<p><img decoding=\"async\" src=\"https:\/\/www.hydraulic-cylinders.net\/wp-content\/uploads\/2025\/01\/songte-company-3.webp\" alt=\"Slika podjetja\"><\/p>\n<p>Poleg tega nudimo:<\/p>\n<ul>\n<li>Profesionalnost in strokovnost v panogi<\/li>\n<li>Mednarodni certifikati<\/li>\n<li>Storitve prilagajanja<\/li>\n<li>Najsodobnej\u0161a proizvodna oprema<\/li>\n<li>Poprodajne storitve<\/li>\n<\/ul>\n<p>Avtor: lyl<\/p>","protected":false},"excerpt":{"rendered":"<p>Bucket Cylinder For Sany Middle Excavator SY220LC Introduction Definition of Bucket Cylinder The bucket cylinder is a specially designed hydraulic cylinder that is primarily used to control the movement of the bucket in heavy machinery such as excavators, backhoe loaders, and front loaders. Its main function is to enable the bucket to lift, lower, and [&hellip;]<\/p>","protected":false},"featured_media":14789,"comment_status":"open","ping_status":"closed","template":"","meta":{"_et_pb_use_builder":"","_et_pb_old_content":"","_et_gb_content_width":""},"product_brand":[],"product_cat":[1494],"product_tag":[1495,1496],"class_list":{"0":"post-15432","1":"product","2":"type-product","3":"status-publish","4":"has-post-thumbnail","6":"product_cat-bucket-cylinders","7":"product_tag-bucket-cylinders","8":"product_tag-hydraulic-cylinders","10":"first","11":"instock","12":"shipping-taxable","13":"product-type-simple"},"amp_enabled":true,"_links":{"self":[{"href":"https:\/\/www.hydraulic-cylinders.net\/sl\/wp-json\/wp\/v2\/product\/15432","targetHints":{"allow":["GET"]}}],"collection":[{"href":"https:\/\/www.hydraulic-cylinders.net\/sl\/wp-json\/wp\/v2\/product"}],"about":[{"href":"https:\/\/www.hydraulic-cylinders.net\/sl\/wp-json\/wp\/v2\/types\/product"}],"replies":[{"embeddable":true,"href":"https:\/\/www.hydraulic-cylinders.net\/sl\/wp-json\/wp\/v2\/comments?post=15432"}],"wp:featuredmedia":[{"embeddable":true,"href":"https:\/\/www.hydraulic-cylinders.net\/sl\/wp-json\/wp\/v2\/media\/14789"}],"wp:attachment":[{"href":"https:\/\/www.hydraulic-cylinders.net\/sl\/wp-json\/wp\/v2\/media?parent=15432"}],"wp:term":[{"taxonomy":"product_brand","embeddable":true,"href":"https:\/\/www.hydraulic-cylinders.net\/sl\/wp-json\/wp\/v2\/product_brand?post=15432"},{"taxonomy":"product_cat","embeddable":true,"href":"https:\/\/www.hydraulic-cylinders.net\/sl\/wp-json\/wp\/v2\/product_cat?post=15432"},{"taxonomy":"product_tag","embeddable":true,"href":"https:\/\/www.hydraulic-cylinders.net\/sl\/wp-json\/wp\/v2\/product_tag?post=15432"}],"curies":[{"name":"delovni list","href":"https:\/\/api.w.org\/{rel}","templated":true}]}}