{"id":15437,"date":"2025-01-19T14:31:48","date_gmt":"2025-01-19T14:31:48","guid":{"rendered":"https:\/\/www.hydraulic-cylinders.net\/product\/bucket-cylinder-for-sany-middle-excavator-sy225c-9\/"},"modified":"2025-01-19T14:31:50","modified_gmt":"2025-01-19T14:31:50","slug":"bucket-cylinder-for-sany-middle-excavator-sy225c-9","status":"publish","type":"product","link":"https:\/\/www.hydraulic-cylinders.net\/sl\/izdelek\/bucket-cylinder-for-sany-middle-excavator-sy225c-9\/","title":{"rendered":"Cilinder \u017elice za Sany srednji bager SY225C-9"},"content":{"rendered":"<h1>Cilinder \u017elice za Sany srednji bager SY225C-9<\/h1>\n<h2>Uvod v valj \u017elice<\/h2>\n<h3>Definicija<\/h3>\n<p>Hidravli\u010dni cilinder \u017elice je specializiran hidravli\u010dni cilinder, zasnovan za krmiljenje gibanja \u017elic v te\u017ekih strojih, kot so bagri, bagri nakladalniki in \u010delni nakladalniki. Njegova glavna funkcija je omogo\u010danje dvigovanja, spu\u0161\u010danja in nagibanja \u017elice, kar olaj\u0161a rokovanje z razli\u010dnimi materiali. V hidravli\u010dnem sistemu cilinder \u017elice omogo\u010da natan\u010den nadzor \u017elice s spreminjanjem tlaka hidravli\u010dnega olja, kar upravljavcem omogo\u010da u\u010dinkovito rokovanje s te\u017ekimi bremeni in prilagajanje kompleksnim delovnim okoljem ter raznolikim zahtevam dela.<\/p>\n<p><img decoding=\"async\" src=\"https:\/\/www.hydraulic-cylinders.net\/wp-content\/uploads\/2025\/01\/songte-company-2.webp\" alt=\"Slika valjaste \u017elice\"><\/p>\n<h2>Zna\u010dilnosti cilindra vedra<\/h2>\n<ul>\n<li>Visoka trdnost in vzdr\u017eljivost: Obi\u010dajno so izdelani iz visoko trdnega jekla ali aluminija, sposobni prenesti visok tlak in velike obremenitve, prilagodljivi te\u017ekim delovnim okoljem, zasnovani za odpornost proti obrabi in koroziji, kar podalj\u0161uje \u017eivljenjsko dobo.<\/li>\n<li>U\u010dinkovito hidravli\u010dno delovanje: Gladko iztegovanje in vstavljanje se dose\u017ee s tlakom hidravli\u010dnega olja, ki se lahko hitro odzove na krmilne ukaze in zagotavlja mo\u010dne potisne in vle\u010dne sile, primerne za ravnanje s te\u017ekimi bremeni in kompleksnimi delovnimi nalogami.<\/li>\n<li>Razli\u010dne vrste: Enosmerno delujo\u010di (hidravli\u010dni, ki se uporablja samo v eni smeri) ali dvosmerno delujo\u010di (hidravli\u010dni, ki se uporablja v dveh smereh) cilinder je mogo\u010de izbrati glede na specifi\u010dne operativne potrebe, nekateri modeli so teleskopski, kar omogo\u010da ve\u010dji razteg brez pove\u010danja zunanjih dimenzij, primerni za uporabo z omejenim prostorom.<\/li>\n<\/ul>\n<p>Ta izdelek lahko izdelamo in na\u0161 izdelek lahko popolnoma nadomesti te hidravli\u010dne cilindre.<\/p>\n<p><img decoding=\"async\" src=\"https:\/\/www.hydraulic-cylinders.net\/wp-content\/uploads\/2025\/01\/songte-cylinder-head-with-all-kinds-excavator-models.webp\" alt=\"Slika valjaste \u017elice\"><\/p>\n<h2>Uporaba valja z \u017elico<\/h2>\n<p>Valji z \u017elico se pogosto uporabljajo v razli\u010dnih te\u017ekih strojih. Spodaj je navedenih nekaj pogostih aplikacij:<\/p>\n<h3>Gradbena oprema<\/h3>\n<p>Pri bagrih so klju\u010dni za kopanje, nakladanje in premikanje zemlje ali ru\u0161evin. Pri bagrih nakladalnikih cilinder \u017elice pomaga tako pri kopanju kot pri dvigovanju. <\/p>\n<h3>Kmetijska mehanizacija<\/h3>\n<p>Uporablja se v \u010delnih nakladalnikih za zajemanje, dvigovanje in prevoz zemlje, sena in drugih materialov. <\/p>\n<h3>Bager<\/h3>\n<p>Cilinder \u017elice dose\u017ee izkopno delovanje tako, da \u017elici omogo\u010di prodiranje v zemljo.<\/p>\n<h3>Nakladalnik<\/h3>\n<p>Pri \u010delnih nakladalnikih pomagajo u\u010dinkovito dvigovati in nagibati tovor.<\/p>\n<h2>Oblikovalski vidiki in izbirna merila<\/h2>\n<p>Valji z \u017elico so zasnovani ob upo\u0161tevanju razli\u010dnih dejavnikov, kot so nosilnost, tesnjenje, vzdr\u017eljivost, varnost in vzdr\u017eevanje. <\/p>\n<h3>Nosilnost<\/h3>\n<p>Izbira cilindra mora temeljiti na te\u017ei dvigovanega bremena in hidravli\u010dnem tlaku, potrebnem za dvigovanje. <\/p>\n<h3>Tesnjenje<\/h3>\n<p>Za zagotovitev delovanja brez pu\u0161\u010danja se lahko uporabijo razli\u010dni tesnilni elementi, kot so tesnila bata in tesnila batnic. Za tesnilne elemente se obi\u010dajno uporabljajo materiali, kot sta poliuretan in nitrilna guma, da se zagotovi odpornost proti obrabi. Povr\u0161ine ohi\u0161ja valja in navojnih kon\u010dnih delov so fino obdelane za izbolj\u0161anje odpornosti proti obrabi. Za mazanje je potrebno redno dodajanje ustreznega hidravli\u010dnega olja. <\/p>\n<h3>Vzdr\u017eljivost<\/h3>\n<p>Jeklenka mora biti zasnovana tako, da prenese ostre okoljske razmere in je odporna proti obrabi. <\/p>\n<h3>Varnost in vzdr\u017eevanje<\/h3>\n<p>Jeklenke z \u017elico morajo biti zasnovane z varnostnimi elementi, kot so tla\u010dni varnostni ventili in razpo\u010dne membrane, da se prepre\u010di preobremenitev. Vzdr\u017eevanje in popravilo morata biti enostavna z zasnovo jeklenk z dostopnimi komponentami, enostavno odstranljivimi deli in zamenljivimi tesnili. <\/p>\n<p><img decoding=\"async\" src=\"https:\/\/www.hydraulic-cylinders.net\/wp-content\/uploads\/2025\/01\/songte-oil-pipes-and-spare-parts.webp\" alt=\"Slika valjaste \u017elice\"><\/p>\n<h2>Vzdr\u017eevanje in popravila<\/h2>\n<p>Redno vzdr\u017eevanje in popravilo cilindrov \u017elice je potrebno za zagotovitev optimalne zmogljivosti in dolge \u017eivljenjske dobe. Spodaj je navedenih nekaj pogostih vzdr\u017eevalnih opravil:<\/p>\n<h3>Redni pregled<\/h3>\n<p>Redno je treba pregledovati jeklenko, da se odkrijejo morebitne po\u0161kodbe ali obraba tesnil in drugih komponent. <\/p>\n<h3>Mazanje<\/h3>\n<p>Za nemoteno delovanje valja je potrebno pravilno mazanje. \u010ce ga ne ma\u017eete, lahko pride do po\u0161kodb in skraj\u0161anja \u017eivljenjske dobe.<\/p>\n<h3>Zamenjava tesnila in preverjanje kalibracije<\/h3>\n<p>Tesnila je treba redno menjati, da prepre\u010dite pu\u0161\u010danje. Prav tako je treba opraviti preverjanje kalibracije, da se zagotovi pravilna namestitev valja. <\/p>\n<p><img decoding=\"async\" src=\"https:\/\/www.hydraulic-cylinders.net\/wp-content\/uploads\/2025\/01\/songte-chushion-collar.webp\" alt=\"Slika valjaste \u017elice\"><\/p>\n<h2>Varnostni vidiki in okoljski dejavniki<\/h2>\n<p>Pri upravljanju jeklenk je treba upo\u0161tevati varnost. Za prepre\u010devanje preobremenitve in nenamernih po\u0161kodb je treba uporabiti varnostne ukrepe, kot so varnostni ventili in razpo\u010dne membrane. <\/p>\n<h2>Odpravljanje te\u017eav in pogoste te\u017eave<\/h2>\n<p>Nekatere pogoste te\u017eave, ki se lahko pojavijo z cilindri \u017elice, vklju\u010dujejo pu\u0161\u010danje teko\u010dine, odna\u0161anje cilindra in zmanj\u0161ano izhodno mo\u010d. Za diagnosticiranje in odpravljanje teh te\u017eav je pomembno, da cilinder pravilno pregledate in vzdr\u017eujete.<\/p>\n<h2>O na\u0161em podjetju<\/h2>\n<p>Smo proizvajalec nadomestnih hidravli\u010dnih cilindrov. Na\u0161e podjetje ponuja \u0161iroko paleto izdelkov in je postalo eden vodilnih proizvajalcev in veletrgovcev s hidravli\u010dnimi cilindri na doma\u010dem in mednarodnem trgu. Dr\u017eimo se na\u010dela odli\u010dne kakovosti in se zana\u0161amo na industrializirano strategijo upravljanja proizvodnje s prefinjeno proizvodno delavnico. Nenehno izbolj\u0161ujemo na\u0161o proizvodno platformo, izpopolnjujemo proizvodne poti za zagotavljanje kakovosti izdelkov in imamo mo\u010dne ustvarjalne sposobnosti. Raznolike potrebe na\u0161ih strank izpolnjujemo z visoko u\u010dinkovitostjo, visoko natan\u010dnostjo in visoko kakovostjo. <\/p>\n<p><img decoding=\"async\" src=\"https:\/\/hzpt.com\/wp-content\/uploads\/2024\/11\/songte-company-1.webp\" alt=\"Slika valjaste \u017elice\"><\/p>\n<h3>Profesionalnost<\/h3>\n<p>Na\u0161a ekipa je sestavljena iz izku\u0161enih strokovnjakov, ki so zavezani zagotavljanju najkakovostnej\u0161ih izdelkov in storitev na\u0161im strankam. <\/p>\n<h3>Mednarodno certificiranje<\/h3>\n<p>Na\u0161i izdelki so certificirani po mednarodnih standardih, kot so ISO, CE in RoHS, kar zagotavlja, da izpolnjujejo najvi\u0161je standarde kakovosti in varnosti. <\/p>\n<h3>Storitve prilagajanja<\/h3>\n<p>Izdelujemo hidravli\u010dne cilindre po meri, ki ustrezajo specifi\u010dnim potrebam in zahtevam na\u0161ih strank.<\/p>\n<h3>Proizvodna oprema<\/h3>\n<p>Na\u0161e podjetje uporablja digitalno vrhunsko proizvodno opremo in profesionalne sisteme testiranja, da zagotovi, da na\u0161i izdelki izpolnjujejo stroge standarde nadzora kakovosti.<\/p>\n<h3>Poprodajne storitve<\/h3>\n<p>Strankam nudimo celovito poprodajno storitev, vklju\u010dno s popravili in vzdr\u017eevanjem, nadomestnimi deli in obnovo, ter tehni\u010dno podporo in odpravljanjem te\u017eav. <\/p>\n<p>Avtor: lyl<\/p>\n<p><img decoding=\"async\" src=\"https:\/\/www.hydraulic-cylinders.net\/wp-content\/uploads\/2025\/01\/songte-bushings-with-all-kinds-of-excavator-models.webp\" alt=\"Slika valjaste \u017elice\"><\/p>","protected":false},"excerpt":{"rendered":"<p>Bucket Cylinder For Sany Middle Excavator SY225C-9 Introduction to Bucket Cylinder Definition A bucket cylinder is a specialized hydraulic cylinder designed to control the movement of buckets in heavy machinery such as excavators, backhoe loaders and front-end loaders. Its main function is to enable the bucket to lift, lower and tilt, making it easier to [&hellip;]<\/p>","protected":false},"featured_media":14782,"comment_status":"open","ping_status":"closed","template":"","meta":{"_et_pb_use_builder":"","_et_pb_old_content":"","_et_gb_content_width":""},"product_brand":[],"product_cat":[1494],"product_tag":[1495,1496],"class_list":{"0":"post-15437","1":"product","2":"type-product","3":"status-publish","4":"has-post-thumbnail","6":"product_cat-bucket-cylinders","7":"product_tag-bucket-cylinders","8":"product_tag-hydraulic-cylinders","10":"first","11":"instock","12":"shipping-taxable","13":"product-type-simple"},"amp_enabled":true,"_links":{"self":[{"href":"https:\/\/www.hydraulic-cylinders.net\/sl\/wp-json\/wp\/v2\/product\/15437","targetHints":{"allow":["GET"]}}],"collection":[{"href":"https:\/\/www.hydraulic-cylinders.net\/sl\/wp-json\/wp\/v2\/product"}],"about":[{"href":"https:\/\/www.hydraulic-cylinders.net\/sl\/wp-json\/wp\/v2\/types\/product"}],"replies":[{"embeddable":true,"href":"https:\/\/www.hydraulic-cylinders.net\/sl\/wp-json\/wp\/v2\/comments?post=15437"}],"wp:featuredmedia":[{"embeddable":true,"href":"https:\/\/www.hydraulic-cylinders.net\/sl\/wp-json\/wp\/v2\/media\/14782"}],"wp:attachment":[{"href":"https:\/\/www.hydraulic-cylinders.net\/sl\/wp-json\/wp\/v2\/media?parent=15437"}],"wp:term":[{"taxonomy":"product_brand","embeddable":true,"href":"https:\/\/www.hydraulic-cylinders.net\/sl\/wp-json\/wp\/v2\/product_brand?post=15437"},{"taxonomy":"product_cat","embeddable":true,"href":"https:\/\/www.hydraulic-cylinders.net\/sl\/wp-json\/wp\/v2\/product_cat?post=15437"},{"taxonomy":"product_tag","embeddable":true,"href":"https:\/\/www.hydraulic-cylinders.net\/sl\/wp-json\/wp\/v2\/product_tag?post=15437"}],"curies":[{"name":"delovni list","href":"https:\/\/api.w.org\/{rel}","templated":true}]}}