{"id":15440,"date":"2025-01-19T14:32:00","date_gmt":"2025-01-19T14:32:00","guid":{"rendered":"https:\/\/www.hydraulic-cylinders.net\/product\/bucket-cylinder-for-sany-middle-excavator-sy205c-9\/"},"modified":"2025-01-19T14:32:02","modified_gmt":"2025-01-19T14:32:02","slug":"bucket-cylinder-for-sany-middle-excavator-sy205c-9","status":"publish","type":"product","link":"https:\/\/www.hydraulic-cylinders.net\/sl\/izdelek\/bucket-cylinder-for-sany-middle-excavator-sy205c-9\/","title":{"rendered":"Cilinder \u017elice za Sany srednji bager SY205C-9"},"content":{"rendered":"<h1>Cilinder \u017elice za Sany srednji bager SY205C-9<\/h1>\n<h2>Uvod<\/h2>\n<h3>Definicija<\/h3>\n<p>Hidravli\u010dni cilinder \u017elice je vrsta specializiranega hidravli\u010dnega cilindra, ki se uporablja predvsem za nadzor gibanja \u017elice v te\u017ekih strojih, kot so bagri, bagri nakladalniki in \u010delni nakladalniki. Njegova glavna funkcija je omogo\u010diti dvigovanje, spu\u0161\u010danje in nagibanje \u017elice, kar olaj\u0161a opravljanje razli\u010dnih nalog ravnanja z materiali. V hidravli\u010dnem sistemu cilinder \u017elice dose\u017ee natan\u010den nadzor nad \u017elico s spremembami tlaka hidravli\u010dnega olja, kar omogo\u010da upravljavcem u\u010dinkovito ravnanje s te\u017ekimi bremeni in prilagajanje kompleksnim delovnim okoljem ter raznolikim operativnim zahtevam.<\/p>\n<p><center><img decoding=\"async\" src=\"https:\/\/www.hydraulic-cylinders.net\/wp-content\/uploads\/2025\/01\/songte-company-2.webp\"><\/center><\/p>\n<h2>Zna\u010dilnosti<\/h2>\n<ul>\n<li>Visoka trdnost in vzdr\u017eljivost: obi\u010dajno izdelani iz visoko trdnega jekla ali aluminija, sposobni prenesti visok tlak in velike obremenitve, se prilagajajo zahtevnim delovnim okoljem in so zasnovani z mislijo na odpornost proti obrabi in koroziji za podalj\u0161anje \u017eivljenjske dobe.<\/li>\n<li>U\u010dinkovito hidravli\u010dno delovanje: uporablja hidravli\u010dni tlak olja za doseganje gladkih gibov iztegovanja in vvla\u010devanja, se lahko hitro odzove na krmilne ukaze in zagotavlja mo\u010dno potisno in vle\u010dno silo, primerno za ravnanje s te\u017ekimi bremeni in kompleksne operativne naloge.<\/li>\n<li>Razli\u010dne vrste: glede na operativne potrebe lahko izbirate med enosmerno delujo\u010dimi (hidravli\u010dnimi, ki se uporabljajo samo v eni smeri) ali dvosmerno delujo\u010dimi (hidravli\u010dnimi, ki se uporabljajo v obeh smereh) cilindri, nekateri modeli so teleskopski, kar omogo\u010da ve\u010dji razteg brez pove\u010danja zunanjih dimenzij, primerni za uporabo v omejenem prostoru.<\/li>\n<\/ul>\n<p><center><img decoding=\"async\" src=\"https:\/\/www.hydraulic-cylinders.net\/wp-content\/uploads\/2025\/01\/songte-cylinder-head-with-all-kinds-excavator-models.webp\"><\/center><\/p>\n<h2>Aplikacije<\/h2>\n<p>Vedro valja se pogosto uporablja na razli\u010dnih industrijskih podro\u010djih, vklju\u010dno z, vendar ne omejeno na:<\/p>\n<h3>Gradbena oprema<\/h3>\n<p>Pri bagrih so klju\u010dni za kopanje, nakladanje in premikanje zemlje ali ru\u0161evin. Pri bagrih nakladalnikih cilinder \u017elice pomaga tako pri kopanju kot pri dvigovanju. Pri \u010delnih nakladalnikih u\u010dinkovito pomagajo pri dvigovanju in nagibanju blaga.<\/p>\n<h3>Kmetijska mehanizacija<\/h3>\n<p>Uporablja se za \u010delne nakladalnike, zajemanje, dvigovanje in prevoz zemlje, sena in drugih materialov. Pri bagrih cilinder \u017elice omogo\u010da kopanje, saj \u017elici omogo\u010da prodiranje v zemljo. Pri \u010delnih nakladalnikih pomagajo u\u010dinkovito dvigovati in stresati blago.<\/p>\n<h3>Industrijska oprema<\/h3>\n<p>V industrijski opremi se uporabljajo za dvigovanje in premikanje te\u017ekih bremen, na primer v \u017eerjavih in vili\u010darjih, pa tudi v proizvodni in predelovalni opremi za ravnanje s surovinami in kon\u010dnimi izdelki.<\/p>\n<h2>Merila za na\u010drtovanje in izbor<\/h2>\n<h3>Nosilnost<\/h3>\n<p>Klju\u010dni dejavnik pri na\u010drtovanju cilindrov z \u017elico je njihova nosilnost. Zagotoviti je treba, da je valj dovolj mo\u010dan, da prenese te\u017eo materiala, ki ga dvigujemo ali premikamo, kot tudi te\u017eo samega vedra. Nosilnost cilindra mora biti uravnote\u017eena z drugimi dejavniki, kot so velikost, te\u017ea in stro\u0161ki, da se zagotovi optimalna konstrukcijska re\u0161itev.<\/p>\n<h3>Tesnjenje, vzdr\u017eljivost, varnost<\/h3>\n<p>Tesnjenje, vzdr\u017eljivost in varnost cilindra so prav tako bistveni dejavniki pri zasnovi. Za prepre\u010devanje pu\u0161\u010danja in zagotavljanje dolge \u017eivljenjske dobe cilindra je treba uporabiti visokokakovostna tesnila in materiale. Cilindri\u010dni jeklenki morajo biti zasnovani tudi tako, da prenesejo zahtevno delovno okolje, da jih je enostavno vzdr\u017eevati in da so varni za uporabo. Zasnova cilindra mora vklju\u010devati tudi varnostne funkcije, kot sta za\u0161\u010dita pred preobremenitvijo in sistemi za zaustavitev v sili, da se zagotovi varnost upravljavca.<\/p>\n<p><center><img decoding=\"async\" src=\"https:\/\/www.hydraulic-cylinders.net\/wp-content\/uploads\/2025\/01\/songte-oil-pipes-and-spare-parts.webp\"><\/center><\/p>\n<h2>Tesnjenje in mazanje<\/h2>\n<p>Za valj \u017elice so potrebne razli\u010dne tesnilne komponente, kot so tesnila bata, tesnila palice itd. Ta tesnila zagotavljajo varno in zanesljivo tesnjenje, ki prepre\u010duje pu\u0161\u010danje in zagotavlja nemoteno delovanje. Tesnila so izdelana iz materialov, odpornih proti obrabi, kot sta poliuretan in nitrilna guma, izbranih glede na specifi\u010dne zahteve uporabe valja. Valj je treba mazati s hidravli\u010dnim oljem, ki ga je treba redno menjati, da se ohrani optimalno delovanje.<\/p>\n<h2>Vzdr\u017eevanje in popravila<\/h2>\n<p>Redno vzdr\u017eevanje in pregledi so bistveni za zagotovitev pravilnega delovanja cilindra z \u017elico. Nekatera pogosta vzdr\u017eevalna opravila vklju\u010dujejo mazanje, zamenjavo tesnil in preverjanje kalibracije. Klju\u010dnega pomena je, da valj pravilno namestite, ga pravilno poravnate in uporabite ustrezne nosilce za pritrditev valja.<\/p>\n<h3>Priporo\u010dena vzdr\u017eevalna opravila<\/h3>\n<ul>\n<li>Redni pregled in mazanje<\/li>\n<li>Zamenjava tesnila<\/li>\n<li>Preverjanja kalibracije<\/li>\n<\/ul>\n<p><center><img decoding=\"async\" src=\"https:\/\/www.hydraulic-cylinders.net\/wp-content\/uploads\/2025\/01\/songte-chushion-collar.webp\"><\/center><\/p>\n<h2>Varnostni vidiki in okoljski dejavniki<\/h2>\n<p>Pri uporabi cilindra z vedrom je treba sprejeti varnostne ukrepe za prepre\u010devanje nesre\u010d. Upravljavci morajo biti ustrezno usposobljeni za uporabo cilindra in varnostne funkcije, kot sta za\u0161\u010dita pred preobremenitvijo in sistemi za zaustavitev v sili. Okoljski dejavniki, kot sta temperatura in vla\u017enost, lahko prav tako vplivajo na delovanje cilindra in jih je treba upo\u0161tevati pri na\u010drtovanju, upravljanju in vzdr\u017eevanju cilindra.<\/p>\n<h2>Pogoste te\u017eave in odpravljanje te\u017eav<\/h2>\n<p>Nekatere pogoste te\u017eave, ki se lahko pojavijo pri cilindrih z \u017elico, vklju\u010dujejo pu\u0161\u010danje, po\u0161kodbe ohi\u0161ja cilindra ali tesnil in izgubo tlaka. Odpravljanje teh te\u017eav zahteva temeljito razumevanje zasnove in na\u010del delovanja cilindra. Redno vzdr\u017eevanje in pregledi lahko pomagajo prepre\u010diti nastanek teh te\u017eav.<\/p>\n<p><center><img decoding=\"async\" src=\"https:\/\/www.hydraulic-cylinders.net\/wp-content\/uploads\/2025\/01\/songte-bushings-with-all-kinds-of-excavator-models.webp\"><\/center><\/p>\n<h2>O nas<\/h2>\n<p>Smo vodilni proizvajalec in veleprodajni distributer hidravli\u010dnih cilindrov na doma\u010dem in mednarodnem trgu. Na\u0161i izdelki so celovitega razreda in ustrezajo mednarodnim standardom certificiranja. Dr\u017eimo se na\u010dela odli\u010dne kakovosti in se zana\u0161amo na industrializirane strategije upravljanja proizvodnje, ki jih ponujajo prefinjene proizvodne delavnice. Nenehno izbolj\u0161ujemo na\u0161o proizvodno platformo in izpopolnjujemo na\u0161e proizvodne linije za zagotavljanje kakovosti izdelkov z uporabo tehni\u010dnih talentov, vrhunske digitalne proizvodne opreme in profesionalnih sistemov testiranja. Imamo mo\u010dno ustvarjalnost in u\u010dinkovitost, visoko natan\u010dnost in kakovost ter lahko zadovoljimo raznolike potrebe strank. Strankam nudimo prilagojene storitve, vklju\u010dno z na\u010drtovanjem, razvojem, testiranjem in poprodajnimi storitvami, da zagotovimo optimalno delovanje in dolgo \u017eivljenjsko dobo izdelkov.<\/p>\n<h3>Profesionalnost<\/h3>\n<p>Na\u0161a ekipa strokovnjakov ima dolgoletne izku\u0161nje na podro\u010dju na\u010drtovanja, izdelave in testiranja hidravli\u010dnih cilindrov. Zavezani smo k temu, da svojim strankam zagotovimo najbolj\u0161e mo\u017ene re\u0161itve, ki ustrezajo njihovim edinstvenim potrebam.<\/p>\n<h3>Mednarodno certificiranje<\/h3>\n<p>Na\u0161i izdelki so prestali razli\u010dne mednarodne certifikacijske standarde, kot so CE, ISO in SGS. Na\u0161a zavezanost kakovosti nam je prislu\u017eila sloves zaupanja vrednega in zanesljivega dobavitelja hidravli\u010dnih cilindrov.<\/p>\n<h3>Storitve prilagajanja<\/h3>\n<p>Ponujamo prilagojene storitve, ki ustrezajo specifi\u010dnim zahtevam na\u0161ih strank, vklju\u010dno z na\u010drtovanjem, razvojem, testiranjem in poprodajnimi storitvami. Na\u0161a ekipa strokovnjakov tesno sodeluje s strankami, da zagotovi, da so njihove potrebe izpolnjene skozi celoten proces.<\/p>\n<h3>Proizvodna oprema<\/h3>\n<p>Veliko smo investirali v napredno proizvodno opremo, kot so CNC stroji, oprema za testiranje in orodja za pregledovanje, da bi zagotovili, da na\u0161i izdelki izpolnjujejo najvi\u0161je standarde kakovosti.<\/p>\n<h3>Poprodajne storitve<\/h3>\n<p>Nudimo poprodajne storitve, ki vklju\u010dujejo tehni\u010dno podporo, nadomestne dele in popravila, da zagotovimo, da hidravli\u010dni cilindri na\u0161ih strank delujejo optimalno dlje \u010dasa.<\/p>\n<p><center><img decoding=\"async\" src=\"https:\/\/www.hydraulic-cylinders.net\/wp-content\/uploads\/2024\/11\/songte-company-1.webp\"><\/center><\/p>\n<p>Avtor lyl<\/p>","protected":false},"excerpt":{"rendered":"<p>Bucket Cylinder For Sany Middle Excavator SY205C-9 Introduction Definition A bucket cylinder is a type of specialized hydraulic cylinder mainly used to control the movement of the bucket in heavy machinery, such as excavators, backhoe loaders, and front-end loaders. Its primary function is to enable the bucket to lift, lower, and tilt, making it easier [&hellip;]<\/p>","protected":false},"featured_media":14776,"comment_status":"open","ping_status":"closed","template":"","meta":{"_et_pb_use_builder":"","_et_pb_old_content":"","_et_gb_content_width":""},"product_brand":[],"product_cat":[1494],"product_tag":[1495,1496],"class_list":{"0":"post-15440","1":"product","2":"type-product","3":"status-publish","4":"has-post-thumbnail","6":"product_cat-bucket-cylinders","7":"product_tag-bucket-cylinders","8":"product_tag-hydraulic-cylinders","10":"first","11":"instock","12":"shipping-taxable","13":"product-type-simple"},"amp_enabled":true,"_links":{"self":[{"href":"https:\/\/www.hydraulic-cylinders.net\/sl\/wp-json\/wp\/v2\/product\/15440","targetHints":{"allow":["GET"]}}],"collection":[{"href":"https:\/\/www.hydraulic-cylinders.net\/sl\/wp-json\/wp\/v2\/product"}],"about":[{"href":"https:\/\/www.hydraulic-cylinders.net\/sl\/wp-json\/wp\/v2\/types\/product"}],"replies":[{"embeddable":true,"href":"https:\/\/www.hydraulic-cylinders.net\/sl\/wp-json\/wp\/v2\/comments?post=15440"}],"wp:featuredmedia":[{"embeddable":true,"href":"https:\/\/www.hydraulic-cylinders.net\/sl\/wp-json\/wp\/v2\/media\/14776"}],"wp:attachment":[{"href":"https:\/\/www.hydraulic-cylinders.net\/sl\/wp-json\/wp\/v2\/media?parent=15440"}],"wp:term":[{"taxonomy":"product_brand","embeddable":true,"href":"https:\/\/www.hydraulic-cylinders.net\/sl\/wp-json\/wp\/v2\/product_brand?post=15440"},{"taxonomy":"product_cat","embeddable":true,"href":"https:\/\/www.hydraulic-cylinders.net\/sl\/wp-json\/wp\/v2\/product_cat?post=15440"},{"taxonomy":"product_tag","embeddable":true,"href":"https:\/\/www.hydraulic-cylinders.net\/sl\/wp-json\/wp\/v2\/product_tag?post=15440"}],"curies":[{"name":"delovni list","href":"https:\/\/api.w.org\/{rel}","templated":true}]}}