{"id":15444,"date":"2025-01-19T14:32:16","date_gmt":"2025-01-19T14:32:16","guid":{"rendered":"https:\/\/www.hydraulic-cylinders.net\/product\/bucket-cylinder-for-sany-middle-excavator-sy265c-9\/"},"modified":"2025-01-19T14:32:18","modified_gmt":"2025-01-19T14:32:18","slug":"bucket-cylinder-for-sany-middle-excavator-sy265c-9","status":"publish","type":"product","link":"https:\/\/www.hydraulic-cylinders.net\/sl\/izdelek\/bucket-cylinder-for-sany-middle-excavator-sy265c-9\/","title":{"rendered":"Cilinder \u017elice za Sany srednji bager SY265C-9"},"content":{"rendered":"<h1>Cilinder \u017elice za Sany srednji bager SY265C-9<\/h1>\n<h2>Uvod<\/h2>\n<h3>Definicija in razlaga<\/h3>\n<p>Hidravli\u010dni valj \u017elice je specializiran hidravli\u010dni valj, zasnovan za nadzor gibanja \u017elice v te\u017ekih strojih, kot so bagri, bagri z nakladalniki in \u010delni nakladalniki. Njegova glavna funkcija je omogo\u010diti dvigovanje, spu\u0161\u010danje in nagibanje \u017elice, kar olaj\u0161a opravljanje razli\u010dnih nalog ravnanja z materiali. V hidravli\u010dnem sistemu valj \u017elice dose\u017ee natan\u010den nadzor nad \u017elico s spremembami tlaka hidravli\u010dnega olja, kar omogo\u010da upravljavcem u\u010dinkovito ravnanje s te\u017ekimi bremeni in prilagajanje kompleksnim delovnim okoljem ter raznolikim operativnim potrebam.<\/p>\n<p><img decoding=\"async\" src=\"https:\/\/www.hydraulic-cylinders.net\/wp-content\/uploads\/2025\/01\/songte-company-2.webp\"><\/p>\n<h2>Zna\u010dilnosti<\/h2>\n<p>Cilinder \u017elice za Sanyjev srednji bager SY265C-9 ima naslednje lastnosti:<\/p>\n<ul>\n<li>Visoka trdnost in vzdr\u017eljivost: Obi\u010dajno je izdelan iz visoko trdnega jekla ali aluminija, zato lahko prenese visok tlak in velike obremenitve, kar ga naredi primernega za zahtevna delovna okolja. Zasnovan je z mislijo na odpornost proti obrabi in koroziji, kar podalj\u0161a \u017eivljenjsko dobo.<\/li>\n<li>U\u010dinkovito hidravli\u010dno delovanje: Gladki gibi iztegovanja in kr\u010denja se dose\u017eejo s pomo\u010djo hidravli\u010dnega tlaka olja, kar omogo\u010da hiter odziv na krmilne ukaze in zagotavlja mo\u010dne potisne in vle\u010dne sile, primerne za rokovanje s te\u017ekimi bremeni in kompleksnimi delovnimi nalogami.<\/li>\n<li>Vsestranske vrste: Glede na operativne potrebe je mogo\u010de izbrati enosmerno delujo\u010de (hidravli\u010dno delovanje samo v eno smer) ali dvosmerno delujo\u010de (hidravli\u010dno delovanje v obe smeri) cilindre. Nekateri modeli so teleskopski, kar omogo\u010da ve\u010djo raztegljivost brez pove\u010danja zunanjih dimenzij, zaradi \u010desar so primerni za uporabo v omejenem prostoru.<\/li>\n<li>Popolna zamenjava: Na\u0161 izdelek lahko popolnoma nadomesti te hidravli\u010dne cilindre.<\/li>\n<\/ul>\n<p><img decoding=\"async\" src=\"https:\/\/www.hydraulic-cylinders.net\/wp-content\/uploads\/2025\/01\/songte-cylinder-head-with-all-kinds-excavator-models.webp\"><\/p>\n<h2>Aplikacije<\/h2>\n<p>Cilinder \u017elice se pogosto uporablja v razli\u010dnih te\u017ekih strojih, vklju\u010dno z:<\/p>\n<ul>\n<li>Gradbena oprema: Pri bagrih so klju\u010dni za kopanje, nakladanje in premikanje zemlje ali ru\u0161evin. Pri bagrih z nakladalno glavo cilinder \u017elice pomaga tako pri kopanju kot pri dvigovanju. <\/li>\n<li>Kmetijski stroji: Uporabljajo se v \u010delnih nakladalnikih, ki se uporabljajo za zajemanje, dvigovanje in prevoz zemlje, sena in drugih materialov. <\/li>\n<li>Bagri: Cilinder \u017elice dose\u017ee kopanje tako, da \u017elici omogo\u010di prodiranje v zemljo. <\/li>\n<li>Nakladalniki: Pri \u010delnih nakladalnikih pomagajo pri u\u010dinkovitem dvigovanju in odlaganju blaga. <\/li>\n<\/ul>\n<p>Spodaj so raz\u0161irjeni opisi za vsako aplikacijo:<\/p>\n<h3>Gradbena oprema<\/h3>\n<p>Pri bagrih je cilinder \u017elice klju\u010dnega pomena za kopanje, nakladanje in premikanje zemlje ali ru\u0161evin. Z uporabo cilindra \u017elice lahko upravljavec nadzoruje gibanje \u017elice in enostavno zajema material, kar omogo\u010da u\u010dinkovito delo na gradbi\u0161\u010dih. Pri bagrih z nakladalno glavo cilinder \u017elice pomaga tako pri kopanju kot dvigovanju, kar zagotavlja bolj\u0161i nadzor nad gibanjem \u017elice in upravljavcu omogo\u010da delo v tesnih prostorih. <\/p>\n<h3>Kmetijska mehanizacija<\/h3>\n<p>Cilinder \u017elice se uporablja pri \u010delnih nakladalnikih za zajemanje, dvigovanje in prevoz zemlje, sena in drugih materialov. S pomo\u010djo cilindra \u017elice lahko upravljavec nadzoruje gibanje \u017elice in enostavno premika material, kar olaj\u0161a delo na kmetijah ali drugih kmetijskih obmo\u010djih.<\/p>\n<h3>Bagri<\/h3>\n<p>Cilinder \u017elice v bagru dose\u017ee kopanje tako, da \u017elici omogo\u010da, da prodre v zemljo. Ta funkcija je klju\u010dnega pomena pri izkopavanju na mestih, kjer je treba odstraniti zemljo.<\/p>\n<h3>Nakladalci<\/h3>\n<p>Pri \u010delnih nakladalnikih cilinder \u017elice pomaga pri u\u010dinkovitem dvigovanju in razkladanju blaga. Cilinder \u017elice omogo\u010da nadzor nad gibanjem \u017elice, kar olaj\u0161a nakladanje in razkladanje blaga.<\/p>\n<h2>Oblikovalski vidiki in izbirna merila<\/h2>\n<p>Pri na\u010drtovanju cilindra vedra je treba upo\u0161tevati ve\u010d dejavnikov:<\/p>\n<ul>\n<li>Nosilnost: Valj \u017elice mora biti zasnovan tako, da prenese obremenitev, ki ji bo izpostavljen, vklju\u010dno s te\u017eo dvignjenega materiala in delovnimi pogoji.<\/li>\n<li>Tesnjenje: Cilinder \u017elice mora biti tesno zaprt, da se prepre\u010di pu\u0161\u010danje hidravli\u010dne teko\u010dine, kar lahko povzro\u010di okvaro sistema.<\/li>\n<li>Vzdr\u017eljivost: Cilinder vedra mora biti zasnovan tako, da prenese zahtevno delovno okolje, vklju\u010dno z obrabo, korozijo in drugimi dejavniki, ki lahko skraj\u0161ajo \u017eivljenjsko dobo.<\/li>\n<li>Varnost: Cilinder vedra mora biti zasnovan z mislijo na varnost, vklju\u010dno z varnostnimi funkcijami, ki prepre\u010dujejo njegovo okvaro ali povzro\u010ditev nesre\u010d.<\/li>\n<li>Vzdr\u017eevanje: Cilinder \u017elice mora biti zasnovan tako, da ga je mogo\u010de enostavno vzdr\u017eevati in popravljati, kar lahko podalj\u0161a njegovo \u017eivljenjsko dobo in skraj\u0161a \u010das izpada.<\/li>\n<\/ul>\n<p><img decoding=\"async\" src=\"https:\/\/www.hydraulic-cylinders.net\/wp-content\/uploads\/2025\/01\/songte-oil-pipes-and-spare-parts.webp\"><\/p>\n<h2>Tesnjenje in mazanje cilindra \u017elice<\/h2>\n<p>Valj \u017elice uporablja razli\u010dna tesnila, kot so tesnila bata in tesnila palice, izdelana iz materialov, odpornih proti obrabi, kot sta poliuretan in nitrilni kav\u010duk, da prepre\u010di pu\u0161\u010danje hidravli\u010dne teko\u010dine. Telo valja in navojne kon\u010dne povr\u0161ine so fino obdelane za izbolj\u0161anje odpornosti proti obrabi. Za mazanje je potrebno redno dodajanje ustrezne koli\u010dine hidravli\u010dnega olja.<\/p>\n<h2>Pregled in preventivno vzdr\u017eevanje valja vedra<\/h2>\n<p>Za vzdr\u017eevanje cilindra vedra je nujno redno pregledovati in preventivno vzdr\u017eevati. Tukaj je nekaj nasvetov:<\/p>\n<ul>\n<li>Redno preverjajte morebitna pu\u0161\u010danja ali po\u0161kodbe ohi\u0161ja in tesnil valja. <\/li>\n<li>Redno dodajajte mazivo v valj in zamenjajte tesnila, ko ka\u017eejo znake obrabe.<\/li>\n<li>Po potrebi kalibrirajte valj, da zagotovite njegovo pravilno delovanje.<\/li>\n<\/ul>\n<h2>Namestitev in poravnava cilindra \u017elice<\/h2>\n<p>Pravilna namestitev in poravnava cilindra vedra sta klju\u010dnega pomena za zagotovitev njegovega pravilnega delovanja in dolge \u017eivljenjske dobe. Tukaj je nekaj bistvenih nasvetov:<\/p>\n<ul>\n<li>Med namestitvijo zagotovite ustrezno vodilo za poravnavo cilindra.<\/li>\n<li>Za pritrditev cilindra uporabite ustrezne monta\u017ene nosilce.<\/li>\n<li>Redno preverjajte, popravljajte in zamenjajte dele, da ohranite pravilno delovanje cilindra vedra.<\/li>\n<li>Za podalj\u0161anje \u017eivljenjske dobe cilindra vedra uporabite priporo\u010dene postopke pregleda, popravila in zamenjave.<\/li>\n<\/ul>\n<p><img decoding=\"async\" src=\"https:\/\/www.hydraulic-cylinders.net\/wp-content\/uploads\/2025\/01\/songte-chushion-collar.webp\"><\/p>\n<h2>Varnostni in okoljski vidiki<\/h2>\n<p>Varnostni ukrepi so klju\u010dnega pomena pri uporabi cilindra z \u017elico. Pri izbiri cilindra z \u017elico je treba upo\u0161tevati varnostne funkcije, ki prepre\u010dujejo njegovo nepravilno delovanje ali povzro\u010ditev nesre\u010d. Cilindri\u010dno \u017elico je treba uporabljati v skladu z navodili proizvajalca, da se izognete nesre\u010dam. Za zagotovitev varstva okolja je bistveno pravilno odstraniti rabljeno hidravli\u010dno olje in druge materiale.<\/p>\n<h2>Odpravljanje te\u017eav in pogoste te\u017eave<\/h2>\n<p>Sledijo pogoste te\u017eave in re\u0161itve, ki se lahko pojavijo pri uporabi valja z \u017elico:<\/p>\n<ul>\n<li>Cilinder se ne premika: Preverite hidravli\u010dni sistem glede zama\u0161enih filtrov, nizke ravni olja ali po\u0161kodovanih cevi. <\/li>\n<li>Cilinder se premika prepo\u010dasi: Preverite hidravli\u010dni sistem glede pu\u0161\u010danja ali nizke ravni olja. <\/li>\n<li>Iz cilindra pu\u0161\u010da olje: Preverite tesnila in jih po potrebi zamenjajte.<\/li>\n<\/ul>\n<p>Da bi se izognili tem te\u017eavam in podalj\u0161ali \u017eivljenjsko dobo cilindra vedra, je nujno redno izvajati preglede in preventivno vzdr\u017eevanje. <\/p>\n<p><img decoding=\"async\" src=\"https:\/\/www.hydraulic-cylinders.net\/wp-content\/uploads\/2025\/01\/songte-bushings-with-all-kinds-of-excavator-models.webp\"><\/p>\n<h2>O na\u0161em podjetju<\/h2>\n<p>Smo proizvajalec hidravli\u010dnih cilindrov, ki lahko nadomestijo originalne. Imamo celovito paleto izdelkov in smo postali eden vodilnih proizvajalcev in veletrgovcev s hidravli\u010dnimi cilindri na doma\u010dem in tujem trgu. Sledimo na\u010delu odli\u010dnosti v kakovosti, pri \u010demer se zana\u0161amo na industrializirane strategije upravljanja proizvodnje v natan\u010dno izdelanih delavnicah. Nenehno izbolj\u0161ujemo na\u0161o proizvodno platformo, izpopolnjujemo na\u0161o proizvodno pot kakovosti izdelkov in imamo mo\u010dno sposobnost ustvarjanja visoko u\u010dinkovitih, visoko natan\u010dnih in visokokakovostnih izdelkov, ki zadovoljujejo raznolike potrebe strank.<\/p>\n<p>Na\u0161e podjetje ima naslednje zna\u010dilnosti:<\/p>\n<ul>\n<li>Profesionalnost<\/li>\n<li>Mednarodno certificiranje<\/li>\n<li>Prilagojena storitev<\/li>\n<li>Proizvodna oprema<\/li>\n<li>Poprodajne storitve<\/li>\n<\/ul>\n<p><img decoding=\"async\" src=\"https:\/\/hzpt.com\/wp-content\/uploads\/2024\/11\/songte-company-1.webp\"><\/p>\n<p>Avtor: lyl<\/p>","protected":false},"excerpt":{"rendered":"<p>Bucket Cylinder For Sany Middle Excavator SY265C-9 Introduction Definition and Explanation A bucket cylinder is a specialized hydraulic cylinder designed to control the movement of the bucket in heavy machinery such as excavators, backhoe excavators, and front-end loaders. Its main function is to enable the bucket to lift, lower, and tilt, making it easier to [&hellip;]<\/p>","protected":false},"featured_media":14765,"comment_status":"open","ping_status":"closed","template":"","meta":{"_et_pb_use_builder":"","_et_pb_old_content":"","_et_gb_content_width":""},"product_brand":[],"product_cat":[1494],"product_tag":[1495,1496],"class_list":{"0":"post-15444","1":"product","2":"type-product","3":"status-publish","4":"has-post-thumbnail","6":"product_cat-bucket-cylinders","7":"product_tag-bucket-cylinders","8":"product_tag-hydraulic-cylinders","10":"first","11":"instock","12":"shipping-taxable","13":"product-type-simple"},"amp_enabled":true,"_links":{"self":[{"href":"https:\/\/www.hydraulic-cylinders.net\/sl\/wp-json\/wp\/v2\/product\/15444","targetHints":{"allow":["GET"]}}],"collection":[{"href":"https:\/\/www.hydraulic-cylinders.net\/sl\/wp-json\/wp\/v2\/product"}],"about":[{"href":"https:\/\/www.hydraulic-cylinders.net\/sl\/wp-json\/wp\/v2\/types\/product"}],"replies":[{"embeddable":true,"href":"https:\/\/www.hydraulic-cylinders.net\/sl\/wp-json\/wp\/v2\/comments?post=15444"}],"wp:featuredmedia":[{"embeddable":true,"href":"https:\/\/www.hydraulic-cylinders.net\/sl\/wp-json\/wp\/v2\/media\/14765"}],"wp:attachment":[{"href":"https:\/\/www.hydraulic-cylinders.net\/sl\/wp-json\/wp\/v2\/media?parent=15444"}],"wp:term":[{"taxonomy":"product_brand","embeddable":true,"href":"https:\/\/www.hydraulic-cylinders.net\/sl\/wp-json\/wp\/v2\/product_brand?post=15444"},{"taxonomy":"product_cat","embeddable":true,"href":"https:\/\/www.hydraulic-cylinders.net\/sl\/wp-json\/wp\/v2\/product_cat?post=15444"},{"taxonomy":"product_tag","embeddable":true,"href":"https:\/\/www.hydraulic-cylinders.net\/sl\/wp-json\/wp\/v2\/product_tag?post=15444"}],"curies":[{"name":"delovni list","href":"https:\/\/api.w.org\/{rel}","templated":true}]}}