{"id":15467,"date":"2025-01-19T14:34:01","date_gmt":"2025-01-19T14:34:01","guid":{"rendered":"https:\/\/www.hydraulic-cylinders.net\/product\/bucket-cylinder-for-xcmg-small-excavator-xe135b\/"},"modified":"2025-01-19T14:34:03","modified_gmt":"2025-01-19T14:34:03","slug":"bucket-cylinder-for-xcmg-small-excavator-xe135b","status":"publish","type":"product","link":"https:\/\/www.hydraulic-cylinders.net\/sl\/izdelek\/bucket-cylinder-for-xcmg-small-excavator-xe135b\/","title":{"rendered":"Cilinder \u017elice za majhen bager XCMG XE135B"},"content":{"rendered":"<h1>Cilinder \u017elice za majhen bager XCMG XE135B<\/h1>\n<h2>Uvod<\/h2>\n<p>Hidravli\u010dni cilinder \u017elice za majhen bager XCMG XE135B je posebej zasnovan hidravli\u010dni cilinder, ki se uporablja za nadzor gibanja \u017elice v te\u017ekih strojih, kot so bagri, bagri nakladalniki in \u010delni nakladalniki. Njegova glavna funkcija je omogo\u010danje dvigovanja, spu\u0161\u010danja in nagibanja \u017elice, zaradi \u010desar je priro\u010dna za razli\u010dna opravila ravnanja z materiali. V hidravli\u010dnem sistemu cilinder \u017elice dose\u017ee natan\u010den nadzor nad \u017elico z uporabo sprememb tlaka hidravli\u010dnega olja, kar omogo\u010da upravljavcem u\u010dinkovito ravnanje s te\u017ekimi bremeni in prilagajanje kompleksnim delovnim okoljem ter raznolikim operativnim potrebam.<\/p>\n<p><img decoding=\"async\" src=\"https:\/\/www.hydraulic-cylinders.net\/wp-content\/uploads\/2025\/01\/songte-company-2.webp\" alt=\"Slika valjaste \u017elice\"><\/p>\n<h2>Zna\u010dilnosti<\/h2>\n<ul>\n<li>Visoka trdnost in vzdr\u017eljivost: Valj vedra je obi\u010dajno izdelan iz visoko trdnega jekla ali aluminija, ki lahko prenese visok tlak in velike obremenitve, se prilagaja zahtevnim delovnim okoljem in je zasnovan z upo\u0161tevanjem odpornosti proti obrabi in koroziji, da se podalj\u0161a njegova \u017eivljenjska doba.<\/li>\n<li>U\u010dinkovito hidravli\u010dno delovanje: Z uporabo tlaka hidravli\u010dnega olja valj \u017elice dose\u017ee gladko teleskopsko delovanje, se hitro odziva na krmilne ukaze, zagotavlja mo\u010dne potisne in vle\u010dne sile ter je primeren za ravnanje s te\u017ekimi bremeni in kompleksnimi operativnimi nalogami.<\/li>\n<li>Razli\u010dne vrste: Cilinder je mogo\u010de izbrati kot enosmerno delujo\u010d (hidravli\u010dni tlak se uporablja samo v eni smeri) ali dvosmerno delujo\u010d (hidravli\u010dni tlak se uporablja v obeh smereh) glede na specifi\u010dne operativne potrebe. Nekateri modeli so teleskopski, kar omogo\u010da ve\u010dji razteg brez pove\u010danja zunanjih dimenzij, zaradi \u010desar so primerni za uporabo z omejenim prostorom.<\/li>\n<li>Popolna zamenjava: Na\u0161i izdelki so lahko popolna zamenjava za te hidravli\u010dne cilindre.<\/li>\n<\/ul>\n<p><img decoding=\"async\" src=\"https:\/\/www.hydraulic-cylinders.net\/wp-content\/uploads\/2025\/01\/songte-cylinder-head-with-all-kinds-excavator-models.webp\" alt=\"Slika glave valja\"><\/p>\n<h2>Aplikacije<\/h2>\n<p>Valji z \u017elico se pogosto uporabljajo v razli\u010dnih aplikacijah:<\/p>\n<ul>\n<li>Gradbena oprema: Bistveni so pri bagrih za kopanje, nakladanje in premikanje zemlje ali ru\u0161evin. Pri bagrih nakladalnikih cilinder \u017elice pomaga tako pri kopanju kot pri dvigovanju.<\/li>\n<li>Kmetijska mehanizacija: Uporablja se v \u010delnih nakladalnikih za zajemanje, dvigovanje in prevoz zemlje, sena in drugih materialov.<\/li>\n<li>Bagri: Cilinder \u017elice omogo\u010da kopanje, saj \u017elici omogo\u010da prodiranje v zemljo.<\/li>\n<li>Nakladalniki: Pri \u010delnih nakladalnikih pomagajo pri u\u010dinkovitem dvigovanju in nagibanju tovora.<\/li>\n<\/ul>\n<h2>Oblikovalski vidiki in izbirna merila<\/h2>\n<p>Pri na\u010drtovanju cilindrov z \u017elico se upo\u0161teva ve\u010d dejavnikov:<\/p>\n<ul>\n<li>Nosilnost: Cilinder je zasnovan tako, da prenese specifi\u010dne obremenitve, ki jih zahteva uporaba.<\/li>\n<li>Tesnjenje: Uporabljajo se razli\u010dna tesnila, kot so tesnila bata in tesnila palic, materiali, kot sta poliuretan in nitrilna guma, pa so izbrani zaradi njihove odpornosti proti obrabi.<\/li>\n<li>Vzdr\u017eljivost: Ohi\u0161je valja in navojni konci so natan\u010dno obdelani za ve\u010djo odpornost proti obrabi.<\/li>\n<li>Varnost: Vgrajene so varnostne funkcije za zagotavljanje varnega delovanja cilindra.<\/li>\n<li>Vzdr\u017eevanje: Cilinder je zasnovan za enostavno vzdr\u017eevanje in popravilo.<\/li>\n<\/ul>\n<p><img decoding=\"async\" src=\"https:\/\/www.hydraulic-cylinders.net\/wp-content\/uploads\/2025\/01\/songte-oil-pipes-and-spare-parts.webp\" alt=\"Slika oljnih cevi in \u200b\u200brezervnih delov\"><\/p>\n<h2>Tesnjenje in mazanje<\/h2>\n<p>Valj \u017elice uporablja razli\u010dne tesnilne komponente, kot so tesnila bata in tesnila palice. Ta tesnila so izdelana iz materialov, odpornih proti obrabi, kot sta poliuretan in nitrilna guma. Telo valja in navojni konci so fino obdelani za izbolj\u0161anje odpornosti proti obrabi. Za nemoteno delovanje je potrebno redno mazanje z ustrezno koli\u010dino hidravli\u010dnega olja.<\/p>\n<h2>Redni pregledi in preventivni vzdr\u017eevalni ukrepi<\/h2>\n<ul>\n<li>Redno pregledujte valj glede morebitnih znakov po\u0161kodb ali obrabe.<\/li>\n<li>Vedno zagotovite ustrezno mazanje.<\/li>\n<li>Tesnila zamenjajte po potrebi.<\/li>\n<li>Za ohranjanje optimalne zmogljivosti izvajajte kalibracijske preglede.<\/li>\n<\/ul>\n<p><img decoding=\"async\" src=\"https:\/\/www.hydraulic-cylinders.net\/wp-content\/uploads\/2025\/01\/songte-cushion-collar.webp\" alt=\"Slika ovratnika z blazino\"><\/p>\n<h2>Varnostni vidiki izdelkov in okoljski dejavniki<\/h2>\n<p>Pri uporabi cilindra z \u017elico je pomembno upo\u0161tevati varnostne ukrepe za prepre\u010devanje nesre\u010d in zagotavljanje dobrega po\u010dutja upravljavcev in okolice. Pri delu s te\u017ekimi stroji in hidravli\u010dnimi sistemi je treba upo\u0161tevati varnostne ukrepe.<\/p>\n<h2>Odpravljanje te\u017eav in pogoste te\u017eave<\/h2>\n<p>Med pogostimi te\u017eavami, ki se lahko pojavijo z valjem vedra, so pu\u0161\u010danje, zmanj\u0161ana zmogljivost in nenavadni zvoki. Pri soo\u010danju s temi te\u017eavami vam lahko naslednji nasveti in re\u0161itve pomagajo pri diagnosticiranju in odpravljanju te\u017eav:<\/p>\n<ul>\n<li>Preverite morebitna vidna pu\u0161\u010danja ali ohlapne povezave.<\/li>\n<li>Preverite hidravli\u010dni sistem glede ustrezne ravni teko\u010dine in \u010disto\u010de.<\/li>\n<li>Refer to the manufacturer&#8217;s guidelines for troubleshooting specific issues.<\/li>\n<li>Uvedite preventivne ukrepe za zmanj\u0161anje morebitnih te\u017eav.<\/li>\n<\/ul>\n<p><img decoding=\"async\" src=\"https:\/\/www.hydraulic-cylinders.net\/wp-content\/uploads\/2025\/01\/songte-bushings-with-all-kinds-of-excavator-models.webp\" alt=\"Slika pu\u0161\"><\/p>\n<h2>O na\u0161em podjetju<\/h2>\n<p>Smo vodilni proizvajalec in veleprodajni distributer hidravli\u010dnih cilindrov na doma\u010dem in mednarodnem trgu. Na\u0161e podjetje ponuja \u0161iroko paleto izdelkov in sledi strategiji upravljanja proizvodnje, ki poudarja vrhunsko kakovost in natan\u010dnost. Z uporabo napredne proizvodne opreme in profesionalnih sistemov testiranja nenehno izbolj\u0161ujemo na\u0161o proizvodno platformo in proizvodno pot za zagotavljanje kakovosti izdelkov. Na\u0161e podjetje ima mo\u010dno ustvarjalno sposobnost in je zavezano k izpolnjevanju raznolikih potreb strank z visoko u\u010dinkovitostjo, natan\u010dnostjo in vrhunsko kakovostjo.<\/p>\n<p><img decoding=\"async\" src=\"https:\/\/hzpt.com\/wp-content\/uploads\/2024\/11\/songte-company-1.webp\" alt=\"Slika podjetja\"><\/p>\n<ul>\n<li>Profesionalnost: Imamo ekipo izku\u0161enih strokovnjakov, ki so predani zagotavljanju izjemnih izdelkov in storitev.<\/li>\n<li>Mednarodni certifikati: Na\u0161i izdelki izpolnjujejo mednarodne standarde kakovosti in varnosti.<\/li>\n<li>Storitve prilagajanja: Ponujamo re\u0161itve po meri, ki ustrezajo specifi\u010dnim zahtevam strank.<\/li>\n<li>Proizvodna oprema: Na\u0161e podjetje uporablja najsodobnej\u0161o proizvodno opremo za zagotavljanje visokokakovostnih proizvodnih procesov.<\/li>\n<li>Poprodajne storitve: Zagotavljamo celovite poprodajne storitve za zagotavljanje zadovoljstva strank.<\/li>\n<\/ul>\n<p><img decoding=\"async\" src=\"https:\/\/www.hydraulic-cylinders.net\/wp-content\/uploads\/2025\/01\/songte-company-3.webp\" alt=\"Slika podjetja\"><\/p>\n<p>Avtor: lyl<\/p>","protected":false},"excerpt":{"rendered":"<p>Bucket Cylinder For XCMG Small Excavator XE135B Introduction The Bucket Cylinder for XCMG Small Excavator XE135B is a specially designed hydraulic cylinder used to control the movement of the bucket in heavy machinery such as excavators, backhoe loaders, and front loaders. Its main function is to enable the lifting, lowering, and tilting of the bucket, [&hellip;]<\/p>","protected":false},"featured_media":14782,"comment_status":"open","ping_status":"closed","template":"","meta":{"_et_pb_use_builder":"","_et_pb_old_content":"","_et_gb_content_width":""},"product_brand":[],"product_cat":[1494],"product_tag":[1495,1496],"class_list":{"0":"post-15467","1":"product","2":"type-product","3":"status-publish","4":"has-post-thumbnail","6":"product_cat-bucket-cylinders","7":"product_tag-bucket-cylinders","8":"product_tag-hydraulic-cylinders","10":"first","11":"instock","12":"shipping-taxable","13":"product-type-simple"},"amp_enabled":true,"_links":{"self":[{"href":"https:\/\/www.hydraulic-cylinders.net\/sl\/wp-json\/wp\/v2\/product\/15467","targetHints":{"allow":["GET"]}}],"collection":[{"href":"https:\/\/www.hydraulic-cylinders.net\/sl\/wp-json\/wp\/v2\/product"}],"about":[{"href":"https:\/\/www.hydraulic-cylinders.net\/sl\/wp-json\/wp\/v2\/types\/product"}],"replies":[{"embeddable":true,"href":"https:\/\/www.hydraulic-cylinders.net\/sl\/wp-json\/wp\/v2\/comments?post=15467"}],"wp:featuredmedia":[{"embeddable":true,"href":"https:\/\/www.hydraulic-cylinders.net\/sl\/wp-json\/wp\/v2\/media\/14782"}],"wp:attachment":[{"href":"https:\/\/www.hydraulic-cylinders.net\/sl\/wp-json\/wp\/v2\/media?parent=15467"}],"wp:term":[{"taxonomy":"product_brand","embeddable":true,"href":"https:\/\/www.hydraulic-cylinders.net\/sl\/wp-json\/wp\/v2\/product_brand?post=15467"},{"taxonomy":"product_cat","embeddable":true,"href":"https:\/\/www.hydraulic-cylinders.net\/sl\/wp-json\/wp\/v2\/product_cat?post=15467"},{"taxonomy":"product_tag","embeddable":true,"href":"https:\/\/www.hydraulic-cylinders.net\/sl\/wp-json\/wp\/v2\/product_tag?post=15467"}],"curies":[{"name":"delovni list","href":"https:\/\/api.w.org\/{rel}","templated":true}]}}