{"id":15469,"date":"2025-01-19T14:34:09","date_gmt":"2025-01-19T14:34:09","guid":{"rendered":"https:\/\/www.hydraulic-cylinders.net\/product\/bucket-cylinder-for-xcmg-middle-excavator-xe215ca\/"},"modified":"2025-01-19T14:34:11","modified_gmt":"2025-01-19T14:34:11","slug":"bucket-cylinder-for-xcmg-middle-excavator-xe215ca","status":"publish","type":"product","link":"https:\/\/www.hydraulic-cylinders.net\/sl\/izdelek\/bucket-cylinder-for-xcmg-middle-excavator-xe215ca\/","title":{"rendered":"Cilinder \u017elice za srednji bager XCMG XE215CA"},"content":{"rendered":"<h1>Cilinder \u017elice za srednji bager XCMG XE215CA<\/h1>\n<h2>Uvod<\/h2>\n<p>Hidravli\u010dni valj \u017elice je posebej zasnovan hidravli\u010dni valj, ki se uporablja predvsem za krmiljenje gibanja \u017elic v te\u017ekih strojih, kot so bagri, bagri z nakladalnimi ko\u0161arami in \u010delni nakladalniki. Njegova glavna funkcija je omogo\u010diti dvigovanje, spu\u0161\u010danje in nagibanje \u017elice, kar olaj\u0161a opravljanje razli\u010dnih nalog ravnanja z materiali. V hidravli\u010dnem sistemu valj \u017elice dose\u017ee natan\u010den nadzor nad \u017elico s spremembami tlaka hidravli\u010dnega olja, kar omogo\u010da upravljavcem u\u010dinkovito ravnanje s te\u017ekimi bremeni, prilagajanje kompleksnim delovnim okoljem in raznolikim zahtevam dela.<\/p>\n<p><img decoding=\"async\" src=\"https:\/\/www.hydraulic-cylinders.net\/wp-content\/uploads\/2025\/01\/songte-company-2.webp\" \/><\/p>\n<h2>Zna\u010dilnosti<\/h2>\n<ul>\n<li>Visoka trdnost in vzdr\u017eljivost: Obi\u010dajno je izdelan iz visoko trdnega jekla ali aluminija, zato lahko prenese visok tlak in velike obremenitve ter se prilagaja zahtevnim delovnim okoljem. Zasnova upo\u0161teva odpornost proti obrabi in koroziji, kar podalj\u0161uje \u017eivljenjsko dobo.<\/li>\n<li>U\u010dinkovito hidravli\u010dno delovanje: Gladki gibi iztegovanja in kr\u010denja se dose\u017eejo s hidravli\u010dnim tlakom, ki se lahko hitro odzove na krmilne ukaze in zagotavlja mo\u010dne vle\u010dne in potisne sile, primerne za rokovanje s te\u017ekimi bremeni in kompleksnimi delovnimi nalogami.<\/li>\n<li>Razli\u010dne vrste: Enosmerno delujo\u010di (hidravli\u010dni pogon se uporablja samo v eni smeri) ali dvosmerno delujo\u010di (hidravli\u010dni pogon se uporablja v obeh smereh) cilindri se lahko izberejo glede na zahteve za razli\u010dne operativne potrebe. Nekateri modeli so teleskopski, kar omogo\u010da ve\u010dji razteg brez pove\u010danja zunanjih dimenzij, primerni za uporabo z omejenim prostorom.<\/li>\n<li>Zamenljivo: Na\u0161 izdelek lahko popolnoma nadomesti te hidravli\u010dne cilindre.<\/li>\n<\/ul>\n<p><img decoding=\"async\" src=\"https:\/\/www.hydraulic-cylinders.net\/wp-content\/uploads\/2025\/01\/songte-cylinder-head-with-all-kinds-excavator-models.webp\" \/><\/p>\n<h2>Aplikacije<\/h2>\n<p>Valji z \u017elico se pogosto uporabljajo v razli\u010dnih panogah, vklju\u010dno z:<\/p>\n<ul>\n<li>Gradbena oprema: Pri bagrih so bistveni za izkopavanje, nakladanje in premikanje zemlje ali ru\u0161evin. Pri bagrih z nakladalno glavo cilindri \u017elice pomagajo tako pri izkopavanju kot pri dvigovanju. <\/li>\n<li>Kmetijski stroji: Uporabljajo se na \u010delnih nakladalnikih za zajemanje, dvigovanje in prevoz zemlje, sena in drugih materialov.<\/li>\n<li>Bagri: Cilindri \u017elice dose\u017eejo kopanje tako, da \u017elici omogo\u010dijo prodiranje v zemljo.<\/li>\n<li>Nakladalniki: Pri \u010delnih nakladalnikih pomagajo pri u\u010dinkovitem dvigovanju in razkladanju blaga.<\/li>\n<\/ul>\n<p>Oglejmo si vsako aplikacijo podrobneje:<\/p>\n<h3>Gradbena oprema<\/h3>\n<p>Pri bagrih so cilindri \u017elice klju\u010dnega pomena za izkopavanje, nakladanje in premikanje zemlje ali ru\u0161evin. Pri bagrih z nakladalno glavo cilindri \u017elice pomagajo tako pri izkopavanju kot pri dvigovanju. Uporabni so tudi pri \u010delnih nakladalnikih za ravnanje z ru\u0161evinami in drugimi te\u017ekimi materiali.<\/p>\n<h3>Kmetijska mehanizacija<\/h3>\n<p>\u017dli\u010dni cilindri so uporabni v kmetijski mehanizaciji za ravnanje z zemljo, senom in drugimi materiali. Uporabljajo se na \u010delnih nakladalnikih za zajemanje, dvigovanje in prevoz zemlje, sena in drugih materialov.<\/p>\n<h3>Bagri<\/h3>\n<p>Cilindri \u017elice omogo\u010dajo kopanje v bagrih tako, da \u017elici omogo\u010dajo prodiranje v zemljo. Omogo\u010dajo tudi dvigovanje, spu\u0161\u010danje in nagibanje \u017elice, kar olaj\u0161a opravljanje razli\u010dnih nalog ravnanja z materiali.<\/p>\n<h3>Nakladalci<\/h3>\n<p>Pri \u010delnih nakladalnikih cilindri \u017elice pomagajo pri u\u010dinkovitem dvigovanju in razkladanju blaga. Ker omogo\u010dajo dvigovanje, spu\u0161\u010danje in nagibanje \u017elice, olaj\u0161ajo opravljanje razli\u010dnih nalog ravnanja z materiali.<\/p>\n<h2>Oblikovalski vidiki in standardi izbire<\/h2>\n<p>Pri na\u010drtovanju cilindrov z \u017elico je treba upo\u0161tevati ve\u010d dejavnikov, vklju\u010dno z nosilnostjo, tesnjenjem, vzdr\u017eljivostjo, varnostjo in vzdr\u017eevanjem. Oglejmo si vsako to\u010dko podrobneje:<\/p>\n<h3>Nosilnost<\/h3>\n<p>Valji z \u017elico morajo biti zasnovani tako, da prenesejo visok tlak in velike obremenitve, da se prilagodijo zahtevnim delovnim okoljem. Obi\u010dajno so izdelani iz visoko trdnega jekla ali aluminija.<\/p>\n<h3>Tesnjenje<\/h3>\n<p>Valji z \u017elico uporabljajo razli\u010dne tesnilne komponente za prepre\u010devanje pu\u0161\u010danja. Pogosto uporabljene tesnilne komponente vklju\u010dujejo tesnilne obro\u010de bata, tesnilne obro\u010de palice itd. Tesnilne komponente so izdelane iz materialov, odpornih proti obrabi, kot sta poliuretan in nitrilna guma.<\/p>\n<h3>Vzdr\u017eljivost<\/h3>\n<p>Telo valja in navojna kon\u010dna povr\u0161ina sta fino obdelana za izbolj\u0161anje odpornosti proti obrabi. Redno dodajanje ustrezne koli\u010dine hidravli\u010dnega olja lahko pomaga mazanju valja in podalj\u0161a njegovo \u017eivljenjsko dobo.<\/p>\n<h3>Varnost<\/h3>\n<p>Jeklenke z vedrom morajo biti skladne z varnostnimi standardi, da se prepre\u010dijo nesre\u010de. Pomembno je zagotoviti, da je jeklenka pravilno name\u0161\u010dena in da so njeni obratovalni pogoji varni.<\/p>\n<h3>Vzdr\u017eevanje<\/h3>\n<p>Valji \u017elice zahtevajo redno vzdr\u017eevanje, da se zagotovi njihova dolgoro\u010dna zmogljivost. Vzdr\u017eevanje vklju\u010duje redne preglede, ustrezno mazanje, zamenjavo tesnil in preverjanje kalibracije.<\/p>\n<p><img decoding=\"async\" src=\"https:\/\/www.hydraulic-cylinders.net\/wp-content\/uploads\/2025\/01\/songte-oil-pipes-and-spare-parts.webp\" \/><\/p>\n<h2>Navodila za namestitev<\/h2>\n<p>Pri name\u0161\u010danju cilindrov z \u017elico je bistveno upo\u0161tevati pravilne postopke, da se zagotovi varno in u\u010dinkovito delovanje. Tukaj je nekaj nasvetov:<\/p>\n<ul>\n<li>Pravilna poravnava cilindra je klju\u010dnega pomena med namestitvijo.<\/li>\n<li>Za pritrditev cilindra uporabite ustrezne monta\u017ene nosilce.<\/li>\n<li>Priporo\u010deni postopki pregleda, popravila in zamenjave za podalj\u0161anje \u017eivljenjske dobe cilindra.<\/li>\n<\/ul>\n<h2>Vzdr\u017eevanje in popravila<\/h2>\n<p>Redno vzdr\u017eevanje in popravila so klju\u010dnega pomena za zagotovitev pravilnega delovanja cilindra vedra. Tukaj so tri pogosta vzdr\u017eevalna opravila:<\/p>\n<ul>\n<li>Ob\u010dasno preverite jeklenko glede po\u0161kodb ali pu\u0161\u010danja in po\u0161kodovane komponente nemudoma popravite ali zamenjajte.<\/li>\n<li>Pravilno mazanje je bistvenega pomena za nemoteno delovanje. Zagotovite, da je valj pravilno namazan v skladu z navodili proizvajalca.<\/li>\n<li>Redna menjava tesnil in preverjanje kalibracije lahko pomagata prepre\u010diti pu\u0161\u010danje in zagotoviti pravilno delovanje.<\/li>\n<\/ul>\n<p><img decoding=\"async\" src=\"https:\/\/www.hydraulic-cylinders.net\/wp-content\/uploads\/2025\/01\/songte-chushion-collar.webp\" \/><\/p>\n<h2>Varnostni vidiki in okoljski dejavniki<\/h2>\n<p>Pri uporabi jeklenk z vedrom je treba upo\u0161tevati varnostne ukrepe, da se prepre\u010dijo nesre\u010de. Pri uporabi jeklenk z vedrom je pomembno upo\u0161tevati tudi okoljske dejavnike.<\/p>\n<ul>\n<li>Pri uporabi jeklenk z vedrom upo\u0161tevajte navodila proizvajalca in varnostne smernice.<\/li>\n<li>Zagotovite, da je delovno okolje varno in brez nevarnosti, ki bi lahko vplivale na delovanje jeklenke.<\/li>\n<li>Jeklenke z vedrom lahko onesna\u017eijo okolje, \u010de se ne uporabljajo in ne odlagajo pravilno. Zato je nujno upo\u0161tevati ustrezne okoljske zakone in predpise.<\/li>\n<\/ul>\n<p><img decoding=\"async\" src=\"https:\/\/www.hydraulic-cylinders.net\/wp-content\/uploads\/2025\/01\/songte-bushings-with-all-kinds-of-excavator-models.webp\" \/><\/p>\n<h2>Odpravljanje te\u017eav in pogoste te\u017eave<\/h2>\n<p>Z valji \u017elice se lahko pojavijo te\u017eave, ki lahko vplivajo na njihovo delovanje. Tukaj je nekaj pogostih te\u017eav:<\/p>\n<ul>\n<li>Pu\u0161\u010danje: Pogosta te\u017eava z vedrnimi cilindri je pu\u0161\u010danje olja, ki ga lahko povzro\u010dijo obrabljena tesnila, slaba namestitev ali po\u0161kodba ohi\u0161ja ali palice cilindra.<\/li>\n<li>Slabo delovanje: Cilindri \u017elice morda ne bodo delovali pravilno zaradi po\u0161kodbe ohi\u0161ja ali palice cilindra ali nezadostne koli\u010dine hidravli\u010dnega olja za mazanje cilindra.<\/li>\n<li>Hrupno delovanje: To te\u017eavo lahko povzro\u010dijo obrabljena tesnila, nezadostno mazanje ali po\u0161kodba ohi\u0161ja ali batnice valja.<\/li>\n<\/ul>\n<p>Tukaj je nekaj nasvetov za odpravo teh te\u017eav:<\/p>\n<ul>\n<li>Pu\u0161\u010danje: Popravite ali zamenjajte po\u0161kodovana ali obrabljena tesnila, zagotovite pravilno namestitev in preglejte ohi\u0161je in batnico valja.<\/li>\n<li>Slabo delovanje: Preverite valj glede po\u0161kodb, zagotovite, da je pravilno namazan in da ima dovolj hidravli\u010dnega olja.<\/li>\n<li>Hrupno delovanje: Zamenjajte obrabljena tesnila, jih pravilno nama\u017eite in preverite, ali je valj po\u0161kodovan.<\/li>\n<\/ul>\n<h2>O nas<\/h2>\n<p>Smo proizvajalec hidravli\u010dnih cilindrov, ki lahko nadomestijo hidravli\u010dne cilindre. Na\u0161e podjetje ima celovito paleto izdelkov, zaradi \u010desar je eden vodilnih proizvajalcev in veleprodajnih distributerjev hidravli\u010dnih cilindrov na doma\u010dem in tujem trgu. Sledimo na\u010delu odli\u010dne kakovosti, se zana\u0161amo na strategijo upravljanja industrijske proizvodnje prefinjene proizvodne delavnice in nenehno izbolj\u0161ujemo proizvodno platformo delavnice s tehnolo\u0161kimi talenti, digitalno vrhunsko proizvodno opremo in profesionalnimi sistemi testiranja. Imamo mo\u010dne ustvarjalne sposobnosti ter na\u010dela u\u010dinkovitosti, natan\u010dnosti in kakovosti, da zadovoljimo raznolike potrebe strank.<\/p>\n<p>Tukaj je ve\u010d informacij o na\u0161em podjetju:<\/p>\n<ul>\n<li>Profesionalnost: Imamo ekipo profesionalnih in\u017eenirjev in tehnikov, ki so predani izdelavi visokokakovostnih hidravli\u010dnih cilindrov.<\/li>\n<li>Mednarodni certifikat: Na\u0161i izdelki so prestali mednarodni certifikat in ustrezajo svetovnim standardom kakovosti.<\/li>\n<li>Prilagoditev: Ponujamo prilagojene storitve, ki ustrezajo edinstvenim potrebam na\u0161ih strank.<\/li>\n<li>Proizvodna oprema: Za izdelavo visokokakovostnih hidravli\u010dnih cilindrov uporabljamo napredno proizvodno opremo, vklju\u010dno s CNC stroji.<\/li>\n<li>Poprodajne storitve: Nudimo poprodajne storitve za zagotavljanje zadovoljstva strank in ohranjanje dolgoro\u010dnih odnosov z na\u0161imi strankami.<\/li>\n<\/ul>\n<p><img decoding=\"async\" src=\"https:\/\/hzpt.com\/wp-content\/uploads\/2024\/11\/songte-company-1.webp\" \/><\/p>\n<h4>Avtor: lyl<\/h4>","protected":false},"excerpt":{"rendered":"<p>Bucket Cylinder For XCMG Middle Excavator XE215CA Introduction A bucket cylinder is a specially designed hydraulic cylinder primarily used to control the movement of buckets in heavy machinery such as excavators, backhoe excavators, and front loaders. Its primary function is to enable the bucket to lift, lower, and tilt, making it easier to handle various [&hellip;]<\/p>","protected":false},"featured_media":14778,"comment_status":"open","ping_status":"closed","template":"","meta":{"_et_pb_use_builder":"","_et_pb_old_content":"","_et_gb_content_width":""},"product_brand":[],"product_cat":[1494],"product_tag":[1495,1496],"class_list":{"0":"post-15469","1":"product","2":"type-product","3":"status-publish","4":"has-post-thumbnail","6":"product_cat-bucket-cylinders","7":"product_tag-bucket-cylinders","8":"product_tag-hydraulic-cylinders","10":"first","11":"instock","12":"shipping-taxable","13":"product-type-simple"},"amp_enabled":true,"_links":{"self":[{"href":"https:\/\/www.hydraulic-cylinders.net\/sl\/wp-json\/wp\/v2\/product\/15469","targetHints":{"allow":["GET"]}}],"collection":[{"href":"https:\/\/www.hydraulic-cylinders.net\/sl\/wp-json\/wp\/v2\/product"}],"about":[{"href":"https:\/\/www.hydraulic-cylinders.net\/sl\/wp-json\/wp\/v2\/types\/product"}],"replies":[{"embeddable":true,"href":"https:\/\/www.hydraulic-cylinders.net\/sl\/wp-json\/wp\/v2\/comments?post=15469"}],"wp:featuredmedia":[{"embeddable":true,"href":"https:\/\/www.hydraulic-cylinders.net\/sl\/wp-json\/wp\/v2\/media\/14778"}],"wp:attachment":[{"href":"https:\/\/www.hydraulic-cylinders.net\/sl\/wp-json\/wp\/v2\/media?parent=15469"}],"wp:term":[{"taxonomy":"product_brand","embeddable":true,"href":"https:\/\/www.hydraulic-cylinders.net\/sl\/wp-json\/wp\/v2\/product_brand?post=15469"},{"taxonomy":"product_cat","embeddable":true,"href":"https:\/\/www.hydraulic-cylinders.net\/sl\/wp-json\/wp\/v2\/product_cat?post=15469"},{"taxonomy":"product_tag","embeddable":true,"href":"https:\/\/www.hydraulic-cylinders.net\/sl\/wp-json\/wp\/v2\/product_tag?post=15469"}],"curies":[{"name":"delovni list","href":"https:\/\/api.w.org\/{rel}","templated":true}]}}