{"id":1547,"date":"2023-09-28T08:19:40","date_gmt":"2023-09-28T08:19:40","guid":{"rendered":"https:\/\/hydraulic-cylinders.net\/?post_type=product&#038;p=1547"},"modified":"2025-04-15T05:44:38","modified_gmt":"2025-04-15T05:44:38","slug":"mobile-crane-luffing-cylinder","status":"publish","type":"product","link":"https:\/\/www.hydraulic-cylinders.net\/sl\/izdelek\/mobile-crane-luffing-cylinder\/","title":{"rendered":"Valj za dvigovanje mobilnega \u017eerjava"},"content":{"rendered":"<h1 style=\"text-align: center;\"><strong>Valj za dvigovanje mobilnega \u017eerjava<\/strong><\/h1>\n<p><img loading=\"lazy\" decoding=\"async\" class=\"aligncenter wp-image-1548\" src=\"https:\/\/hydraulic-cylinders.net\/wp-content\/uploads\/2023\/09\/luffing-cylinder-1-2-300x300.webp\" alt=\"\" width=\"400\" height=\"400\" \/><\/p>\n<p>Dvi\u017eni cilinder mobilnega \u017eerjava je bistvenega pomena v sistemih mobilnih \u017eerjavov in je zasnovan za izbolj\u0161anje navpi\u010dnega dosega in u\u010dinkovitosti dvigovanja teh zmogljivih strojev. Ta hidravli\u010dni cilinder igra klju\u010dno vlogo pri nastavljanju kota roke \u017eerjava, kar omogo\u010da upravljavcem, da roko gladko in natan\u010dno iztegnejo ali umaknejo.<\/p>\n<p>Dvi\u017eni valj mobilnega \u017eerjava je klju\u010dnega pomena za izbolj\u0161anje vertikalnega dosega, u\u010dinkovitosti dvigovanja in splo\u0161ne zmogljivosti mobilnih \u017eerjavov. Z robustno konstrukcijo, natan\u010dno nastavitvijo kota, raz\u0161irjenim vertikalnim prostorom in izbolj\u0161ano dvi\u017eno zmogljivostjo ta hidravli\u010dni valj omogo\u010da upravljavcem enostavno in varno krmarjenje po zahtevnih gradbi\u0161\u010dih in industrijskih okoljih. Z upo\u0161tevanjem priporo\u010denih metod uporabe in vzdr\u017eevalnih praks lahko upravljavci pove\u010dajo \u017eivljenjsko dobo in zmogljivost dvigalnega valja mobilnega \u017eerjava, kar prispeva k ve\u010dji produktivnosti, u\u010dinkovitosti in samozavesti upravljavca pri opravljanju razli\u010dnih dvi\u017enih nalog. Investirajte v to bistveno hidravli\u010dno komponento, da pove\u010date zmogljivosti svojega mobilnega \u017eerjava ter zagotovite uspe\u0161no in u\u010dinkovito delovanje v razli\u010dnih gradbenih in industrijskih aplikacijah.<\/p>\n<p>Klju\u010dne zna\u010dilnosti dvigalnega cilindra mobilnega \u017eerjava:<\/p>\n<ol>\n<li>Robustna konstrukcija:<\/li>\n<\/ol>\n<ul>\n<li>Dvigalni valj mobilnega \u017eerjava je izdelan iz visokokakovostnih materialov, kar zagotavlja vzdr\u017eljivost, trdnost in odpornost na velike obremenitve in te\u017eke okoljske razmere.<\/li>\n<li>Zasnovan je tako, da prenese obremenitve zahtevnih gradbi\u0161\u010d in ohranja optimalno delovanje dlje \u010dasa.<\/li>\n<\/ul>\n<ol start=\"2\">\n<li>Natan\u010dna nastavitev kota:<\/li>\n<\/ol>\n<ul>\n<li>Ta hidravli\u010dni cilinder omogo\u010da natan\u010dno nastavitev kota roke \u017eerjava, kar upravljavcem zagotavlja natan\u010den nadzor nad navpi\u010dnim dosegom in pozicioniranjem.<\/li>\n<li>Ponuja gladko in odzivno gibanje, kar omogo\u010da natan\u010dno postavitev tovora in zmanj\u0161uje tveganje trkov ali nesre\u010d.<\/li>\n<\/ul>\n<ol start=\"3\">\n<li>Raz\u0161irjen vertikalni doseg:<\/li>\n<\/ol>\n<ul>\n<li>Dvi\u017eni valj mobilnega \u017eerjava podalj\u0161a navpi\u010dni doseg \u017eerjava s prilagajanjem kota roke.<\/li>\n<li>Izbolj\u0161a fleksibilnost \u017eerjava pri dostopu do dvignjenih delovnih obmo\u010dij, kot so visoka gradbi\u0161\u010da ali industrijski objekti.<\/li>\n<\/ul>\n<ol start=\"4\">\n<li>U\u010dinkovitost dvigovanja:<\/li>\n<\/ol>\n<ul>\n<li>Z optimizacijo kota roke dvigalni valj izbolj\u0161a u\u010dinkovitost dvigovanja mobilnega \u017eerjava.<\/li>\n<li>Omogo\u010da bolj\u0161o porazdelitev obremenitve, zmanj\u0161anje obremenitve komponent \u017eerjava in izbolj\u0161anje celotne dvi\u017ene zmogljivosti.<\/li>\n<\/ul>\n<h2><strong>Parameter cilindra za dvigovanje mobilnega \u017eerjava:<\/strong><\/h2>\n<table border=\"1\" cellspacing=\"0\" cellpadding=\"0\">\n<tbody>\n<tr>\n<td>Ime izdelka<\/td>\n<td>Valj za dvigovanje mobilnega \u017eerjava<\/td>\n<\/tr>\n<tr>\n<td>Zna\u010dilnosti:<\/td>\n<td>Zavedanje, da je vrtenje roke navzgor in navzdol glavna gonilna sila dvigovanja<\/td>\n<\/tr>\n<tr>\n<td>Premer izvrtine:<\/td>\n<td>100 mm\uff5e560 mm<\/td>\n<\/tr>\n<tr>\n<td>Premer palice:<\/td>\n<td>50 mm\uff5e480 mm<br \/>\nHod \u2264 5000 mm<\/td>\n<\/tr>\n<tr>\n<td>Tlak:<\/td>\n<td>Najve\u010d 36 MPa<\/td>\n<\/tr>\n<tr>\n<td>Uporaba nihajnega cilindra:<\/td>\n<td>Mobilni \u017eerjav<\/td>\n<\/tr>\n<\/tbody>\n<\/table>\n<h2><strong>Diagram identifikacije mobilnega \u017eerjava:<\/strong><\/h2>\n<p><img loading=\"lazy\" decoding=\"async\" class=\"alignnone wp-image-1551 size-full\" src=\"https:\/\/hydraulic-cylinders.net\/wp-content\/uploads\/2023\/09\/mobile-crane-cylinder-construction-1.webp\" alt=\"\" width=\"1418\" height=\"946\" srcset=\"https:\/\/hydraulic-cylinders.net\/wp-content\/uploads\/2023\/09\/mobile-crane-cylinder-construction-1.webp 1418w, https:\/\/hydraulic-cylinders.net\/wp-content\/uploads\/2023\/09\/mobile-crane-cylinder-construction-1-1280x854.webp 1280w, https:\/\/hydraulic-cylinders.net\/wp-content\/uploads\/2023\/09\/mobile-crane-cylinder-construction-1-980x654.webp 980w, https:\/\/hydraulic-cylinders.net\/wp-content\/uploads\/2023\/09\/mobile-crane-cylinder-construction-1-480x320.webp 480w\" sizes=\"(min-width: 0px) and (max-width: 480px) 480px, (min-width: 481px) and (max-width: 980px) 980px, (min-width: 981px) and (max-width: 1280px) 1280px, (min-width: 1281px) 1418px, 100vw\" \/><\/p>\n<h2><strong>Metoda uporabe cilindra za dvigovanje mobilnega \u017eerjava<\/strong><strong>:<\/strong><\/h2>\n<ol>\n<li><strong>Varnostni ukrepi:<\/strong><\/li>\n<\/ol>\n<ul>\n<li>Pred uporabo mobilnega \u017eerjava se prepri\u010dajte, da so upo\u0161tevani vsi varnostni predpisi in smernice.<\/li>\n<li>Opravite temeljit pregled \u017eerjava in njegovih sestavnih delov, vklju\u010dno z dvigalnim cilindrom, da se prepri\u010date, da so v brezhibnem delovnem stanju.<\/li>\n<\/ul>\n<ol start=\"2\">\n<li><strong>Seznanite se s kontrolami:<\/strong><\/li>\n<\/ol>\n<ul>\n<li>Razumeti morate krmilne mehanizme in operativne postopke, specifi\u010dne za va\u0161 model mobilnega \u017eerjava.<\/li>\n<li>Dolo\u010dite krmilni element za nastavitev kota nagiba in se prepri\u010dajte, da deluje pravilno.<\/li>\n<\/ul>\n<ol start=\"3\">\n<li><strong>Nastavitev kota nagiba:<\/strong><\/li>\n<\/ol>\n<ul>\n<li>Aktivirajte krmilnik za valj za dvigovanje, ki se obi\u010dajno nahaja v kabini upravljavca.<\/li>\n<li>Z upravljalnikom iztegnite ali spustite roko in prilagodite kot nagiba, kot je potrebno za dvigovanje.<\/li>\n<li>Upo\u0161tevajte diagrame obremenitve in navodila proizvajalca za ustrezne kote nagiba glede na te\u017eo in polmer tovora.<\/li>\n<\/ul>\n<ol start=\"4\">\n<li><strong>Postavitev in spremljanje obremenitve:<\/strong><\/li>\n<\/ol>\n<ul>\n<li>Ko dose\u017eete \u017eeleni kot nagiba, previdno pozicionirajte tovor z uporabo drugih krmilnih elementov \u017eerjava, kot sta dvi\u017eni in nihalni mehanizem.<\/li>\n<li>Neprekinjeno spremljajte obremenitev in prilagajajte kot nagiba, da ohranite stabilnost in varnost med dvigovanjem.<\/li>\n<\/ul>\n<h2><strong>Kako sprostiti tlak v hidravli\u010dnem sistemu?<\/strong><\/h2>\n<p>Sprostitev tlaka iz hidravli\u010dnega sistema je nujen varnostni postopek, ki ga je treba upo\u0161tevati pri vsakem vzdr\u017eevanju ali popravilu. Tukaj so splo\u0161ni koraki za sprostitev tlaka iz hidravli\u010dnega sistema:<\/p>\n<ol>\n<li><strong>Dolo\u010dite vir napajanja:<\/strong>\n<ul>\n<li>Dolo\u010dite vir energije, ki dovaja tlak v hidravli\u010dni sistem, kot je elektromotor, \u010drpalka, ki jo poganja motor, ali ro\u010dna \u010drpalka.<\/li>\n<li>Poi\u0161\u010dite stikalo za vklop ali regulacijski ventil, povezan z virom napajanja.<\/li>\n<\/ul>\n<\/li>\n<li><strong>Izklopite vir napajanja:<\/strong>\n<ul>\n<li>Izklopite stikalo za vklop ali regulacijski ventil, da prepre\u010dite, da bi vir napajanja dovajal tlak v hidravli\u010dni sistem.<\/li>\n<li>\u010ce hidravli\u010dni sistem poganja motor, ga popolnoma izklopite.<\/li>\n<\/ul>\n<\/li>\n<li><strong>Vklju\u010dite sistemske kontrole:<\/strong>\n<ul>\n<li>Z uporabo krmilnih ventilov ali stikal na hidravli\u010dnem sistemu premaknite aktuatorje ali komponente v nevtralni ali mirovalni polo\u017eaj.<\/li>\n<li>Ta korak pomaga sprostiti preostali tlak in omogo\u010di, da se hidravli\u010dna teko\u010dina vrne v rezervoar.<\/li>\n<\/ul>\n<\/li>\n<li><strong>Sprostitev tlaka na \u010drpalki:<\/strong>\n<ul>\n<li>\u010ce ima hidravli\u010dni sistem \u010drpalko z varnostnim ventilom, poi\u0161\u010dite ventil.<\/li>\n<li>Obrnite tla\u010dni varnostni ventil v nasprotni smeri urinega kazalca (ali kot je dolo\u010dil proizvajalec), da postopoma sprostite tlak.<\/li>\n<li>\u010ce je na voljo, preverite manometer sistema, da se prepri\u010date, da je tlak spro\u0161\u010den.<\/li>\n<\/ul>\n<\/li>\n<li><strong>Odzra\u010dite sistem:<\/strong>\n<ul>\n<li>V nekaterih hidravli\u010dnih sistemih je lahko ujet zrak, kar lahko povzro\u010di kopi\u010denje tlaka.<\/li>\n<li>Za izpust zraka odprite odzra\u010devalne ventile ali strate\u0161ko zrahljajte priklju\u010dke, da lahko zrak uhaja.<\/li>\n<li>Za\u010dnite od najni\u017ejih to\u010dk v sistemu in se pomikajte proti najvi\u0161jim to\u010dkam.<\/li>\n<li>Sistem odzra\u010devalno nastavite, dokler ne opazite enakomernega pretoka hidravli\u010dne teko\u010dine brez zra\u010dnih mehur\u010dkov.<\/li>\n<\/ul>\n<\/li>\n<li><strong>Preverite sprostitev tlaka:<\/strong>\n<ul>\n<li>Preverite manometer, \u010de je na voljo, da se prepri\u010date, da je tlak popolnoma izpu\u0161\u010den.<\/li>\n<li>Dvakrat preverite krmilne elemente sistema, da se prepri\u010date, da so vsi aktuatorji in komponente nevtralni ali v mirovanju.<\/li>\n<\/ul>\n<\/li>\n<\/ol>\n<h2><strong>Zmogljivost in zmogljivost tovarne:<\/strong><\/h2>\n<h3>(1) Sestavljanje<\/h3>\n<p>Imamo prvovrstno neodvisno platformo za raziskave in razvoj. Delavnica za proizvodnjo hidravli\u010dnih cilindrov ima \u0161tiri polavtomatske monta\u017ene linije za dvi\u017ene cilindre in eno avtomatsko monta\u017eno linijo za nagibne cilindre z letno proizvodno zmogljivostjo 1 milijona kosov. Delavnica za posebne cilindre je opremljena z razli\u010dnimi specifikacijami polavtomatskega sistema za \u010di\u0161\u010denje in monta\u017eo z letno proizvodno zmogljivostjo 200.000 kosov ter znano CNC obdelovalno opremo, obdelovalnim centrom, visoko precizno posebno opremo za obdelavo cilindrov, robotskim varilnim strojem, avtomatskim \u010distilnim strojem, avtomatskim strojem za monta\u017eo cilindrov in avtomatsko proizvodno linijo za barvanje. Obstoje\u010da kriti\u010dna oprema obsega ve\u010d kot 300 kompletov (kompletov). Optimalna razporeditev in u\u010dinkovita uporaba opremnih virov zagotavljata zahteve glede natan\u010dnosti izdelkov in izpolnjujeta visoke zahteve glede kakovosti izdelkov.<\/p>\n<p><img loading=\"lazy\" decoding=\"async\" class=\"alignnone wp-image-626\" src=\"https:\/\/hydraulic-cylinders.net\/wp-content\/uploads\/2023\/08\/hydraulic-cylinder-product-1-300x158.webp\" alt=\"\" width=\"495\" height=\"260\" srcset=\"https:\/\/hydraulic-cylinders.net\/wp-content\/uploads\/2023\/08\/hydraulic-cylinder-product-1-300x158.webp 495w, https:\/\/hydraulic-cylinders.net\/wp-content\/uploads\/2023\/08\/hydraulic-cylinder-product-1-480x252.webp 480w\" sizes=\"(min-width: 0px) and (max-width: 480px) 480px, (min-width: 481px) 495px, 100vw\" \/> <img loading=\"lazy\" decoding=\"async\" class=\"alignnone wp-image-627\" src=\"https:\/\/hydraulic-cylinders.net\/wp-content\/uploads\/2023\/08\/hydraulic-cylinder-product-2-300x189.webp\" alt=\"\" width=\"413\" height=\"260\" \/><\/p>\n<h3>(2) Strojna obdelava<\/h3>\n<p>Strojna delavnica je opremljena s prilagojenim centrom za stru\u017eenje nagnjenih tirnic, obdelovalnim centrom, visokohitrostnim strojem za honanje, varilnim robotom in drugo sorodno opremo, ki lahko obdeluje cilindri\u010dne cevi z najve\u010djim notranjim premerom 400 mm in najve\u010djo dol\u017eino 6 metrov.<\/p>\n<p><img loading=\"lazy\" decoding=\"async\" class=\"alignnone wp-image-628 size-large\" src=\"https:\/\/hydraulic-cylinders.net\/wp-content\/uploads\/2023\/08\/hydraulic-cylinder-product-3-1024x391.webp\" alt=\"\" width=\"1024\" height=\"391\" srcset=\"https:\/\/hydraulic-cylinders.net\/wp-content\/uploads\/2023\/08\/hydraulic-cylinder-product-3-980x374.webp 980w, https:\/\/hydraulic-cylinders.net\/wp-content\/uploads\/2023\/08\/hydraulic-cylinder-product-3-480x183.webp 480w\" sizes=\"(min-width: 0px) and (max-width: 480px) 480px, (min-width: 481px) and (max-width: 980px) 980px, (min-width: 981px) 1024px, 100vw\" \/><\/p>\n<h3>(3) Varjenje<\/h3>\n<p><img loading=\"lazy\" decoding=\"async\" class=\"alignnone wp-image-629 size-large\" src=\"https:\/\/hydraulic-cylinders.net\/wp-content\/uploads\/2023\/08\/hydraulic-cylinder-product-4-1024x510.webp\" alt=\"\" width=\"1024\" height=\"510\" srcset=\"https:\/\/hydraulic-cylinders.net\/wp-content\/uploads\/2023\/08\/hydraulic-cylinder-product-4-980x488.webp 980w, https:\/\/hydraulic-cylinders.net\/wp-content\/uploads\/2023\/08\/hydraulic-cylinder-product-4-480x239.webp 480w\" sizes=\"(min-width: 0px) and (max-width: 480px) 480px, (min-width: 481px) and (max-width: 980px) 980px, (min-width: 981px) 1024px, 100vw\" \/><\/p>\n<h3>(4) Barvanje in premazovanje<\/h3>\n<p>Z majhnimi in srednje velikimi cilindri\u010dnimi avtomatskimi linijami za barvanje na vodni osnovi, za doseganje avtomatskega nakladanja in razkladanja robotov ter avtomatskega brizganja, je projektna zmogljivost 4000 kosov na izmeno;<br \/>\nImamo tudi polavtomatsko linijo za proizvodnjo barv za velike jeklenke, ki jo poganja veriga, s projektno zmogljivostjo 60 zabojev na izmeno.<\/p>\n<p><img loading=\"lazy\" decoding=\"async\" class=\"alignnone wp-image-630\" src=\"https:\/\/hydraulic-cylinders.net\/wp-content\/uploads\/2023\/08\/hydraulic-cylinder-product-5-300x213.webp\" alt=\"\" width=\"366\" height=\"260\" \/> <img loading=\"lazy\" decoding=\"async\" class=\"alignnone wp-image-631\" src=\"https:\/\/hydraulic-cylinders.net\/wp-content\/uploads\/2023\/08\/hydraulic-cylinder-product-6-300x225.webp\" alt=\"\" width=\"347\" height=\"260\" \/><\/p>\n<h3>(5) Testiranje<\/h3>\n<p>Imamo prvovrstne in\u0161pekcijske prostore in testne postaje, s katerimi zagotavljamo, da delovanje jeklenke izpolnjuje zahteve.<\/p>\n<p><img loading=\"lazy\" decoding=\"async\" class=\"alignnone wp-image-632\" src=\"https:\/\/hydraulic-cylinders.net\/wp-content\/uploads\/2023\/08\/hydraulic-cylinder-product-8-300x200.webp\" alt=\"\" width=\"389\" height=\"260\" \/><\/p>\n<p>&nbsp;<\/p>\n<p>&nbsp;<\/p>\n<p>Smo eden najbolj\u0161ih proizvajalcev hidravli\u010dnih cilindrov. Ponujamo vam celovite hidravli\u010dne cilindre. Zagotavljamo tudi ustrezne <a href=\"https:\/\/hzpt.com\/agricultural-pto-gearbox\/\" target=\"_blank\" rel=\"noopener\">kmetijski menjalniki<\/a>Na\u0161e izdelke smo izvozili strankam po vsem svetu in si prislu\u017eili dober ugled zaradi vrhunske kakovosti izdelkov in poprodajnih storitev. Z veseljem vas vabimo, da nas kontaktirate za poslovne dogovore, izmenjavo informacij in ... <a href=\"https:\/\/www.hydraulic-cylinders.net\/sl\/contact-us\/\">sodelujte z nami<\/a>!<\/p>","protected":false},"excerpt":{"rendered":"<p>Mobile Crane Luffing Cylinder The mobile crane luffing cylinder is essential in mobile crane systems and is designed to enhance these powerful machines&#8217; vertical reach and lifting efficiency. This hydraulic cylinder plays a crucial role in adjusting the angle of the crane&#8217;s boom, allowing operators to extend or retract the boom smoothly and precisely. The [&hellip;]<\/p>","protected":false},"featured_media":1560,"comment_status":"open","ping_status":"closed","template":"","meta":{"_et_pb_use_builder":"","_et_pb_old_content":"","_et_gb_content_width":""},"product_brand":[],"product_cat":[1550,1514,1552],"product_tag":[1380],"class_list":{"0":"post-1547","1":"product","2":"type-product","3":"status-publish","4":"has-post-thumbnail","6":"product_cat-double-acting-hydraulic-cylinder","7":"product_cat-mobile-crane-hydraulic-cylinders","8":"product_cat-stainless-steel-hydraulic-cylinder","9":"product_tag-hydraulic-cylinder","11":"first","12":"instock","13":"shipping-taxable","14":"product-type-simple"},"amp_enabled":true,"_links":{"self":[{"href":"https:\/\/www.hydraulic-cylinders.net\/sl\/wp-json\/wp\/v2\/product\/1547","targetHints":{"allow":["GET"]}}],"collection":[{"href":"https:\/\/www.hydraulic-cylinders.net\/sl\/wp-json\/wp\/v2\/product"}],"about":[{"href":"https:\/\/www.hydraulic-cylinders.net\/sl\/wp-json\/wp\/v2\/types\/product"}],"replies":[{"embeddable":true,"href":"https:\/\/www.hydraulic-cylinders.net\/sl\/wp-json\/wp\/v2\/comments?post=1547"}],"wp:featuredmedia":[{"embeddable":true,"href":"https:\/\/www.hydraulic-cylinders.net\/sl\/wp-json\/wp\/v2\/media\/1560"}],"wp:attachment":[{"href":"https:\/\/www.hydraulic-cylinders.net\/sl\/wp-json\/wp\/v2\/media?parent=1547"}],"wp:term":[{"taxonomy":"product_brand","embeddable":true,"href":"https:\/\/www.hydraulic-cylinders.net\/sl\/wp-json\/wp\/v2\/product_brand?post=1547"},{"taxonomy":"product_cat","embeddable":true,"href":"https:\/\/www.hydraulic-cylinders.net\/sl\/wp-json\/wp\/v2\/product_cat?post=1547"},{"taxonomy":"product_tag","embeddable":true,"href":"https:\/\/www.hydraulic-cylinders.net\/sl\/wp-json\/wp\/v2\/product_tag?post=1547"}],"curies":[{"name":"delovni list","href":"https:\/\/api.w.org\/{rel}","templated":true}]}}