{"id":15475,"date":"2025-01-19T14:34:39","date_gmt":"2025-01-19T14:34:39","guid":{"rendered":"https:\/\/www.hydraulic-cylinders.net\/product\/bucket-cylinder-for-xcmg-middle-excavator-xe235c\/"},"modified":"2025-01-19T14:34:41","modified_gmt":"2025-01-19T14:34:41","slug":"bucket-cylinder-for-xcmg-middle-excavator-xe235c","status":"publish","type":"product","link":"https:\/\/www.hydraulic-cylinders.net\/sl\/izdelek\/bucket-cylinder-for-xcmg-middle-excavator-xe235c\/","title":{"rendered":"Cilinder \u017elice za srednji bager XCMG XE235C"},"content":{"rendered":"<h1>Cilinder \u017elice za srednji bager XCMG XE235C<\/h1>\n<h2>Uvod<\/h2>\n<h3>Opredelitev cilindra vedra<\/h3>\n<p>Hidravli\u010dni cilinder \u017elice je vrsta hidravli\u010dnega cilindra, zasnovanega posebej za nadzor gibanja \u017elice v te\u017ekih strojih, kot so bagri, bagri nakladalniki in \u010delni nakladalniki. Njegova glavna funkcija je omogo\u010diti \u017elici dvigovanje, spu\u0161\u010danje in nagibanje, s \u010dimer olaj\u0161a razli\u010dna opravila ravnanja z materiali. V hidravli\u010dnem sistemu cilinder \u017elice dose\u017ee natan\u010den nadzor nad \u017elico z uravnavanjem tlaka hidravli\u010dnega olja, kar omogo\u010da upravljavcem u\u010dinkovito ravnanje s te\u017ekimi bremeni in prilagajanje kompleksnim delovnim okoljem ter raznolikim zahtevam dela.<\/p>\n<p><img decoding=\"async\" src=\"https:\/\/www.hydraulic-cylinders.net\/wp-content\/uploads\/2025\/01\/songte-company-2.webp\" alt=\"Slika valjaste \u017elice\"><\/p>\n<h2>Zna\u010dilnosti izdelka<\/h2>\n<h3>Visoka trdnost in vzdr\u017eljivost<\/h3>\n<p>Valji z \u017elico so obi\u010dajno izdelani iz visoko trdnega jekla ali aluminija, ki lahko prenese visok tlak in velike obremenitve ter se prilagaja te\u017ekim delovnim okoljem. Zasnovani so tako, da upo\u0161tevajo odpornost proti obrabi in koroziji, da podalj\u0161ajo \u017eivljenjsko dobo.<\/p>\n<h3>U\u010dinkovito hidravli\u010dno delovanje<\/h3>\n<p>Cilindri \u017elice izkori\u0161\u010dajo tlak hidravli\u010dnega olja za doseganje gladkega iztegovanja in vvla\u010devanja, se hitro odzivajo na krmilne ukaze in zagotavljajo mo\u010dne potisne in vle\u010dne sile, primerne za ravnanje s te\u017ekimi bremeni in kompleksnimi delovnimi nalogami.<\/p>\n<h3>Razli\u010dne vrste<\/h3>\n<p>Valje \u017elice je mogo\u010de izbrati glede na potrebe enosmernih (hidravlika se uporablja samo v eni smeri) ali dvosmernih (hidravlika se uporablja v dveh smereh) cilindrov, da se izpolnijo razli\u010dne obratovalne zahteve. Nekateri modeli so teleskopski, kar omogo\u010da ve\u010dji razteg brez pove\u010danja zunanjih dimenzij, primerni za uporabo z omejenim prostorom.<\/p>\n<h3>Popolna zamenjava<\/h3>\n<p>Na\u0161e podjetje proizvaja cilindre za \u017elice, ki lahko popolnoma nadomestijo te hidravli\u010dne cilindre. <\/p>\n<p><img decoding=\"async\" src=\"https:\/\/www.hydraulic-cylinders.net\/wp-content\/uploads\/2025\/01\/songte-cylinder-head-with-all-kinds-excavator-models.webp\" alt=\"Zamenjava cilindra \u017elice\"><\/p>\n<h2>Aplikacije<\/h2>\n<h3>Gradbena oprema<\/h3>\n<p>Pri bagrih so bistveni za kopanje, nakladanje in premikanje zemlje ali ru\u0161evin. Pri bagrih nakladalnikih \u017elicni cilindri pomagajo pri kopanju in dvigovanju. Pri \u010delnih nakladalnikih pomagajo pri u\u010dinkovitem dvigovanju in odlaganju tovora.<\/p>\n<h3>Kmetijska mehanizacija<\/h3>\n<p>Uporabljajo se za \u010delne nakladalnike, ki zajemajo, dvigujejo in preva\u017eajo zemljo, seno in druge materiale. Pri bagrih cilindri \u017elice dose\u017eejo izkop tako, da \u017elici omogo\u010dijo prodiranje v zemljo.<\/p>\n<h3>Podrobnosti o prijavi<\/h3>\n<p>Gradbena oprema: Pri bagrih je uporaba \u017elicskih cilindrov bistvenega pomena za kopanje, nakladanje in premikanje zemlje ali ru\u0161evin. Bagri nakladalniki menijo, da so \u017elicski cilindri uporabni za kopanje in dvigovanje. Pri \u010delnih nakladalnikih u\u010dinkovito pomagajo pri dvigovanju in odlaganju tovora. Kmetijski stroji: Uporabljajo se za \u010delne nakladalnike, ki zajemajo, dvigujejo in preva\u017eajo zemljo, seno in druge materiale. Pri bagrih \u017elicski cilindri dose\u017eejo izkop tako, da omogo\u010dajo, da \u017elica prodre v zemljo. <\/p>\n<p><img decoding=\"async\" src=\"https:\/\/www.hydraulic-cylinders.net\/wp-content\/uploads\/2025\/01\/songte-bushings-with-all-kinds-of-excavator-models.webp\" alt=\"Uporaba cilindra vedra\"><\/p>\n<h2>Oblikovalski vidiki in standardi izbire<\/h2>\n<h3>Nosilnost<\/h3>\n<p>Jeklenka z \u017elico mora biti sposobna prenesti velike obremenitve in delovati pod visokim tlakom. Material mora biti zelo trpe\u017een in vzdr\u017eljiv, kar zagotavlja, da jeklenka prenese zahtevna delovna okolja in traja dlje.<\/p>\n<h3>Tesnilna zmogljivost<\/h3>\n<p>Valj vedra mora uporabljati razli\u010dne tesnilne komponente, kot so tesnila bata, tesnila palice in obrabni obro\u010di, ki zagotavljajo visoko raven tesnjenja skozi celotno \u017eivljenjsko dobo valja. Izbrane tesnilne komponente morajo biti izdelane iz materialov, odpornih proti obrabi, kot sta poliuretan in nitrilna guma.<\/p>\n<h3>Vzdr\u017eljivost<\/h3>\n<p>Cilinder z \u017elico mora biti sposoben prenesti zahtevna delovna okolja, kar pomeni, da mora biti izdelan iz visokokakovostnih, obrabno odpornih materialov.<\/p>\n<h3>Varnost<\/h3>\n<p>Jeklenka z vedrom mora biti zasnovana z mislijo na varnost, da se zagotovi varnost uporabe za upravljavce. Varnostne funkcije lahko vklju\u010dujejo tla\u010dne varnostne ventile, bla\u017eilne naprave in druge varnostne mehanizme.<\/p>\n<h3>Vzdr\u017eevanje<\/h3>\n<p>Cilinder z \u017elico mora biti zasnovan tako, da ga je mogo\u010de enostavno vzdr\u017eevati, kar omogo\u010da enostaven pregled, popravilo in zamenjavo komponent. Redno vzdr\u017eevanje je treba izvajati, da se zagotovi optimalno delovanje cilindra.<\/p>\n<p><img decoding=\"async\" src=\"https:\/\/www.hydraulic-cylinders.net\/wp-content\/uploads\/2025\/01\/songte-oil-pipes-and-spare-parts.webp\" alt=\"Zasnova cilindra vedra\"><\/p>\n<h2>Tesnjenje in mazanje<\/h2>\n<p>Za ohranjanje tesnilne u\u010dinkovitosti se valj\u010dki uporabljajo razli\u010dni tesnilni elementi, kot so tesnila bata in tesnila palic. Izbrani tesnilni elementi morajo biti izdelani iz materialov, odpornih proti obrabi, kot sta poliuretan in nitrilna guma. Telo valja in navojne kon\u010dne povr\u0161ine morajo biti fino obdelane za izbolj\u0161anje odpornosti proti obrabi. Potrebno je redno mazanje in redno dodajanje ustrezne koli\u010dine hidravli\u010dnega olja za zagotovitev nemotenega delovanja valja.<\/p>\n<h2>Pregled in vzdr\u017eevanje<\/h2>\n<h3>Redni pregled<\/h3>\n<p>Redni pregledi cilindrov z \u017elico so potrebni za zagotovitev njihovega optimalnega delovanja. Pregledi lahko vklju\u010dujejo preverjanje pu\u0161\u010danja ali po\u0161kodb, pregled tesnil in pregled obrabe ohi\u0161ja cilindra.<\/p>\n<h3>Pravilno mazanje<\/h3>\n<p>Proper lubrication is essential for the bucket cylinder to operate smoothly. Lubrication should be carried out according to the manufacturer&#8217;s instructions, and the appropriate amount of hydraulic oil should be added regularly.<\/p>\n<h3>Zamenjava tesnila in preverjanje kalibracije<\/h3>\n<p>Tesnila je treba redno menjati, da se zagotovi visoka raven tesnjenja cilindra. Izvajati je treba tudi kalibracijske preglede, da se zagotovi optimalno delovanje cilindra.<\/p>\n<p><img decoding=\"async\" src=\"https:\/\/www.hydraulic-cylinders.net\/wp-content\/uploads\/2025\/01\/songte-chushion-collar.webp\" alt=\"Pregled in vzdr\u017eevanje cilindra \u017elice\"><\/p>\n<h2>Varnostni vidiki in okoljski dejavniki<\/h2>\n<p>Pri uporabi jeklenk z vedrom so bistveni varnostni ukrepi. Upravljavci morajo biti usposobljeni za pravilno uporabo jeklenke, name\u0161\u010dene pa morajo biti tudi varnostne funkcije, kot so varnostni ventili in bla\u017eilne naprave. Okoljski dejavniki, kot sta temperatura in vla\u017enost, lahko vplivajo na delovanje jeklenke, zato se morajo upravljavci teh dejavnikov zavedati pri uporabi jeklenke.<\/p>\n<h2>Diagnostika napak in odpravljanje te\u017eav<\/h2>\n<p>Pogoste te\u017eave z cilindri \u017elice vklju\u010dujejo pu\u0161\u010danje, po\u0161kodbe in nezmo\u017enost iztegovanja ali vstavljanja. \u010ce valj pu\u0161\u010da, je to lahko posledica po\u0161kodovanih tesnil ali obrabljenih komponent. \u010ce se valj ne izteguje ali vstavlja pravilno, je to lahko posledica po\u0161kodovanega bata ali ohi\u0161ja valja. Nasveti za odpravljanje te\u017eav lahko vklju\u010dujejo pregled in zamenjavo po\u0161kodovanih komponent, preverjanje nivoja hidravli\u010dne teko\u010dine in pregled hidravli\u010dnega sistema glede morebitnih te\u017eav.<\/p>\n<p><img decoding=\"async\" src=\"https:\/\/hzpt.com\/wp-content\/uploads\/2024\/11\/songte-company-1.webp\" alt=\"Odpravljanje te\u017eav z cilindrom \u017elice\"><\/p>\n<h2>O na\u0161em podjetju<\/h2>\n<p>Smo proizvajalec hidravli\u010dnih cilindrov, ki lahko nadomestijo cilindre drugih blagovnih znamk. Na\u0161e podjetje ponuja \u0161iroko paleto izdelkov, zaradi \u010desar smo eden vodilnih proizvajalcev in veleprodajnih distributerjev hidravli\u010dnih cilindrov na doma\u010dem in mednarodnem trgu. Dr\u017eimo se odli\u010dne kakovosti in se zana\u0161amo na strategije upravljanja industrijske proizvodnje, ki temeljijo na finih proizvodnih delavnicah. Na\u0161e podjetje nenehno izbolj\u0161uje proizvodno platformo delavnice, izpopolnjuje pot kakovosti proizvodnje in ima mo\u010dne ustvarjalne sposobnosti za zadovoljevanje raznolikih potreb strank z visoko u\u010dinkovitostjo, visoko natan\u010dnostjo in visoko kakovostjo. <\/p>\n<p><img decoding=\"async\" src=\"https:\/\/www.hydraulic-cylinders.net\/wp-content\/uploads\/2025\/01\/songte-company-3.webp\" alt=\"Podjetje za valje z vedri\"><\/p>\n<h3>Profesionalnost<\/h3>\n<p>Na\u0161e podjetje ima ekipo strokovnjakov z bogatimi tehni\u010dnimi izku\u0161njami in odli\u010dnimi raziskovalnimi in razvojnimi zmogljivostmi, ki strankam zagotavljajo profesionalne in prilagojene storitve.<\/p>\n<h3>Mednarodno certificiranje<\/h3>\n<p>Na\u0161e podjetje je pridobilo mednarodne certifikate, kot sta ISO9001 in CE, kar zagotavlja, da na\u0161i izdelki izpolnjujejo najvi\u0161je standarde kakovosti.<\/p>\n<h3>Storitev prilagajanja<\/h3>\n<p>Our company provides customized services to meet customers&#8217; different needs, including customized design and production.<\/p>\n<h3>Proizvodna oprema<\/h3>\n<p>Na\u0161e podjetje ima napredno, digitalizirano vrhunsko proizvodno opremo in testne sisteme za zagotavljanje kakovosti in u\u010dinkovitosti izdelkov.<\/p>\n<h3>Poprodajne storitve<\/h3>\n<p>Na\u0161e podjetje strankam zagotavlja visokokakovostne poprodajne storitve, vklju\u010dno s popravilom in zamenjavo izdelkov, da bi zagotovili dolgoro\u010dno in trajnostno uporabo na\u0161ih izdelkov.<\/p>\n<h2>Opomba avtorja<\/h2>\n<p>Avtor: lyl<\/p>","protected":false},"excerpt":{"rendered":"<p>Bucket Cylinder For XCMG Middle Excavator XE235C Introduction Definition of Bucket Cylinder A bucket cylinder is a type of hydraulic cylinder designed specifically to control the movement of the bucket in heavy machinery such as excavators, backhoe loaders, and front-end loaders. Its primary function is to enable the bucket to perform lifting, lowering, and tilting [&hellip;]<\/p>","protected":false},"featured_media":14762,"comment_status":"open","ping_status":"closed","template":"","meta":{"_et_pb_use_builder":"","_et_pb_old_content":"","_et_gb_content_width":""},"product_brand":[],"product_cat":[1494],"product_tag":[1495,1496],"class_list":{"0":"post-15475","1":"product","2":"type-product","3":"status-publish","4":"has-post-thumbnail","6":"product_cat-bucket-cylinders","7":"product_tag-bucket-cylinders","8":"product_tag-hydraulic-cylinders","10":"first","11":"instock","12":"shipping-taxable","13":"product-type-simple"},"amp_enabled":true,"_links":{"self":[{"href":"https:\/\/www.hydraulic-cylinders.net\/sl\/wp-json\/wp\/v2\/product\/15475","targetHints":{"allow":["GET"]}}],"collection":[{"href":"https:\/\/www.hydraulic-cylinders.net\/sl\/wp-json\/wp\/v2\/product"}],"about":[{"href":"https:\/\/www.hydraulic-cylinders.net\/sl\/wp-json\/wp\/v2\/types\/product"}],"replies":[{"embeddable":true,"href":"https:\/\/www.hydraulic-cylinders.net\/sl\/wp-json\/wp\/v2\/comments?post=15475"}],"wp:featuredmedia":[{"embeddable":true,"href":"https:\/\/www.hydraulic-cylinders.net\/sl\/wp-json\/wp\/v2\/media\/14762"}],"wp:attachment":[{"href":"https:\/\/www.hydraulic-cylinders.net\/sl\/wp-json\/wp\/v2\/media?parent=15475"}],"wp:term":[{"taxonomy":"product_brand","embeddable":true,"href":"https:\/\/www.hydraulic-cylinders.net\/sl\/wp-json\/wp\/v2\/product_brand?post=15475"},{"taxonomy":"product_cat","embeddable":true,"href":"https:\/\/www.hydraulic-cylinders.net\/sl\/wp-json\/wp\/v2\/product_cat?post=15475"},{"taxonomy":"product_tag","embeddable":true,"href":"https:\/\/www.hydraulic-cylinders.net\/sl\/wp-json\/wp\/v2\/product_tag?post=15475"}],"curies":[{"name":"delovni list","href":"https:\/\/api.w.org\/{rel}","templated":true}]}}