{"id":15480,"date":"2025-01-19T14:34:59","date_gmt":"2025-01-19T14:34:59","guid":{"rendered":"https:\/\/www.hydraulic-cylinders.net\/product\/bucket-cylinder-for-xcmg-large-excavator-xe1300c\/"},"modified":"2025-01-19T14:35:01","modified_gmt":"2025-01-19T14:35:01","slug":"bucket-cylinder-for-xcmg-large-excavator-xe1300c","status":"publish","type":"product","link":"https:\/\/www.hydraulic-cylinders.net\/sl\/izdelek\/bucket-cylinder-for-xcmg-large-excavator-xe1300c\/","title":{"rendered":"Cilinder \u017elice za velik bager XCMG XE1300C"},"content":{"rendered":"<h1>Cilinder \u017elice za velik bager XCMG XE1300C<\/h1>\n<h2>Uvod<\/h2>\n<p>Hidravli\u010dni valj \u017elice je posebej zasnovan hidravli\u010dni valj, ki se uporablja predvsem za krmiljenje gibanja \u017elice v te\u017ekih strojih, kot so bagri, bagri nakladalniki in \u010delni nakladalniki. Njegova glavna funkcija je omogo\u010danje dvigovanja, spu\u0161\u010danja in nagibanja \u017elice, kar olaj\u0161a razli\u010dna opravila ravnanja z materiali. V hidravli\u010dnem sistemu valj \u017elice omogo\u010da natan\u010den nadzor \u017elice s spreminjanjem tlaka hidravli\u010dnega olja, kar upravljavcu omogo\u010da u\u010dinkovito ravnanje s te\u017ekimi bremeni, prilagajanje kompleksnim delovnim okoljem in raznolikim zahtevam dela.<\/p>\n<p><img decoding=\"async\" src=\"https:\/\/www.hydraulic-cylinders.net\/wp-content\/uploads\/2025\/01\/songte-company-2.webp\"\/><\/p>\n<h2>Zna\u010dilnosti<\/h2>\n<ul>\n<li><strong>Visoka trdnost in vzdr\u017eljivost:<\/strong> Obi\u010dajno je izdelan iz visoko trdnega jekla ali aluminija, zato lahko prenese visok tlak in velike obremenitve ter se prilagaja zahtevnim delovnim okoljem. Zasnova upo\u0161teva odpornost proti obrabi in koroziji, kar podalj\u0161uje njegovo \u017eivljenjsko dobo.<\/li>\n<li><strong>U\u010dinkovito hidravli\u010dno delovanje:<\/strong> Z uporabo tlaka hidravli\u010dnega olja za doseganje gladkega raztezanja in kr\u010denja se lahko hitro odzove na krmilne ukaze in zagotavlja mo\u010dne potisne in vle\u010dne sile, primerne za ravnanje s te\u017ekimi bremeni in kompleksne delovne naloge.<\/li>\n<li><strong>Razli\u010dne vrste:<\/strong> Enosmerno delujo\u010di (hidravli\u010dni se uporablja samo v eni smeri) ali dvosmerno delujo\u010di (hidravli\u010dni se uporablja v obeh smereh) cilindri se lahko izberejo glede na zahteve, da se zadosti razli\u010dnim operativnim potrebam. Nekateri modeli so teleskopski, kar omogo\u010da ve\u010dji razteg brez pove\u010danja zunanjih dimenzij, primerni za uporabo v omejenem prostoru.<\/li>\n<li><strong>Zamenjava:<\/strong> Na\u0161i izdelki lahko popolnoma nadomestijo te hidravli\u010dne cilindre.<\/li>\n<\/ul>\n<p><img decoding=\"async\" src=\"https:\/\/www.hydraulic-cylinders.net\/wp-content\/uploads\/2025\/01\/songte-cylinder-head-with-all-kinds-excavator-models.webp\"\/><\/p>\n<h2>Aplikacije<\/h2>\n<p>Cilinder \u017elice za velik bager XCMG XE1300C se lahko uporablja v razli\u010dnih panogah in aplikacijah, kot so:<\/p>\n<ul>\n<li><strong>Gradbena oprema:<\/strong> Pri bagrih so bistveni za kopanje, nalaganje in premikanje zemlje ali ru\u0161evin. Pri bagrih nakladalnikih cilindri \u017elice pomagajo tako pri izkopavanju kot pri dvigovanju. <\/li>\n<li><strong>Kmetijska mehanizacija:<\/strong> Uporablja se v \u010delnih nakladalnikih za zajemanje, dvigovanje in prevoz zemlje, sena in drugih materialov, cilinder \u017elice v bagrih pa omogo\u010da kopanje, saj \u017elici omogo\u010da prodiranje v zemljo.<\/li>\n<li><strong>Nalagalnik:<\/strong> Pri \u010delnih nakladalnikih u\u010dinkovito pomagajo pri dvigovanju in nagibanju blaga.<\/li>\n<\/ul>\n<h2>Oblikovalski vidiki in izbirna merila<\/h2>\n<p>Pri zasnovi valja vedra je treba upo\u0161tevati razli\u010dne konstrukcijske vidike, kot so:<\/p>\n<ul>\n<li><strong>Nosilnost:<\/strong> Valj mora nositi obremenitev stroja in njegove vsebine ter vzdr\u017eati tlak, ki ga ustvarja hidravli\u010dni sistem.<\/li>\n<li><strong>Tesnjenje:<\/strong> Valj mora biti zatesnjen, da se prepre\u010di uhajanje hidravli\u010dne teko\u010dine in vdor onesna\u017eenja v sistem.<\/li>\n<li><strong>Vzdr\u017eljivost:<\/strong> Jeklenka mora biti dovolj trpe\u017ena, da prenese zahtevno delovno okolje in dolgotrajno uporabo.<\/li>\n<li><strong>Varnost:<\/strong> Jeklenka mora izpolnjevati varnostne standarde, da se prepre\u010dijo nesre\u010de med delovanjem.<\/li>\n<li><strong>Vzdr\u017eevanje:<\/strong> Jeklenka mora biti enostavna za vzdr\u017eevanje in popravilo, s \u010dimer se zmanj\u0161a \u010das izpada.<\/li>\n<\/ul>\n<p><img decoding=\"async\" src=\"https:\/\/www.hydraulic-cylinders.net\/wp-content\/uploads\/2025\/01\/songte-oil-pipes-and-spare-parts.webp\"\/><\/p>\n<h2>Tesnjenje in mazanje<\/h2>\n<p>Valj \u017elice uporablja razli\u010dne tesnilne komponente, kot so tesnila bata in tesnila palice, izdelana iz materialov, odpornih proti obrabi, kot sta poliuretan in nitrilna guma. Telo valja in navojna kon\u010dna povr\u0161ina sta fino obdelana za pove\u010danje odpornosti proti obrabi. Za mazanje valja so potrebne redne in ustrezne koli\u010dine hidravli\u010dnega olja.<\/p>\n<h2>Pregledi in preventivni vzdr\u017eevalni ukrepi<\/h2>\n<p>Redni pregledi in preventivno vzdr\u017eevanje cilindra vedra podalj\u0161ajo njegovo \u017eivljenjsko dobo. Nekateri vzdr\u017eevalni ukrepi vklju\u010dujejo:<\/p>\n<ul>\n<li>Preverjanje pu\u0161\u010danj v hidravli\u010dnem sistemu in njihovo pravo\u010dasno odpravljanje.<\/li>\n<li>Redno mazanje cilindra.<\/li>\n<li>Zamenjava tesnil po potrebi.<\/li>\n<li>Kalibracija cilindra za zagotovitev njegovega pravilnega delovanja.<\/li>\n<\/ul>\n<h2>Navodila za namestitev<\/h2>\n<p>Pravilna namestitev cilindra \u017elice je bistvenega pomena. Za pritrditev cilindra na stroj uporabite ustrezne nosilce. Preverite pravilno poravnavo cilindra in podajte navodila za poravnavo. Upo\u0161tevajte priporo\u010dene postopke pregleda, popravila, zamenjave in obnove, da zagotovite delovanje in dolgo \u017eivljenjsko dobo cilindra.<\/p>\n<p><img decoding=\"async\" src=\"https:\/\/www.hydraulic-cylinders.net\/wp-content\/uploads\/2025\/01\/songte-chushion-collar.webp\"\/><\/p>\n<h2>Varnostni vidiki in okoljski dejavniki<\/h2>\n<p>Pri uporabi cilindra z vedrom je treba upo\u0161tevati varnostne ukrepe, da se prepre\u010dijo nesre\u010de in po\u0161kodbe. Upo\u0161tevati je treba tudi okoljske dejavnike, da se \u010dim bolj zmanj\u0161a vpliv na okolje.<\/p>\n<h2>Odpravljanje te\u017eav in pogoste te\u017eave<\/h2>\n<p>Pogoste te\u017eave z cilindri \u017elice vklju\u010dujejo pu\u0161\u010danje, nepravilno delovanje in po\u0161kodbe. Metode odpravljanja te\u017eav vklju\u010dujejo preverjanje hidravli\u010dnega sistema, pregled cilindra glede po\u0161kodb ter zagotavljanje pravilne namestitve in poravnave. Preventivni ukrepi, kot so redno vzdr\u017eevanje, pregled in \u010di\u0161\u010denje, lahko zmanj\u0161ajo morebitne te\u017eave.<\/p>\n<p><img decoding=\"async\" src=\"https:\/\/www.hydraulic-cylinders.net\/wp-content\/uploads\/2025\/01\/songte-bushings-with-all-kinds-of-excavator-models.webp\"\/><\/p>\n<h2>O na\u0161em podjetju<\/h2>\n<p>Smo proizvajalec hidravli\u010dnih cilindrov, ki lahko nadomestijo cilindre proizvajalcev originalne opreme. Ponujamo celovito paleto izdelkov in smo postali eden vodilnih proizvajalcev in veleprodajnih distributerjev hidravli\u010dnih cilindrov na doma\u010dem in mednarodnem trgu. Dr\u017eimo se na\u010del odli\u010dnosti in se zana\u0161amo na strategije upravljanja industrijske proizvodnje, ki temeljijo na natan\u010dno izdelanih proizvodnih delavnicah, tehnolo\u0161kih talentih, digitalni vrhunski proizvodni opremi in profesionalnih sistemih testiranja, da bi nenehno izbolj\u0161evali na\u0161o proizvodno platformo, izbolj\u0161ali kakovost izdelkov na proizvodnih linijah in imeli mo\u010dno sposobnost ustvarjanja izdelkov, ki ustrezajo raznolikim potrebam strank z visoko u\u010dinkovitostjo, visoko natan\u010dnostjo in visokokakovostnimi izdelki.<\/p>\n<p>Nudimo profesionalne, mednarodno certificirane in prilagojene storitve, uporabljamo napredno proizvodno opremo in zagotavljamo odli\u010dne poprodajne storitve za zadovoljstvo strank, zaradi \u010desar smo idealen partner za re\u0161itve hidravli\u010dnih cilindrov.<\/p>\n<p><img decoding=\"async\" src=\"https:\/\/hzpt.com\/wp-content\/uploads\/2024\/11\/songte-company-1.webp\"\/><\/p>\n<p>Avtor: lyl.<\/p>","protected":false},"excerpt":{"rendered":"<p>Bucket Cylinder For XCMG Large Excavator XE1300C Introduction A bucket cylinder is a specially designed hydraulic cylinder mainly used to control the movement of the bucket in heavy machinery such as excavators, backhoe loaders, and front loaders. Its main function is to enable the bucket to be lifted, lowered, and tilted, making it easy for [&hellip;]<\/p>","protected":false},"featured_media":14785,"comment_status":"open","ping_status":"closed","template":"","meta":{"_et_pb_use_builder":"","_et_pb_old_content":"","_et_gb_content_width":""},"product_brand":[],"product_cat":[1494],"product_tag":[1495,1496],"class_list":{"0":"post-15480","1":"product","2":"type-product","3":"status-publish","4":"has-post-thumbnail","6":"product_cat-bucket-cylinders","7":"product_tag-bucket-cylinders","8":"product_tag-hydraulic-cylinders","10":"first","11":"instock","12":"shipping-taxable","13":"product-type-simple"},"amp_enabled":true,"_links":{"self":[{"href":"https:\/\/www.hydraulic-cylinders.net\/sl\/wp-json\/wp\/v2\/product\/15480","targetHints":{"allow":["GET"]}}],"collection":[{"href":"https:\/\/www.hydraulic-cylinders.net\/sl\/wp-json\/wp\/v2\/product"}],"about":[{"href":"https:\/\/www.hydraulic-cylinders.net\/sl\/wp-json\/wp\/v2\/types\/product"}],"replies":[{"embeddable":true,"href":"https:\/\/www.hydraulic-cylinders.net\/sl\/wp-json\/wp\/v2\/comments?post=15480"}],"wp:featuredmedia":[{"embeddable":true,"href":"https:\/\/www.hydraulic-cylinders.net\/sl\/wp-json\/wp\/v2\/media\/14785"}],"wp:attachment":[{"href":"https:\/\/www.hydraulic-cylinders.net\/sl\/wp-json\/wp\/v2\/media?parent=15480"}],"wp:term":[{"taxonomy":"product_brand","embeddable":true,"href":"https:\/\/www.hydraulic-cylinders.net\/sl\/wp-json\/wp\/v2\/product_brand?post=15480"},{"taxonomy":"product_cat","embeddable":true,"href":"https:\/\/www.hydraulic-cylinders.net\/sl\/wp-json\/wp\/v2\/product_cat?post=15480"},{"taxonomy":"product_tag","embeddable":true,"href":"https:\/\/www.hydraulic-cylinders.net\/sl\/wp-json\/wp\/v2\/product_tag?post=15480"}],"curies":[{"name":"delovni list","href":"https:\/\/api.w.org\/{rel}","templated":true}]}}