{"id":15486,"date":"2025-01-19T14:35:24","date_gmt":"2025-01-19T14:35:24","guid":{"rendered":"https:\/\/www.hydraulic-cylinders.net\/product\/bucket-cylinder-for-xcmg-large-excavator-xe490ck\/"},"modified":"2025-01-19T14:35:26","modified_gmt":"2025-01-19T14:35:26","slug":"bucket-cylinder-for-xcmg-large-excavator-xe490ck","status":"publish","type":"product","link":"https:\/\/www.hydraulic-cylinders.net\/sl\/izdelek\/bucket-cylinder-for-xcmg-large-excavator-xe490ck\/","title":{"rendered":"Cilinder \u017elice za velik bager XCMG XE490CK"},"content":{"rendered":"<h1>Cilinder \u017elice za velik bager XCMG XE490CK<\/h1>\n<h2>Uvod<\/h2>\n<h3>Opredelitev cilindra vedra<\/h3>\n<p>Hidravli\u010dni valj \u017elice je posebej zasnovan hidravli\u010dni valj, ki se uporablja predvsem za krmiljenje gibanja \u017elic v te\u017ekih strojih, kot so bagri, bagri z nakladalniki in \u010delni nakladalniki. Njegova glavna funkcija je omogo\u010diti dvigovanje, spu\u0161\u010danje in nagibanje \u017elice, kar olaj\u0161a opravljanje razli\u010dnih nalog ravnanja z materiali. V hidravli\u010dnem sistemu valj \u017elice dose\u017ee natan\u010den nadzor nad \u017elico s spremembami tlaka hidravli\u010dnega olja, kar omogo\u010da upravljavcem u\u010dinkovito ravnanje s te\u017ekimi bremeni in prilagajanje kompleksnim delovnim okoljem ter raznolikim operativnim zahtevam.<\/p>\n<p><img decoding=\"async\" src=\"https:\/\/www.hydraulic-cylinders.net\/wp-content\/uploads\/2025\/01\/songte-company-2.webp\" alt=\"Cilinder za vedro\"><\/p>\n<h3>Zna\u010dilnosti<\/h3>\n<ul>\n<li>Visoka trdnost in vzdr\u017eljivost: Obi\u010dajno je izdelan iz visoko trdnega jekla ali aluminija, zato lahko prenese visok tlak in velike obremenitve, se prilagodi zahtevnim delovnim okoljem in je zasnovan z mislijo na odpornost proti obrabi in koroziji, kar podalj\u0161uje \u017eivljenjsko dobo.<\/li>\n<li>U\u010dinkovito hidravli\u010dno delovanje: Gladko iztegovanje in vstavljanje se dose\u017ee s hidravli\u010dnim tlakom olja, ki se lahko hitro odzove na krmilne ukaze in zagotavlja mo\u010dne potisne in vle\u010dne sile, zaradi \u010desar je primeren za ravnanje s te\u017ekimi bremeni in kompleksne operativne naloge.<\/li>\n<li>Razli\u010dne vrste: Za razli\u010dne operativne potrebe je mogo\u010de izbrati enosmerno delujo\u010de (hidravli\u010dni pogon se uporablja samo v eno smer) ali dvosmerno delujo\u010de (hidravli\u010dni pogon se uporablja v obe smeri). Nekateri modeli so teleskopski, kar omogo\u010da ve\u010dji razteg brez pove\u010danja zunanjih dimenzij, zaradi \u010desar so primerni za uporabo v omejenem prostoru.<\/li>\n<li>Zamenljivo: Na\u0161i izdelki lahko popolnoma nadomestijo te hidravli\u010dne cilindre.<\/li>\n<li>Prilagodljivost: Na\u0161e izdelke je mogo\u010de prilagoditi zahtevam strank, da zadostijo njihovim specifi\u010dnim potrebam.<\/li>\n<\/ul>\n<p><img decoding=\"async\" src=\"https:\/\/www.hydraulic-cylinders.net\/wp-content\/uploads\/2025\/01\/songte-cylinder-head-with-all-kinds-excavator-models.webp\" alt=\"Prilagodljiv valj za vedro\"><\/p>\n<h3>Aplikacije<\/h3>\n<p>Valji z vedri se pogosto uporabljajo v razli\u010dnih panogah, vklju\u010dno z:<\/p>\n<h4>Gradbena oprema<\/h4>\n<p>Pri bagrih so bistveni za kopanje, nakladanje in premikanje zemlje ali ru\u0161evin. Pri bagrih z nakladalno \u017elico cilinder pomaga tako pri izkopavanju kot pri dvigovanju. Pri \u010delnih nakladalnikih pomagajo pri u\u010dinkovitem dvigovanju in odlaganju tovora.<\/p>\n<h4>Kmetijska mehanizacija<\/h4>\n<p>Uporablja se v \u010delnih nakladalnikih za zajemanje, dvigovanje in prevoz zemlje, sena in drugih materialov. Pri bagrih cilinder \u017elice omogo\u010da kopanje, saj \u017elici omogo\u010da prodiranje v zemljo.<\/p>\n<h4>Druge aplikacije<\/h4>\n<p>Vedrasti cilindri se uporabljajo tudi v drugih aplikacijah, kot so rudarstvo, gozdarstvo in ravnanje z odpadki.<\/p>\n<h3>Oblikovalski vidiki in izbirna merila<\/h3>\n<h4>Nosilnost<\/h4>\n<p>Nosilnost cilindra \u017elice je klju\u010dnega pomena. Moral bi biti sposoben prenesti te\u017eo dvignjenega materiala, ne da bi pri tem pri\u0161lo do okvare ali trajnih deformacij.<\/p>\n<h4>Tesnjenje in mazanje<\/h4>\n<p>Tesnjenje in mazanje sta bistvena za pravilno delovanje in vzdr\u017eevanje cilindra \u017elice. Za prepre\u010devanje pu\u0161\u010danja se uporabljajo razli\u010dne tesnilne komponente, kot so tesnila bata in tesnila palice. Redno mazanje s hidravli\u010dnim oljem je potrebno za zmanj\u0161anje obrabe in podalj\u0161anje \u017eivljenjske dobe cilindra.<\/p>\n<h4>Vzdr\u017eljivost in vzdr\u017eevanje<\/h4>\n<p>Cilinder z \u017elico mora biti sposoben prenesti zahtevno delovno okolje in pogosto uporabo. Vzdr\u017eevanje in popravilo mora biti enostavno, da se \u010dim bolj zmanj\u0161a \u010das izpada.<\/p>\n<p><img decoding=\"async\" src=\"https:\/\/www.hydraulic-cylinders.net\/wp-content\/uploads\/2025\/01\/songte-oil-pipes-and-spare-parts.webp\" alt=\"Deli cilindra \u017elice\"><\/p>\n<h3>Vzdr\u017eevanje<\/h3>\n<p>Pravilno vzdr\u017eevanje je bistvenega pomena za zagotovitev dolge \u017eivljenjske dobe in zanesljivega delovanja cilindra vedra. Redna vzdr\u017eevalna opravila vklju\u010dujejo:<\/p>\n<ul>\n<li>Preverite morebitne pu\u0161\u010danja in druge znake obrabe<\/li>\n<li>Redno mazanje<\/li>\n<li>Zamenjava tesnila<\/li>\n<li>Preverjanja kalibracije<\/li>\n<\/ul>\n<p><img decoding=\"async\" src=\"https:\/\/www.hydraulic-cylinders.net\/wp-content\/uploads\/2025\/01\/songte-chushion-collar.webp\" alt=\"Ovratnik Chushion\"><\/p>\n<h3>Varnostni in okoljski vidiki<\/h3>\n<p>Jeklenke z \u017elico delujejo pod visokim tlakom in velikimi obremenitvami, zato je pri namestitvi, upravljanju in vzdr\u017eevanju bistveno upo\u0161tevati ustrezne varnostne postopke. Upravljavci morajo nositi ustrezno za\u0161\u010ditno opremo in upo\u0161tevati vse varnostne ukrepe, da prepre\u010dijo nesre\u010de.<\/p>\n<h3>Pogoste te\u017eave in odpravljanje te\u017eav<\/h3>\n<p>Pogoste te\u017eave z cilindri \u017elice vklju\u010dujejo pu\u0161\u010danje, nepravilno delovanje in nezmo\u017enost pravilnega iztegovanja ali vstavljanja. Odpravljanje te\u017eav vklju\u010duje ugotavljanje vzroka te\u017eave in izvajanje korektivnih ukrepov, kot je zamenjava po\u0161kodovanih tesnil ali drugih komponent.<\/p>\n<p><img decoding=\"async\" src=\"https:\/\/www.hydraulic-cylinders.net\/wp-content\/uploads\/2025\/01\/songte-bushings-with-all-kinds-of-excavator-models.webp\" alt=\"Pu\u0161e cilindra \u017elice\"><\/p>\n<h2>O nas<\/h2>\n<p>Smo vodilni proizvajalec in veletrgovec hidravli\u010dnih cilindrov na doma\u010dem in mednarodnem trgu. Na\u0161i izdelki so raznoliki in celoviti ter se dr\u017eimo na\u010del odli\u010dne kakovosti in u\u010dinkovitega upravljanja proizvodnje.<\/p>\n<h3>Profesionalnost<\/h3>\n<p>Na\u0161e izdelke zasnuje in izdeluje ekipa izku\u0161enih strokovnjakov, ki uporabljajo najnovej\u0161o tehnologijo in opremo za izdelavo visokokakovostnih hidravli\u010dnih cilindrov, ki ustrezajo potrebam na\u0161ih strank.<\/p>\n<h3>Mednarodno certificiranje<\/h3>\n<p>Na\u0161i izdelki so prejeli mednarodne certifikate, kot sta ISO9001 in CE, kar zagotavlja, da izpolnjujejo najvi\u0161je standarde kakovosti.<\/p>\n<h3>Storitve prilagajanja<\/h3>\n<p>Nudimo storitve prilagajanja, da zadostimo specifi\u010dnim potrebam na\u0161ih strank.<\/p>\n<h3>Proizvodna oprema<\/h3>\n<p>Uporabljamo napredno, visokokakovostno proizvodno opremo, da zagotovimo kakovost in zanesljivost na\u0161ih izdelkov ter izbolj\u0161amo u\u010dinkovitost proizvodnje.<\/p>\n<h3>Poprodajne storitve<\/h3>\n<p>Na\u0161im strankam nudimo celovito poprodajno storitev, vklju\u010dno z nadomestnimi deli in obnovo, da jim pomagamo podalj\u0161ati \u017eivljenjsko dobo njihovih hidravli\u010dnih cilindrov.<\/p>\n<p><img decoding=\"async\" src=\"https:\/\/hzpt.com\/wp-content\/uploads\/2024\/11\/songte-company-1.webp\" alt=\"O nas\"><\/p>\n<h4>Avtor: lyl.<\/h4>","protected":false},"excerpt":{"rendered":"<p>Bucket Cylinder For XCMG Large Excavator XE490CK Introduction Definition of Bucket Cylinder A Bucket Cylinder is a specially designed hydraulic cylinder mainly used to control the movement of buckets in heavy machinery such as excavators, backhoe excavators, and front loaders. Its main function is to enable the bucket to lift, lower, and tilt, making it [&hellip;]<\/p>","protected":false},"featured_media":14773,"comment_status":"open","ping_status":"closed","template":"","meta":{"_et_pb_use_builder":"","_et_pb_old_content":"","_et_gb_content_width":""},"product_brand":[],"product_cat":[1494],"product_tag":[1495,1496],"class_list":{"0":"post-15486","1":"product","2":"type-product","3":"status-publish","4":"has-post-thumbnail","6":"product_cat-bucket-cylinders","7":"product_tag-bucket-cylinders","8":"product_tag-hydraulic-cylinders","10":"first","11":"instock","12":"shipping-taxable","13":"product-type-simple"},"amp_enabled":true,"_links":{"self":[{"href":"https:\/\/www.hydraulic-cylinders.net\/sl\/wp-json\/wp\/v2\/product\/15486","targetHints":{"allow":["GET"]}}],"collection":[{"href":"https:\/\/www.hydraulic-cylinders.net\/sl\/wp-json\/wp\/v2\/product"}],"about":[{"href":"https:\/\/www.hydraulic-cylinders.net\/sl\/wp-json\/wp\/v2\/types\/product"}],"replies":[{"embeddable":true,"href":"https:\/\/www.hydraulic-cylinders.net\/sl\/wp-json\/wp\/v2\/comments?post=15486"}],"wp:featuredmedia":[{"embeddable":true,"href":"https:\/\/www.hydraulic-cylinders.net\/sl\/wp-json\/wp\/v2\/media\/14773"}],"wp:attachment":[{"href":"https:\/\/www.hydraulic-cylinders.net\/sl\/wp-json\/wp\/v2\/media?parent=15486"}],"wp:term":[{"taxonomy":"product_brand","embeddable":true,"href":"https:\/\/www.hydraulic-cylinders.net\/sl\/wp-json\/wp\/v2\/product_brand?post=15486"},{"taxonomy":"product_cat","embeddable":true,"href":"https:\/\/www.hydraulic-cylinders.net\/sl\/wp-json\/wp\/v2\/product_cat?post=15486"},{"taxonomy":"product_tag","embeddable":true,"href":"https:\/\/www.hydraulic-cylinders.net\/sl\/wp-json\/wp\/v2\/product_tag?post=15486"}],"curies":[{"name":"delovni list","href":"https:\/\/api.w.org\/{rel}","templated":true}]}}