{"id":15488,"date":"2025-01-19T14:35:32","date_gmt":"2025-01-19T14:35:32","guid":{"rendered":"https:\/\/www.hydraulic-cylinders.net\/product\/bucket-cylinder-for-xcmg-large-excavator-xe3000\/"},"modified":"2025-01-19T14:35:40","modified_gmt":"2025-01-19T14:35:40","slug":"bucket-cylinder-for-xcmg-large-excavator-xe3000","status":"publish","type":"product","link":"https:\/\/www.hydraulic-cylinders.net\/sl\/izdelek\/bucket-cylinder-for-xcmg-large-excavator-xe3000\/","title":{"rendered":"Cilinder \u017elice za velik bager XCMG XE3000"},"content":{"rendered":"<h1>Cilinder \u017elice za velik bager XCMG XE3000<\/h1>\n<h2>Uvod<\/h2>\n<h3>Definicija<\/h3>\n<p>Hidravli\u010dni valj \u017elice je posebej zasnovan hidravli\u010dni valj, ki se uporablja za nadzor gibanja \u017elice v te\u017ekih strojih, kot so bagri, bagri nakladalniki in \u010delni nakladalniki. Njegova glavna funkcija je omogo\u010diti dvigovanje, spu\u0161\u010danje in nagibanje \u017elice, kar olaj\u0161a opravljanje razli\u010dnih nalog ravnanja z materiali. V hidravli\u010dnem sistemu valj \u017elice nadzoruje natan\u010dno gibanje \u017elice s spremembami tlaka hidravli\u010dnega olja, kar upravljavcu omogo\u010da u\u010dinkovito ravnanje s te\u017ekimi bremeni, prilagajanje kompleksnim delovnim okoljem in raznolikim operativnim potrebam.<\/p>\n<p><img decoding=\"async\" src=\"https:\/\/www.hydraulic-cylinders.net\/wp-content\/uploads\/2025\/01\/songte-company-2.webp\" alt=\"Cilinder \u017elice za velik bager XCMG XE3000\" \/><\/p>\n<h2>Zna\u010dilnosti<\/h2>\n<ul>\n<li><strong>Visoka trdnost in vzdr\u017eljivost:<\/strong> Izdelano iz visoko trdnega jekla ali aluminija, lahko prenese visok tlak in velike obremenitve, se prilagaja zahtevnim delovnim okoljem in je zasnovano z mislijo na odpornost proti obrabi in koroziji, da se podalj\u0161a njegova \u017eivljenjska doba.<\/li>\n<li><strong>U\u010dinkovito hidravli\u010dno delovanje:<\/strong> Gladko iztegovanje in vstavljanje se dose\u017ee z uporabo tlaka hidravli\u010dnega olja. Hitro se odziva na krmilne ukaze, zagotavlja mo\u010dno potisno in vle\u010dno silo ter je primeren za ravnanje s te\u017ekimi bremeni in kompleksne operativne naloge.<\/li>\n<li><strong>Razli\u010dne vrste:<\/strong> Enosmerno delujo\u010di (hidravli\u010dni, ki se uporablja v eno smer) ali dvosmerno delujo\u010di (hidravli\u010dni, ki se uporablja v obe smeri) cilindri se lahko izberejo glede na potrebe za izpolnjevanje razli\u010dnih operativnih zahtev. Nekateri modeli so teleskopski, kar omogo\u010da ve\u010dji razteg brez pove\u010danja zunanjih dimenzij, zaradi \u010desar so primerni za uporabo z omejenim prostorom.<\/li>\n<li><strong>Popolna zamenjava za hidravli\u010dne cilindre:<\/strong> Na\u0161i izdelki lahko popolnoma nadomestijo te hidravli\u010dne cilindre.<\/li>\n<\/ul>\n<p><img decoding=\"async\" src=\"https:\/\/www.hydraulic-cylinders.net\/wp-content\/uploads\/2025\/01\/songte-cylinder-head-with-all-kinds-excavator-models.webp\" alt=\"Cilinder \u017elice za velik bager XCMG XE3000\" \/><\/p>\n<h2>Aplikacije<\/h2>\n<p>\u017dli\u010dni valj se uporablja v \u0161tevilnih te\u017ekih strojih, vklju\u010dno z:<\/p>\n<ul>\n<li><strong>Gradbena oprema:<\/strong> Za bagre je klju\u010dnega pomena za kopanje, nalaganje in premikanje zemlje ali ru\u0161evin. Pri bagrih nakladalnikih pomaga pri kopanju in dvigovanju. <\/li>\n<li><strong>Kmetijska mehanizacija:<\/strong> Uporablja se za \u010delne nakladalnike, pobiranje, dvigovanje in prevoz zemlje, sena in drugih materialov. <\/li>\n<li><strong>Bagri:<\/strong> Cilinder \u017elice omogo\u010da, da \u017elica prodre v zemljo. <\/li>\n<li><strong>\u010celni nakladalniki:<\/strong> Pomagajo u\u010dinkovito dvigovati in nagibati blago. <\/li>\n<\/ul>\n<p>Oglejmo si vsako aplikacijo podrobneje:<\/p>\n<h3>Gradbena oprema<\/h3>\n<p>Gradbena oprema je bistvenega pomena za razli\u010dna gradbena dela. Valj \u017elice pomaga pri kopanju lukenj, jarkov in temeljev. Pomaga tudi pri nakladanju in premikanju zemlje in ru\u0161evin. Pri bagrih nakladalnikih pomaga pri kopanju in dvigovanju. Uporablja se tudi v cestni gradbeni opremi za \u010di\u0161\u010denje in ravnanje zemlji\u0161\u010d.<\/p>\n<h3>Kmetijska mehanizacija<\/h3>\n<p>\u017dli\u010dni cilindri se uporabljajo v \u010delnih nakladalnikih, ki se uporabljajo za pobiranje, dvigovanje in prevoz zemlje, sena in drugih materialov. Poleg tega se uporabljajo v traktorjih in drugih kmetijskih strojih za ravnanje s te\u017ekimi bremeni. <\/p>\n<h3>Bagri<\/h3>\n<p>Cilinder \u017elice omogo\u010da \u017elici prodiranje v zemljo, kar pomaga pri gradnji, kopanju in ru\u0161enju. S pomo\u010djo cilindra \u017elice lahko bager dela na razli\u010dnih vrstah tal.<\/p>\n<h3>\u010celni nakladalniki<\/h3>\n<p>Valj \u017elice pomaga pri u\u010dinkovitem dvigovanju in nagibanju blaga. Uporablja se v \u010delnih nakladalnikih za razli\u010dne namene, kot so ravnanje z materiali v skladi\u0161\u010dih, ravnanje z materiali v pristani\u0161\u010dih in organiziranje zalog.<\/p>\n<p><img decoding=\"async\" src=\"https:\/\/hzpt.com\/wp-content\/uploads\/2024\/11\/songte-company-1.webp\" alt=\"Cilinder \u017elice za velik bager XCMG XE3000\" \/><\/p>\n<h2>Oblikovalski vidiki in izbirna merila<\/h2>\n<p>Sledijo konstrukcijski vidiki in izbirna merila za cilindre z \u017elico:<\/p>\n<ul>\n<li><strong>Nosilnost:<\/strong> Valji \u017elice morajo imeti visoko nosilnost, da prenesejo te\u017eke obremenitve.<\/li>\n<li><strong>Tesnjenje:<\/strong> Visokokakovosten tesnilni sistem zagotavlja, da hidravli\u010dne teko\u010dine ne pu\u0161\u010dajo, kar lahko povzro\u010di po\u0161kodbo valja. <\/li>\n<li><strong>Vzdr\u017eljivost:<\/strong> Materiali, uporabljeni za cilindre z \u017elico, morajo biti trpe\u017eni, da prenesejo zahtevne okoljske razmere in ve\u010dkratno uporabo.<\/li>\n<li><strong>Varnost:<\/strong> Valji z \u017elico morajo biti zasnovani z mislijo na varnost, da se prepre\u010dijo nesre\u010de in po\u0161kodbe.<\/li>\n<li><strong>Vzdr\u017eevanje:<\/strong> Vzdr\u017eevanje in popravilo valja z vedrom mora biti enostavno, rezervni deli in storitve popravila pa morajo biti zlahka dostopni.<\/li>\n<\/ul>\n<p><img decoding=\"async\" src=\"https:\/\/www.hydraulic-cylinders.net\/wp-content\/uploads\/2025\/01\/songte-oil-pipes-and-spare-parts.webp\" alt=\"Cilinder \u017elice za velik bager XCMG XE3000\" \/><\/p>\n<h2>Tesnjenje in mazanje<\/h2>\n<p>Valji \u017elice imajo razli\u010dne tesnilne komponente, kot so tesnila bata in tesnila palic, ki prepre\u010dujejo pu\u0161\u010danje hidravli\u010dne teko\u010dine. Povr\u0161ina valja je fino obdelana za izbolj\u0161anje odpornosti proti obrabi in zahteva redno mazanje za nemoteno delovanje. <\/p>\n<h2>Vzdr\u017eevanje in popravila<\/h2>\n<p>V nadaljevanju so navedena vzdr\u017eevalna in popravljalna dela za cilindre z \u017elico:<\/p>\n<ul>\n<li>Redni pregled<\/li>\n<li>Pravilno mazanje<\/li>\n<li>Zamenjava tesnila<\/li>\n<li>Preverjanje kalibracije<\/li>\n<\/ul>\n<p>Pravilna namestitev, mazanje in nastavitev so klju\u010dnega pomena za zagotovitev dolge \u017eivljenjske dobe cilindra vedra. Med namestitvijo mora biti valj pravilno poravnan in zagotovljena mora biti ustrezna podpora, da se prepre\u010dijo po\u0161kodbe. Redni pregledi, popravila in zamenjava komponent so potrebni za zagotovitev dolgotrajnega delovanja cilindra vedra.<\/p>\n<p><img decoding=\"async\" src=\"https:\/\/www.hydraulic-cylinders.net\/wp-content\/uploads\/2025\/01\/songte-chushion-collar.webp\" alt=\"Cilinder \u017elice za velik bager XCMG XE3000\" \/><\/p>\n<h2>Varnostni vidiki in okoljski dejavniki<\/h2>\n<p>Z jeklenkami z vedrom je treba upravljati v skladu z varnostnimi smernicami, da prepre\u010dite nesre\u010de in po\u0161kodbe. Okoljski dejavniki, kot sta temperatura in vla\u017enost, lahko vplivajo na delovanje jeklenke in jih je treba upo\u0161tevati med delovanjem.<\/p>\n<h2>Pogoste te\u017eave in odpravljanje te\u017eav<\/h2>\n<p>Sledijo pogoste te\u017eave in odpravljanje te\u017eav z cilindri \u017elice:<\/p>\n<ul>\n<li>Pu\u0161\u010danje<\/li>\n<li>Nezadostna sila<\/li>\n<li>Slaba uspe\u0161nost<\/li>\n<\/ul>\n<p>Redni pregledi in vzdr\u017eevanje lahko zmanj\u0161ajo pojav teh te\u017eav. \u010ce se pojavi kakr\u0161na koli te\u017eava, jo je treba takoj odpraviti, da prepre\u010dite po\u0161kodbe cilindra.<\/p>\n<h2>O nas<\/h2>\n<p>Smo proizvajalec hidravli\u010dnih cilindrov, specializiran za zamenjavo hidravli\u010dnih cilindrov. Ponujamo celotno paleto izdelkov in smo postali eden vodilnih proizvajalcev in veletrgovcev s hidravli\u010dnimi cilindri na doma\u010dem in mednarodnem trgu. Sledimo odli\u010dni kakovosti in se zana\u0161amo na strategijo upravljanja industrijske proizvodnje, ki jo izvajamo v fini proizvodni delavnici. Na\u0161e podjetje nenehno izbolj\u0161uje proizvodno platformo delavnice z uporabo tehnolo\u0161kih talentov, vrhunske digitalne proizvodne opreme in profesionalnih sistemov testiranja, da bi izbolj\u0161ali kakovost proizvodnje. Imamo mo\u010dne ustvarjalne sposobnosti in se dr\u017eimo na\u010del visoke u\u010dinkovitosti, visoke natan\u010dnosti in visoke kakovosti, da bi zadostili raznolikim zahtevam strank.<\/p>\n<p>Ponujamo storitve po meri, na\u0161i izdelki pa so mednarodno certificirani. Na\u0161e podjetje za proizvodnjo uporablja vrhunsko opremo in nudi odli\u010dne poprodajne storitve.<\/p>\n<p><img decoding=\"async\" src=\"https:\/\/www.hydraulic-cylinders.net\/wp-content\/uploads\/2025\/01\/songte-company-3.webp\" alt=\"Cilinder \u017elice za velik bager XCMG XE3000\" \/><\/p>\n<p>Avtor: lyl<\/p>","protected":false},"excerpt":{"rendered":"<p>Bucket Cylinder For XCMG Large Excavator XE3000 Introduction Definition A bucket cylinder is specially designed hydraulic cylinder used to control the movement of the bucket in heavy machinery such as excavators, backhoe loaders, and front loaders. Its main function is to enable the bucket to lift, lower, and tilt, making it easier to handle various [&hellip;]<\/p>","protected":false},"featured_media":14769,"comment_status":"open","ping_status":"closed","template":"","meta":{"_et_pb_use_builder":"","_et_pb_old_content":"","_et_gb_content_width":""},"product_brand":[],"product_cat":[1494],"product_tag":[1495,1496],"class_list":{"0":"post-15488","1":"product","2":"type-product","3":"status-publish","4":"has-post-thumbnail","6":"product_cat-bucket-cylinders","7":"product_tag-bucket-cylinders","8":"product_tag-hydraulic-cylinders","10":"first","11":"instock","12":"shipping-taxable","13":"product-type-simple"},"amp_enabled":true,"_links":{"self":[{"href":"https:\/\/www.hydraulic-cylinders.net\/sl\/wp-json\/wp\/v2\/product\/15488","targetHints":{"allow":["GET"]}}],"collection":[{"href":"https:\/\/www.hydraulic-cylinders.net\/sl\/wp-json\/wp\/v2\/product"}],"about":[{"href":"https:\/\/www.hydraulic-cylinders.net\/sl\/wp-json\/wp\/v2\/types\/product"}],"replies":[{"embeddable":true,"href":"https:\/\/www.hydraulic-cylinders.net\/sl\/wp-json\/wp\/v2\/comments?post=15488"}],"wp:featuredmedia":[{"embeddable":true,"href":"https:\/\/www.hydraulic-cylinders.net\/sl\/wp-json\/wp\/v2\/media\/14769"}],"wp:attachment":[{"href":"https:\/\/www.hydraulic-cylinders.net\/sl\/wp-json\/wp\/v2\/media?parent=15488"}],"wp:term":[{"taxonomy":"product_brand","embeddable":true,"href":"https:\/\/www.hydraulic-cylinders.net\/sl\/wp-json\/wp\/v2\/product_brand?post=15488"},{"taxonomy":"product_cat","embeddable":true,"href":"https:\/\/www.hydraulic-cylinders.net\/sl\/wp-json\/wp\/v2\/product_cat?post=15488"},{"taxonomy":"product_tag","embeddable":true,"href":"https:\/\/www.hydraulic-cylinders.net\/sl\/wp-json\/wp\/v2\/product_tag?post=15488"}],"curies":[{"name":"delovni list","href":"https:\/\/api.w.org\/{rel}","templated":true}]}}