{"id":15493,"date":"2025-01-19T14:35:58","date_gmt":"2025-01-19T14:35:58","guid":{"rendered":"https:\/\/www.hydraulic-cylinders.net\/product\/bucket-cylinder-for-zoomlion-small-excavator-ze85e\/"},"modified":"2025-01-19T14:36:00","modified_gmt":"2025-01-19T14:36:00","slug":"bucket-cylinder-for-zoomlion-small-excavator-ze85e","status":"publish","type":"product","link":"https:\/\/www.hydraulic-cylinders.net\/sl\/izdelek\/bucket-cylinder-for-zoomlion-small-excavator-ze85e\/","title":{"rendered":"Cilinder \u017elice za majhen bager Zoomlion ZE85E"},"content":{"rendered":"<h1>Cilinder \u017elice za majhen bager Zoomlion ZE85E<\/h1>\n<h2>Uvod<\/h2>\n<p>Hidravli\u010dni valj \u017elice je posebej zasnovan hidravli\u010dni valj, ki se uporablja za krmiljenje gibanja \u017elic v te\u017ekih strojih, kot so bagri, bagri in \u010delni nakladalniki. Njegova glavna funkcija je dvigovanje, spu\u0161\u010danje in nagibanje \u017elice, kar olaj\u0161a opravljanje razli\u010dnih nalog ravnanja z materiali. V hidravli\u010dnem sistemu valj \u017elice dose\u017ee natan\u010den nadzor nad gibanjem \u017elice s spreminjanjem tlaka hidravli\u010dnega olja, kar omogo\u010da upravljavcem u\u010dinkovito ravnanje s te\u017ekimi bremeni in prilagajanje kompleksnim delovnim okoljem ter raznolikim potrebam delovanja.<\/p>\n<p><img decoding=\"async\" src=\"https:\/\/www.hydraulic-cylinders.net\/wp-content\/uploads\/2025\/01\/songte-company-2.webp\"><\/p>\n<h2>Zna\u010dilnosti<\/h2>\n<ul>\n<li>Visoka trdnost in vzdr\u017eljivost: Obi\u010dajno so izdelani iz visoko trdnega jekla ali aluminija, ki lahko prenese visok tlak in velike obremenitve ter so zasnovani z upo\u0161tevanjem odpornosti proti obrabi in koroziji za podalj\u0161anje \u017eivljenjske dobe.<\/li>\n<li>U\u010dinkovito hidravli\u010dno delovanje: Dosega gladke gibe iztegovanja in kr\u010denja z uporabo hidravli\u010dnega tlaka olja, se hitro odziva na krmilne ukaze, zagotavlja mo\u010dno potisno-vle\u010dno silo in je primerno za ravnanje s te\u017ekimi bremeni in kompleksnimi delovnimi nalogami.<\/li>\n<li>Ve\u010d vrst: Za razli\u010dne operativne potrebe je mogo\u010de izbrati enosmerno delujo\u010de (hidravli\u010dno delovanje samo v eno smer) ali dvosmerno delujo\u010de (hidravli\u010dno delovanje v dve smeri) cilindre. Nekateri modeli so teleskopski, kar omogo\u010da ve\u010dji razteg brez pove\u010danja zunanjih dimenzij, primerni za uporabo v omejenem prostoru.<\/li>\n<li>Enostavna zamenjava: Na\u0161i izdelki lahko popolnoma nadomestijo te hidravli\u010dne cilindre.<\/li>\n<\/ul>\n<p><img decoding=\"async\" src=\"https:\/\/www.hydraulic-cylinders.net\/wp-content\/uploads\/2025\/01\/songte-cylinder-head-with-all-kinds-excavator-models.webp\"><\/p>\n<h2>Aplikacije<\/h2>\n<p>Valji z \u017elico se pogosto uporabljajo v razli\u010dnih gradbenih in kmetijskih strojih, kot so:<\/p>\n<ul>\n<li>Bagri: Omogo\u010dajo kopanje, saj omogo\u010dajo, da \u017elica prodre v zemljo<\/li>\n<li>Nakladalniki: Pomagajo u\u010dinkovito dvigovati in nagibati tovor<\/li>\n<li>Bagri: Cilinder \u017elice pomaga pri kopanju in dvigovanju<\/li>\n<li>Kmetijski stroji: Uporabljajo se v \u010delnih nakladalnikih za kopanje, dvigovanje in prevoz zemlje, sena in drugih materialov.<\/li>\n<\/ul>\n<h2>Oblikovalski vidiki<\/h2>\n<p>Za cilindre z \u017elico so pomembni naslednji konstrukcijski vidiki:<\/p>\n<h3>Nosilnost<\/h3>\n<p>Jeklenka mora biti sposobna prenesti te\u017eo in obremenitev vedra ter materialov, ki jih preva\u017ea.<\/p>\n<h3>Tesnjenje<\/h3>\n<p>Valj mora biti zasnovan z visokokakovostnimi tesnili, da se prepre\u010di pu\u0161\u010danje hidravli\u010dne teko\u010dine in zmanj\u0161ajo stro\u0161ki vzdr\u017eevanja.<\/p>\n<h3>Vzdr\u017eljivost<\/h3>\n<p>Jeklenka mora biti zasnovana tako, da prenese obrabo zaradi intenzivne uporabe in dela v zahtevnih okoljih.<\/p>\n<h3>Varnost<\/h3>\n<p>Jeklenka mora biti zasnovana z varnostnimi elementi za prepre\u010devanje nesre\u010d in za\u0161\u010dito tistih, ki delajo v njeni bli\u017eini.<\/p>\n<h3>Vzdr\u017eevanje<\/h3>\n<p>Jeklenka mora biti zasnovana tako, da jo je mogo\u010de enostavno vzdr\u017eevati in popravljati, da se zagotovi dolga \u017eivljenjska doba.<\/p>\n<p><img decoding=\"async\" src=\"https:\/\/www.hydraulic-cylinders.net\/wp-content\/uploads\/2025\/01\/songte-oil-pipes-and-spare-parts.webp\"><\/p>\n<h2>Tesnjenje in mazanje<\/h2>\n<p>V cilindrih z \u017elico se uporabljajo razli\u010dne tesnilne komponente, kot so tesnila bata, tesnila palic itd., izdelane iz materialov, odpornih proti obrabi, kot so poliuretan, nitrilna guma itd. Telo cilindra in povr\u0161ine navojnih kon\u010dnic so fino obdelane za izbolj\u0161anje odpornosti proti obrabi. Za pravilno mazanje je potrebno redno dodajanje ustrezne koli\u010dine hidravli\u010dnega olja.<\/p>\n<h2>Vzdr\u017eevanje in popravila<\/h2>\n<p>Za dolgoro\u010dno uporabo cilindrov z \u017elico so bistvena naslednja vzdr\u017eevalna opravila:<\/p>\n<h3>Redni pregled<\/h3>\n<p>Redni pregledi cilindra in njegovih komponent so potrebni za zagotovitev pravilnega delovanja in odkrivanje morebitnih te\u017eav.<\/p>\n<h3>Mazanje<\/h3>\n<p>Pravilno mazanje cilindra in njegovih komponent lahko pomaga zmanj\u0161ati obrabo in podalj\u0161ati \u017eivljenjsko dobo.<\/p>\n<h3>Zamenjava tesnil<\/h3>\n<p>Zamenjava obrabljenih tesnil je potrebna za prepre\u010devanje pu\u0161\u010danja hidravli\u010dne teko\u010dine in zmanj\u0161anje stro\u0161kov vzdr\u017eevanja.<\/p>\n<p>Pravilna namestitev je bistvenega pomena za delovanje in varnost cilindrov z \u017elico. Pravilna poravnava cilindra je klju\u010dnega pomena za njegovo pravilno delovanje. Za pritrditev cilindra je priporo\u010dljiva uporaba ustreznih monta\u017enih nosilcev. Za podalj\u0161anje \u017eivljenjske dobe so priporo\u010dljivi redni pregledi, popravila in zamenjava delov.<\/p>\n<p><img decoding=\"async\" src=\"https:\/\/www.hydraulic-cylinders.net\/wp-content\/uploads\/2025\/01\/songte-chushion-collar.webp\"><\/p>\n<h2>Varnost in okolje<\/h2>\n<p>Za prepre\u010devanje nesre\u010d med delovanjem cilindrov vedra so potrebni ustrezni varnostni ukrepi. Pomena upo\u0161tevanja varnostnih ukrepov ni mogo\u010de preceniti. Pravilno odstranjevanje rabljenega hidravli\u010dnega olja je nujno za za\u0161\u010dito okolja.<\/p>\n<h2>Diagnoza in odpravljanje te\u017eav<\/h2>\n<p>Pogoste te\u017eave z cilindri \u017elic vklju\u010dujejo pu\u0161\u010danje, nepravilno delovanje in po\u0161kodbe tesnil. Redni pregledi, vzdr\u017eevanje in pravilno mazanje lahko pomagajo prepre\u010diti te te\u017eave. \u010ce se pojavijo te\u017eave, je priporo\u010dljivo, da se za diagnozo in popravilo posvetujete s strokovnjakom.<\/p>\n<p><img decoding=\"async\" src=\"https:\/\/www.hydraulic-cylinders.net\/wp-content\/uploads\/2025\/01\/songte-bushings-with-all-kinds-of-excavator-models.webp\"><\/p>\n<h2>O nas<\/h2>\n<p>Smo vodilni proizvajalec in veletrgovec hidravli\u010dnih cilindrov na doma\u010dem in mednarodnem trgu. Ponujamo razli\u010dne izdelke in sledimo strategiji upravljanja proizvodnje, ki temelji na odli\u010dni kakovosti, tehni\u010dnem talentu, vrhunski digitalni proizvodni opremi in profesionalnih sistemih testiranja. Na\u0161i izdelki so izdelani na dovr\u0161eni proizvodni platformi s poudarkom na visoki u\u010dinkovitosti, visoki natan\u010dnosti in visoki kakovosti, da bi zadovoljili raznolike potrebe na\u0161ih strank.<\/p>\n<p>Na\u0161e podjetje nudi profesionalne storitve, ki vklju\u010dujejo mednarodno certificiranje, prilagajanje, proizvodno opremo in poprodajne storitve.<\/p>\n<p><img decoding=\"async\" src=\"https:\/\/hzpt.com\/wp-content\/uploads\/2024\/11\/songte-company-1.webp\"><\/p>\n<p>Avtor: lyl<\/p>","protected":false},"excerpt":{"rendered":"<p>Bucket Cylinder For Zoomlion Small Excavator ZE85E Introduction A bucket cylinder is a specially designed hydraulic cylinder used to control the movement of buckets in heavy machinery such as excavators, backhoes, and front-end loaders. Its main function is to lift, lower, and tilt the bucket, making it easy to handle various material handling tasks. In [&hellip;]<\/p>","protected":false},"featured_media":14788,"comment_status":"open","ping_status":"closed","template":"","meta":{"_et_pb_use_builder":"","_et_pb_old_content":"","_et_gb_content_width":""},"product_brand":[],"product_cat":[1494],"product_tag":[1495,1496],"class_list":{"0":"post-15493","1":"product","2":"type-product","3":"status-publish","4":"has-post-thumbnail","6":"product_cat-bucket-cylinders","7":"product_tag-bucket-cylinders","8":"product_tag-hydraulic-cylinders","10":"first","11":"instock","12":"shipping-taxable","13":"product-type-simple"},"amp_enabled":true,"_links":{"self":[{"href":"https:\/\/www.hydraulic-cylinders.net\/sl\/wp-json\/wp\/v2\/product\/15493","targetHints":{"allow":["GET"]}}],"collection":[{"href":"https:\/\/www.hydraulic-cylinders.net\/sl\/wp-json\/wp\/v2\/product"}],"about":[{"href":"https:\/\/www.hydraulic-cylinders.net\/sl\/wp-json\/wp\/v2\/types\/product"}],"replies":[{"embeddable":true,"href":"https:\/\/www.hydraulic-cylinders.net\/sl\/wp-json\/wp\/v2\/comments?post=15493"}],"wp:featuredmedia":[{"embeddable":true,"href":"https:\/\/www.hydraulic-cylinders.net\/sl\/wp-json\/wp\/v2\/media\/14788"}],"wp:attachment":[{"href":"https:\/\/www.hydraulic-cylinders.net\/sl\/wp-json\/wp\/v2\/media?parent=15493"}],"wp:term":[{"taxonomy":"product_brand","embeddable":true,"href":"https:\/\/www.hydraulic-cylinders.net\/sl\/wp-json\/wp\/v2\/product_brand?post=15493"},{"taxonomy":"product_cat","embeddable":true,"href":"https:\/\/www.hydraulic-cylinders.net\/sl\/wp-json\/wp\/v2\/product_cat?post=15493"},{"taxonomy":"product_tag","embeddable":true,"href":"https:\/\/www.hydraulic-cylinders.net\/sl\/wp-json\/wp\/v2\/product_tag?post=15493"}],"curies":[{"name":"delovni list","href":"https:\/\/api.w.org\/{rel}","templated":true}]}}