{"id":15494,"date":"2025-01-19T14:36:02","date_gmt":"2025-01-19T14:36:02","guid":{"rendered":"https:\/\/www.hydraulic-cylinders.net\/product\/bucket-cylinder-for-zoomlion-small-excavator-ze150\/"},"modified":"2025-01-19T14:36:04","modified_gmt":"2025-01-19T14:36:04","slug":"bucket-cylinder-for-zoomlion-small-excavator-ze150","status":"publish","type":"product","link":"https:\/\/www.hydraulic-cylinders.net\/sl\/izdelek\/bucket-cylinder-for-zoomlion-small-excavator-ze150\/","title":{"rendered":"Cilinder \u017elice za majhen bager Zoomlion ZE150"},"content":{"rendered":"<p>&lt;h1&gt;Cilinder \u017elice za majhen bager Zoomlion ZE150&lt;\/h1&gt;<\/p>\n<p>&lt;h2&gt;Uvod&lt;\/h2&gt;<br \/>\n&lt;p&gt;Hidravli\u010dni valj \u017elice je posebej zasnovan hidravli\u010dni valj, ki se uporablja za krmiljenje gibanja \u017elice v te\u017ekih strojih, kot so bagri, bagri nakladalniki in \u010delni nakladalniki. Njegova glavna funkcija je omogo\u010danje dvigovanja, spu&scaron;\u010danja in nagibanja \u017elice, zaradi \u010desar je priro\u010dna za razli\u010dna opravila ravnanja z materiali. V hidravli\u010dnem sistemu valj \u017elice dose\u017ee natan\u010den nadzor nad \u017elico s spremembo tlaka hidravli\u010dnega olja, kar upravljavcem omogo\u010da u\u010dinkovito ravnanje s te\u017ekimi bremeni in prilagajanje kompleksnim delovnim okoljem ter raznolikim zahtevam dela.&lt;\/p&gt;<\/p>\n<p>&lt;img src=&quot;&rdquo;https:\/\/www.hydraulic-cylinders.net\/wp-content\/uploads\/2025\/01\/songte-company-2.webp&rdquo;&quot; alt=&quot;Vedro&quot; cylinder image&rdquo;&gt;<\/p>\n<p>&lt;h2&gt;Zna\u010dilnosti&lt;\/h2&gt;<br \/>\n<ul><br \/>\n  <li>Visoka trdnost in vzdr\u017eljivost: Obi\u010dajno je izdelan iz visoko trdnega jekla ali aluminija, zato lahko prenese visok tlak in velike obremenitve ter se prilagaja zahtevnim delovnim okoljem. Zasnova upo\u0161teva odpornost proti obrabi in koroziji za podalj\u0161anje \u017eivljenjske dobe.<\/li><br \/>\n  <li>U\u010dinkovito hidravli\u010dno delovanje: Z uporabo tlaka hidravli\u010dnega olja za doseganje gladkega teleskopskega delovanja se lahko hitro odzove na krmilne ukaze in zagotavlja mo\u010dne potisne in vle\u010dne sile, primerne za rokovanje s te\u017ekimi bremeni in kompleksnimi nalogami.<\/li><br \/>\n  <li>Razli\u010dne vrste: Glede na potrebe je mogo\u010de izbrati enosmerno delujo\u010de (hidravli\u010dno delovanje samo v eno smer) ali dvosmerno delujo\u010de (hidravli\u010dno delovanje v obe smeri) cilindre. Nekateri modeli so teleskopski, kar omogo\u010da ve\u010dji razteg brez pove\u010danja zunanjih dimenzij, primerni za uporabo z omejenim prostorom.<\/li><br \/>\n  <li>Zamenjava za druge hidravli\u010dne cilindre: Na\u0161 izdelek lahko popolnoma nadomesti te hidravli\u010dne cilindre.<\/li><br \/>\n<\/ul><\/p>\n<p>&lt;img src=&quot;&rdquo;https:\/\/www.hydraulic-cylinders.net\/wp-content\/uploads\/2025\/01\/songte-cylinder-head-with-all-kinds-excavator-models.webp&rdquo;&quot; alt=&quot;Zamenjava&quot; cylinder image&rdquo;&gt;<\/p>\n<p>&lt;h2&gt;Aplikacije&lt;\/h2&gt;<br \/>\n<ul><br \/>\n  <li>Gradbena oprema: Bistvena za bagre pri kopanju, nakladanju in premikanju zemlje ali ru\u0161evin. Pri bagrih nakladalnikih cilindri \u017elice pomagajo tako pri kopanju kot pri dvigovanju.<\/li><br \/>\n  <li>Kmetijska mehanizacija: Uporablja se v \u010delnih nakladalnikih za zajemanje, dvigovanje in prevoz zemlje, sena in drugih materialov.<\/li><br \/>\n  <li>Bagri: Cilindri \u017elice omogo\u010dajo kopanje tako, da \u017elica prodre v zemljo.<\/li><br \/>\n  <li>Nakladalci: Pri \u010delnih nakladalcih pomagajo pri u\u010dinkovitem dvigovanju in odlaganju tovora.<\/li><br \/>\n<\/ul><\/p>\n<p>&lt;h2&gt;Oblikovalski vidiki in izbirna merila&lt;\/h2&gt;<br \/>\n&lt;p&gt;Pri na\u010drtovanju cilindrov z \u017elico je treba upo&scaron;tevati ve\u010d klju\u010dnih dejavnikov, vklju\u010dno z nosilnostjo, tesnjenjem, vzdr\u017eljivostjo, varnostjo in vzdr\u017eevanjem.&lt;\/p&gt;<\/p>\n<p>&lt;img src=&quot;&rdquo;https:\/\/www.hydraulic-cylinders.net\/wp-content\/uploads\/2025\/01\/songte-oil-pipes-and-spare-parts.webp&rdquo;&quot; alt=&quot;Oblikovanje&quot; considerations image&rdquo;&gt;<\/p>\n<p>&lt;h2&gt;Tesnjenje in mazanje&lt;\/h2&gt;<br \/>\n&lt;p&gt;Uporabljajo se razli\u010dna tesnila, kot so tesnila bata in tesnila batnic, izdelana iz materialov, odpornih proti obrabi, kot sta poliuretan in nitrilna guma. Telo valja in navojne kon\u010dne povr&scaron;ine so fino obdelane za izbolj&scaron;anje odpornosti proti obrabi. Potrebno je redno mazanje z ustrezno koli\u010dino hidravli\u010dnega olja.&lt;\/p&gt;<\/p>\n<p>&lt;h2&gt;Redni pregledi in preventivno vzdr\u017eevanje&lt;\/h2&gt;<br \/>\n&lt;p&gt;Za zagotovitev optimalne zmogljivosti in dolge \u017eivljenjske dobe valja z \u017elico je treba izvajati redne preglede in preventivne vzdr\u017eevalne ukrepe. Ti ukrepi vklju\u010dujejo ustrezno pregledovanje in mazanje, po potrebi zamenjavo tesnil in kalibracijo valja.&lt;\/p&gt;<\/p>\n<p>&lt;h2&gt;Pravilen priro\u010dnik za namestitev izdelka&lt;\/h2&gt;<br \/>\n&lt;p&gt;Pravilna namestitev je klju\u010dnega pomena za u\u010dinkovito delovanje cilindra z \u017elico. Priporo\u010dljivo je, da med namestitvijo cilinder pravilno poravnate in za pritrditev cilindra uporabite ustrezne monta\u017ene nosilce.&lt;\/p&gt;<\/p>\n<p>&lt;img src=&quot;&rdquo;https:\/\/www.hydraulic-cylinders.net\/wp-content\/uploads\/2025\/01\/songte-chushion-collar.webp&rdquo;&quot; alt=&quot;&amp;quot;Namestitev&amp;quot;&quot; guide image&rdquo;&gt;<\/p>\n<p>&lt;h2&gt;Vzdr\u017eevalna opravila&lt;\/h2&gt;<br \/>\n&lt;p&gt;Pogosta vzdr\u017eevalna opravila za valj z \u017elico vklju\u010dujejo redne preglede, ustrezno mazanje, zamenjavo tesnil in preverjanje kalibracije. Za optimalno delovanje je poudarek na pravilni namestitvi, mazanju in nastavitvi. Navesti je treba priporo\u010dene postopke pregledov, popravil in zamenjav ter nasvete za podalj&scaron;anje \u017eivljenjske dobe valja.&lt;\/p&gt;<\/p>\n<p>&lt;img src=&quot;&rdquo;https:\/\/www.hydraulic-cylinders.net\/wp-content\/uploads\/2025\/01\/songte-bushings-with-all-kinds-of-excavator-models.webp&rdquo;&quot; alt=&quot;Vzdr\u017eevanje&quot; tasks image&rdquo;&gt;<\/p>\n<p>&lt;h2&gt;Varnostni vidiki in okoljski dejavniki&lt;\/h2&gt;<br \/>\n&lt;p&gt;Pri uporabi cilindra z \u017elico so varnostni ukrepi izjemnega pomena. Pri rokovanju s te\u017ekimi stroji in upravljanju hidravli\u010dnih sistemov je treba upo&scaron;tevati varnostne ukrepe. Upo&scaron;tevati je treba tudi okoljske dejavnike, da se zagotovi pravilno odstranjevanje in ravnanje s hidravli\u010dnimi teko\u010dinami.&lt;\/p&gt;<\/p>\n<p>&lt;h2&gt;Diagnoza napak in pogoste te\u017eave&lt;\/h2&gt;<br \/>\n&lt;p&gt;Razprava o diagnosticiranju napak in pogostih te\u017eavah, povezanih z cilindrom vedra, je bistvenega pomena. Za pomo\u010d bralcem pri u\u010dinkovitem diagnosticiranju in re&scaron;evanju te\u017eav je treba zagotoviti nasvete in re&scaron;itve za odpravljanje te\u017eav. Omeniti je treba preventivne ukrepe za zmanj&scaron;anje morebitnih te\u017eav.&lt;\/p&gt;<\/p>\n<p>&lt;img src=&quot;&rdquo;https:\/\/www.hydraulic-cylinders.net\/wp-content\/uploads\/2025\/01\/songte-company-1.webp&rdquo;&quot; alt=&quot;Napaka&quot; diagnosis image&rdquo;&gt;<\/p>\n<p>&lt;h2&gt;Predstavitev podjetja&lt;\/h2&gt;<br \/>\n&lt;p&gt;Smo vodilni proizvajalec in veleprodajni distributer hidravli\u010dnih cilindrov na doma\u010dem in mednarodnem trgu. Na&scaron;e podjetje ponuja &scaron;iroko paleto izdelkov in sledi strategiji upravljanja proizvodnje, ki poudarja odli\u010dno kakovost in fine proizvodne procese. S poudarkom na tehnolo&scaron;kih talentih, napredni proizvodni opremi in profesionalnih sistemih testiranja nenehno izbolj&scaron;ujemo na&scaron;e proizvodne platforme in proizvodne poti za kakovost izdelkov. Imamo mo\u010dno ustvarjalno sposobnost in dajemo prednost u\u010dinkovitosti, natan\u010dnosti in visokokakovostnim na\u010delom, da bi zadostili raznolikim zahtevam strank.&lt;\/p&gt;<\/p>\n<p>&lt;img src=&quot;&rdquo;https:\/\/www.hydraulic-cylinders.net\/wp-content\/uploads\/2025\/01\/songte-company-3.webp&rdquo;&quot; alt=&quot;Podjetje&quot; introduction image&rdquo;&gt;<\/p>\n<p>&lt;p&gt;Na&scaron;e podjetje je znano po svoji profesionalnosti, mednarodnih certifikatih, prilagojenih storitvah, proizvodni opremi in poprodajnih storitvah. &lt;\/p&gt;<\/p>\n<p>&lt;p&gt;Avtor: lyl&lt;\/p&gt;<\/p>","protected":false},"excerpt":{"rendered":"<p>&lt;h1&gt;Cilinder \u017elice za majhen bager Zoomlion ZE150&lt;\/h1&gt; &lt;h2&gt;Uvod&lt;\/h2&gt; &lt;p&gt;The bucket cylinder is a specially designed hydraulic cylinder used to control the movement of the bucket in heavy machinery such as excavators, backhoe loaders, and front loaders. Its main function is to enable the lifting, lowering, and tilting of the bucket, making it convenient for various [&hellip;]<\/p>","protected":false},"featured_media":14787,"comment_status":"open","ping_status":"closed","template":"","meta":{"_et_pb_use_builder":"","_et_pb_old_content":"","_et_gb_content_width":""},"product_brand":[],"product_cat":[1494],"product_tag":[1495,1496],"class_list":{"0":"post-15494","1":"product","2":"type-product","3":"status-publish","4":"has-post-thumbnail","6":"product_cat-bucket-cylinders","7":"product_tag-bucket-cylinders","8":"product_tag-hydraulic-cylinders","10":"first","11":"instock","12":"shipping-taxable","13":"product-type-simple"},"amp_enabled":true,"_links":{"self":[{"href":"https:\/\/www.hydraulic-cylinders.net\/sl\/wp-json\/wp\/v2\/product\/15494","targetHints":{"allow":["GET"]}}],"collection":[{"href":"https:\/\/www.hydraulic-cylinders.net\/sl\/wp-json\/wp\/v2\/product"}],"about":[{"href":"https:\/\/www.hydraulic-cylinders.net\/sl\/wp-json\/wp\/v2\/types\/product"}],"replies":[{"embeddable":true,"href":"https:\/\/www.hydraulic-cylinders.net\/sl\/wp-json\/wp\/v2\/comments?post=15494"}],"wp:featuredmedia":[{"embeddable":true,"href":"https:\/\/www.hydraulic-cylinders.net\/sl\/wp-json\/wp\/v2\/media\/14787"}],"wp:attachment":[{"href":"https:\/\/www.hydraulic-cylinders.net\/sl\/wp-json\/wp\/v2\/media?parent=15494"}],"wp:term":[{"taxonomy":"product_brand","embeddable":true,"href":"https:\/\/www.hydraulic-cylinders.net\/sl\/wp-json\/wp\/v2\/product_brand?post=15494"},{"taxonomy":"product_cat","embeddable":true,"href":"https:\/\/www.hydraulic-cylinders.net\/sl\/wp-json\/wp\/v2\/product_cat?post=15494"},{"taxonomy":"product_tag","embeddable":true,"href":"https:\/\/www.hydraulic-cylinders.net\/sl\/wp-json\/wp\/v2\/product_tag?post=15494"}],"curies":[{"name":"delovni list","href":"https:\/\/api.w.org\/{rel}","templated":true}]}}