{"id":15495,"date":"2025-01-19T14:36:07","date_gmt":"2025-01-19T14:36:07","guid":{"rendered":"https:\/\/www.hydraulic-cylinders.net\/product\/bucket-cylinder-for-zoomlion-small-excavator-ze150e\/"},"modified":"2025-01-19T14:36:09","modified_gmt":"2025-01-19T14:36:09","slug":"bucket-cylinder-for-zoomlion-small-excavator-ze150e","status":"publish","type":"product","link":"https:\/\/www.hydraulic-cylinders.net\/sl\/izdelek\/bucket-cylinder-for-zoomlion-small-excavator-ze150e\/","title":{"rendered":"Cilinder \u017elice za majhen bager Zoomlion ZE150E"},"content":{"rendered":"<h1>Cilinder \u017elice za majhen bager Zoomlion ZE150E<\/h1>\n<h2>Uvod<\/h2>\n<p>Hidravli\u010dni valj \u017elice je posebej zasnovan hidravli\u010dni valj, ki se uporablja predvsem za nadzor gibanja \u017elice v te\u017ekih strojih, kot so bagri, bagri in \u010delni nakladalniki. Njegova glavna funkcija je omogo\u010diti dvigovanje, spu\u0161\u010danje in nagibanje \u017elice, kar olaj\u0161a opravljanje razli\u010dnih nalog ravnanja z materiali. V hidravli\u010dnem sistemu valj \u017elice dose\u017ee natan\u010den nadzor nad \u017elico s spremembami tlaka hidravli\u010dnega olja, kar omogo\u010da upravljavcem u\u010dinkovito ravnanje s te\u017ekimi bremeni in prilagajanje kompleksnim delovnim okoljem ter raznolikim operativnim zahtevam.<\/p>\n<p><img decoding=\"async\" src=\"https:\/\/www.hydraulic-cylinders.net\/wp-content\/uploads\/2025\/01\/songte-company-2.webp\" alt=\"Slika valjaste \u017elice\"><\/p>\n<h2>Zna\u010dilnosti<\/h2>\n<ul>\n<li>Visoka trdnost in vzdr\u017eljivost: Obi\u010dajno so izdelani iz visoko trdnega jekla ali aluminija, sposobni prenesti visok tlak in velike obremenitve, prilagojeni zahtevnim delovnim okoljem in zasnovani tako, da upo\u0161tevajo odpornost proti obrabi in koroziji, kar podalj\u0161uje \u017eivljenjsko dobo.<\/li>\n<li>U\u010dinkovito hidravli\u010dno delovanje: Uporaba hidravli\u010dnega tlaka olja za doseganje gladkih iztegovalnih in kr\u010dnih gibov, sposobnost hitrega odzivanja na krmilne ukaze, zagotavljanje mo\u010dnih potiskih in vle\u010dnih sil, primerno za ravnanje s te\u017ekimi bremeni in kompleksne operativne naloge.<\/li>\n<li>Razli\u010dne vrste: Enojno delujo\u010di (hidravli\u010dni, ki se uporabljajo samo v eni smeri) ali dvostransko delujo\u010di (hidravli\u010dni, ki se uporabljajo v dveh smereh) cilindri se lahko izberejo glede na zahteve za razli\u010dne operativne potrebe. Nekateri modeli so teleskopski, kar omogo\u010da ve\u010dji razteg brez pove\u010danja zunanjih dimenzij, primerni za uporabo z omejenim prostorom.<\/li>\n<\/ul>\n<p>Ta izdelek lahko izdelamo in na\u0161 izdelek lahko popolnoma nadomesti te hidravli\u010dne cilindre.<\/p>\n<p><img decoding=\"async\" src=\"https:\/\/www.hydraulic-cylinders.net\/wp-content\/uploads\/2025\/01\/songte-cylinder-head-with-all-kinds-excavator-models.webp\" alt=\"Slika zamenjave cilindra vedra\"><\/p>\n<h2>Uporaba<\/h2>\n<p>Valj z \u017elico se uporablja na razli\u010dnih podro\u010djih:<\/p>\n<ul>\n<li>Gradbena oprema: Pri bagrih so klju\u010dni za kopanje, nakladanje in premikanje zemlje ali ru\u0161evin. Pri bagrih cilinder \u017elice pomaga tako pri kopanju kot pri dvigovanju. <\/li>\n<li>Kmetijski stroji: Uporabljajo se v \u010delnih nakladalnikih za zajemanje, dvigovanje in prevoz zemlje, sena in drugih materialov. Bagri: Cilinder \u017elice omogo\u010da izkopavanje, saj \u017elici omogo\u010da prodiranje v zemljo. <\/li>\n<li>Nakladalniki: Pri \u010delnih nakladalnikih pomagajo pri u\u010dinkovitem dvigovanju in nagibanju blaga. <\/li>\n<\/ul>\n<h2>Oblikovalski vidiki in izbirna merila<\/h2>\n<ul>\n<li>Nosilnost: Valj mora biti sposoben prenesti te\u017eo materiala, ki se premika.<\/li>\n<li>Tesnjenje: Cilinder mora biti pravilno zatesnjen, da se prepre\u010di pu\u0161\u010danje hidravli\u010dnega olja in ohrani tlak.<\/li>\n<li>Vzdr\u017eljivost: Jeklenka mora biti izdelana iz materialov, ki so odporni na obrabo zaradi ve\u010dkratne uporabe.<\/li>\n<li>Varnost: Jeklenka mora biti zasnovana z varnostnimi elementi za prepre\u010devanje nesre\u010d.<\/li>\n<li>Vzdr\u017eevanje: Jeklenka mora biti zasnovana z lastnostmi, ki omogo\u010dajo enostavno vzdr\u017eevanje in popravilo.<\/li>\n<\/ul>\n<p><img decoding=\"async\" src=\"https:\/\/www.hydraulic-cylinders.net\/wp-content\/uploads\/2025\/01\/songte-oil-pipes-and-spare-parts.webp\" alt=\"Slika delov cilindra\"><\/p>\n<h2>Tesnjenje in mazanje<\/h2>\n<p>Za zagotovitev ustreznega tesnjenja se uporabljajo razli\u010dne tesnilne komponente, kot so tesnila bata, tesnila ojnic itd. Tesnila so izdelana iz materialov, odpornih proti obrabi, kot so poliuretan, nitrilna guma itd. Telo valja in navojne kon\u010dne povr\u0161ine so fino obdelane za izbolj\u0161anje odpornosti proti obrabi. Prav tako je potrebno redno dodajanje ustrezne koli\u010dine hidravli\u010dnega olja za mazanje.<\/p>\n<h2>Vzdr\u017eevanje in servis<\/h2>\n<p>Redni pregledi, ustrezno mazanje, zamenjava tesnil in preverjanje kalibracije so pogosta vzdr\u017eevalna opravila. Pravilna namestitev, mazanje in nastavitev so pomembni, med namestitvijo pa je treba zagotoviti ustrezna navodila za poravnavo jeklenke. Priporo\u010dljivo je uporabiti ustrezne monta\u017ene nosilce za pritrditev jeklenke. Priporo\u010deni postopki pregleda, popravila in zamenjave ter nadomestni deli in storitve obnove lahko podalj\u0161ajo \u017eivljenjsko dobo jeklenke.<\/p>\n<p><img decoding=\"async\" src=\"https:\/\/www.hydraulic-cylinders.net\/wp-content\/uploads\/2025\/01\/songte-chushion-collar.webp\" alt=\"Slika oblazinjenega ovratnika\"><\/p>\n<h2>Varnostni vidiki in okoljski dejavniki<\/h2>\n<p>Pri uporabi in namestitvi hidravli\u010dnih cilindrov je pomembno upo\u0161tevati varnostne ukrepe, da prepre\u010dite nesre\u010de. Pri izbiri cilindra je treba upo\u0161tevati tudi okoljske dejavnike, kot sta temperatura in vla\u017enost.<\/p>\n<h2>Diagnoza pogostih napak in re\u0161itve<\/h2>\n<p>Pogoste napake vklju\u010dujejo pu\u0161\u010danje olja, nezadosten tlak in po\u010dasno gibanje. Pravilen pregled in vzdr\u017eevanje lahko pomagata odkriti in re\u0161iti te\u017eave.<\/p>\n<p><img decoding=\"async\" src=\"https:\/\/www.hydraulic-cylinders.net\/wp-content\/uploads\/2025\/01\/songte-bushings-with-all-kinds-of-excavator-models.webp\" alt=\"Slika pu\u0161\"><\/p>\n<h2>O na\u0161em podjetju<\/h2>\n<p>Smo proizvajalec nadomestnih delov za hidravli\u010dne cilindre s celotno paleto izdelkov. Postali smo eden vodilnih proizvajalcev in veleprodajnih distributerjev hidravli\u010dnih cilindrov na doma\u010dem in tujem trgu. V na\u0161ih vrhunskih proizvodnih delavnicah sledimo na\u010delom odli\u010dne kakovosti in se zana\u0161amo na industrializirane strategije upravljanja proizvodnje. Nenehno izbolj\u0161ujemo na\u0161o proizvodno platformo in izpopolnjujemo proizvodno linijo za kakovost izdelkov z uporabo tehni\u010dnega talenta, vrhunske digitalne proizvodne opreme in profesionalnih sistemov za testiranje. Imamo mo\u010dne ustvarjalne sposobnosti in strankam zagotavljamo raznolike potrebe na podlagi na\u010del visoke u\u010dinkovitosti, visoke natan\u010dnosti in visoke kakovosti.<\/p>\n<p>Our company&#8217;s features include:<\/p>\n<ul>\n<li>Profesionalnost<\/li>\n<li>Mednarodno certificiranje<\/li>\n<li>Storitve prilagajanja<\/li>\n<li>Proizvodna oprema<\/li>\n<li>Poprodajne storitve<\/li>\n<\/ul>\n<p><img decoding=\"async\" src=\"https:\/\/hzpt.com\/wp-content\/uploads\/2024\/11\/songte-company-1.webp\" alt=\"Slika podjetja\"><\/p>\n<p>Avtor: lyl<\/p>","protected":false},"excerpt":{"rendered":"<p>Bucket Cylinder For Zoomlion Small Excavator ZE150E Introduction A bucket cylinder is a specially designed hydraulic cylinder that is mainly used to control the movement of the bucket in heavy machinery such as excavators, backhoes, and front-end loaders. Its main function is to enable the bucket to lift, lower, and tilt, making it easier to [&hellip;]<\/p>","protected":false},"featured_media":14785,"comment_status":"open","ping_status":"closed","template":"","meta":{"_et_pb_use_builder":"","_et_pb_old_content":"","_et_gb_content_width":""},"product_brand":[],"product_cat":[1494],"product_tag":[1495,1496],"class_list":{"0":"post-15495","1":"product","2":"type-product","3":"status-publish","4":"has-post-thumbnail","6":"product_cat-bucket-cylinders","7":"product_tag-bucket-cylinders","8":"product_tag-hydraulic-cylinders","10":"first","11":"instock","12":"shipping-taxable","13":"product-type-simple"},"amp_enabled":true,"_links":{"self":[{"href":"https:\/\/www.hydraulic-cylinders.net\/sl\/wp-json\/wp\/v2\/product\/15495","targetHints":{"allow":["GET"]}}],"collection":[{"href":"https:\/\/www.hydraulic-cylinders.net\/sl\/wp-json\/wp\/v2\/product"}],"about":[{"href":"https:\/\/www.hydraulic-cylinders.net\/sl\/wp-json\/wp\/v2\/types\/product"}],"replies":[{"embeddable":true,"href":"https:\/\/www.hydraulic-cylinders.net\/sl\/wp-json\/wp\/v2\/comments?post=15495"}],"wp:featuredmedia":[{"embeddable":true,"href":"https:\/\/www.hydraulic-cylinders.net\/sl\/wp-json\/wp\/v2\/media\/14785"}],"wp:attachment":[{"href":"https:\/\/www.hydraulic-cylinders.net\/sl\/wp-json\/wp\/v2\/media?parent=15495"}],"wp:term":[{"taxonomy":"product_brand","embeddable":true,"href":"https:\/\/www.hydraulic-cylinders.net\/sl\/wp-json\/wp\/v2\/product_brand?post=15495"},{"taxonomy":"product_cat","embeddable":true,"href":"https:\/\/www.hydraulic-cylinders.net\/sl\/wp-json\/wp\/v2\/product_cat?post=15495"},{"taxonomy":"product_tag","embeddable":true,"href":"https:\/\/www.hydraulic-cylinders.net\/sl\/wp-json\/wp\/v2\/product_tag?post=15495"}],"curies":[{"name":"delovni list","href":"https:\/\/api.w.org\/{rel}","templated":true}]}}