{"id":15499,"date":"2025-01-19T14:36:23","date_gmt":"2025-01-19T14:36:23","guid":{"rendered":"https:\/\/www.hydraulic-cylinders.net\/product\/bucket-cylinder-for-zoomlion-middle-excavator-ze230elr\/"},"modified":"2025-01-19T14:36:25","modified_gmt":"2025-01-19T14:36:25","slug":"bucket-cylinder-for-zoomlion-middle-excavator-ze230elr","status":"publish","type":"product","link":"https:\/\/www.hydraulic-cylinders.net\/sl\/izdelek\/bucket-cylinder-for-zoomlion-middle-excavator-ze230elr\/","title":{"rendered":"Cilinder \u017elice za srednji bager Zoomlion ZE230ELR"},"content":{"rendered":"<h1>Cilinder \u017elice za srednji bager Zoomlion ZE230ELR<\/h1>\n<h2>Uvod<\/h2>\n<h3>Definicija in funkcija<\/h3>\n<p>Hidravli\u010dni valj \u017elice je posebej zasnovan hidravli\u010dni valj, ki se uporablja predvsem za krmiljenje gibanja \u017elic v te\u017ekih strojih, kot so bagri, bagri z nakladalniki in \u010delni nakladalniki. Njegova glavna funkcija je dvigovanje, spu\u0161\u010danje in nagibanje \u017elic, kar olaj\u0161a razli\u010dna opravila ravnanja z materiali. V hidravli\u010dnem sistemu valj \u017elice dose\u017ee natan\u010den nadzor nad \u017elico s spremembami tlaka hidravli\u010dnega olja, kar omogo\u010da upravljavcem u\u010dinkovito rokovanje s te\u017ekimi predmeti in prilagajanje kompleksnim delovnim okoljem ter raznolikim operativnim zahtevam.<\/p>\n<p><img decoding=\"async\" src=\"https:\/\/www.hydraulic-cylinders.net\/wp-content\/uploads\/2025\/01\/songte-company-2.webp\"><\/p>\n<h2>Zna\u010dilnosti<\/h2>\n<ul>\n<li>Visoka trdnost in vzdr\u017eljivost: Obi\u010dajno je izdelan iz visoko trdnega jekla ali aluminija, lahko prenese visok tlak in velike obremenitve, se prilagodi zahtevnim delovnim okoljem in je zasnovan z upo\u0161tevanjem odpornosti proti obrabi in koroziji, kar podalj\u0161uje njegovo \u017eivljenjsko dobo.<\/li>\n<li>U\u010dinkovito hidravli\u010dno delovanje: Gladko teleskopsko delovanje se dose\u017ee z uporabo hidravli\u010dnega tlaka olja, ki se lahko hitro odzove na krmilne ukaze in zagotavlja mo\u010dne potisne in vle\u010dne sile, primerne za ravnanje s te\u017ekimi predmeti in kompleksnimi delovnimi nalogami.<\/li>\n<li>Razli\u010dne vrste: Enosmerno delujo\u010di (hidravli\u010dni, ki se uporabljajo samo v eni smeri) ali dvosmerno delujo\u010di (hidravli\u010dni, ki se uporabljajo v dveh smereh) cilindri se lahko izberejo glede na potrebe in razli\u010dne obratovalne zahteve. Nekateri modeli so teleskopski, kar omogo\u010da ve\u010dji izvle\u010dek brez pove\u010danja zunanjih dimenzij, zaradi \u010desar so primerni za uporabo v omejenem prostoru.<\/li>\n<\/ul>\n<p>Poleg teh lastnosti lahko na\u0161 izdelek odli\u010dno nadomesti te hidravli\u010dne cilindre.<\/p>\n<p><img decoding=\"async\" src=\"https:\/\/www.hydraulic-cylinders.net\/wp-content\/uploads\/2025\/01\/songte-cylinder-head-with-all-kinds-excavator-models.webp\"><\/p>\n<h2>Aplikacije<\/h2>\n<p>Valji z \u017elico se pogosto uporabljajo v razli\u010dnih gradbenih in kmetijskih strojih, vklju\u010dno z:<\/p>\n<ul>\n<li>Bagri: Cilindri \u017elice omogo\u010dajo kopanje tako, da \u017elica prodre v zemljo.<\/li>\n<li>\u010celni nakladalniki: Pri \u010delnih nakladalnikih pomagajo u\u010dinkovito dvigovati in nagibati tovore.<\/li>\n<li>Bagri z nakladalno \u017elico: Cilinder \u017elice pomaga pri izkopavanju in dvigovanju.<\/li>\n<li>Kmetijski stroji: Uporabljajo se v \u010delnih nakladalnikih za zajemanje, dvigovanje in prevoz zemlje, sena in drugih materialov.<\/li>\n<\/ul>\n<p>Vsako od teh aplikacij je mogo\u010de podrobneje raz\u0161iriti, pri \u010demer je opis vsake klju\u010dne besede dolg vsaj 200 besed.<\/p>\n<h2>Oblikovalski vidiki in izbirna merila<\/h2>\n<h3>Nosilnost<\/h3>\n<p>Najpomembnej\u0161i konstrukcijski dejavnik pri konstrukciji cilindrov z \u017elico je nosilnost. Cilinder mora biti sposoben prenesti najve\u010djo obremenitev, ki ji bo izpostavljen, glede na obratovalne pogoje in te\u017eo pritrjene \u017elice. Material, uporabljen za izdelavo cilindra, je treba skrbno izbrati tudi glede na njegovo sposobnost prena\u0161anja obremenitev in napetosti, ki jim bo izpostavljen.<\/p>\n<h3>Tesnjenje<\/h3>\n<p>Tesnilni sistem cilindrov \u017elice je \u0161e en pomemben dejavnik pri na\u010drtovanju. Cilinder mora biti ustrezno zatesnjen, da se prepre\u010di pu\u0161\u010danje in kontaminacija hidravli\u010dne teko\u010dine. Uporaba visokokakovostnih tesnil, kot so tesnila bata in batnice iz poliuretana ali nitrilne gume, je bistvenega pomena za zagotovitev, da valj ostane brez pu\u0161\u010danja in deluje po predvidenem namenu.<\/p>\n<h3>Vzdr\u017eljivost<\/h3>\n<p>Valji z \u017elico morajo biti zasnovani tako, da prenesejo te\u017eke obratovalne pogoje, vklju\u010dno z izpostavljenostjo umazaniji, prahu in drugim onesna\u017eevalcem. Povr\u0161ina valja mora biti obdelana tudi za izbolj\u0161anje odpornosti proti obrabi in koroziji, kar zagotavlja zanesljivo delovanje v dalj\u0161em \u010dasovnem obdobju.<\/p>\n<h3>Varnost<\/h3>\n<p>Varnost cilindrov z \u017elico je klju\u010dnega pomena in morajo biti zasnovani tako, da prepre\u010dujejo nesre\u010de in po\u0161kodbe. Varnostne funkcije, kot so tla\u010dni varnostni ventili, razpo\u010dne membrane in kon\u010dni omejevalniki, so pogosto vklju\u010dene v zasnovo, da se zagotovi varno in zanesljivo delovanje cilindrov.<\/p>\n<h3>Vzdr\u017eevanje<\/h3>\n<p>Vzdr\u017eevanje cilindrov \u017elice je klju\u010dnega pomena za zagotovitev, da ostanejo v dobrem delovnem stanju in delujejo, kot je predvideno. Redni pregledi, mazanje in zamenjava tesnil so bistvena vzdr\u017eevalna opravila, ki jih je treba izvajati za zagotovitev pravilnega delovanja cilindra. Uporaba visokokakovostne hidravli\u010dne teko\u010dine je prav tako bistvena za zagotovitev, da je valj ustrezno mazan.<\/p>\n<p><img decoding=\"async\" src=\"https:\/\/www.hydraulic-cylinders.net\/wp-content\/uploads\/2025\/01\/songte-oil-pipes-and-spare-parts.webp\"><\/p>\n<h2>Tesnjenje in mazanje<\/h2>\n<p>Za pravilno delovanje in optimalno delovanje cilindrov \u017elice je potrebno ustrezno tesnjenje in mazanje. Za zagotovitev, da hidravli\u010dna teko\u010dina ostane v cilindru in ne pu\u0161\u010da, je treba uporabiti razli\u010dne tesnilne komponente, kot so tesnila bata, tesnila palic in vodilni obro\u010di. Poleg tega sta redno mazanje cilindra in uporaba visokokakovostne hidravli\u010dne teko\u010dine bistvena za zagotovitev delovanja in zanesljivosti cilindra.<\/p>\n<h2>Vzdr\u017eevanje in popravila<\/h2>\n<p>Pravilno vzdr\u017eevanje in popravilo cilindrov \u017elice je bistvenega pomena za zagotovitev njihove dolge \u017eivljenjske dobe in optimalne zmogljivosti. Tri pogosta vzdr\u017eevalna opravila vklju\u010dujejo:<\/p>\n<ul>\n<li>Redni pregledi: Redni pregledi jeklenke so bistveni za zgodnje odkrivanje morebitnih znakov obrabe ali po\u0161kodb in njihovo odpravljanje, preden povzro\u010dijo resnej\u0161e te\u017eave.<\/li>\n<li>Ustrezno mazanje: Ustrezno mazanje komponent valja je bistvenega pomena za zagotovitev pravilnega delovanja in ohranjanje optimalne zmogljivosti.<\/li>\n<li>Zamenjava tesnil in preverjanje kalibracije: Redna zamenjava obrabljenih tesnil in preverjanje kalibracije sta bistvenega pomena za ohranjanje delovanja jeklenke in njeno neprepustnost.<\/li>\n<\/ul>\n<p>Klju\u010dnega pomena je zagotoviti, da je jeklenka pravilno name\u0161\u010dena, ustrezno mazana in prilagojena ustreznim specifikacijam. Prav tako je pomembna pravilna poravnava jeklenke, za pritrditev jeklenke pa je treba uporabiti ustrezne nosilce.<\/p>\n<p><img decoding=\"async\" src=\"https:\/\/www.hydraulic-cylinders.net\/wp-content\/uploads\/2025\/01\/songte-chushion-collar.webp\"><\/p>\n<h2>Varnostni in okoljski vidiki<\/h2>\n<p>Varnost je pri delu z jeklenkami z vedrom najpomembnej\u0161a, zato je treba sprejeti ustrezne previdnostne ukrepe, da se prepre\u010dijo nesre\u010de in po\u0161kodbe. Poleg tega je treba upo\u0161tevati vpliv jeklenk z vedrom na okolje in sprejeti ukrepe za zmanj\u0161anje njihovega vpliva na okolje.<\/p>\n<h2>Odpravljanje te\u017eav in pogoste te\u017eave<\/h2>\n<p>Valji z \u017elico lahko med svojo \u017eivljenjsko dobo naletijo na razli\u010dne te\u017eave, vklju\u010dno s pu\u0161\u010danjem, po\u010dasnim delovanjem in zana\u0161anjem valja. Diagnosticiranje teh te\u017eav zahteva temeljito razumevanje zasnove in delovanja valja, za u\u010dinkovito odpravljanje pa je treba upo\u0161tevati ustrezne korake za odpravljanje te\u017eav. Redno vzdr\u017eevanje in pregled valja lahko prepre\u010dita \u0161tevilne morebitne te\u017eave.<\/p>\n<p><img decoding=\"async\" src=\"https:\/\/www.hydraulic-cylinders.net\/wp-content\/uploads\/2025\/01\/songte-bushings-with-all-kinds-of-excavator-models.webp\"><\/p>\n<h2>O na\u0161em podjetju<\/h2>\n<p>Smo proizvajalec nadomestnih hidravli\u010dnih cilindrov in ponujamo celotno paleto hidravli\u010dnih cilindrov. Postali smo eden vodilnih proizvajalcev in veleprodajnih distributerjev hidravli\u010dnih cilindrov na doma\u010dem in mednarodnem trgu. Sledimo na\u010delom odli\u010dnosti v kakovosti, pri \u010demer se zana\u0161amo na industrializirane strategije upravljanja proizvodnje v finih proizvodnih delavnicah. Nenehno izbolj\u0161ujemo na\u0161o proizvodno platformo in izbolj\u0161ujemo kakovost na\u0161ih izdelkov ter imamo mo\u010dno ustvarjalno sposobnost, da zadovoljimo raznolike potrebe na\u0161ih strank z visoko u\u010dinkovitostjo, visoko natan\u010dnostjo in visoko kakovostjo.<\/p>\n<p><img decoding=\"async\" src=\"https:\/\/hzpt.com\/wp-content\/uploads\/2024\/11\/songte-company-1.webp\"><\/p>\n<p>Nudimo celoten nabor storitev, vklju\u010dno s strokovnim znanjem, mednarodnim certificiranjem, prilagojenimi storitvami, proizvodno opremo in poprodajnimi storitvami.<\/p>\n<h3>Profesionalnost:<\/h3>\n<p>Imamo ekipo visoko usposobljenih strokovnjakov z bogatimi izku\u0161njami na podro\u010dju na\u010drtovanja in izdelave hidravli\u010dnih cilindrov.<\/p>\n<h3>Mednarodno certificiranje:<\/h3>\n<p>Na\u0161i hidravli\u010dni cilindri so certificirani po mednarodnih standardih, kar zagotavlja, da izpolnjujejo najvi\u0161je standarde kakovosti.<\/p>\n<h3>Prilagojene storitve:<\/h3>\n<p>Nudimo prilagojene storitve, da zadostimo raznolikim potrebam na\u0161ih strank.<\/p>\n<h3>Proizvodna oprema:<\/h3>\n<p>Za izdelavo visokokakovostnih hidravli\u010dnih cilindrov uporabljamo najsodobnej\u0161o proizvodno opremo.<\/p>\n<h3>Poprodajne storitve:<\/h3>\n<p>Zagotavljamo celovite poprodajne storitve, s katerimi zagotavljamo zadovoljstvo na\u0161ih strank z na\u0161imi izdelki in storitvami.<\/p>\n<p><img decoding=\"async\" src=\"https:\/\/www.hydraulic-cylinders.net\/wp-content\/uploads\/2025\/01\/songte-company-3.webp\"><\/p>\n<p>Avtor: lyl.<\/p>","protected":false},"excerpt":{"rendered":"<p>Bucket Cylinder For Zoomlion Middle Excavator ZE230ELR Introduction Definition and Function A bucket cylinder is a specially designed hydraulic cylinder that is mainly used to control the movement of buckets in heavy machinery such as excavators, backhoe excavators, and front-end loaders. Its main function is to lift, lower, and tilt the buckets, making it easier [&hellip;]<\/p>","protected":false},"featured_media":14778,"comment_status":"open","ping_status":"closed","template":"","meta":{"_et_pb_use_builder":"","_et_pb_old_content":"","_et_gb_content_width":""},"product_brand":[],"product_cat":[1494],"product_tag":[1495,1496],"class_list":{"0":"post-15499","1":"product","2":"type-product","3":"status-publish","4":"has-post-thumbnail","6":"product_cat-bucket-cylinders","7":"product_tag-bucket-cylinders","8":"product_tag-hydraulic-cylinders","10":"first","11":"instock","12":"shipping-taxable","13":"product-type-simple"},"amp_enabled":true,"_links":{"self":[{"href":"https:\/\/www.hydraulic-cylinders.net\/sl\/wp-json\/wp\/v2\/product\/15499","targetHints":{"allow":["GET"]}}],"collection":[{"href":"https:\/\/www.hydraulic-cylinders.net\/sl\/wp-json\/wp\/v2\/product"}],"about":[{"href":"https:\/\/www.hydraulic-cylinders.net\/sl\/wp-json\/wp\/v2\/types\/product"}],"replies":[{"embeddable":true,"href":"https:\/\/www.hydraulic-cylinders.net\/sl\/wp-json\/wp\/v2\/comments?post=15499"}],"wp:featuredmedia":[{"embeddable":true,"href":"https:\/\/www.hydraulic-cylinders.net\/sl\/wp-json\/wp\/v2\/media\/14778"}],"wp:attachment":[{"href":"https:\/\/www.hydraulic-cylinders.net\/sl\/wp-json\/wp\/v2\/media?parent=15499"}],"wp:term":[{"taxonomy":"product_brand","embeddable":true,"href":"https:\/\/www.hydraulic-cylinders.net\/sl\/wp-json\/wp\/v2\/product_brand?post=15499"},{"taxonomy":"product_cat","embeddable":true,"href":"https:\/\/www.hydraulic-cylinders.net\/sl\/wp-json\/wp\/v2\/product_cat?post=15499"},{"taxonomy":"product_tag","embeddable":true,"href":"https:\/\/www.hydraulic-cylinders.net\/sl\/wp-json\/wp\/v2\/product_tag?post=15499"}],"curies":[{"name":"delovni list","href":"https:\/\/api.w.org\/{rel}","templated":true}]}}