{"id":15501,"date":"2025-01-19T14:36:31","date_gmt":"2025-01-19T14:36:31","guid":{"rendered":"https:\/\/www.hydraulic-cylinders.net\/product\/bucket-cylinder-for-zoomlion-middle-excavator-ze210elc\/"},"modified":"2025-01-19T14:36:33","modified_gmt":"2025-01-19T14:36:33","slug":"bucket-cylinder-for-zoomlion-middle-excavator-ze210elc","status":"publish","type":"product","link":"https:\/\/www.hydraulic-cylinders.net\/sl\/izdelek\/bucket-cylinder-for-zoomlion-middle-excavator-ze210elc\/","title":{"rendered":"Cilinder \u017elice za srednji bager Zoomlion ZE210ELC"},"content":{"rendered":"<p><!DOCTYPE html><br \/>\n<html><\/p>\n<p><head><br \/>\n    <title>Cilinder \u017elice za srednji bager Zoomlion ZE210ELC<\/title><br \/>\n<\/head><\/p>\n<p><body><\/p>\n<h1>Cilinder \u017elice za srednji bager Zoomlion ZE210ELC<\/h1>\n<h2>Uvod<\/h2>\n<p>Hidravli\u010dni valj \u017elice je posebej zasnovan hidravli\u010dni valj, ki se uporablja za nadzor gibanja \u017elice v te\u017ekih strojih, kot so bagri, bagri nakladalniki in \u010delni nakladalniki. Njegova glavna funkcija je omogo\u010danje dvigovanja, spu\u0161\u010danja in nagibanja \u017elice, kar olaj\u0161a opravljanje razli\u010dnih nalog ravnanja z materiali. V hidravli\u010dnem sistemu valj \u017elice dose\u017ee natan\u010den nadzor nad \u017elico z izkori\u0161\u010danjem sprememb tlaka hidravli\u010dnega olja, kar omogo\u010da upravljavcem u\u010dinkovito ravnanje s te\u017ekimi bremeni in prilagajanje kompleksnim delovnim okoljem ter raznolikim operativnim potrebam.<\/p>\n<p>    <img decoding=\"async\" src=\"https:\/\/www.hydraulic-cylinders.net\/wp-content\/uploads\/2025\/01\/songte-company-2.webp\" alt=\"Slika izdelka\"><\/p>\n<h2>Zna\u010dilnosti<\/h2>\n<ul>\n<li>Visoka trdnost in vzdr\u017eljivost: Valj z \u017elico, obi\u010dajno izdelan iz visoko trdnega jekla ali aluminija, je sposoben prenesti visok tlak in velike obremenitve ter se prilagaja zahtevnim delovnim okoljem. Njegova zasnova upo\u0161teva odpornost proti obrabi in koroziji, kar podalj\u0161uje njegovo \u017eivljenjsko dobo.<\/li>\n<li>U\u010dinkovito hidravli\u010dno delovanje: Z uporabo tlaka hidravli\u010dnega olja dose\u017ee valj \u017elice gladke gibe iztegovanja in vvla\u010devanja, kar omogo\u010da hiter odziv na krmilne ukaze in zagotavlja mo\u010dne potisne in vle\u010dne sile, zaradi \u010desar je primeren za ravnanje s te\u017ekimi bremeni in kompleksne operativne naloge.<\/li>\n<li>Razli\u010dne vrste: Valj \u017elice je lahko glede na operativne zahteve enosmerno delujo\u010d (hidravli\u010dna mo\u010d se uporablja samo v eni smeri) ali dvosmerno delujo\u010d (hidravli\u010dna mo\u010d se uporablja v obeh smereh). Nekateri modeli so teleskopski, kar omogo\u010da ve\u010dji razteg brez pove\u010danja zunanjih dimenzij, zaradi \u010desar so primerni za uporabo z omejenim prostorom.<\/li>\n<\/ul>\n<p>    <img decoding=\"async\" src=\"https:\/\/www.hydraulic-cylinders.net\/wp-content\/uploads\/2025\/01\/songte-cylinder-head-with-all-kinds-excavator-models.webp\" alt=\"Slika izdelka\"><\/p>\n<h2>Aplikacije<\/h2>\n<ul>\n<li>Gradbena oprema: Najdemo jih v bagrih in so klju\u010dni za kopanje, nakladanje in premikanje zemlje ali ru\u0161evin. Pri bagrih nakladalnikih cilinder \u017elice pomaga tako pri kopanju kot dvigovanju.<\/li>\n<li>Kmetijska mehanizacija: Uporablja se v \u010delnih nakladalnikih za zajemanje, dvigovanje in prevoz zemlje, sena in drugih materialov.<\/li>\n<li>Bagri: Cilinder \u017elice omogo\u010da kopanje, saj \u017elici omogo\u010da prodiranje v zemljo.<\/li>\n<li>Nakladalci: Pri \u010delnih nakladalcih pomagajo pri u\u010dinkovitem dvigovanju in odlaganju blaga.<\/li>\n<\/ul>\n<h2>Oblikovalski vidiki in izbirna merila<\/h2>\n<ul>\n<li>Nosilnost: Valj \u017elice je zasnovan tako, da prenese velike obremenitve in visok tlak, kar zagotavlja zanesljivo delovanje v zahtevnih aplikacijah.<\/li>\n<li>Tesnjenje: Za prepre\u010devanje pu\u0161\u010danja in zagotavljanje u\u010dinkovitega delovanja valja se uporabljajo razli\u010dna tesnila, kot so tesnila bata in tesnila palice. Ta tesnila so izdelana iz materialov, odpornih proti obrabi, kot sta poliuretan in nitrilna guma.<\/li>\n<li>Vzdr\u017eljivost: Ohi\u0161je valja in navojni konci so natan\u010dno obdelani za pove\u010danje odpornosti proti obrabi in podalj\u0161anje \u017eivljenjske dobe valja.<\/li>\n<li>Varnost: Cilinder vedra je zasnovan tako, da izpolnjuje varnostne standarde, in vklju\u010duje funkcije za prepre\u010devanje nesre\u010d ter zagotavljanje varnosti upravljavca med delovanjem in vzdr\u017eevanjem.<\/li>\n<li>Vzdr\u017eevanje: Redno vzdr\u017eevanje in pregledi so potrebni za zagotovitev optimalnega delovanja cilindra \u017elice. Mazanje je treba izvajati z ustreznim hidravli\u010dnim oljem, tesnila pa je treba redno menjati, da se ohrani u\u010dinkovitost tesnjenja.<\/li>\n<\/ul>\n<p>    <img decoding=\"async\" src=\"https:\/\/www.hydraulic-cylinders.net\/wp-content\/uploads\/2025\/01\/songte-oil-pipes-and-spare-parts.webp\" alt=\"Slika izdelka\"><\/p>\n<h2>Tesnjenje in mazanje<\/h2>\n<p>Valj \u017elice uporablja razli\u010dna tesnila, kot so tesnila bata in tesnila palice, izdelana iz materialov, odpornih proti obrabi, kot sta poliuretan in nitrilna guma. Telo valja in navojni konci so fino obdelani za izbolj\u0161anje odpornosti proti obrabi. Za nemoteno delovanje je potrebno redno mazanje z ustrezno koli\u010dino hidravli\u010dnega olja.<\/p>\n<h2>Redni pregledi in preventivno vzdr\u017eevanje<\/h2>\n<p>Za ohranitev dolge \u017eivljenjske dobe cilindra vedra je treba redno pregledovati in izvajati preventivno vzdr\u017eevanje. To vklju\u010duje preverjanje morebitnih znakov obrabe ali po\u0161kodb, mazanje po potrebi in zamenjavo obrabljenih tesnil. Z upo\u0161tevanjem teh ukrepov je mogo\u010de zmanj\u0161ati morebitne te\u017eave in pove\u010dati zanesljivost cilindra vedra.<\/p>\n<p>    <img decoding=\"async\" src=\"https:\/\/www.hydraulic-cylinders.net\/wp-content\/uploads\/2025\/01\/songte-chushion-collar.webp\" alt=\"Slika izdelka\"><\/p>\n<h2>Varnostni vidiki in okoljski dejavniki<\/h2>\n<p>Pri delu z valjem za \u017elico je klju\u010dnega pomena dati prednost varnostnim ukrepom za prepre\u010devanje nesre\u010d in zagotavljanje dobrega po\u010dutja upravljavcev. To vklju\u010duje upo\u0161tevanje ustreznih postopkov delovanja, no\u0161enje ustrezne varnostne opreme ter upo\u0161tevanje varnostnih predpisov in smernic.<\/p>\n<h2>Diagnoza napak in pogoste te\u017eave<\/h2>\n<p>Med delovanjem lahko pride do razli\u010dnih napak ali te\u017eav z valjem \u017elice. Med pogoste te\u017eave spadajo pu\u0161\u010danje, neustrezno delovanje ali nenavadni hrup. Za odpravo teh te\u017eav je pomembno natan\u010dno diagnosticirati vzrok in uporabiti ustrezne re\u0161itve. Za zmanj\u0161anje morebitnih te\u017eav je treba izvajati tudi preventivne ukrepe.<\/p>\n<p>    <img decoding=\"async\" src=\"https:\/\/www.hydraulic-cylinders.net\/wp-content\/uploads\/2025\/01\/songte-bushings-with-all-kinds-of-excavator-models.webp\" alt=\"Slika izdelka\"><\/p>\n<h2>Vzdr\u017eevalna opravila<\/h2>\n<ul>\n<li>Redni pregled: Ob\u010dasno preverjajte stanje cilindra vedra glede morebitnih znakov obrabe, po\u0161kodb ali pu\u0161\u010danja.<\/li>\n<li>Pravilno mazanje: Za zagotovitev nemotenega delovanja zagotovite, da je valj \u017elice ustrezno namazan s priporo\u010denim hidravli\u010dnim oljem.<\/li>\n<li>Zamenjava tesnila: Po potrebi zamenjajte obrabljena tesnila, da ohranite u\u010dinkovitost tesnjenja valja.<\/li>\n<\/ul>\n<p>Pravilna namestitev, mazanje in nastavitev so klju\u010dnega pomena za optimalno delovanje. Med namestitvijo zagotovite ustrezno poravnavo cilindra in priporo\u010dite uporabo ustreznih monta\u017enih nosilcev za pritrditev cilindra. Upo\u0161tevajte priporo\u010dene postopke pregleda, popravila in zamenjave ter zagotovite razpolo\u017eljivost nadomestnih delov in storitev obnove, da podalj\u0161ate \u017eivljenjsko dobo cilindra z \u017elico.<\/p>\n<p>    <img decoding=\"async\" src=\"https:\/\/www.hydraulic-cylinders.net\/wp-content\/uploads\/2025\/01\/songte-company-3.webp\" alt=\"Slika izdelka\"><\/p>\n<h2>O na\u0161em podjetju<\/h2>\n<p>Smo vodilni proizvajalec in veleprodajni distributer nadomestnih hidravli\u010dnih cilindrov na doma\u010dem in mednarodnem trgu. Na\u0161a \u0161iroka paleta izdelkov, skupaj z na\u0161o zavezanostjo k odli\u010dnosti v kakovosti, nam omogo\u010da, da zadovoljimo raznolike zahteve strank. S poudarkom na inovativnih proizvodnih praksah, napredni opremi in profesionalnih sistemih testiranja nenehno izbolj\u0161ujemo na\u0161e proizvodne platforme in zagotavljamo najvi\u0161jo kakovost izdelkov. Na\u0161e podjetje ponuja tudi storitve prilagajanja, mednarodne certifikate, celovite proizvodne obrate in zanesljive poprodajne storitve.<\/p>\n<p>    <img decoding=\"async\" src=\"https:\/\/hzpt.com\/wp-content\/uploads\/2024\/11\/songte-company-1.webp\" alt=\"Slika izdelka\"><\/p>\n<p>Avtor: lyl<\/p>\n<p><\/body><\/p>\n<p><\/html><\/p>","protected":false},"excerpt":{"rendered":"<p>Bucket Cylinder For Zoomlion Middle Excavator ZE210ELC Bucket Cylinder For Zoomlion Middle Excavator ZE210ELC Introduction The bucket cylinder is a specially designed hydraulic cylinder used to control the movement of the bucket in heavy machinery such as excavators, backhoe loaders, and front-end loaders. Its main function is to allow the bucket to lift, lower, and [&hellip;]<\/p>","protected":false},"featured_media":14773,"comment_status":"open","ping_status":"closed","template":"","meta":{"_et_pb_use_builder":"","_et_pb_old_content":"","_et_gb_content_width":""},"product_brand":[],"product_cat":[1494],"product_tag":[1495,1496],"class_list":{"0":"post-15501","1":"product","2":"type-product","3":"status-publish","4":"has-post-thumbnail","6":"product_cat-bucket-cylinders","7":"product_tag-bucket-cylinders","8":"product_tag-hydraulic-cylinders","10":"first","11":"instock","12":"shipping-taxable","13":"product-type-simple"},"amp_enabled":true,"_links":{"self":[{"href":"https:\/\/www.hydraulic-cylinders.net\/sl\/wp-json\/wp\/v2\/product\/15501","targetHints":{"allow":["GET"]}}],"collection":[{"href":"https:\/\/www.hydraulic-cylinders.net\/sl\/wp-json\/wp\/v2\/product"}],"about":[{"href":"https:\/\/www.hydraulic-cylinders.net\/sl\/wp-json\/wp\/v2\/types\/product"}],"replies":[{"embeddable":true,"href":"https:\/\/www.hydraulic-cylinders.net\/sl\/wp-json\/wp\/v2\/comments?post=15501"}],"wp:featuredmedia":[{"embeddable":true,"href":"https:\/\/www.hydraulic-cylinders.net\/sl\/wp-json\/wp\/v2\/media\/14773"}],"wp:attachment":[{"href":"https:\/\/www.hydraulic-cylinders.net\/sl\/wp-json\/wp\/v2\/media?parent=15501"}],"wp:term":[{"taxonomy":"product_brand","embeddable":true,"href":"https:\/\/www.hydraulic-cylinders.net\/sl\/wp-json\/wp\/v2\/product_brand?post=15501"},{"taxonomy":"product_cat","embeddable":true,"href":"https:\/\/www.hydraulic-cylinders.net\/sl\/wp-json\/wp\/v2\/product_cat?post=15501"},{"taxonomy":"product_tag","embeddable":true,"href":"https:\/\/www.hydraulic-cylinders.net\/sl\/wp-json\/wp\/v2\/product_tag?post=15501"}],"curies":[{"name":"delovni list","href":"https:\/\/api.w.org\/{rel}","templated":true}]}}